{"id":9828,"date":"2025-07-20T11:18:37","date_gmt":"2025-07-20T11:18:37","guid":{"rendered":"https:\/\/chibolita.es\/?post_type=product&#038;p=9828"},"modified":"2025-07-20T11:18:37","modified_gmt":"2025-07-20T11:18:37","slug":"pherostrong-perfume-con-feromonas-just-para-hombre-50-ml","status":"publish","type":"product","link":"https:\/\/chibolita.es\/index.php\/product\/pherostrong-perfume-con-feromonas-just-para-hombre-50-ml\/","title":{"rendered":"PHEROSTRONG &#8211; PERFUME CON FEROMONAS JUST PARA HOMBRE 50 ML"},"content":{"rendered":"<p><strong>Perfume con feromonas para hombre para excitar a la mujer.<\/strong><\/p>\n<p>La feromona PheroStrong Just for Men encarna la perfecta armon\u00eda de los tonos dulces y salados del agua del mar y los rayos del sol cayendo sobre la piel. Las esencias radiantes de bergamota, lim\u00f3n, naranja y lima garantizan una oleada extrema de frescura. El coraz\u00f3n floral se complementa con tonos marinos y arom\u00e1tica nuez moscada. La nota de fondo est\u00e1 bajo el signo del almizcle blanco, el cedro y el pachul\u00ed de Indonesia. D\u00e9jales verte! Muestre al mundo su fuerza, independencia y atractivo sexual encantador. Obtenga confianza de la fragancia de feromonas Just for Men PheroStrong, que acentuar\u00e1 su car\u00e1cter masculino y su fuerza de voluntad. Convi\u00e9rtete en un hombre que no tiene miedo de ser el centro de atenci\u00f3n y que se valora tal como es. Sea un hombre que no tenga miedo de defenderse. El origen de esta fragancia \u00fanica est\u00e1 asociado a la isla italiana de Pantelleria.<\/p>\n<p>Nota alta: naranja, jazm\u00edn, lim\u00f3n, lima, bergamota, aroma de mandarina, neroli<\/p>\n<p>Nota de coraz\u00f3n: cal\u00f3n, rosa, cilantro, romero, ciklamen, notas marinas, fresia<\/p>\n<p>Nota de fondo: cedro, jazm\u00edn, pachul\u00ed, l\u00edquenes, almizcle blanco<\/p>\n<div>\n<p><strong><u>PHEROSTRONG<\/u><\/strong><\/p>\n<p>Al crear PheroStrong, nuestro equipo de dise\u00f1o quer\u00eda que el resultado final reflejara la singularidad de nuestra marca, nos concentramos en preparar la f\u00f3rmula correcta de feromonas, combinada con una alta concentraci\u00f3n de fragancias de alta calidad especialmente seleccionadas para satisfacer incluso a los m\u00e1s sofisticados. gustos.<\/p>\n<p>Una amplia gama de productos: perfumes, aceites, concentrados de feromonas. Cada uno encontrar\u00e1 algo para s\u00ed mismo.<\/p>\n<p>Nuestros perfumes son amados por personas influyentes de todo el mundo.<\/p>\n<p>Con PheroStrong puedes hacer que cada cita sea un \u00e9xito y que cada desaf\u00edo se convierta en una meta realista.<\/p>\n<p>Saber c\u00f3mo funcionan las feromonas en combinaci\u00f3n con la composici\u00f3n de fragancia adecuada y c\u00f3mo usarlas puede desarrollar enormes posibilidades para usted.<\/p>\n<p>Ver\u00e1s por ti mismo c\u00f3mo cambian tus interacciones diarias y profesionales, lo f\u00e1cil que es aprobar ex\u00e1menes o hacer nuevos amigos en el club.<\/p>\n<div>Vea si las feromonas en las fragancias PheroStrong le ayudar\u00e1n a despertar el deseo en el sexo opuesto para que pueda electrificar sus sentidos y satisfacer sus deseos y lujurias sin inhibiciones, obtenga confianza y nuevos amigos, logra el \u00e9xito profesional y aumenta la efectividad de tu trabajo, disfruta del respeto, reconocimiento y confianza entre quienes te rodean, s\u00e9 un HOMBRE DE \u00c9XITO.<\/div>\n<\/div>\n","protected":false},"excerpt":{"rendered":"<p>Perfume con feromonas para hombre para excitar a la mujer. La feromona PheroStrong Just for Men encarna la perfecta armon\u00eda de los tonos dulces y salados del agua del mar y los rayos del sol cayendo sobre la piel. Las esencias radiantes de bergamota, lim\u00f3n, naranja y lima garantizan una oleada extrema de frescura. El [&hellip;]<\/p>\n","protected":false},"featured_media":9829,"comment_status":"open","ping_status":"closed","template":"","meta":{"_eb_attr":"","site-sidebar-layout":"default","site-content-layout":"","ast-site-content-layout":"default","site-content-style":"default","site-sidebar-style":"default","ast-global-header-display":"","ast-banner-title-visibility":"","ast-main-header-display":"","ast-hfb-above-header-display":"","ast-hfb-below-header-display":"","ast-hfb-mobile-header-display":"","site-post-title":"","ast-breadcrumbs-content":"","ast-featured-img":"","footer-sml-layout":"","ast-disable-related-posts":"","theme-transparent-header-meta":"default","adv-header-id-meta":"","stick-header-meta":"","header-above-stick-meta":"","header-main-stick-meta":"","header-below-stick-meta":"","astra-migrate-meta-layouts":"set","ast-page-background-enabled":"default","ast-page-background-meta":{"desktop":{"background-color":"var(--ast-global-color-4)","background-image":"","background-repeat":"repeat","background-position":"center center","background-size":"auto","background-attachment":"scroll","background-type":"","background-media":"","overlay-type":"","overlay-color":"","overlay-opacity":"","overlay-gradient":""},"tablet":{"background-color":"","background-image":"","background-repeat":"repeat","background-position":"center center","background-size":"auto","background-attachment":"scroll","background-type":"","background-media":"","overlay-type":"","overlay-color":"","overlay-opacity":"","overlay-gradient":""},"mobile":{"background-color":"","background-image":"","background-repeat":"repeat","background-position":"center center","background-size":"auto","background-attachment":"scroll","background-type":"","background-media":"","overlay-type":"","overlay-color":"","overlay-opacity":"","overlay-gradient":""}},"ast-content-background-meta":{"desktop":{"background-color":"var(--ast-global-color-5)","background-image":"","background-repeat":"repeat","background-position":"center center","background-size":"auto","background-attachment":"scroll","background-type":"","background-media":"","overlay-type":"","overlay-color":"","overlay-opacity":"","overlay-gradient":""},"tablet":{"background-color":"var(--ast-global-color-5)","background-image":"","background-repeat":"repeat","background-position":"center center","background-size":"auto","background-attachment":"scroll","background-type":"","background-media":"","overlay-type":"","overlay-color":"","overlay-opacity":"","overlay-gradient":""},"mobile":{"background-color":"var(--ast-global-color-5)","background-image":"","background-repeat":"repeat","background-position":"center center","background-size":"auto","background-attachment":"scroll","background-type":"","background-media":"","overlay-type":"","overlay-color":"","overlay-opacity":"","overlay-gradient":""}}},"product_brand":[],"product_cat":[293],"product_tag":[],"class_list":{"0":"post-9828","1":"product","2":"type-product","3":"status-publish","4":"has-post-thumbnail","6":"product_cat-perfumes-de-feromonas","7":"desktop-align-left","8":"tablet-align-left","9":"mobile-align-left","11":"first","12":"instock","13":"sale","14":"shipping-taxable","15":"purchasable","16":"product-type-simple"},"_links":{"self":[{"href":"https:\/\/chibolita.es\/index.php\/wp-json\/wp\/v2\/product\/9828","targetHints":{"allow":["GET"]}}],"collection":[{"href":"https:\/\/chibolita.es\/index.php\/wp-json\/wp\/v2\/product"}],"about":[{"href":"https:\/\/chibolita.es\/index.php\/wp-json\/wp\/v2\/types\/product"}],"replies":[{"embeddable":true,"href":"https:\/\/chibolita.es\/index.php\/wp-json\/wp\/v2\/comments?post=9828"}],"wp:featuredmedia":[{"embeddable":true,"href":"https:\/\/chibolita.es\/index.php\/wp-json\/wp\/v2\/media\/9829"}],"wp:attachment":[{"href":"https:\/\/chibolita.es\/index.php\/wp-json\/wp\/v2\/media?parent=9828"}],"wp:term":[{"taxonomy":"product_brand","embeddable":true,"href":"https:\/\/chibolita.es\/index.php\/wp-json\/wp\/v2\/product_brand?post=9828"},{"taxonomy":"product_cat","embeddable":true,"href":"https:\/\/chibolita.es\/index.php\/wp-json\/wp\/v2\/product_cat?post=9828"},{"taxonomy":"product_tag","embeddable":true,"href":"https:\/\/chibolita.es\/index.php\/wp-json\/wp\/v2\/product_tag?post=9828"}],"curies":[{"name":"wp","href":"https:\/\/api.w.org\/{rel}","templated":true}]}}