{"id":9826,"date":"2025-07-20T11:17:20","date_gmt":"2025-07-20T11:17:20","guid":{"rendered":"https:\/\/chibolita.es\/?post_type=product&#038;p=9826"},"modified":"2025-07-20T11:17:20","modified_gmt":"2025-07-20T11:17:20","slug":"pherostrong-perfume-con-feromonas-limited-edition-para-hombre-50-ml","status":"publish","type":"product","link":"https:\/\/chibolita.es\/index.php\/product\/pherostrong-perfume-con-feromonas-limited-edition-para-hombre-50-ml\/","title":{"rendered":"PHEROSTRONG &#8211; PERFUME CON FEROMONAS LIMITED EDITION PARA HOMBRE 50 ML"},"content":{"rendered":"<p><strong>Perfume con feromonas para hombre para excitar a la mujer.<\/strong><\/p>\n<p>Feromona PheroStrong Limited para hombres: una fragancia perfecta para el hombre del siglo XXI. \u00bfQuieres ser audaz, fuerte y moderno? Le encantar\u00e1 nuestro aroma popular: feromona PheroStrong Limited para hombres. Esencias fragantes espec\u00edficas de ciruela, manzana y c\u00edtricos est\u00e1n dise\u00f1adas para resaltar la personalidad \u00fanica de cada hombre. Se dice que los extractos de vainilla, maderas raras y musgo a\u00f1aden un atractivo sexual y realista a este perfume. El olivo no tradicional, combinado con geranio y bergamota, son solo un toque final distintivo. La feromona PheroStrong Limited para hombres no solo puede brindarte una sensaci\u00f3n de fuerza y ??coraje, sino que tambi\u00e9n te hace elegante y atractivo. Las feromonas PheroStrong te mostrar\u00e1n el camino correcto para ser una persona convincente.<\/p>\n<p>Nota alta: bergamota, lim\u00f3n, geranio, flor de cerezo japon\u00e9s, musgo de roble, ciruela<br \/>\nNota de coraz\u00f3n: canela, clavel de jard\u00edn, claveles, caoba<br \/>\nNota de fondo: cedro, s\u00e1ndalo, oliva, vainilla, vetiver<\/p>\n<div>\n<p>&nbsp;<\/p>\n<p><strong><u>PHEROSTRONG<\/u><\/strong><\/p>\n<p>Al crear PheroStrong, nuestro equipo de dise\u00f1o quer\u00eda que el resultado final reflejara la singularidad de nuestra marca, nos concentramos en preparar la f\u00f3rmula correcta de feromonas, combinada con una alta concentraci\u00f3n de fragancias de alta calidad especialmente seleccionadas para satisfacer incluso a los m\u00e1s sofisticados. gustos.<\/p>\n<p>Una amplia gama de productos: perfumes, aceites, concentrados de feromonas. Cada uno encontrar\u00e1 algo para s\u00ed mismo.<\/p>\n<p>Nuestros perfumes son amados por personas influyentes de todo el mundo.<\/p>\n<p>Con PheroStrong puedes hacer que cada cita sea un \u00e9xito y que cada desaf\u00edo se convierta en una meta realista.<\/p>\n<p>Saber c\u00f3mo funcionan las feromonas en combinaci\u00f3n con la composici\u00f3n de fragancia adecuada y c\u00f3mo usarlas puede desarrollar enormes posibilidades para usted.<\/p>\n<p>Ver\u00e1s por ti mismo c\u00f3mo cambian tus interacciones diarias y profesionales, lo f\u00e1cil que es aprobar ex\u00e1menes o hacer nuevos amigos en el club.<\/p>\n<div>Vea si las feromonas en las fragancias PheroStrong le ayudar\u00e1n a despertar el deseo en el sexo opuesto para que pueda electrificar sus sentidos y satisfacer sus deseos y lujurias sin inhibiciones, obtenga confianza y nuevos amigos, logra el \u00e9xito profesional y aumenta la efectividad de tu trabajo, disfruta del respeto, reconocimiento y confianza entre quienes te rodean, s\u00e9 un HOMBRE DE \u00c9XITO.<\/div>\n<\/div>\n","protected":false},"excerpt":{"rendered":"<p>Perfume con feromonas para hombre para excitar a la mujer. Feromona PheroStrong Limited para hombres: una fragancia perfecta para el hombre del siglo XXI. \u00bfQuieres ser audaz, fuerte y moderno? Le encantar\u00e1 nuestro aroma popular: feromona PheroStrong Limited para hombres. Esencias fragantes espec\u00edficas de ciruela, manzana y c\u00edtricos est\u00e1n dise\u00f1adas para resaltar la personalidad \u00fanica [&hellip;]<\/p>\n","protected":false},"featured_media":9827,"comment_status":"open","ping_status":"closed","template":"","meta":{"_eb_attr":"","site-sidebar-layout":"default","site-content-layout":"","ast-site-content-layout":"default","site-content-style":"default","site-sidebar-style":"default","ast-global-header-display":"","ast-banner-title-visibility":"","ast-main-header-display":"","ast-hfb-above-header-display":"","ast-hfb-below-header-display":"","ast-hfb-mobile-header-display":"","site-post-title":"","ast-breadcrumbs-content":"","ast-featured-img":"","footer-sml-layout":"","ast-disable-related-posts":"","theme-transparent-header-meta":"default","adv-header-id-meta":"","stick-header-meta":"","header-above-stick-meta":"","header-main-stick-meta":"","header-below-stick-meta":"","astra-migrate-meta-layouts":"set","ast-page-background-enabled":"default","ast-page-background-meta":{"desktop":{"background-color":"var(--ast-global-color-4)","background-image":"","background-repeat":"repeat","background-position":"center center","background-size":"auto","background-attachment":"scroll","background-type":"","background-media":"","overlay-type":"","overlay-color":"","overlay-opacity":"","overlay-gradient":""},"tablet":{"background-color":"","background-image":"","background-repeat":"repeat","background-position":"center center","background-size":"auto","background-attachment":"scroll","background-type":"","background-media":"","overlay-type":"","overlay-color":"","overlay-opacity":"","overlay-gradient":""},"mobile":{"background-color":"","background-image":"","background-repeat":"repeat","background-position":"center center","background-size":"auto","background-attachment":"scroll","background-type":"","background-media":"","overlay-type":"","overlay-color":"","overlay-opacity":"","overlay-gradient":""}},"ast-content-background-meta":{"desktop":{"background-color":"var(--ast-global-color-5)","background-image":"","background-repeat":"repeat","background-position":"center center","background-size":"auto","background-attachment":"scroll","background-type":"","background-media":"","overlay-type":"","overlay-color":"","overlay-opacity":"","overlay-gradient":""},"tablet":{"background-color":"var(--ast-global-color-5)","background-image":"","background-repeat":"repeat","background-position":"center center","background-size":"auto","background-attachment":"scroll","background-type":"","background-media":"","overlay-type":"","overlay-color":"","overlay-opacity":"","overlay-gradient":""},"mobile":{"background-color":"var(--ast-global-color-5)","background-image":"","background-repeat":"repeat","background-position":"center center","background-size":"auto","background-attachment":"scroll","background-type":"","background-media":"","overlay-type":"","overlay-color":"","overlay-opacity":"","overlay-gradient":""}}},"product_brand":[],"product_cat":[293],"product_tag":[],"class_list":{"0":"post-9826","1":"product","2":"type-product","3":"status-publish","4":"has-post-thumbnail","6":"product_cat-perfumes-de-feromonas","7":"desktop-align-left","8":"tablet-align-left","9":"mobile-align-left","11":"first","12":"instock","13":"sale","14":"shipping-taxable","15":"purchasable","16":"product-type-simple"},"_links":{"self":[{"href":"https:\/\/chibolita.es\/index.php\/wp-json\/wp\/v2\/product\/9826","targetHints":{"allow":["GET"]}}],"collection":[{"href":"https:\/\/chibolita.es\/index.php\/wp-json\/wp\/v2\/product"}],"about":[{"href":"https:\/\/chibolita.es\/index.php\/wp-json\/wp\/v2\/types\/product"}],"replies":[{"embeddable":true,"href":"https:\/\/chibolita.es\/index.php\/wp-json\/wp\/v2\/comments?post=9826"}],"wp:featuredmedia":[{"embeddable":true,"href":"https:\/\/chibolita.es\/index.php\/wp-json\/wp\/v2\/media\/9827"}],"wp:attachment":[{"href":"https:\/\/chibolita.es\/index.php\/wp-json\/wp\/v2\/media?parent=9826"}],"wp:term":[{"taxonomy":"product_brand","embeddable":true,"href":"https:\/\/chibolita.es\/index.php\/wp-json\/wp\/v2\/product_brand?post=9826"},{"taxonomy":"product_cat","embeddable":true,"href":"https:\/\/chibolita.es\/index.php\/wp-json\/wp\/v2\/product_cat?post=9826"},{"taxonomy":"product_tag","embeddable":true,"href":"https:\/\/chibolita.es\/index.php\/wp-json\/wp\/v2\/product_tag?post=9826"}],"curies":[{"name":"wp","href":"https:\/\/api.w.org\/{rel}","templated":true}]}}