{"id":9811,"date":"2025-07-19T16:50:50","date_gmt":"2025-07-19T16:50:50","guid":{"rendered":"https:\/\/chibolita.es\/?post_type=product&#038;p=9811"},"modified":"2026-04-18T09:16:17","modified_gmt":"2026-04-18T09:16:17","slug":"super-hard-power-delay-com-retardante-10-pastillas","status":"publish","type":"product","link":"https:\/\/chibolita.es\/index.php\/product\/super-hard-power-delay-com-retardante-10-pastillas\/","title":{"rendered":"SUPER HARD POWER DELAY (com retardante) &#8211; 10 Pastillas"},"content":{"rendered":"<p>\u00bfQu\u00e9 es Super Hard Power Delay (2 en 1)?<br \/>\nSuper Hard Power Delay, adem\u00e1s de ser un potenciador extremadamente potente, tiene la capacidad de retrasar la eyaculaci\u00f3n.<br \/>\n-Su consumo regular promueve un mayor flujo sangu\u00edneo, lo que puede resultar en resultados permanentes a largo plazo en el alargamiento del pene y la eyaculaci\u00f3n precoz.<br \/>\n-Super Hard Power Delay redirige la actividad biol\u00f3gica de ciertas sustancias, como la testosterona. Esta sustancia penetra directamente en los cuerpos cavernosos del pene, expandiendo y mejorando la circulaci\u00f3n sangu\u00ednea de inmediato.<br \/>\n-Este proceso resulta en un pene m\u00e1s grande y una erecci\u00f3n realmente firme con el potente Super Hard Power Delay, como nunca imaginaste. Hace que la testosterona rejuvenezca tu pene, promoviendo el crecimiento de nuevas c\u00e9lulas peneanas, aumentando as\u00ed su grosor, tama\u00f1o y dureza.<\/p>\n<p>Administraci\u00f3n y dosis:<br \/>\nConsumir 1 comprimido de 20 a 45 minutos antes de la actividad sexual.<br \/>\nNo tomar m\u00e1s de una c\u00e1psula en un periodo de 24 horas.<br \/>\nIngredientes:<br \/>\nCaulis cynomorii, ginseng, plastr\u00f3n de tortuga, cola de caballo de mar, pene ettestis cervi, test\u00edculo de yak, fruto de baya de goji, terciopelo, cynamorlum.<\/p>\n<p>&nbsp;<\/p>\n<p>&nbsp;<\/p>\n<p>&nbsp;<\/p>\n","protected":false},"excerpt":{"rendered":"<p>\u00bfQu\u00e9 es Super Hard Power Delay (2 en 1)? Super Hard Power Delay, adem\u00e1s de ser un potenciador extremadamente potente, tiene la capacidad de retrasar la eyaculaci\u00f3n. -Su consumo regular promueve un mayor flujo sangu\u00edneo, lo que puede resultar en resultados permanentes a largo plazo en el alargamiento del pene y la eyaculaci\u00f3n precoz. -Super [&hellip;]<\/p>\n","protected":false},"featured_media":9812,"comment_status":"open","ping_status":"closed","template":"","meta":{"_eb_attr":"","site-sidebar-layout":"default","site-content-layout":"","ast-site-content-layout":"default","site-content-style":"default","site-sidebar-style":"default","ast-global-header-display":"","ast-banner-title-visibility":"","ast-main-header-display":"","ast-hfb-above-header-display":"","ast-hfb-below-header-display":"","ast-hfb-mobile-header-display":"","site-post-title":"","ast-breadcrumbs-content":"","ast-featured-img":"","footer-sml-layout":"","ast-disable-related-posts":"","theme-transparent-header-meta":"default","adv-header-id-meta":"","stick-header-meta":"","header-above-stick-meta":"","header-main-stick-meta":"","header-below-stick-meta":"","astra-migrate-meta-layouts":"set","ast-page-background-enabled":"default","ast-page-background-meta":{"desktop":{"background-color":"var(--ast-global-color-4)","background-image":"","background-repeat":"repeat","background-position":"center center","background-size":"auto","background-attachment":"scroll","background-type":"","background-media":"","overlay-type":"","overlay-color":"","overlay-opacity":"","overlay-gradient":""},"tablet":{"background-color":"","background-image":"","background-repeat":"repeat","background-position":"center center","background-size":"auto","background-attachment":"scroll","background-type":"","background-media":"","overlay-type":"","overlay-color":"","overlay-opacity":"","overlay-gradient":""},"mobile":{"background-color":"","background-image":"","background-repeat":"repeat","background-position":"center center","background-size":"auto","background-attachment":"scroll","background-type":"","background-media":"","overlay-type":"","overlay-color":"","overlay-opacity":"","overlay-gradient":""}},"ast-content-background-meta":{"desktop":{"background-color":"var(--ast-global-color-5)","background-image":"","background-repeat":"repeat","background-position":"center center","background-size":"auto","background-attachment":"scroll","background-type":"","background-media":"","overlay-type":"","overlay-color":"","overlay-opacity":"","overlay-gradient":""},"tablet":{"background-color":"var(--ast-global-color-5)","background-image":"","background-repeat":"repeat","background-position":"center center","background-size":"auto","background-attachment":"scroll","background-type":"","background-media":"","overlay-type":"","overlay-color":"","overlay-opacity":"","overlay-gradient":""},"mobile":{"background-color":"var(--ast-global-color-5)","background-image":"","background-repeat":"repeat","background-position":"center center","background-size":"auto","background-attachment":"scroll","background-type":"","background-media":"","overlay-type":"","overlay-color":"","overlay-opacity":"","overlay-gradient":""}}},"product_brand":[],"product_cat":[230,308,236,238],"product_tag":[],"class_list":{"0":"post-9811","1":"product","2":"type-product","3":"status-publish","4":"has-post-thumbnail","6":"product_cat-farmacia","7":"product_cat-marca-ultimate-natura","8":"product_cat-retardantes","9":"product_cat-todos-los-afrodisiacos-para-hombres","10":"desktop-align-left","11":"tablet-align-left","12":"mobile-align-left","14":"first","15":"outofstock","16":"sale","17":"shipping-taxable","18":"purchasable","19":"product-type-simple"},"_links":{"self":[{"href":"https:\/\/chibolita.es\/index.php\/wp-json\/wp\/v2\/product\/9811","targetHints":{"allow":["GET"]}}],"collection":[{"href":"https:\/\/chibolita.es\/index.php\/wp-json\/wp\/v2\/product"}],"about":[{"href":"https:\/\/chibolita.es\/index.php\/wp-json\/wp\/v2\/types\/product"}],"replies":[{"embeddable":true,"href":"https:\/\/chibolita.es\/index.php\/wp-json\/wp\/v2\/comments?post=9811"}],"wp:featuredmedia":[{"embeddable":true,"href":"https:\/\/chibolita.es\/index.php\/wp-json\/wp\/v2\/media\/9812"}],"wp:attachment":[{"href":"https:\/\/chibolita.es\/index.php\/wp-json\/wp\/v2\/media?parent=9811"}],"wp:term":[{"taxonomy":"product_brand","embeddable":true,"href":"https:\/\/chibolita.es\/index.php\/wp-json\/wp\/v2\/product_brand?post=9811"},{"taxonomy":"product_cat","embeddable":true,"href":"https:\/\/chibolita.es\/index.php\/wp-json\/wp\/v2\/product_cat?post=9811"},{"taxonomy":"product_tag","embeddable":true,"href":"https:\/\/chibolita.es\/index.php\/wp-json\/wp\/v2\/product_tag?post=9811"}],"curies":[{"name":"wp","href":"https:\/\/api.w.org\/{rel}","templated":true}]}}