{"id":9809,"date":"2025-07-19T16:42:08","date_gmt":"2025-07-19T16:42:08","guid":{"rendered":"https:\/\/chibolita.es\/?post_type=product&#038;p=9809"},"modified":"2025-07-19T16:42:08","modified_gmt":"2025-07-19T16:42:08","slug":"super-viga-5000","status":"publish","type":"product","link":"https:\/\/chibolita.es\/index.php\/product\/super-viga-5000\/","title":{"rendered":"Super Viga 5000"},"content":{"rendered":"<p>Aplica la crema en el glande\/cabeza del pene 15-20 minutos antes del coito y podr\u00e1s tener relaciones sexuales hasta 10 veces m\u00e1s largas. Conocida como tu capacidad para durar m\u00e1s y satisfacer a tu pareja, \u00a1tendr\u00e1s el mejor sexo de tu vida!<\/p>\n<p>La eyaculaci\u00f3n precoz es una afecci\u00f3n com\u00fan que afecta a millones (75%) de hombres en alg\u00fan momento. La crema retardante se recomienda para quienes tienen dificultades para lograr una satisfacci\u00f3n sexual completa debido a la eyaculaci\u00f3n precoz.<\/p>\n<p>Usar esta crema retardante al menos 15-20 minutos antes del coito:<\/p>\n<p>Reducir\u00e1 la sensibilidad<br \/>\nProporcionar\u00e1 una erecci\u00f3n m\u00e1s duradera<br \/>\nAumentar\u00e1 tu placer y confianza durante las relaciones sexuales<br \/>\nAumentar\u00e1 tu placer, satisfacci\u00f3n y deseo<br \/>\nProlongar\u00e1 tu vida sexual<br \/>\nMejorar\u00e1 la funci\u00f3n er\u00e9ctil masculina<br \/>\nInhibir\u00e1 la eyaculaci\u00f3n precoz<br \/>\nLa vitamina E renueva la actividad celular<br \/>\nLa primera crema con vitamina E nutre y activa las c\u00e9lulas<br \/>\nEsta nueva crema contiene vitamina E natural, que se absorbe muy f\u00e1cilmente<br \/>\nLa aplicaci\u00f3n local estimula las c\u00e9lulas y aumenta las reservas de energ\u00eda celular<\/p>\n","protected":false},"excerpt":{"rendered":"<p>Aplica la crema en el glande\/cabeza del pene 15-20 minutos antes del coito y podr\u00e1s tener relaciones sexuales hasta 10 veces m\u00e1s largas. Conocida como tu capacidad para durar m\u00e1s y satisfacer a tu pareja, \u00a1tendr\u00e1s el mejor sexo de tu vida! La eyaculaci\u00f3n precoz es una afecci\u00f3n com\u00fan que afecta a millones (75%) de [&hellip;]<\/p>\n","protected":false},"featured_media":9810,"comment_status":"open","ping_status":"closed","template":"","meta":{"_eb_attr":"","site-sidebar-layout":"default","site-content-layout":"","ast-site-content-layout":"default","site-content-style":"default","site-sidebar-style":"default","ast-global-header-display":"","ast-banner-title-visibility":"","ast-main-header-display":"","ast-hfb-above-header-display":"","ast-hfb-below-header-display":"","ast-hfb-mobile-header-display":"","site-post-title":"","ast-breadcrumbs-content":"","ast-featured-img":"","footer-sml-layout":"","ast-disable-related-posts":"","theme-transparent-header-meta":"default","adv-header-id-meta":"","stick-header-meta":"","header-above-stick-meta":"","header-main-stick-meta":"","header-below-stick-meta":"","astra-migrate-meta-layouts":"set","ast-page-background-enabled":"default","ast-page-background-meta":{"desktop":{"background-color":"var(--ast-global-color-4)","background-image":"","background-repeat":"repeat","background-position":"center center","background-size":"auto","background-attachment":"scroll","background-type":"","background-media":"","overlay-type":"","overlay-color":"","overlay-opacity":"","overlay-gradient":""},"tablet":{"background-color":"","background-image":"","background-repeat":"repeat","background-position":"center center","background-size":"auto","background-attachment":"scroll","background-type":"","background-media":"","overlay-type":"","overlay-color":"","overlay-opacity":"","overlay-gradient":""},"mobile":{"background-color":"","background-image":"","background-repeat":"repeat","background-position":"center center","background-size":"auto","background-attachment":"scroll","background-type":"","background-media":"","overlay-type":"","overlay-color":"","overlay-opacity":"","overlay-gradient":""}},"ast-content-background-meta":{"desktop":{"background-color":"var(--ast-global-color-5)","background-image":"","background-repeat":"repeat","background-position":"center center","background-size":"auto","background-attachment":"scroll","background-type":"","background-media":"","overlay-type":"","overlay-color":"","overlay-opacity":"","overlay-gradient":""},"tablet":{"background-color":"var(--ast-global-color-5)","background-image":"","background-repeat":"repeat","background-position":"center center","background-size":"auto","background-attachment":"scroll","background-type":"","background-media":"","overlay-type":"","overlay-color":"","overlay-opacity":"","overlay-gradient":""},"mobile":{"background-color":"var(--ast-global-color-5)","background-image":"","background-repeat":"repeat","background-position":"center center","background-size":"auto","background-attachment":"scroll","background-type":"","background-media":"","overlay-type":"","overlay-color":"","overlay-opacity":"","overlay-gradient":""}}},"product_brand":[],"product_cat":[230,236,238],"product_tag":[],"class_list":{"0":"post-9809","1":"product","2":"type-product","3":"status-publish","4":"has-post-thumbnail","6":"product_cat-farmacia","7":"product_cat-retardantes","8":"product_cat-todos-los-afrodisiacos-para-hombres","9":"desktop-align-left","10":"tablet-align-left","11":"mobile-align-left","13":"first","14":"instock","15":"shipping-taxable","16":"purchasable","17":"product-type-simple"},"_links":{"self":[{"href":"https:\/\/chibolita.es\/index.php\/wp-json\/wp\/v2\/product\/9809","targetHints":{"allow":["GET"]}}],"collection":[{"href":"https:\/\/chibolita.es\/index.php\/wp-json\/wp\/v2\/product"}],"about":[{"href":"https:\/\/chibolita.es\/index.php\/wp-json\/wp\/v2\/types\/product"}],"replies":[{"embeddable":true,"href":"https:\/\/chibolita.es\/index.php\/wp-json\/wp\/v2\/comments?post=9809"}],"wp:featuredmedia":[{"embeddable":true,"href":"https:\/\/chibolita.es\/index.php\/wp-json\/wp\/v2\/media\/9810"}],"wp:attachment":[{"href":"https:\/\/chibolita.es\/index.php\/wp-json\/wp\/v2\/media?parent=9809"}],"wp:term":[{"taxonomy":"product_brand","embeddable":true,"href":"https:\/\/chibolita.es\/index.php\/wp-json\/wp\/v2\/product_brand?post=9809"},{"taxonomy":"product_cat","embeddable":true,"href":"https:\/\/chibolita.es\/index.php\/wp-json\/wp\/v2\/product_cat?post=9809"},{"taxonomy":"product_tag","embeddable":true,"href":"https:\/\/chibolita.es\/index.php\/wp-json\/wp\/v2\/product_tag?post=9809"}],"curies":[{"name":"wp","href":"https:\/\/api.w.org\/{rel}","templated":true}]}}