{"id":9788,"date":"2025-07-18T18:18:57","date_gmt":"2025-07-18T18:18:57","guid":{"rendered":"https:\/\/chibolita.es\/?post_type=product&#038;p=9788"},"modified":"2025-07-18T18:18:57","modified_gmt":"2025-07-18T18:18:57","slug":"testo-booster-10-pastillas","status":"publish","type":"product","link":"https:\/\/chibolita.es\/index.php\/product\/testo-booster-10-pastillas\/","title":{"rendered":"Testo Booster -10 Pastillas"},"content":{"rendered":"<p><span>Testo Booster es un producto altamente avanzado con la f\u00f3rmula m\u00e1s potente del mercado. Elaborado con plantas naturales e ingredientes de origen natural, Testo Booster puede incluso mejorar los problemas de pr\u00f3stata y es a\u00fan m\u00e1s resistente a los efectos del alcohol que las f\u00f3rmulas anteriores.<\/span><\/p>\n<p>&nbsp;<\/p>\n<h3>Para que serve \u00a0Testo Booster?<\/h3>\n<p>&nbsp;<\/p>\n<p><span>\u2013 Ayuda a aumentar el tama\u00f1o del pene<\/span><br \/>\n<span>\u2013 Aumenta el conteo de espermatozoides<\/span><br \/>\n<span>\u2013 Previene la eyaculaci\u00f3n precoz<\/span><br \/>\n<span>\u2013 Promueve erecciones firmes como una roca<\/span><br \/>\n<span>\u2013 Testo Booster es un producto natural probado sin efectos adversos<\/span><br \/>\n<span>\u2013 Resistente a los efectos del alcohol<\/span><br \/>\n<span>\u2013 Efecto retardante<\/span><\/p>\n<p>&nbsp;<\/p>\n<h3><span>Presupuesto:<\/span><\/h3>\n<p>&nbsp;<\/p>\n<p><span>Testo Booster est\u00e1 disponible en cajas de 10 comprimidos. Cada comprimido contiene 1000 mg.<\/span><\/p>\n<p>&nbsp;<\/p>\n<h3><span>Administraci\u00f3n y dosis:<\/span><\/h3>\n<p>&nbsp;<\/p>\n<p><span>Tome solo 1 comprimido entre 45 y 60 minutos antes de la actividad sexual. No exceda 1 comprimido cada 24 horas.<\/span><\/p>\n<p>&nbsp;<\/p>\n<p><strong><span>Composici\u00f3n:<\/span><\/strong><\/p>\n<div><span>Ingredientes: sales de magnesio de \u00e1cido c\u00edtrico (citrato de magnesio) \u2013 magnesio, agente de carga \u2013 celulosa microcristalina, extracto de ra\u00edz de ashwagandha KSM-66 (Withania somnifera L.), bisglicinato de zinc \u2013 zinc, agentes de recubrimiento \u2013 alcohol polivin\u00edlico (PVA), polietilenglicol, talco, silicato de aluminio y potasio, monooleato de polioxietilensorbit\u00e1n; selenato de sodio (IV) \u2013 selenio, agente antiaglomerante \u2013 sales de magnesio de \u00e1cidos grasos, clorhidrato de piridoxina \u2013 vitamina B6, pigmentos \u2013 di\u00f3xido de titanio,<\/span><\/div>\n<div><span>\u00f3xidos e hidr\u00f3xidos de hierro.<\/span><\/div>\n<p>&nbsp;<\/p>\n<p>&nbsp;<\/p>\n<p><span>Aviso: Consulte a un especialista de la salud antes de usar este suplemento diet\u00e9tico si padece hipertensi\u00f3n arterial, cardiopat\u00eda, enfermedad tiroidea, diabetes, infecciones o dificultades urinarias debido a un agrandamiento de la pr\u00f3stata, o si est\u00e1 tomando cualquier otro medicamento incompatible con este producto.<\/span><br \/>\n<span>Este informe no ha sido evaluado por ninguna junta m\u00e9dica y este producto no est\u00e1 destinado a diagnosticar, tratar, curar ni prevenir ninguna enfermedad. \u00a1<\/span><br \/>\n<span>Mant\u00e9ngase fuera del alcance de los ni\u00f1os!<\/span><\/p>\n<h4>Suplemento Alimentar \u2013 Avisos:<\/h4>\n<p>&nbsp;<\/p>\n<p><span>Los suplementos diet\u00e9ticos no deben utilizarse como sustitutos de una dieta variada y equilibrada ni de un estilo de vida saludable. Sus efectos pueden variar de una persona a otra y se ven influenciados por otros factores como la nutrici\u00f3n y la actividad f\u00edsica. No exceda la dosis diaria recomendada. Mant\u00e9ngase fuera del alcance y de la vista de los ni\u00f1os. Los suplementos diet\u00e9ticos no son medicamentos. No los tome si presenta hipersensibilidad a alguno de los ingredientes. No los use durante el embarazo o la lactancia. Conservar en un lugar fresco y seco, protegido de la luz. En caso de duda, consulte a su m\u00e9dico o farmac\u00e9utico.<\/span><\/p>\n<p><span>#chibolita #testo #testooster<\/span><\/p>\n","protected":false},"excerpt":{"rendered":"<p>Testo Booster es un producto altamente avanzado con la f\u00f3rmula m\u00e1s potente del mercado. Elaborado con plantas naturales e ingredientes de origen natural, Testo Booster puede incluso mejorar los problemas de pr\u00f3stata y es a\u00fan m\u00e1s resistente a los efectos del alcohol que las f\u00f3rmulas anteriores. &nbsp; Para que serve \u00a0Testo Booster? &nbsp; \u2013 Ayuda [&hellip;]<\/p>\n","protected":false},"featured_media":9789,"comment_status":"open","ping_status":"closed","template":"","meta":{"_eb_attr":"","site-sidebar-layout":"default","site-content-layout":"","ast-site-content-layout":"default","site-content-style":"default","site-sidebar-style":"default","ast-global-header-display":"","ast-banner-title-visibility":"","ast-main-header-display":"","ast-hfb-above-header-display":"","ast-hfb-below-header-display":"","ast-hfb-mobile-header-display":"","site-post-title":"","ast-breadcrumbs-content":"","ast-featured-img":"","footer-sml-layout":"","ast-disable-related-posts":"","theme-transparent-header-meta":"default","adv-header-id-meta":"","stick-header-meta":"","header-above-stick-meta":"","header-main-stick-meta":"","header-below-stick-meta":"","astra-migrate-meta-layouts":"set","ast-page-background-enabled":"default","ast-page-background-meta":{"desktop":{"background-color":"var(--ast-global-color-4)","background-image":"","background-repeat":"repeat","background-position":"center center","background-size":"auto","background-attachment":"scroll","background-type":"","background-media":"","overlay-type":"","overlay-color":"","overlay-opacity":"","overlay-gradient":""},"tablet":{"background-color":"","background-image":"","background-repeat":"repeat","background-position":"center center","background-size":"auto","background-attachment":"scroll","background-type":"","background-media":"","overlay-type":"","overlay-color":"","overlay-opacity":"","overlay-gradient":""},"mobile":{"background-color":"","background-image":"","background-repeat":"repeat","background-position":"center center","background-size":"auto","background-attachment":"scroll","background-type":"","background-media":"","overlay-type":"","overlay-color":"","overlay-opacity":"","overlay-gradient":""}},"ast-content-background-meta":{"desktop":{"background-color":"var(--ast-global-color-5)","background-image":"","background-repeat":"repeat","background-position":"center center","background-size":"auto","background-attachment":"scroll","background-type":"","background-media":"","overlay-type":"","overlay-color":"","overlay-opacity":"","overlay-gradient":""},"tablet":{"background-color":"var(--ast-global-color-5)","background-image":"","background-repeat":"repeat","background-position":"center center","background-size":"auto","background-attachment":"scroll","background-type":"","background-media":"","overlay-type":"","overlay-color":"","overlay-opacity":"","overlay-gradient":""},"mobile":{"background-color":"var(--ast-global-color-5)","background-image":"","background-repeat":"repeat","background-position":"center center","background-size":"auto","background-attachment":"scroll","background-type":"","background-media":"","overlay-type":"","overlay-color":"","overlay-opacity":"","overlay-gradient":""}}},"product_brand":[],"product_cat":[230,308],"product_tag":[],"class_list":{"0":"post-9788","1":"product","2":"type-product","3":"status-publish","4":"has-post-thumbnail","6":"product_cat-farmacia","7":"product_cat-marca-ultimate-natura","8":"desktop-align-left","9":"tablet-align-left","10":"mobile-align-left","12":"first","13":"instock","14":"sale","15":"shipping-taxable","16":"purchasable","17":"product-type-simple"},"_links":{"self":[{"href":"https:\/\/chibolita.es\/index.php\/wp-json\/wp\/v2\/product\/9788","targetHints":{"allow":["GET"]}}],"collection":[{"href":"https:\/\/chibolita.es\/index.php\/wp-json\/wp\/v2\/product"}],"about":[{"href":"https:\/\/chibolita.es\/index.php\/wp-json\/wp\/v2\/types\/product"}],"replies":[{"embeddable":true,"href":"https:\/\/chibolita.es\/index.php\/wp-json\/wp\/v2\/comments?post=9788"}],"wp:featuredmedia":[{"embeddable":true,"href":"https:\/\/chibolita.es\/index.php\/wp-json\/wp\/v2\/media\/9789"}],"wp:attachment":[{"href":"https:\/\/chibolita.es\/index.php\/wp-json\/wp\/v2\/media?parent=9788"}],"wp:term":[{"taxonomy":"product_brand","embeddable":true,"href":"https:\/\/chibolita.es\/index.php\/wp-json\/wp\/v2\/product_brand?post=9788"},{"taxonomy":"product_cat","embeddable":true,"href":"https:\/\/chibolita.es\/index.php\/wp-json\/wp\/v2\/product_cat?post=9788"},{"taxonomy":"product_tag","embeddable":true,"href":"https:\/\/chibolita.es\/index.php\/wp-json\/wp\/v2\/product_tag?post=9788"}],"curies":[{"name":"wp","href":"https:\/\/api.w.org\/{rel}","templated":true}]}}