{"id":9564,"date":"2025-04-14T19:11:26","date_gmt":"2025-04-14T19:11:26","guid":{"rendered":"https:\/\/chibolita.es\/?post_type=product&#038;p=9564"},"modified":"2025-04-14T19:16:49","modified_gmt":"2025-04-14T19:16:49","slug":"vigour-dubai-8600-vip-10-capsulas-edicao-limitada","status":"publish","type":"product","link":"https:\/\/chibolita.es\/index.php\/product\/vigour-dubai-8600-vip-10-capsulas-edicao-limitada\/","title":{"rendered":"VIGOUR DUBAI 8600 VIP \u2013 10 CAPSULAS (edici\u00f3n limitada)"},"content":{"rendered":"<p>VIGOUR DUBAI 8600 VIP, \u00a1la \u00faltima versi\u00f3n premium de la gama Vigour ya est\u00e1 disponible!<br \/>\nExtremadamente efectivo<br \/>\nefecto r\u00e1pido<br \/>\nLarga duraci\u00f3n en el cuerpo<br \/>\nUn Vigor m\u00e1s optimizado, una \u201cbomba\u201d de potencia para tus actividades sexuales con una alta concentraci\u00f3n de extractos naturales y afrodis\u00edacos extremadamente fuertes que te proporcionar\u00e1n erecciones fuertes y estimulaci\u00f3n sexual. \u00a1Compru\u00e9balo t\u00fa mismo y \u00fanete a la \u00c9LITE!<\/p>\n<p>BENEFICIOS<\/p>\n<p>Mayor potencia y deseo sexual;<br \/>\nR\u00e1pido para actuar;<br \/>\nOrgasmos intensos;<br \/>\nControl m\u00e1ximo de la eyaculaci\u00f3n;<br \/>\nHasta 72 horas de efecto.<br \/>\nPRECAUCIONES<\/p>\n<p>Este producto no sustituye una dieta variada;<br \/>\nMantener fuera del alcance de los ni\u00f1os;<br \/>\nNo exceda la dosis recomendada.<br \/>\nM\u00c9TODO DE CONSUMO<\/p>\n<p>Tomar 1 tableta 30 a 45 minutos antes de la relaci\u00f3n sexual;<br \/>\nNo mezcle bebidas alcoh\u00f3licas;<br \/>\nNunca lo tome con el est\u00f3mago lleno;<br \/>\n(No exceda la dosis recomendada).<br \/>\nEl envase contiene 10 comprimidos.<\/p>\n","protected":false},"excerpt":{"rendered":"<p>VIGOUR DUBAI 8600 VIP, \u00a1la \u00faltima versi\u00f3n premium de la gama Vigour ya est\u00e1 disponible! Extremadamente efectivo efecto r\u00e1pido Larga duraci\u00f3n en el cuerpo Un Vigor m\u00e1s optimizado, una \u201cbomba\u201d de potencia para tus actividades sexuales con una alta concentraci\u00f3n de extractos naturales y afrodis\u00edacos extremadamente fuertes que te proporcionar\u00e1n erecciones fuertes y estimulaci\u00f3n sexual. [&hellip;]<\/p>\n","protected":false},"featured_media":9565,"comment_status":"open","ping_status":"closed","template":"","meta":{"_eb_attr":"","site-sidebar-layout":"default","site-content-layout":"","ast-site-content-layout":"default","site-content-style":"default","site-sidebar-style":"default","ast-global-header-display":"","ast-banner-title-visibility":"","ast-main-header-display":"","ast-hfb-above-header-display":"","ast-hfb-below-header-display":"","ast-hfb-mobile-header-display":"","site-post-title":"","ast-breadcrumbs-content":"","ast-featured-img":"","footer-sml-layout":"","ast-disable-related-posts":"","theme-transparent-header-meta":"default","adv-header-id-meta":"","stick-header-meta":"","header-above-stick-meta":"","header-main-stick-meta":"","header-below-stick-meta":"","astra-migrate-meta-layouts":"set","ast-page-background-enabled":"default","ast-page-background-meta":{"desktop":{"background-color":"var(--ast-global-color-4)","background-image":"","background-repeat":"repeat","background-position":"center center","background-size":"auto","background-attachment":"scroll","background-type":"","background-media":"","overlay-type":"","overlay-color":"","overlay-opacity":"","overlay-gradient":""},"tablet":{"background-color":"","background-image":"","background-repeat":"repeat","background-position":"center center","background-size":"auto","background-attachment":"scroll","background-type":"","background-media":"","overlay-type":"","overlay-color":"","overlay-opacity":"","overlay-gradient":""},"mobile":{"background-color":"","background-image":"","background-repeat":"repeat","background-position":"center center","background-size":"auto","background-attachment":"scroll","background-type":"","background-media":"","overlay-type":"","overlay-color":"","overlay-opacity":"","overlay-gradient":""}},"ast-content-background-meta":{"desktop":{"background-color":"var(--ast-global-color-5)","background-image":"","background-repeat":"repeat","background-position":"center center","background-size":"auto","background-attachment":"scroll","background-type":"","background-media":"","overlay-type":"","overlay-color":"","overlay-opacity":"","overlay-gradient":""},"tablet":{"background-color":"var(--ast-global-color-5)","background-image":"","background-repeat":"repeat","background-position":"center center","background-size":"auto","background-attachment":"scroll","background-type":"","background-media":"","overlay-type":"","overlay-color":"","overlay-opacity":"","overlay-gradient":""},"mobile":{"background-color":"var(--ast-global-color-5)","background-image":"","background-repeat":"repeat","background-position":"center center","background-size":"auto","background-attachment":"scroll","background-type":"","background-media":"","overlay-type":"","overlay-color":"","overlay-opacity":"","overlay-gradient":""}}},"product_brand":[],"product_cat":[230,250,238],"product_tag":[],"class_list":{"0":"post-9564","1":"product","2":"type-product","3":"status-publish","4":"has-post-thumbnail","6":"product_cat-farmacia","7":"product_cat-marca-vigour","8":"product_cat-todos-los-afrodisiacos-para-hombres","9":"desktop-align-left","10":"tablet-align-left","11":"mobile-align-left","13":"first","14":"instock","15":"sale","16":"shipping-taxable","17":"purchasable","18":"product-type-simple"},"_links":{"self":[{"href":"https:\/\/chibolita.es\/index.php\/wp-json\/wp\/v2\/product\/9564","targetHints":{"allow":["GET"]}}],"collection":[{"href":"https:\/\/chibolita.es\/index.php\/wp-json\/wp\/v2\/product"}],"about":[{"href":"https:\/\/chibolita.es\/index.php\/wp-json\/wp\/v2\/types\/product"}],"replies":[{"embeddable":true,"href":"https:\/\/chibolita.es\/index.php\/wp-json\/wp\/v2\/comments?post=9564"}],"wp:featuredmedia":[{"embeddable":true,"href":"https:\/\/chibolita.es\/index.php\/wp-json\/wp\/v2\/media\/9565"}],"wp:attachment":[{"href":"https:\/\/chibolita.es\/index.php\/wp-json\/wp\/v2\/media?parent=9564"}],"wp:term":[{"taxonomy":"product_brand","embeddable":true,"href":"https:\/\/chibolita.es\/index.php\/wp-json\/wp\/v2\/product_brand?post=9564"},{"taxonomy":"product_cat","embeddable":true,"href":"https:\/\/chibolita.es\/index.php\/wp-json\/wp\/v2\/product_cat?post=9564"},{"taxonomy":"product_tag","embeddable":true,"href":"https:\/\/chibolita.es\/index.php\/wp-json\/wp\/v2\/product_tag?post=9564"}],"curies":[{"name":"wp","href":"https:\/\/api.w.org\/{rel}","templated":true}]}}