{"id":9496,"date":"2025-04-02T18:52:36","date_gmt":"2025-04-02T18:52:36","guid":{"rendered":"https:\/\/chibolita.es\/?post_type=product&#038;p=9496"},"modified":"2025-04-02T18:52:37","modified_gmt":"2025-04-02T18:52:37","slug":"cobeco-viagel-para-hombre-gel-retardante-30-ml","status":"publish","type":"product","link":"https:\/\/chibolita.es\/index.php\/product\/cobeco-viagel-para-hombre-gel-retardante-30-ml\/","title":{"rendered":"COBECO &#8211; VIAGEL PARA HOMBRE GEL RETARDANTE 30 ML"},"content":{"rendered":"<p>Viagel Delay Gel es un gel refrescante de r\u00e1pida absorci\u00f3n dise\u00f1ado para ayudar a los hombres a prolongar sus momentos \u00edntimos con confianza. Formulado con un suave efecto refrescante, ayuda a retrasar el cl\u00edmax a la vez que nutre la piel. Toma el control de tu placer y disfruta de una experiencia m\u00e1s larga y satisfactoria con Viagel Delay Gel.<\/p>\n<p><u><em><strong>\u00bfC\u00f3mo funciona?<\/strong><\/em><\/u><\/p>\n<ul>\n<li>Este gel presenta una textura rica y suave que se extiende f\u00e1cilmente para una mayor comodidad. Su f\u00f3rmula vegana, enriquecida con extractos naturales como Laureth-9 y Avena Sativa Kernel, ayuda a nutrir la piel a la vez que proporciona una suave sensaci\u00f3n refrescante. Dise\u00f1ado para una \u00f3ptima absorci\u00f3n, aumenta la comodidad y el placer durante los momentos \u00edntimos.<\/li>\n<\/ul>\n<p><u><em><strong>Instrucciones de uso<\/strong><\/em><\/u><\/p>\n<ul>\n<li>Aplica la cantidad deseada en la zona \u00edntima. El producto es f\u00e1cil de aplicar y se absorbe r\u00e1pidamente a base de extractos naturales, que son neutros para la piel. Caracter\u00edstica<\/li>\n<li>Retrasa el cl\u00edmax de forma natural<\/li>\n<li>Sensaci\u00f3n refrescante<\/li>\n<li>Nutritiva e hidratante<\/li>\n<li>No pegajosa y de r\u00e1pida absorci\u00f3n<\/li>\n<li>Apto para usar con condones de l\u00e1tex<\/li>\n<\/ul>\n<p><u><em><strong>Ingredientes<\/strong><\/em><\/u><br \/>\nAgua, cocoato de glicerilo PEG-7, aceite de ricino hidrogenado PEG-40, Laureth-9, pol\u00edmero cruzado de acrilatos\/acrilato de alquilo C10-30, alcohol,<br \/>\nAminometilpropanol, extracto de grano de Avena sativa, carb\u00f3mero, glicerina, extracto de cono de Humulus Lupulus, limoneno, aceite de Mentha Piperita,<br \/>\nEtilhexilglicerina, fenoxietanol<\/p>\n","protected":false},"excerpt":{"rendered":"<p>Viagel Delay Gel es un gel refrescante de r\u00e1pida absorci\u00f3n dise\u00f1ado para ayudar a los hombres a prolongar sus momentos \u00edntimos con confianza. Formulado con un suave efecto refrescante, ayuda a retrasar el cl\u00edmax a la vez que nutre la piel. Toma el control de tu placer y disfruta de una experiencia m\u00e1s larga y [&hellip;]<\/p>\n","protected":false},"featured_media":9497,"comment_status":"open","ping_status":"closed","template":"","meta":{"_eb_attr":"","site-sidebar-layout":"default","site-content-layout":"","ast-site-content-layout":"default","site-content-style":"default","site-sidebar-style":"default","ast-global-header-display":"","ast-banner-title-visibility":"","ast-main-header-display":"","ast-hfb-above-header-display":"","ast-hfb-below-header-display":"","ast-hfb-mobile-header-display":"","site-post-title":"","ast-breadcrumbs-content":"","ast-featured-img":"","footer-sml-layout":"","ast-disable-related-posts":"","theme-transparent-header-meta":"default","adv-header-id-meta":"","stick-header-meta":"","header-above-stick-meta":"","header-main-stick-meta":"","header-below-stick-meta":"","astra-migrate-meta-layouts":"set","ast-page-background-enabled":"default","ast-page-background-meta":{"desktop":{"background-color":"var(--ast-global-color-4)","background-image":"","background-repeat":"repeat","background-position":"center center","background-size":"auto","background-attachment":"scroll","background-type":"","background-media":"","overlay-type":"","overlay-color":"","overlay-opacity":"","overlay-gradient":""},"tablet":{"background-color":"","background-image":"","background-repeat":"repeat","background-position":"center center","background-size":"auto","background-attachment":"scroll","background-type":"","background-media":"","overlay-type":"","overlay-color":"","overlay-opacity":"","overlay-gradient":""},"mobile":{"background-color":"","background-image":"","background-repeat":"repeat","background-position":"center center","background-size":"auto","background-attachment":"scroll","background-type":"","background-media":"","overlay-type":"","overlay-color":"","overlay-opacity":"","overlay-gradient":""}},"ast-content-background-meta":{"desktop":{"background-color":"var(--ast-global-color-5)","background-image":"","background-repeat":"repeat","background-position":"center center","background-size":"auto","background-attachment":"scroll","background-type":"","background-media":"","overlay-type":"","overlay-color":"","overlay-opacity":"","overlay-gradient":""},"tablet":{"background-color":"var(--ast-global-color-5)","background-image":"","background-repeat":"repeat","background-position":"center center","background-size":"auto","background-attachment":"scroll","background-type":"","background-media":"","overlay-type":"","overlay-color":"","overlay-opacity":"","overlay-gradient":""},"mobile":{"background-color":"var(--ast-global-color-5)","background-image":"","background-repeat":"repeat","background-position":"center center","background-size":"auto","background-attachment":"scroll","background-type":"","background-media":"","overlay-type":"","overlay-color":"","overlay-opacity":"","overlay-gradient":""}}},"product_brand":[],"product_cat":[230,236,238],"product_tag":[],"class_list":{"0":"post-9496","1":"product","2":"type-product","3":"status-publish","4":"has-post-thumbnail","6":"product_cat-farmacia","7":"product_cat-retardantes","8":"product_cat-todos-los-afrodisiacos-para-hombres","9":"desktop-align-left","10":"tablet-align-left","11":"mobile-align-left","13":"first","14":"instock","15":"sale","16":"shipping-taxable","17":"purchasable","18":"product-type-simple"},"_links":{"self":[{"href":"https:\/\/chibolita.es\/index.php\/wp-json\/wp\/v2\/product\/9496","targetHints":{"allow":["GET"]}}],"collection":[{"href":"https:\/\/chibolita.es\/index.php\/wp-json\/wp\/v2\/product"}],"about":[{"href":"https:\/\/chibolita.es\/index.php\/wp-json\/wp\/v2\/types\/product"}],"replies":[{"embeddable":true,"href":"https:\/\/chibolita.es\/index.php\/wp-json\/wp\/v2\/comments?post=9496"}],"wp:featuredmedia":[{"embeddable":true,"href":"https:\/\/chibolita.es\/index.php\/wp-json\/wp\/v2\/media\/9497"}],"wp:attachment":[{"href":"https:\/\/chibolita.es\/index.php\/wp-json\/wp\/v2\/media?parent=9496"}],"wp:term":[{"taxonomy":"product_brand","embeddable":true,"href":"https:\/\/chibolita.es\/index.php\/wp-json\/wp\/v2\/product_brand?post=9496"},{"taxonomy":"product_cat","embeddable":true,"href":"https:\/\/chibolita.es\/index.php\/wp-json\/wp\/v2\/product_cat?post=9496"},{"taxonomy":"product_tag","embeddable":true,"href":"https:\/\/chibolita.es\/index.php\/wp-json\/wp\/v2\/product_tag?post=9496"}],"curies":[{"name":"wp","href":"https:\/\/api.w.org\/{rel}","templated":true}]}}