{"id":9483,"date":"2025-03-23T09:38:50","date_gmt":"2025-03-23T09:38:50","guid":{"rendered":"https:\/\/chibolita.es\/?post_type=product&#038;p=9483"},"modified":"2025-03-23T09:39:12","modified_gmt":"2025-03-23T09:39:12","slug":"livco-corsetti-fashion-irina-lc-20210-sujetador-tanga-con-encaje-negro-l-xl","status":"publish","type":"product","link":"https:\/\/chibolita.es\/index.php\/product\/livco-corsetti-fashion-irina-lc-20210-sujetador-tanga-con-encaje-negro-l-xl\/","title":{"rendered":"LIVCO CORSETTI FASHION &#8211; IRINA LC 20210 SUJETADOR + TANGA CON ENCAJE NEGRO L \/ XL"},"content":{"rendered":"<p><strong>IRINA<\/strong><\/p>\n<p>El sujetador Irina es una prenda interior extremadamente sensual. Resalta perfectamente las formas femeninas y levanta ligeramente los senos, orden\u00e1ndolos de forma natural. El cl\u00e1sico color negro le aporta encanto y lo hace a\u00fan m\u00e1s sexy. La parte delantera presenta un elegante encaje que adorna los tirantes anchos y una cinta que crea un lazo interesante. Con un escote amplio de una blusa o vestido, este encaje puede ser una decoraci\u00f3n adicional y un accesorio distintivo. La parte trasera del sujetador Irina tambi\u00e9n es digna de menci\u00f3n. Est\u00e1 hecha de tela el\u00e1stica y tiene forma de b\u00f3xer. Gracias a esto, funcionar\u00e1 bien como ropa interior para prendas cosidas seg\u00fan este corte.<\/p>\n<p>El sujetador no tiene ganchos ni cierres r\u00edgidos y se coloca por encima de la cabeza, como los sujetadores deportivos. Gracias a esto, se lleva muy bien, es ligero y no produce ninguna presi\u00f3n. El tejido se adhiere perfectamente al cuerpo, dando una sensaci\u00f3n de comodidad. El sujetador est\u00e1 disponible en dos tallas. Cuando te lo pongas, sentir\u00e1s una comodidad incomparable\u00a0.<\/p>\n<p>&nbsp;<\/p>\n<p><u><strong>LIVCO CORSETTI FASHION<\/strong><\/u><\/p>\n<p>Bienvenido al mundo de la perfecta elegancia y sensualidad con\u00a0<strong>Livco Corsetti Fashion,<\/strong>\u00a0una marca de lencer\u00eda que no s\u00f3lo resalta la belleza de la figura femenina, sino que tambi\u00e9n define una nueva dimensi\u00f3n de lujo. Veamos juntos por qu\u00e9 la ropa interior<strong>\u00a0Livco Corsetti Fashion<\/strong>\u00a0es sin\u00f3nimo de exclusividad.<\/p>\n<ul>\n<li><em><strong>Precisi\u00f3n magistral\u00a0<\/strong><\/em>: Cada pieza de la ropa interior\u00a0<strong>Livco Corsetti Fashion<\/strong>\u00a0es el resultado de una precisi\u00f3n magistral. Cada costura, encaje y detalle est\u00e1 cuidadosamente dise\u00f1ado para garantizar un ajuste perfecto y comodidad.<\/li>\n<li><em><strong>Materiales lujosos:\u00a0<\/strong><\/em>la marca es famosa por utilizar materiales lujosos como delicados encajes y sat\u00e9n. No es s\u00f3lo ropa interior, es una sensaci\u00f3n de suavidad y placer en la piel.<\/li>\n<li><em><strong>Formas y patrones innovadores:<\/strong><\/em><strong>\u00a0Livco Corsetti Fashion<\/strong>\u00a0no tiene miedo de experimentar con formas y patrones. Aqu\u00ed encontrar\u00e1 sujetadores, bodis de encaje y conjuntos con cortes innovadores que resaltar\u00e1n la individualidad de cada mujer.<\/li>\n<li><em><strong>Colecciones sensuales para cada ocasi\u00f3n:<\/strong><\/em>\u00a0Ya sea que est\u00e9 buscando lencer\u00eda para una noche rom\u00e1ntica o un conjunto elegante para una ocasi\u00f3n especial,<strong>\u00a0Livco Corsetti Fashion<\/strong>\u00a0tiene colecciones sensuales que se adaptan a diferentes estilos y gustos.<\/li>\n<li><em><strong>Riqueza de colores y matices:<\/strong><\/em>\u00a0deja que tu ropa interior refleje tu personalidad.<strong>\u00a0Livco Corsetti Fashion<\/strong>\u00a0ofrece una gran variedad de colores y matices, permiti\u00e9ndote encontrar el conjunto perfecto para cada situaci\u00f3n.<\/li>\n<\/ul>\n<p>Junto a\u00a0<strong>Livco Corsetti Fashion<\/strong>, ingresa al mundo de la ropa interior femenina exclusiva, donde la belleza se combina con la comodidad y cada detalle hace que cada mujer se sienta \u00fanica. \u00a1Vaya m\u00e1s all\u00e1 de los l\u00edmites de la ropa interior ordinaria y descubra la perfecci\u00f3n en cada detalle!<\/p>\n<p>Al ingresar al mundo de<strong>\u00a0Livco Corsetti Fashion<\/strong>, ingresar\u00e1s al pa\u00eds de la ropa interior femenina \u00fanica y sexy, donde cada detalle evoca emociones y te invita a explorar la sensualidad. Descubre la diversidad de la oferta, que incluye sujetadores, bralettes, medias, cors\u00e9s, bodis, camisones y babydolls, abriendo la puerta a experiencias extraordinarias.<\/p>\n<ul>\n<li><em><strong>Sujetadores:<\/strong><\/em>\u00a0Dise\u00f1ados a la perfecci\u00f3n. Dale a tus curvas la definici\u00f3n adecuada con los sujetadores\u00a0<strong>Livco Corsetti Fashion.\u00a0<\/strong>Aqu\u00ed encontrar\u00e1s una variedad de formas, desde los cl\u00e1sicos push-up hasta modelos m\u00e1s sensuales y experimentales.<\/li>\n<li><em><strong>Bralettes:<\/strong><\/em>\u00a0comodidad y sensualidad en uno. Los bralettes son la quintaesencia de la elegancia informal y ofrecen comodidad y un encanto sutil.<strong>\u00a0Livco Corsetti Fashion<\/strong>\u00a0presenta bralettes que combinan estas dos caracter\u00edsticas a la perfecci\u00f3n.<\/li>\n<li><em><strong>Medias:\u00a0<\/strong><\/em>A\u00f1ade un elemento de extravagancia\u00a0<strong>Livco Corsetti.<\/strong>\u00a0Las medias de moda no son s\u00f3lo un elemento pr\u00e1ctico, sino tambi\u00e9n pura extravagancia. A\u00f1aden un innegable encanto y elegancia a cualquier conjunto de ropa interior.<\/li>\n<li><em><strong>Cors\u00e9s:<\/strong><\/em>\u00a0Moldea tu figura\u00a0Los cors\u00e9s son un cl\u00e1sico que siempre crea un efecto fenomenal. Descubre la colecci\u00f3n de cors\u00e9s que moldean tu figura, enfatizan las curvas y te dan confianza en ti misma.<\/li>\n<li><em><strong>Body:<\/strong><\/em>\u00a0Sensual Whole in One.\u00a0 Los bodys Sensual son la elecci\u00f3n perfecta para quienes desean combinar elegancia con practicidad.<strong>\u00a0Livco Corsetti Fashion\u00a0<\/strong>ofrece una variedad de estilos, satisfaciendo diferentes gustos.<\/li>\n<li><em><strong>Camisones y Babydolls:\u00a0<\/strong><\/em>Ropa de dormir rom\u00e1ntica. Para los amantes del romance, la colecci\u00f3n de camisones y babydolls est\u00e1 llena de creaciones ligeras, aireadas y sensuales que har\u00e1n que cada noche sea especial.<\/li>\n<\/ul>\n<p><strong>Livco Corsetti Fashion<\/strong>\u00a0no es s\u00f3lo ropa interior, es una forma de expresar tu lado sensual y descubrir nuevas dimensiones de elegancia femenina. Experimente experiencias \u00fanicas con cada compra y deje que cada pieza de ropa interior<strong>\u00a0Livco Corsetti Fashion<\/strong>\u00a0enfatice su singularidad.<\/p>\n","protected":false},"excerpt":{"rendered":"<p>IRINA El sujetador Irina es una prenda interior extremadamente sensual. Resalta perfectamente las formas femeninas y levanta ligeramente los senos, orden\u00e1ndolos de forma natural. El cl\u00e1sico color negro le aporta encanto y lo hace a\u00fan m\u00e1s sexy. La parte delantera presenta un elegante encaje que adorna los tirantes anchos y una cinta que crea un [&hellip;]<\/p>\n","protected":false},"featured_media":9481,"comment_status":"open","ping_status":"closed","template":"","meta":{"_eb_attr":"","site-sidebar-layout":"default","site-content-layout":"","ast-site-content-layout":"default","site-content-style":"default","site-sidebar-style":"default","ast-global-header-display":"","ast-banner-title-visibility":"","ast-main-header-display":"","ast-hfb-above-header-display":"","ast-hfb-below-header-display":"","ast-hfb-mobile-header-display":"","site-post-title":"","ast-breadcrumbs-content":"","ast-featured-img":"","footer-sml-layout":"","ast-disable-related-posts":"","theme-transparent-header-meta":"default","adv-header-id-meta":"","stick-header-meta":"","header-above-stick-meta":"","header-main-stick-meta":"","header-below-stick-meta":"","astra-migrate-meta-layouts":"set","ast-page-background-enabled":"default","ast-page-background-meta":{"desktop":{"background-color":"var(--ast-global-color-4)","background-image":"","background-repeat":"repeat","background-position":"center center","background-size":"auto","background-attachment":"scroll","background-type":"","background-media":"","overlay-type":"","overlay-color":"","overlay-opacity":"","overlay-gradient":""},"tablet":{"background-color":"","background-image":"","background-repeat":"repeat","background-position":"center center","background-size":"auto","background-attachment":"scroll","background-type":"","background-media":"","overlay-type":"","overlay-color":"","overlay-opacity":"","overlay-gradient":""},"mobile":{"background-color":"","background-image":"","background-repeat":"repeat","background-position":"center center","background-size":"auto","background-attachment":"scroll","background-type":"","background-media":"","overlay-type":"","overlay-color":"","overlay-opacity":"","overlay-gradient":""}},"ast-content-background-meta":{"desktop":{"background-color":"var(--ast-global-color-5)","background-image":"","background-repeat":"repeat","background-position":"center center","background-size":"auto","background-attachment":"scroll","background-type":"","background-media":"","overlay-type":"","overlay-color":"","overlay-opacity":"","overlay-gradient":""},"tablet":{"background-color":"var(--ast-global-color-5)","background-image":"","background-repeat":"repeat","background-position":"center center","background-size":"auto","background-attachment":"scroll","background-type":"","background-media":"","overlay-type":"","overlay-color":"","overlay-opacity":"","overlay-gradient":""},"mobile":{"background-color":"var(--ast-global-color-5)","background-image":"","background-repeat":"repeat","background-position":"center center","background-size":"auto","background-attachment":"scroll","background-type":"","background-media":"","overlay-type":"","overlay-color":"","overlay-opacity":"","overlay-gradient":""}}},"product_brand":[],"product_cat":[289,285],"product_tag":[],"class_list":{"0":"post-9483","1":"product","2":"type-product","3":"status-publish","4":"has-post-thumbnail","6":"product_cat-conjuntos-varias-piezas","7":"product_cat-lenceria","8":"desktop-align-left","9":"tablet-align-left","10":"mobile-align-left","12":"first","13":"instock","14":"sale","15":"shipping-taxable","16":"purchasable","17":"product-type-simple"},"_links":{"self":[{"href":"https:\/\/chibolita.es\/index.php\/wp-json\/wp\/v2\/product\/9483","targetHints":{"allow":["GET"]}}],"collection":[{"href":"https:\/\/chibolita.es\/index.php\/wp-json\/wp\/v2\/product"}],"about":[{"href":"https:\/\/chibolita.es\/index.php\/wp-json\/wp\/v2\/types\/product"}],"replies":[{"embeddable":true,"href":"https:\/\/chibolita.es\/index.php\/wp-json\/wp\/v2\/comments?post=9483"}],"wp:featuredmedia":[{"embeddable":true,"href":"https:\/\/chibolita.es\/index.php\/wp-json\/wp\/v2\/media\/9481"}],"wp:attachment":[{"href":"https:\/\/chibolita.es\/index.php\/wp-json\/wp\/v2\/media?parent=9483"}],"wp:term":[{"taxonomy":"product_brand","embeddable":true,"href":"https:\/\/chibolita.es\/index.php\/wp-json\/wp\/v2\/product_brand?post=9483"},{"taxonomy":"product_cat","embeddable":true,"href":"https:\/\/chibolita.es\/index.php\/wp-json\/wp\/v2\/product_cat?post=9483"},{"taxonomy":"product_tag","embeddable":true,"href":"https:\/\/chibolita.es\/index.php\/wp-json\/wp\/v2\/product_tag?post=9483"}],"curies":[{"name":"wp","href":"https:\/\/api.w.org\/{rel}","templated":true}]}}