{"id":9413,"date":"2025-02-16T17:37:34","date_gmt":"2025-02-16T17:37:34","guid":{"rendered":"https:\/\/chibolita.es\/?post_type=product&#038;p=9413"},"modified":"2025-02-16T17:37:34","modified_gmt":"2025-02-16T17:37:34","slug":"pretty-love-thunderbird-vibrador-doble-strap-on-control-remoto-morado","status":"publish","type":"product","link":"https:\/\/chibolita.es\/index.php\/product\/pretty-love-thunderbird-vibrador-doble-strap-on-control-remoto-morado\/","title":{"rendered":"PRETTY LOVE &#8211; THUNDERBIRD VIBRADOR DOBLE STRAP-ON CONTROL REMOTO MORADO"},"content":{"rendered":"<p><strong>PRETTY LOVE BW-022068W<\/strong><br \/>\nEste maravilloso Strap-On sin tirantes hace que cada segundo cuente, ya que su funci\u00f3n sin arn\u00e9s, 12 modos de vibraci\u00f3n y 3 modos de estimulaci\u00f3n el\u00e9ctrica te prometen una experiencia m\u00e1s espont\u00e1nea e ininterrumpida. Sus ejes bulbosos con vibraci\u00f3n y partes de estimulaci\u00f3n el\u00e9ctrica se asientan perfectamente dentro de la vagina y masajean suavemente el punto correcto durante la penetraci\u00f3n. Ya sea que te est\u00e9s preparando para complacer a tu hombre con una sesi\u00f3n sensual de pegging o est\u00e9s planeando un intenso encuentro de chica con chica, la satisfacci\u00f3n est\u00e1 m\u00e1s que garantizada. Al no tener arn\u00e9s que impida tus intenciones, solo tienes que aplicar lubricante a base de agua en ambos ejes suaves y disfrutar de una cogida con manos libres que te har\u00e1 temblar la tierra.<\/p>\n<p>&nbsp;<\/p>\n<p><u><strong>CARACTER\u00cdSTICAS<\/strong><\/u>:<\/p>\n<ul>\n<li>Funci\u00f3n: 12 funciones de vibraci\u00f3n 3 funciones de descarga el\u00e9ctrica Control remoto inal\u00e1mbrico<\/li>\n<li>Material: Silicona<\/li>\n<li>Alimentaci\u00f3n: Recargable por USB<\/li>\n<\/ul>\n","protected":false},"excerpt":{"rendered":"<p>PRETTY LOVE BW-022068W Este maravilloso Strap-On sin tirantes hace que cada segundo cuente, ya que su funci\u00f3n sin arn\u00e9s, 12 modos de vibraci\u00f3n y 3 modos de estimulaci\u00f3n el\u00e9ctrica te prometen una experiencia m\u00e1s espont\u00e1nea e ininterrumpida. Sus ejes bulbosos con vibraci\u00f3n y partes de estimulaci\u00f3n el\u00e9ctrica se asientan perfectamente dentro de la vagina y [&hellip;]<\/p>\n","protected":false},"featured_media":9421,"comment_status":"open","ping_status":"closed","template":"","meta":{"_eb_attr":"","site-sidebar-layout":"default","site-content-layout":"","ast-site-content-layout":"default","site-content-style":"default","site-sidebar-style":"default","ast-global-header-display":"","ast-banner-title-visibility":"","ast-main-header-display":"","ast-hfb-above-header-display":"","ast-hfb-below-header-display":"","ast-hfb-mobile-header-display":"","site-post-title":"","ast-breadcrumbs-content":"","ast-featured-img":"","footer-sml-layout":"","ast-disable-related-posts":"","theme-transparent-header-meta":"default","adv-header-id-meta":"","stick-header-meta":"","header-above-stick-meta":"","header-main-stick-meta":"","header-below-stick-meta":"","astra-migrate-meta-layouts":"set","ast-page-background-enabled":"default","ast-page-background-meta":{"desktop":{"background-color":"var(--ast-global-color-4)","background-image":"","background-repeat":"repeat","background-position":"center center","background-size":"auto","background-attachment":"scroll","background-type":"","background-media":"","overlay-type":"","overlay-color":"","overlay-opacity":"","overlay-gradient":""},"tablet":{"background-color":"","background-image":"","background-repeat":"repeat","background-position":"center center","background-size":"auto","background-attachment":"scroll","background-type":"","background-media":"","overlay-type":"","overlay-color":"","overlay-opacity":"","overlay-gradient":""},"mobile":{"background-color":"","background-image":"","background-repeat":"repeat","background-position":"center center","background-size":"auto","background-attachment":"scroll","background-type":"","background-media":"","overlay-type":"","overlay-color":"","overlay-opacity":"","overlay-gradient":""}},"ast-content-background-meta":{"desktop":{"background-color":"var(--ast-global-color-5)","background-image":"","background-repeat":"repeat","background-position":"center center","background-size":"auto","background-attachment":"scroll","background-type":"","background-media":"","overlay-type":"","overlay-color":"","overlay-opacity":"","overlay-gradient":""},"tablet":{"background-color":"var(--ast-global-color-5)","background-image":"","background-repeat":"repeat","background-position":"center center","background-size":"auto","background-attachment":"scroll","background-type":"","background-media":"","overlay-type":"","overlay-color":"","overlay-opacity":"","overlay-gradient":""},"mobile":{"background-color":"var(--ast-global-color-5)","background-image":"","background-repeat":"repeat","background-position":"center center","background-size":"auto","background-attachment":"scroll","background-type":"","background-media":"","overlay-type":"","overlay-color":"","overlay-opacity":"","overlay-gradient":""}}},"product_brand":[],"product_cat":[260,262,263],"product_tag":[],"class_list":{"0":"post-9413","1":"product","2":"type-product","3":"status-publish","4":"has-post-thumbnail","6":"product_cat-dildos-y-vibradores","7":"product_cat-vibradores","8":"product_cat-vibradores-lay-on-clitoris","9":"desktop-align-left","10":"tablet-align-left","11":"mobile-align-left","13":"first","14":"instock","15":"shipping-taxable","16":"purchasable","17":"product-type-simple"},"_links":{"self":[{"href":"https:\/\/chibolita.es\/index.php\/wp-json\/wp\/v2\/product\/9413","targetHints":{"allow":["GET"]}}],"collection":[{"href":"https:\/\/chibolita.es\/index.php\/wp-json\/wp\/v2\/product"}],"about":[{"href":"https:\/\/chibolita.es\/index.php\/wp-json\/wp\/v2\/types\/product"}],"replies":[{"embeddable":true,"href":"https:\/\/chibolita.es\/index.php\/wp-json\/wp\/v2\/comments?post=9413"}],"wp:featuredmedia":[{"embeddable":true,"href":"https:\/\/chibolita.es\/index.php\/wp-json\/wp\/v2\/media\/9421"}],"wp:attachment":[{"href":"https:\/\/chibolita.es\/index.php\/wp-json\/wp\/v2\/media?parent=9413"}],"wp:term":[{"taxonomy":"product_brand","embeddable":true,"href":"https:\/\/chibolita.es\/index.php\/wp-json\/wp\/v2\/product_brand?post=9413"},{"taxonomy":"product_cat","embeddable":true,"href":"https:\/\/chibolita.es\/index.php\/wp-json\/wp\/v2\/product_cat?post=9413"},{"taxonomy":"product_tag","embeddable":true,"href":"https:\/\/chibolita.es\/index.php\/wp-json\/wp\/v2\/product_tag?post=9413"}],"curies":[{"name":"wp","href":"https:\/\/api.w.org\/{rel}","templated":true}]}}