{"id":9404,"date":"2025-02-16T17:34:36","date_gmt":"2025-02-16T17:34:36","guid":{"rendered":"https:\/\/chibolita.es\/?post_type=product&#038;p=9404"},"modified":"2025-02-16T17:34:36","modified_gmt":"2025-02-16T17:34:36","slug":"pretty-love-rose-lover-rosa-estimuladora-de-clitoris-12-vibraciones-rojo","status":"publish","type":"product","link":"https:\/\/chibolita.es\/index.php\/product\/pretty-love-rose-lover-rosa-estimuladora-de-clitoris-12-vibraciones-rojo\/","title":{"rendered":"PRETTY LOVE &#8211; ROSE LOVER ROSA ESTIMULADORA DE CL\u00cdTORIS 12 VIBRACIONES ROJO"},"content":{"rendered":"<p><strong>PRETTY LOVE BI-014915<\/strong><br \/>\nPretty Love Rose Lover Vibrator El vibrador de rosa para lamer la lengua es un producto \u00edntimo femenino que puede estimular las partes privadas hasta el orgasmo. Con forma de rosa realista, este vibrador se puede llevar a cualquier parte o colocar sobre una mesa como exhibici\u00f3n. Las lindas rosas peque\u00f1as te permiten experimentar el m\u00e1ximo placer del sexo oral en cualquier momento, lo que ayuda a alcanzar el orgasmo en poco tiempo. Mant\u00e9n presionado el bot\u00f3n de encendido durante 2 segundos para encender, la luz roja se enciende, presiona el bot\u00f3n de encendido nuevamente, puedes comenzar a disfrutar de 12 fuertes frecuencias de oscilaci\u00f3n y vibraci\u00f3n respectivamente. Material de silicona seguro y sedoso, carga USB, te brinda un placer diferente.<\/p>\n<p>&nbsp;<\/p>\n<p><u><strong>CARACTER\u00cdSTICAS<\/strong><\/u>:<\/p>\n<ul>\n<li>Funci\u00f3n: 12 funciones de vibraci\u00f3n 12 configuraciones de lamido<\/li>\n<li>Material: Silicona<\/li>\n<li>Energ\u00eda: Recargable por USB<\/li>\n<\/ul>\n","protected":false},"excerpt":{"rendered":"<p>PRETTY LOVE BI-014915 Pretty Love Rose Lover Vibrator El vibrador de rosa para lamer la lengua es un producto \u00edntimo femenino que puede estimular las partes privadas hasta el orgasmo. Con forma de rosa realista, este vibrador se puede llevar a cualquier parte o colocar sobre una mesa como exhibici\u00f3n. Las lindas rosas peque\u00f1as te [&hellip;]<\/p>\n","protected":false},"featured_media":9405,"comment_status":"open","ping_status":"closed","template":"","meta":{"_eb_attr":"","site-sidebar-layout":"default","site-content-layout":"","ast-site-content-layout":"default","site-content-style":"default","site-sidebar-style":"default","ast-global-header-display":"","ast-banner-title-visibility":"","ast-main-header-display":"","ast-hfb-above-header-display":"","ast-hfb-below-header-display":"","ast-hfb-mobile-header-display":"","site-post-title":"","ast-breadcrumbs-content":"","ast-featured-img":"","footer-sml-layout":"","ast-disable-related-posts":"","theme-transparent-header-meta":"default","adv-header-id-meta":"","stick-header-meta":"","header-above-stick-meta":"","header-main-stick-meta":"","header-below-stick-meta":"","astra-migrate-meta-layouts":"set","ast-page-background-enabled":"default","ast-page-background-meta":{"desktop":{"background-color":"var(--ast-global-color-4)","background-image":"","background-repeat":"repeat","background-position":"center center","background-size":"auto","background-attachment":"scroll","background-type":"","background-media":"","overlay-type":"","overlay-color":"","overlay-opacity":"","overlay-gradient":""},"tablet":{"background-color":"","background-image":"","background-repeat":"repeat","background-position":"center center","background-size":"auto","background-attachment":"scroll","background-type":"","background-media":"","overlay-type":"","overlay-color":"","overlay-opacity":"","overlay-gradient":""},"mobile":{"background-color":"","background-image":"","background-repeat":"repeat","background-position":"center center","background-size":"auto","background-attachment":"scroll","background-type":"","background-media":"","overlay-type":"","overlay-color":"","overlay-opacity":"","overlay-gradient":""}},"ast-content-background-meta":{"desktop":{"background-color":"var(--ast-global-color-5)","background-image":"","background-repeat":"repeat","background-position":"center center","background-size":"auto","background-attachment":"scroll","background-type":"","background-media":"","overlay-type":"","overlay-color":"","overlay-opacity":"","overlay-gradient":""},"tablet":{"background-color":"var(--ast-global-color-5)","background-image":"","background-repeat":"repeat","background-position":"center center","background-size":"auto","background-attachment":"scroll","background-type":"","background-media":"","overlay-type":"","overlay-color":"","overlay-opacity":"","overlay-gradient":""},"mobile":{"background-color":"var(--ast-global-color-5)","background-image":"","background-repeat":"repeat","background-position":"center center","background-size":"auto","background-attachment":"scroll","background-type":"","background-media":"","overlay-type":"","overlay-color":"","overlay-opacity":"","overlay-gradient":""}}},"product_brand":[],"product_cat":[260,262,263],"product_tag":[],"class_list":{"0":"post-9404","1":"product","2":"type-product","3":"status-publish","4":"has-post-thumbnail","6":"product_cat-dildos-y-vibradores","7":"product_cat-vibradores","8":"product_cat-vibradores-lay-on-clitoris","9":"desktop-align-left","10":"tablet-align-left","11":"mobile-align-left","13":"first","14":"instock","15":"shipping-taxable","16":"purchasable","17":"product-type-simple"},"_links":{"self":[{"href":"https:\/\/chibolita.es\/index.php\/wp-json\/wp\/v2\/product\/9404","targetHints":{"allow":["GET"]}}],"collection":[{"href":"https:\/\/chibolita.es\/index.php\/wp-json\/wp\/v2\/product"}],"about":[{"href":"https:\/\/chibolita.es\/index.php\/wp-json\/wp\/v2\/types\/product"}],"replies":[{"embeddable":true,"href":"https:\/\/chibolita.es\/index.php\/wp-json\/wp\/v2\/comments?post=9404"}],"wp:featuredmedia":[{"embeddable":true,"href":"https:\/\/chibolita.es\/index.php\/wp-json\/wp\/v2\/media\/9405"}],"wp:attachment":[{"href":"https:\/\/chibolita.es\/index.php\/wp-json\/wp\/v2\/media?parent=9404"}],"wp:term":[{"taxonomy":"product_brand","embeddable":true,"href":"https:\/\/chibolita.es\/index.php\/wp-json\/wp\/v2\/product_brand?post=9404"},{"taxonomy":"product_cat","embeddable":true,"href":"https:\/\/chibolita.es\/index.php\/wp-json\/wp\/v2\/product_cat?post=9404"},{"taxonomy":"product_tag","embeddable":true,"href":"https:\/\/chibolita.es\/index.php\/wp-json\/wp\/v2\/product_tag?post=9404"}],"curies":[{"name":"wp","href":"https:\/\/api.w.org\/{rel}","templated":true}]}}