{"id":9396,"date":"2025-02-16T17:32:44","date_gmt":"2025-02-16T17:32:44","guid":{"rendered":"https:\/\/chibolita.es\/?post_type=product&#038;p=9396"},"modified":"2025-02-16T17:32:44","modified_gmt":"2025-02-16T17:32:44","slug":"pretty-love-rosolyn-vibrador-rabbit-10-vibraciones-morado","status":"publish","type":"product","link":"https:\/\/chibolita.es\/index.php\/product\/pretty-love-rosolyn-vibrador-rabbit-10-vibraciones-morado\/","title":{"rendered":"PRETTY LOVE &#8211; ROSOLYN VIBRADOR RABBIT 10 VIBRACIONES MORADO"},"content":{"rendered":"<p><strong>PRETTY LOVE BW-500055-2<\/strong><br \/>\n\u00a1Haz que el trueno entre en tus s\u00e1banas con este vibrador de punto G flexible de silicona l\u00edquida! Este elegante y flexible masajeador de conejo est\u00e1 hecho de silicona l\u00edquida y el producto est\u00e1 dise\u00f1ado para satisfacer de m\u00e1s de una manera. Con 10 modos de vibraci\u00f3n, descubre velocidades constantes y un placer retumbante mientras te acercas a un cl\u00edmax poderoso. Se puede recargar con el cable USB incluido. Dos motores que brindan estimulaci\u00f3n sincronizada del cl\u00edtoris y la vagina, te brindan un placer sin precedentes.<\/p>\n<p><u><strong>CARACTER\u00cdSTICAS<\/strong><\/u>:<\/p>\n<ul>\n<li>Funci\u00f3n: 10 funciones de vibraci\u00f3n<\/li>\n<li>Material: Silicona<\/li>\n<li>Alimentaci\u00f3n: Recargable por USB<\/li>\n<\/ul>\n","protected":false},"excerpt":{"rendered":"<p>PRETTY LOVE BW-500055-2 \u00a1Haz que el trueno entre en tus s\u00e1banas con este vibrador de punto G flexible de silicona l\u00edquida! Este elegante y flexible masajeador de conejo est\u00e1 hecho de silicona l\u00edquida y el producto est\u00e1 dise\u00f1ado para satisfacer de m\u00e1s de una manera. Con 10 modos de vibraci\u00f3n, descubre velocidades constantes y un [&hellip;]<\/p>\n","protected":false},"featured_media":9402,"comment_status":"open","ping_status":"closed","template":"","meta":{"_eb_attr":"","site-sidebar-layout":"default","site-content-layout":"","ast-site-content-layout":"default","site-content-style":"default","site-sidebar-style":"default","ast-global-header-display":"","ast-banner-title-visibility":"","ast-main-header-display":"","ast-hfb-above-header-display":"","ast-hfb-below-header-display":"","ast-hfb-mobile-header-display":"","site-post-title":"","ast-breadcrumbs-content":"","ast-featured-img":"","footer-sml-layout":"","ast-disable-related-posts":"","theme-transparent-header-meta":"default","adv-header-id-meta":"","stick-header-meta":"","header-above-stick-meta":"","header-main-stick-meta":"","header-below-stick-meta":"","astra-migrate-meta-layouts":"set","ast-page-background-enabled":"default","ast-page-background-meta":{"desktop":{"background-color":"var(--ast-global-color-4)","background-image":"","background-repeat":"repeat","background-position":"center center","background-size":"auto","background-attachment":"scroll","background-type":"","background-media":"","overlay-type":"","overlay-color":"","overlay-opacity":"","overlay-gradient":""},"tablet":{"background-color":"","background-image":"","background-repeat":"repeat","background-position":"center center","background-size":"auto","background-attachment":"scroll","background-type":"","background-media":"","overlay-type":"","overlay-color":"","overlay-opacity":"","overlay-gradient":""},"mobile":{"background-color":"","background-image":"","background-repeat":"repeat","background-position":"center center","background-size":"auto","background-attachment":"scroll","background-type":"","background-media":"","overlay-type":"","overlay-color":"","overlay-opacity":"","overlay-gradient":""}},"ast-content-background-meta":{"desktop":{"background-color":"var(--ast-global-color-5)","background-image":"","background-repeat":"repeat","background-position":"center center","background-size":"auto","background-attachment":"scroll","background-type":"","background-media":"","overlay-type":"","overlay-color":"","overlay-opacity":"","overlay-gradient":""},"tablet":{"background-color":"var(--ast-global-color-5)","background-image":"","background-repeat":"repeat","background-position":"center center","background-size":"auto","background-attachment":"scroll","background-type":"","background-media":"","overlay-type":"","overlay-color":"","overlay-opacity":"","overlay-gradient":""},"mobile":{"background-color":"var(--ast-global-color-5)","background-image":"","background-repeat":"repeat","background-position":"center center","background-size":"auto","background-attachment":"scroll","background-type":"","background-media":"","overlay-type":"","overlay-color":"","overlay-opacity":"","overlay-gradient":""}}},"product_brand":[],"product_cat":[260,262,263],"product_tag":[],"class_list":{"0":"post-9396","1":"product","2":"type-product","3":"status-publish","4":"has-post-thumbnail","6":"product_cat-dildos-y-vibradores","7":"product_cat-vibradores","8":"product_cat-vibradores-lay-on-clitoris","9":"desktop-align-left","10":"tablet-align-left","11":"mobile-align-left","13":"first","14":"instock","15":"sale","16":"shipping-taxable","17":"purchasable","18":"product-type-simple"},"_links":{"self":[{"href":"https:\/\/chibolita.es\/index.php\/wp-json\/wp\/v2\/product\/9396","targetHints":{"allow":["GET"]}}],"collection":[{"href":"https:\/\/chibolita.es\/index.php\/wp-json\/wp\/v2\/product"}],"about":[{"href":"https:\/\/chibolita.es\/index.php\/wp-json\/wp\/v2\/types\/product"}],"replies":[{"embeddable":true,"href":"https:\/\/chibolita.es\/index.php\/wp-json\/wp\/v2\/comments?post=9396"}],"wp:featuredmedia":[{"embeddable":true,"href":"https:\/\/chibolita.es\/index.php\/wp-json\/wp\/v2\/media\/9402"}],"wp:attachment":[{"href":"https:\/\/chibolita.es\/index.php\/wp-json\/wp\/v2\/media?parent=9396"}],"wp:term":[{"taxonomy":"product_brand","embeddable":true,"href":"https:\/\/chibolita.es\/index.php\/wp-json\/wp\/v2\/product_brand?post=9396"},{"taxonomy":"product_cat","embeddable":true,"href":"https:\/\/chibolita.es\/index.php\/wp-json\/wp\/v2\/product_cat?post=9396"},{"taxonomy":"product_tag","embeddable":true,"href":"https:\/\/chibolita.es\/index.php\/wp-json\/wp\/v2\/product_tag?post=9396"}],"curies":[{"name":"wp","href":"https:\/\/api.w.org\/{rel}","templated":true}]}}