{"id":9224,"date":"2024-10-26T14:57:51","date_gmt":"2024-10-26T14:57:51","guid":{"rendered":"https:\/\/chibolita.es\/?post_type=product&#038;p=9224"},"modified":"2025-07-17T19:05:47","modified_gmt":"2025-07-17T19:05:47","slug":"ultimate-sex-power-women-10-pastillas","status":"publish","type":"product","link":"https:\/\/chibolita.es\/index.php\/product\/ultimate-sex-power-women-10-pastillas\/","title":{"rendered":"Ultimate Sex Power Women \u2013 10 Pastillas"},"content":{"rendered":"<p>&nbsp;<\/p>\n<p>Ultimate Sex Power Women es un potente potenciador sexual femenino que contiene plantas utilizadas tradicionalmente por sus propiedades afrodis\u00edacas y vasodilatadoras.<\/p>\n<p>Ultimate Sex Power Women es un afrodis\u00edaco que estimula el apetito sexual y aumenta la libido. Mejora el rendimiento sexual y estimula la circulaci\u00f3n, haciendo los orgasmos m\u00e1s intensos.<\/p>\n<p>Beneficios:<\/p>\n<p>Estimula el \u00fatero, fortaleciendo las contracciones r\u00edtmicas y convirti\u00e9ndose en un excelente t\u00f3nico sexual;<br \/>\nTiene propiedades estimulantes del sistema nervioso central y propiedades afrodis\u00edacas;<br \/>\nEstimula el apetito sexual y aumenta la libido;<br \/>\nAporta mayor sensibilidad a las zonas \u00edntimas, intensificando cada sensaci\u00f3n y haciendo que cada toque sea electrizante.<br \/>\nUltimate Sex Power Women est\u00e1 disponible en envases de 10 comprimidos.<\/p>\n<p>Indicaciones de consumo:<\/p>\n<p>Consumir 1 comprimido, preferiblemente en ayunas, de 45 a 60 minutos antes de la actividad sexual. \u2013 Sin embargo, no se debe exceder la dosis recomendada (1 comprimido\/24 horas).<\/p>\n<p>El efecto se puede sentir hasta 2 d\u00edas despu\u00e9s de ingerirlo.<\/p>\n<p>Composici\u00f3n:<\/p>\n<p>Composici\u00f3n: Extracto de Ginseng, Extracto de Gingko, Extracto de Canela, Extracto de Damiana, Extracto de Apio Chino, Extracto de Dang Shen, Ang\u00e9lica, Regaliz.<\/p>\n<p>\u00bfC\u00f3mo funcionan los potenciadores femeninos?<\/p>\n<p>El \u201cdolor de cabeza\u201d no siempre es la principal causa de la p\u00e9rdida de la libido femenina. De hecho, puede ser simplemente una excusa para otro tipo de problema que los mantiene alejados del sexo. El cuerpo femenino est\u00e1 influenciado a lo largo de la vida por las hormonas sexuales, que fluct\u00faan seg\u00fan la etapa de la vida. Durante el per\u00edodo reproductivo de la mujer existen fases en las que el deseo ser\u00e1 m\u00e1s activo, especialmente durante la ovulaci\u00f3n, que generalmente ocurre 14 d\u00edas antes de la menstruaci\u00f3n. Despu\u00e9s de dar a luz, el deseo disminuye hasta que las hormonas vuelven a la normalidad. Durante la menopausia es inevitable una ca\u00edda del deseo sexual, ya que se produce una marcada disminuci\u00f3n en la producci\u00f3n de estr\u00f3genos y testosterona, las principales hormonas relacionadas con la libido.<\/p>\n<p>#chibolita #ultimate #sexpower #sextreme #afrodisiacos #woman<\/p>\n","protected":false},"excerpt":{"rendered":"<p>&nbsp; Ultimate Sex Power Women es un potente potenciador sexual femenino que contiene plantas utilizadas tradicionalmente por sus propiedades afrodis\u00edacas y vasodilatadoras. Ultimate Sex Power Women es un afrodis\u00edaco que estimula el apetito sexual y aumenta la libido. Mejora el rendimiento sexual y estimula la circulaci\u00f3n, haciendo los orgasmos m\u00e1s intensos. Beneficios: Estimula el \u00fatero, [&hellip;]<\/p>\n","protected":false},"featured_media":9225,"comment_status":"open","ping_status":"closed","template":"","meta":{"_eb_attr":"","site-sidebar-layout":"default","site-content-layout":"","ast-site-content-layout":"default","site-content-style":"default","site-sidebar-style":"default","ast-global-header-display":"","ast-banner-title-visibility":"","ast-main-header-display":"","ast-hfb-above-header-display":"","ast-hfb-below-header-display":"","ast-hfb-mobile-header-display":"","site-post-title":"","ast-breadcrumbs-content":"","ast-featured-img":"","footer-sml-layout":"","ast-disable-related-posts":"","theme-transparent-header-meta":"default","adv-header-id-meta":"","stick-header-meta":"","header-above-stick-meta":"","header-main-stick-meta":"","header-below-stick-meta":"","astra-migrate-meta-layouts":"set","ast-page-background-enabled":"default","ast-page-background-meta":{"desktop":{"background-color":"var(--ast-global-color-4)","background-image":"","background-repeat":"repeat","background-position":"center center","background-size":"auto","background-attachment":"scroll","background-type":"","background-media":"","overlay-type":"","overlay-color":"","overlay-opacity":"","overlay-gradient":""},"tablet":{"background-color":"","background-image":"","background-repeat":"repeat","background-position":"center center","background-size":"auto","background-attachment":"scroll","background-type":"","background-media":"","overlay-type":"","overlay-color":"","overlay-opacity":"","overlay-gradient":""},"mobile":{"background-color":"","background-image":"","background-repeat":"repeat","background-position":"center center","background-size":"auto","background-attachment":"scroll","background-type":"","background-media":"","overlay-type":"","overlay-color":"","overlay-opacity":"","overlay-gradient":""}},"ast-content-background-meta":{"desktop":{"background-color":"var(--ast-global-color-5)","background-image":"","background-repeat":"repeat","background-position":"center center","background-size":"auto","background-attachment":"scroll","background-type":"","background-media":"","overlay-type":"","overlay-color":"","overlay-opacity":"","overlay-gradient":""},"tablet":{"background-color":"var(--ast-global-color-5)","background-image":"","background-repeat":"repeat","background-position":"center center","background-size":"auto","background-attachment":"scroll","background-type":"","background-media":"","overlay-type":"","overlay-color":"","overlay-opacity":"","overlay-gradient":""},"mobile":{"background-color":"var(--ast-global-color-5)","background-image":"","background-repeat":"repeat","background-position":"center center","background-size":"auto","background-attachment":"scroll","background-type":"","background-media":"","overlay-type":"","overlay-color":"","overlay-opacity":"","overlay-gradient":""}}},"product_brand":[],"product_cat":[233,230,308],"product_tag":[],"class_list":{"0":"post-9224","1":"product","2":"type-product","3":"status-publish","4":"has-post-thumbnail","6":"product_cat-afrodisiacos-para-mujeres","7":"product_cat-farmacia","8":"product_cat-marca-ultimate-natura","9":"desktop-align-left","10":"tablet-align-left","11":"mobile-align-left","13":"first","14":"instock","15":"sale","16":"shipping-taxable","17":"purchasable","18":"product-type-simple"},"_links":{"self":[{"href":"https:\/\/chibolita.es\/index.php\/wp-json\/wp\/v2\/product\/9224","targetHints":{"allow":["GET"]}}],"collection":[{"href":"https:\/\/chibolita.es\/index.php\/wp-json\/wp\/v2\/product"}],"about":[{"href":"https:\/\/chibolita.es\/index.php\/wp-json\/wp\/v2\/types\/product"}],"replies":[{"embeddable":true,"href":"https:\/\/chibolita.es\/index.php\/wp-json\/wp\/v2\/comments?post=9224"}],"wp:featuredmedia":[{"embeddable":true,"href":"https:\/\/chibolita.es\/index.php\/wp-json\/wp\/v2\/media\/9225"}],"wp:attachment":[{"href":"https:\/\/chibolita.es\/index.php\/wp-json\/wp\/v2\/media?parent=9224"}],"wp:term":[{"taxonomy":"product_brand","embeddable":true,"href":"https:\/\/chibolita.es\/index.php\/wp-json\/wp\/v2\/product_brand?post=9224"},{"taxonomy":"product_cat","embeddable":true,"href":"https:\/\/chibolita.es\/index.php\/wp-json\/wp\/v2\/product_cat?post=9224"},{"taxonomy":"product_tag","embeddable":true,"href":"https:\/\/chibolita.es\/index.php\/wp-json\/wp\/v2\/product_tag?post=9224"}],"curies":[{"name":"wp","href":"https:\/\/api.w.org\/{rel}","templated":true}]}}