{"id":9220,"date":"2024-10-26T14:54:32","date_gmt":"2024-10-26T14:54:32","guid":{"rendered":"https:\/\/chibolita.es\/?post_type=product&#038;p=9220"},"modified":"2025-07-17T19:43:05","modified_gmt":"2025-07-17T19:43:05","slug":"sextreme-black-10-pastillas","status":"publish","type":"product","link":"https:\/\/chibolita.es\/index.php\/product\/sextreme-black-10-pastillas\/","title":{"rendered":"Sextreme black \u2013 10 Pastillas"},"content":{"rendered":"<p>&nbsp;<\/p>\n<p>Sextreme Black es el nuevo producto resistente al alcohol de la gama Ultimate, que proporciona resultados extraordinarios en tan solo unos minutos, permitiendo un fuerte estado de excitaci\u00f3n as\u00ed como un potente rendimiento sexual que puede durar 24 o 48 horas. El efecto se puede sentir en 30 minutos.<br \/>\n\u00bfC\u00f3mo tomar Sextreme Negro?<br \/>\nTomar 1 comprimido de 20 a 45 minutos antes de la actividad sexual.<br \/>\nNo tome m\u00e1s de una tableta en un per\u00edodo de 24 horas.<\/p>\n<p>Ingredientes principales de Sextreme Black:<br \/>\nL-arginina, magnesio, vitamina C, maca, ra\u00edz de ginseng, palma enana americana, fenogreco, selenio, \u00e1cido pontot\u00e9nico (B5), zinc, vitamina B12.<\/p>\n<p>Presupuesto:<br \/>\nUna caja de Sextreme Black contiene 10 comprimidos.<\/p>\n<p>Precauciones a tomar con Sextreme Black:<br \/>\nProducto destinado exclusivamente a adultos.<br \/>\nNo superar la dosis recomendada (1 comprimido\/24 horas).<br \/>\nLos complementos alimenticios no deben utilizarse como sustitutos de una dieta equilibrada.<br \/>\nMantener fuera del alcance de los ni\u00f1os.<\/p>\n<p>#chibolita #ultimate #sexpower #sextreme #afrodisiacos<\/p>\n","protected":false},"excerpt":{"rendered":"<p>&nbsp; Sextreme Black es el nuevo producto resistente al alcohol de la gama Ultimate, que proporciona resultados extraordinarios en tan solo unos minutos, permitiendo un fuerte estado de excitaci\u00f3n as\u00ed como un potente rendimiento sexual que puede durar 24 o 48 horas. El efecto se puede sentir en 30 minutos. \u00bfC\u00f3mo tomar Sextreme Negro? Tomar [&hellip;]<\/p>\n","protected":false},"featured_media":9221,"comment_status":"open","ping_status":"closed","template":"","meta":{"_eb_attr":"","site-sidebar-layout":"default","site-content-layout":"","ast-site-content-layout":"default","site-content-style":"default","site-sidebar-style":"default","ast-global-header-display":"","ast-banner-title-visibility":"","ast-main-header-display":"","ast-hfb-above-header-display":"","ast-hfb-below-header-display":"","ast-hfb-mobile-header-display":"","site-post-title":"","ast-breadcrumbs-content":"","ast-featured-img":"","footer-sml-layout":"","ast-disable-related-posts":"","theme-transparent-header-meta":"default","adv-header-id-meta":"","stick-header-meta":"","header-above-stick-meta":"","header-main-stick-meta":"","header-below-stick-meta":"","astra-migrate-meta-layouts":"set","ast-page-background-enabled":"default","ast-page-background-meta":{"desktop":{"background-color":"var(--ast-global-color-4)","background-image":"","background-repeat":"repeat","background-position":"center center","background-size":"auto","background-attachment":"scroll","background-type":"","background-media":"","overlay-type":"","overlay-color":"","overlay-opacity":"","overlay-gradient":""},"tablet":{"background-color":"","background-image":"","background-repeat":"repeat","background-position":"center center","background-size":"auto","background-attachment":"scroll","background-type":"","background-media":"","overlay-type":"","overlay-color":"","overlay-opacity":"","overlay-gradient":""},"mobile":{"background-color":"","background-image":"","background-repeat":"repeat","background-position":"center center","background-size":"auto","background-attachment":"scroll","background-type":"","background-media":"","overlay-type":"","overlay-color":"","overlay-opacity":"","overlay-gradient":""}},"ast-content-background-meta":{"desktop":{"background-color":"var(--ast-global-color-5)","background-image":"","background-repeat":"repeat","background-position":"center center","background-size":"auto","background-attachment":"scroll","background-type":"","background-media":"","overlay-type":"","overlay-color":"","overlay-opacity":"","overlay-gradient":""},"tablet":{"background-color":"var(--ast-global-color-5)","background-image":"","background-repeat":"repeat","background-position":"center center","background-size":"auto","background-attachment":"scroll","background-type":"","background-media":"","overlay-type":"","overlay-color":"","overlay-opacity":"","overlay-gradient":""},"mobile":{"background-color":"var(--ast-global-color-5)","background-image":"","background-repeat":"repeat","background-position":"center center","background-size":"auto","background-attachment":"scroll","background-type":"","background-media":"","overlay-type":"","overlay-color":"","overlay-opacity":"","overlay-gradient":""}}},"product_brand":[],"product_cat":[230,308,302,238],"product_tag":[],"class_list":{"0":"post-9220","1":"product","2":"type-product","3":"status-publish","4":"has-post-thumbnail","6":"product_cat-farmacia","7":"product_cat-marca-ultimate-natura","8":"product_cat-marca-sextreme","9":"product_cat-todos-los-afrodisiacos-para-hombres","10":"desktop-align-left","11":"tablet-align-left","12":"mobile-align-left","14":"first","15":"instock","16":"sale","17":"shipping-taxable","18":"purchasable","19":"product-type-simple"},"_links":{"self":[{"href":"https:\/\/chibolita.es\/index.php\/wp-json\/wp\/v2\/product\/9220","targetHints":{"allow":["GET"]}}],"collection":[{"href":"https:\/\/chibolita.es\/index.php\/wp-json\/wp\/v2\/product"}],"about":[{"href":"https:\/\/chibolita.es\/index.php\/wp-json\/wp\/v2\/types\/product"}],"replies":[{"embeddable":true,"href":"https:\/\/chibolita.es\/index.php\/wp-json\/wp\/v2\/comments?post=9220"}],"wp:featuredmedia":[{"embeddable":true,"href":"https:\/\/chibolita.es\/index.php\/wp-json\/wp\/v2\/media\/9221"}],"wp:attachment":[{"href":"https:\/\/chibolita.es\/index.php\/wp-json\/wp\/v2\/media?parent=9220"}],"wp:term":[{"taxonomy":"product_brand","embeddable":true,"href":"https:\/\/chibolita.es\/index.php\/wp-json\/wp\/v2\/product_brand?post=9220"},{"taxonomy":"product_cat","embeddable":true,"href":"https:\/\/chibolita.es\/index.php\/wp-json\/wp\/v2\/product_cat?post=9220"},{"taxonomy":"product_tag","embeddable":true,"href":"https:\/\/chibolita.es\/index.php\/wp-json\/wp\/v2\/product_tag?post=9220"}],"curies":[{"name":"wp","href":"https:\/\/api.w.org\/{rel}","templated":true}]}}