{"id":9216,"date":"2024-10-26T14:43:13","date_gmt":"2024-10-26T14:43:13","guid":{"rendered":"https:\/\/chibolita.es\/?post_type=product&#038;p=9216"},"modified":"2025-07-17T19:44:25","modified_gmt":"2025-07-17T19:44:25","slug":"sextreme-delay-10-pastillas","status":"publish","type":"product","link":"https:\/\/chibolita.es\/index.php\/product\/sextreme-delay-10-pastillas\/","title":{"rendered":"SexTreme Delay- 10 Pastillas"},"content":{"rendered":"<p>&nbsp;<\/p>\n<p>Sextreme Delay es una mejora sexual masculina 100% natural que retrasa la eyaculaci\u00f3n y simult\u00e1neamente crea una erecci\u00f3n fuerte.<br \/>\nAumenta sustancialmente el tiempo hasta la eyaculaci\u00f3n. Y cr\u00e9eme, \u00a1dura, dura!<\/p>\n<p>El retraso es un poderoso afrodis\u00edaco sexual, que te aporta, hombre, m\u00e1s vigor para que puedas mantener tu erecci\u00f3n as\u00ed como tu virilidad. En l\u00edneas generales, este complemento mejora tus momentos m\u00e1s \u00edntimos.<\/p>\n<p>Beneficios:<\/p>\n<p>Prolonga el tiempo de las relaciones sexuales;<br \/>\nRetrasa la eyaculaci\u00f3n;<br \/>\nPreviene la eyaculaci\u00f3n precoz;<br \/>\nPromueve erecciones duras como una roca;<br \/>\nEs un producto natural testado y sin efectos adversos;<br \/>\nResistente a los efectos del alcohol.<br \/>\nSexTreme Delay Force est\u00e1 disponible en paquetes de 10 comprimidos.<\/p>\n<p>indicaciones de consumo:<\/p>\n<p>Consumir 1 comprimido, preferiblemente en ayunas, de 45 a 60 minutos antes de la actividad sexual. Sin embargo, no se debe exceder la dosis recomendada (1 comprimido\/24 horas).<br \/>\nEl efecto se puede sentir hasta 2 d\u00edas despu\u00e9s de ingerirlo.<\/p>\n<p>Composici\u00f3n:<\/p>\n<p>Celulosa microcristalina (agente espesante), Fosfatos de calcio, Extracto de maca (Lepidium meyenii), Antiaglomerante (sales magn\u00e9sicas de \u00e1cidos grasos).<\/p>\n<p>\u00bfC\u00f3mo funcionan los potenciadores masculinos?<br \/>\nEl funcionamiento es sencillo. Estos productos naturales aumentan los niveles de \u00f3xido n\u00edtrico en el cuerpo, provocando que los vasos sangu\u00edneos del pene se dilaten y, en definitiva, aumentando el nivel de riego sangu\u00edneo de la zona. Sin embargo, la erecci\u00f3n se produce despu\u00e9s de alg\u00fan tipo de est\u00edmulo sexual.<\/p>\n<p>Los estimulantes sexuales existen para ser utilizados y proporcionar mayor bienestar a quien los utiliza, y contribuir a un mejor desempe\u00f1o en la relaci\u00f3n de pareja y aumentar la autoestima del hombre.<\/p>\n<p>#chibolita #ultimate #sexpower #sextreme #afrodisiacos<\/p>\n","protected":false},"excerpt":{"rendered":"<p>&nbsp; Sextreme Delay es una mejora sexual masculina 100% natural que retrasa la eyaculaci\u00f3n y simult\u00e1neamente crea una erecci\u00f3n fuerte. Aumenta sustancialmente el tiempo hasta la eyaculaci\u00f3n. Y cr\u00e9eme, \u00a1dura, dura! El retraso es un poderoso afrodis\u00edaco sexual, que te aporta, hombre, m\u00e1s vigor para que puedas mantener tu erecci\u00f3n as\u00ed como tu virilidad. En [&hellip;]<\/p>\n","protected":false},"featured_media":9217,"comment_status":"open","ping_status":"closed","template":"","meta":{"_eb_attr":"","site-sidebar-layout":"default","site-content-layout":"","ast-site-content-layout":"default","site-content-style":"default","site-sidebar-style":"default","ast-global-header-display":"","ast-banner-title-visibility":"","ast-main-header-display":"","ast-hfb-above-header-display":"","ast-hfb-below-header-display":"","ast-hfb-mobile-header-display":"","site-post-title":"","ast-breadcrumbs-content":"","ast-featured-img":"","footer-sml-layout":"","ast-disable-related-posts":"","theme-transparent-header-meta":"default","adv-header-id-meta":"","stick-header-meta":"","header-above-stick-meta":"","header-main-stick-meta":"","header-below-stick-meta":"","astra-migrate-meta-layouts":"set","ast-page-background-enabled":"default","ast-page-background-meta":{"desktop":{"background-color":"var(--ast-global-color-4)","background-image":"","background-repeat":"repeat","background-position":"center center","background-size":"auto","background-attachment":"scroll","background-type":"","background-media":"","overlay-type":"","overlay-color":"","overlay-opacity":"","overlay-gradient":""},"tablet":{"background-color":"","background-image":"","background-repeat":"repeat","background-position":"center center","background-size":"auto","background-attachment":"scroll","background-type":"","background-media":"","overlay-type":"","overlay-color":"","overlay-opacity":"","overlay-gradient":""},"mobile":{"background-color":"","background-image":"","background-repeat":"repeat","background-position":"center center","background-size":"auto","background-attachment":"scroll","background-type":"","background-media":"","overlay-type":"","overlay-color":"","overlay-opacity":"","overlay-gradient":""}},"ast-content-background-meta":{"desktop":{"background-color":"var(--ast-global-color-5)","background-image":"","background-repeat":"repeat","background-position":"center center","background-size":"auto","background-attachment":"scroll","background-type":"","background-media":"","overlay-type":"","overlay-color":"","overlay-opacity":"","overlay-gradient":""},"tablet":{"background-color":"var(--ast-global-color-5)","background-image":"","background-repeat":"repeat","background-position":"center center","background-size":"auto","background-attachment":"scroll","background-type":"","background-media":"","overlay-type":"","overlay-color":"","overlay-opacity":"","overlay-gradient":""},"mobile":{"background-color":"var(--ast-global-color-5)","background-image":"","background-repeat":"repeat","background-position":"center center","background-size":"auto","background-attachment":"scroll","background-type":"","background-media":"","overlay-type":"","overlay-color":"","overlay-opacity":"","overlay-gradient":""}}},"product_brand":[],"product_cat":[230,308,302,236,238],"product_tag":[],"class_list":{"0":"post-9216","1":"product","2":"type-product","3":"status-publish","4":"has-post-thumbnail","6":"product_cat-farmacia","7":"product_cat-marca-ultimate-natura","8":"product_cat-marca-sextreme","9":"product_cat-retardantes","10":"product_cat-todos-los-afrodisiacos-para-hombres","11":"desktop-align-left","12":"tablet-align-left","13":"mobile-align-left","15":"first","16":"instock","17":"sale","18":"shipping-taxable","19":"purchasable","20":"product-type-simple"},"_links":{"self":[{"href":"https:\/\/chibolita.es\/index.php\/wp-json\/wp\/v2\/product\/9216","targetHints":{"allow":["GET"]}}],"collection":[{"href":"https:\/\/chibolita.es\/index.php\/wp-json\/wp\/v2\/product"}],"about":[{"href":"https:\/\/chibolita.es\/index.php\/wp-json\/wp\/v2\/types\/product"}],"replies":[{"embeddable":true,"href":"https:\/\/chibolita.es\/index.php\/wp-json\/wp\/v2\/comments?post=9216"}],"wp:featuredmedia":[{"embeddable":true,"href":"https:\/\/chibolita.es\/index.php\/wp-json\/wp\/v2\/media\/9217"}],"wp:attachment":[{"href":"https:\/\/chibolita.es\/index.php\/wp-json\/wp\/v2\/media?parent=9216"}],"wp:term":[{"taxonomy":"product_brand","embeddable":true,"href":"https:\/\/chibolita.es\/index.php\/wp-json\/wp\/v2\/product_brand?post=9216"},{"taxonomy":"product_cat","embeddable":true,"href":"https:\/\/chibolita.es\/index.php\/wp-json\/wp\/v2\/product_cat?post=9216"},{"taxonomy":"product_tag","embeddable":true,"href":"https:\/\/chibolita.es\/index.php\/wp-json\/wp\/v2\/product_tag?post=9216"}],"curies":[{"name":"wp","href":"https:\/\/api.w.org\/{rel}","templated":true}]}}