{"id":9214,"date":"2024-10-26T14:41:10","date_gmt":"2024-10-26T14:41:10","guid":{"rendered":"https:\/\/chibolita.es\/?post_type=product&#038;p=9214"},"modified":"2026-03-26T10:27:35","modified_gmt":"2026-03-26T10:27:35","slug":"sextreme-gold-force-10-pastillas","status":"publish","type":"product","link":"https:\/\/chibolita.es\/index.php\/product\/sextreme-gold-force-10-pastillas\/","title":{"rendered":"SexTreme Gold Force &#8211; 10 Pastillas"},"content":{"rendered":"<p>SexTreme Golden Force Afrodis\u00edaco y Potenciador para hombres<\/p>\n<p>SexTreme Golden Force es un complemento natural de acci\u00f3n prolongada y puede durar hasta 72 horas siempre que exista un est\u00edmulo externo. Golden Force ayuda a mejorar la condici\u00f3n f\u00edsica y el rendimiento sexual, ya que es un suplemento masculino natural extremadamente potente estudiado para mejorar la salud sexual y la vitalidad de los hombres.<\/p>\n<p>Es muy popular entre deportistas en fases de mayor cansancio y agotamiento f\u00edsico, mejorando el rendimiento f\u00edsico y la erecci\u00f3n. Tambi\u00e9n permite que los hombres que padecen disfunci\u00f3n er\u00e9ctil respondan satisfactoriamente a la estimulaci\u00f3n sexual.<\/p>\n<p>Principales beneficios:<br \/>\n\u2013 Aumenta el deseo sexual<br \/>\n\u2013 Erecciones r\u00edgidas y prolongadas<br \/>\n\u2013 Ideal para tratar la disfunci\u00f3n er\u00e9ctil<br \/>\n\u2013 Mejora la condici\u00f3n f\u00edsica y el rendimiento sexual<br \/>\n\u2013 Aumenta los niveles de testosterona<br \/>\n\u2013 Mejora la calidad y consistencia de la erecci\u00f3n.<br \/>\n\u2013 Aumenta la estimulaci\u00f3n sexual y la confianza.<\/p>\n<p>SexTreme Golden Force est\u00e1 disponible en envases de 10 comprimidos.<\/p>\n<p>Indicaciones de consumo:<\/p>\n<p>Consumir 1 comprimido, preferiblemente en ayunas, de 45 a 60 minutos antes de la actividad sexual.<br \/>\nSin embargo, no exceda la dosis recomendada (1 comprimido\/24 horas), en definitiva el efecto se puede sentir hasta 3 d\u00edas despu\u00e9s de ingerirlo.<\/p>\n<p>Composici\u00f3n:<\/p>\n<p>Sales magn\u00e9sicas de \u00e1cido c\u00edtrico (citrato de magnesio) \u2013 magnesio, agente de carga \u2013 celulosa microcristalina, extracto de ra\u00edz de ashwagandha KSM-66 (Withania somnifera L.), bisglicinato de zinc \u2013 zinc, agentes de recubrimiento \u2013 alcohol polivin\u00edlico (PVA), polietilenglicol, talco, silicato de potasio y aluminio, monooleato de polioxieleno sorbit\u00e1n; selenato de sodio (IV) \u2013 selenio, aglutinante \u2013 sales magn\u00e9sicas de \u00e1cidos grasos, clorhidrato de piridoxina \u2013 vitamina B6, pigmentos \u2013 di\u00f3xido de tanio, \u00f3xidos e hidr\u00f3xidos de hierro.<\/p>\n<p>\u00bfC\u00f3mo funcionan los potenciadores masculinos?<br \/>\nEl funcionamiento es sencillo. Estos productos naturales aumentan los niveles de \u00f3xido n\u00edtrico en el cuerpo, provocando que los vasos sangu\u00edneos del pene se dilaten y, en definitiva, aumentando el nivel de riego sangu\u00edneo de la zona. Sin embargo, la erecci\u00f3n se produce despu\u00e9s de alg\u00fan tipo de est\u00edmulo sexual.<\/p>\n<p>Los estimulantes sexuales existen para ser utilizados y proporcionar mayor bienestar a quien los utiliza, y contribuir a un mejor desempe\u00f1o en la relaci\u00f3n de pareja y aumentar la autoestima del hombre.<\/p>\n<p>#chibolita #ultimate #sexpower #sextreme #afrodisiacos<\/p>\n","protected":false},"excerpt":{"rendered":"<p>SexTreme Golden Force Afrodis\u00edaco y Potenciador para hombres SexTreme Golden Force es un complemento natural de acci\u00f3n prolongada y puede durar hasta 72 horas siempre que exista un est\u00edmulo externo. Golden Force ayuda a mejorar la condici\u00f3n f\u00edsica y el rendimiento sexual, ya que es un suplemento masculino natural extremadamente potente estudiado para mejorar la [&hellip;]<\/p>\n","protected":false},"featured_media":9215,"comment_status":"open","ping_status":"closed","template":"","meta":{"_eb_attr":"","site-sidebar-layout":"default","site-content-layout":"","ast-site-content-layout":"default","site-content-style":"default","site-sidebar-style":"default","ast-global-header-display":"","ast-banner-title-visibility":"","ast-main-header-display":"","ast-hfb-above-header-display":"","ast-hfb-below-header-display":"","ast-hfb-mobile-header-display":"","site-post-title":"","ast-breadcrumbs-content":"","ast-featured-img":"","footer-sml-layout":"","ast-disable-related-posts":"","theme-transparent-header-meta":"default","adv-header-id-meta":"","stick-header-meta":"","header-above-stick-meta":"","header-main-stick-meta":"","header-below-stick-meta":"","astra-migrate-meta-layouts":"set","ast-page-background-enabled":"default","ast-page-background-meta":{"desktop":{"background-color":"var(--ast-global-color-4)","background-image":"","background-repeat":"repeat","background-position":"center center","background-size":"auto","background-attachment":"scroll","background-type":"","background-media":"","overlay-type":"","overlay-color":"","overlay-opacity":"","overlay-gradient":""},"tablet":{"background-color":"","background-image":"","background-repeat":"repeat","background-position":"center center","background-size":"auto","background-attachment":"scroll","background-type":"","background-media":"","overlay-type":"","overlay-color":"","overlay-opacity":"","overlay-gradient":""},"mobile":{"background-color":"","background-image":"","background-repeat":"repeat","background-position":"center center","background-size":"auto","background-attachment":"scroll","background-type":"","background-media":"","overlay-type":"","overlay-color":"","overlay-opacity":"","overlay-gradient":""}},"ast-content-background-meta":{"desktop":{"background-color":"var(--ast-global-color-5)","background-image":"","background-repeat":"repeat","background-position":"center center","background-size":"auto","background-attachment":"scroll","background-type":"","background-media":"","overlay-type":"","overlay-color":"","overlay-opacity":"","overlay-gradient":""},"tablet":{"background-color":"var(--ast-global-color-5)","background-image":"","background-repeat":"repeat","background-position":"center center","background-size":"auto","background-attachment":"scroll","background-type":"","background-media":"","overlay-type":"","overlay-color":"","overlay-opacity":"","overlay-gradient":""},"mobile":{"background-color":"var(--ast-global-color-5)","background-image":"","background-repeat":"repeat","background-position":"center center","background-size":"auto","background-attachment":"scroll","background-type":"","background-media":"","overlay-type":"","overlay-color":"","overlay-opacity":"","overlay-gradient":""}}},"product_brand":[],"product_cat":[230,308,302,238],"product_tag":[],"class_list":{"0":"post-9214","1":"product","2":"type-product","3":"status-publish","4":"has-post-thumbnail","6":"product_cat-farmacia","7":"product_cat-marca-ultimate-natura","8":"product_cat-marca-sextreme","9":"product_cat-todos-los-afrodisiacos-para-hombres","10":"desktop-align-left","11":"tablet-align-left","12":"mobile-align-left","14":"first","15":"outofstock","16":"sale","17":"shipping-taxable","18":"purchasable","19":"product-type-simple"},"_links":{"self":[{"href":"https:\/\/chibolita.es\/index.php\/wp-json\/wp\/v2\/product\/9214","targetHints":{"allow":["GET"]}}],"collection":[{"href":"https:\/\/chibolita.es\/index.php\/wp-json\/wp\/v2\/product"}],"about":[{"href":"https:\/\/chibolita.es\/index.php\/wp-json\/wp\/v2\/types\/product"}],"replies":[{"embeddable":true,"href":"https:\/\/chibolita.es\/index.php\/wp-json\/wp\/v2\/comments?post=9214"}],"wp:featuredmedia":[{"embeddable":true,"href":"https:\/\/chibolita.es\/index.php\/wp-json\/wp\/v2\/media\/9215"}],"wp:attachment":[{"href":"https:\/\/chibolita.es\/index.php\/wp-json\/wp\/v2\/media?parent=9214"}],"wp:term":[{"taxonomy":"product_brand","embeddable":true,"href":"https:\/\/chibolita.es\/index.php\/wp-json\/wp\/v2\/product_brand?post=9214"},{"taxonomy":"product_cat","embeddable":true,"href":"https:\/\/chibolita.es\/index.php\/wp-json\/wp\/v2\/product_cat?post=9214"},{"taxonomy":"product_tag","embeddable":true,"href":"https:\/\/chibolita.es\/index.php\/wp-json\/wp\/v2\/product_tag?post=9214"}],"curies":[{"name":"wp","href":"https:\/\/api.w.org\/{rel}","templated":true}]}}