{"id":9212,"date":"2024-10-26T14:38:04","date_gmt":"2024-10-26T14:38:04","guid":{"rendered":"https:\/\/chibolita.es\/?post_type=product&#038;p=9212"},"modified":"2024-10-26T14:40:13","modified_gmt":"2024-10-26T14:40:13","slug":"ultra-caps-golden-10-pastillas","status":"publish","type":"product","link":"https:\/\/chibolita.es\/index.php\/product\/ultra-caps-golden-10-pastillas\/","title":{"rendered":"Ultra Caps Golden &#8211; 10 Pastillas"},"content":{"rendered":"<p>Ultra Caps Golden es un tipo de potenciador del que no necesitas esperar semanas o meses para sentir los efectos en tu organismo. S\u00f3lo necesitar\u00e1s unos minutos para sentir su efecto revitalizante.<\/p>\n<p>Ultra Caps Golden es un potenciador masculino que aumenta r\u00e1pidamente la capacidad sexual, ya que contiene ingredientes de alta calidad que ayudan a aumentar el flujo sangu\u00edneo al pene.<\/p>\n<p>Beneficios:<\/p>\n<p>Promueve erecciones duras;<br \/>\nAyuda a aumentar el tama\u00f1o del pene;<br \/>\nEfecto retardante;<br \/>\nPreviene la eyaculaci\u00f3n precoz;<br \/>\nResistente a los efectos del alcohol.<br \/>\nUltra Caps est\u00e1 disponible en envases de 10 c\u00e1psulas.<\/p>\n<p>Ultra Caps Golden es un tipo de potenciador del que no necesitas esperar semanas o meses para sentir los efectos en tu organismo. S\u00f3lo necesitar\u00e1s unos minutos para sentir su efecto revitalizante.<\/p>\n<p>Ultra Caps Golden es un potenciador masculino que aumenta r\u00e1pidamente la capacidad sexual, ya que contiene ingredientes de alta calidad que ayudan a aumentar el flujo sangu\u00edneo al pene.<\/p>\n<p>Beneficios:<\/p>\n<p>Promueve erecciones duras;<br \/>\nAyuda a aumentar el tama\u00f1o del pene;<br \/>\nEfecto retardante;<br \/>\nPreviene la eyaculaci\u00f3n precoz;<br \/>\nResistente a los efectos del alcohol.<br \/>\nUltra Caps est\u00e1 disponible en envases de 10 c\u00e1psulas.<\/p>\n<p>#chibolita #ultimate #sexpower #sextreme #afrodisiacos<\/p>\n","protected":false},"excerpt":{"rendered":"<p>Ultra Caps Golden es un tipo de potenciador del que no necesitas esperar semanas o meses para sentir los efectos en tu organismo. S\u00f3lo necesitar\u00e1s unos minutos para sentir su efecto revitalizante. Ultra Caps Golden es un potenciador masculino que aumenta r\u00e1pidamente la capacidad sexual, ya que contiene ingredientes de alta calidad que ayudan a [&hellip;]<\/p>\n","protected":false},"featured_media":9213,"comment_status":"open","ping_status":"closed","template":"","meta":{"_eb_attr":"","site-sidebar-layout":"default","site-content-layout":"","ast-site-content-layout":"default","site-content-style":"default","site-sidebar-style":"default","ast-global-header-display":"","ast-banner-title-visibility":"","ast-main-header-display":"","ast-hfb-above-header-display":"","ast-hfb-below-header-display":"","ast-hfb-mobile-header-display":"","site-post-title":"","ast-breadcrumbs-content":"","ast-featured-img":"","footer-sml-layout":"","ast-disable-related-posts":"","theme-transparent-header-meta":"default","adv-header-id-meta":"","stick-header-meta":"","header-above-stick-meta":"","header-main-stick-meta":"","header-below-stick-meta":"","astra-migrate-meta-layouts":"set","ast-page-background-enabled":"default","ast-page-background-meta":{"desktop":{"background-color":"var(--ast-global-color-4)","background-image":"","background-repeat":"repeat","background-position":"center center","background-size":"auto","background-attachment":"scroll","background-type":"","background-media":"","overlay-type":"","overlay-color":"","overlay-opacity":"","overlay-gradient":""},"tablet":{"background-color":"","background-image":"","background-repeat":"repeat","background-position":"center center","background-size":"auto","background-attachment":"scroll","background-type":"","background-media":"","overlay-type":"","overlay-color":"","overlay-opacity":"","overlay-gradient":""},"mobile":{"background-color":"","background-image":"","background-repeat":"repeat","background-position":"center center","background-size":"auto","background-attachment":"scroll","background-type":"","background-media":"","overlay-type":"","overlay-color":"","overlay-opacity":"","overlay-gradient":""}},"ast-content-background-meta":{"desktop":{"background-color":"var(--ast-global-color-5)","background-image":"","background-repeat":"repeat","background-position":"center center","background-size":"auto","background-attachment":"scroll","background-type":"","background-media":"","overlay-type":"","overlay-color":"","overlay-opacity":"","overlay-gradient":""},"tablet":{"background-color":"var(--ast-global-color-5)","background-image":"","background-repeat":"repeat","background-position":"center center","background-size":"auto","background-attachment":"scroll","background-type":"","background-media":"","overlay-type":"","overlay-color":"","overlay-opacity":"","overlay-gradient":""},"mobile":{"background-color":"var(--ast-global-color-5)","background-image":"","background-repeat":"repeat","background-position":"center center","background-size":"auto","background-attachment":"scroll","background-type":"","background-media":"","overlay-type":"","overlay-color":"","overlay-opacity":"","overlay-gradient":""}}},"product_brand":[],"product_cat":[230,308,238],"product_tag":[],"class_list":{"0":"post-9212","1":"product","2":"type-product","3":"status-publish","4":"has-post-thumbnail","6":"product_cat-farmacia","7":"product_cat-marca-ultimate-natura","8":"product_cat-todos-los-afrodisiacos-para-hombres","9":"desktop-align-left","10":"tablet-align-left","11":"mobile-align-left","13":"first","14":"instock","15":"sale","16":"shipping-taxable","17":"purchasable","18":"product-type-simple"},"_links":{"self":[{"href":"https:\/\/chibolita.es\/index.php\/wp-json\/wp\/v2\/product\/9212","targetHints":{"allow":["GET"]}}],"collection":[{"href":"https:\/\/chibolita.es\/index.php\/wp-json\/wp\/v2\/product"}],"about":[{"href":"https:\/\/chibolita.es\/index.php\/wp-json\/wp\/v2\/types\/product"}],"replies":[{"embeddable":true,"href":"https:\/\/chibolita.es\/index.php\/wp-json\/wp\/v2\/comments?post=9212"}],"wp:featuredmedia":[{"embeddable":true,"href":"https:\/\/chibolita.es\/index.php\/wp-json\/wp\/v2\/media\/9213"}],"wp:attachment":[{"href":"https:\/\/chibolita.es\/index.php\/wp-json\/wp\/v2\/media?parent=9212"}],"wp:term":[{"taxonomy":"product_brand","embeddable":true,"href":"https:\/\/chibolita.es\/index.php\/wp-json\/wp\/v2\/product_brand?post=9212"},{"taxonomy":"product_cat","embeddable":true,"href":"https:\/\/chibolita.es\/index.php\/wp-json\/wp\/v2\/product_cat?post=9212"},{"taxonomy":"product_tag","embeddable":true,"href":"https:\/\/chibolita.es\/index.php\/wp-json\/wp\/v2\/product_tag?post=9212"}],"curies":[{"name":"wp","href":"https:\/\/api.w.org\/{rel}","templated":true}]}}