{"id":9208,"date":"2024-10-26T14:30:51","date_gmt":"2024-10-26T14:30:51","guid":{"rendered":"https:\/\/chibolita.es\/?post_type=product&#038;p=9208"},"modified":"2024-10-26T14:32:08","modified_gmt":"2024-10-26T14:32:08","slug":"ultimate-sex-power-blue-10-pastillas","status":"publish","type":"product","link":"https:\/\/chibolita.es\/index.php\/product\/ultimate-sex-power-blue-10-pastillas\/","title":{"rendered":"Ultimate Sex Power Blue \u2013 10 pastillas"},"content":{"rendered":"<p>\u00bfQu\u00e9 es Ultimate Sex Power Blue y para qu\u00e9 se utiliza?<\/p>\n<p>Ultimate Sex Power Blue es un tratamiento de erecci\u00f3n para hombres adultos que sufren de disfunci\u00f3n er\u00e9ctil, una condici\u00f3n tambi\u00e9n conocida como impotencia.<\/p>\n<p>Tomado antes de la actividad sexual, Ultimate Sex Power Blue permite al hombre lograr y mantener una erecci\u00f3n durante las relaciones sexuales, permitiendo un mayor flujo sangu\u00edneo al pene.<\/p>\n<p>\u00bfC\u00f3mo puedo tomar Ultimate Sex Power Blue?<\/p>\n<p>Debes tomar de media a una tableta de Ultimate Sex Power Blue con agua aproximadamente media hora antes de la actividad sexual prevista.<\/p>\n<p>No tome m\u00e1s de una pastilla en 24 horas.<\/p>\n<p>\u00bfCu\u00e1nto tiempo tarda en hacer efecto Ultimate Sex Power Blue?<\/p>\n<p>Despu\u00e9s de tomar la p\u00edldora, los efectos pueden tardar entre 30 y 60 minutos en activarse en el cuerpo.<\/p>\n<p>Es importante resaltar que la estimulaci\u00f3n sexual es necesaria para que el tratamiento sea efectivo.<\/p>\n<p>Ultimate Sex Power Blue se puede tomar con o sin alimentos, pero los alimentos pueden retrasar el inicio de la actividad, por lo que puede tardar un poco m\u00e1s en surtir efecto.<\/p>\n<p>\u00bfCu\u00e1nto tiempo permanece activo Ultimate Sex Power Blue en el cuerpo?<\/p>\n<p>Ultimate Sex Power Blue permanece en el cuerpo hasta por 72 horas.<\/p>\n<p>Esto no significa que los consumidores tendr\u00e1n una erecci\u00f3n durante 72 horas continuas, pero los ingredientes de este suplemento diet\u00e9tico permanecen activos en el cuerpo y, por lo tanto, mientras exista estimulaci\u00f3n sexual, el pene estar\u00e1 listo para mantener una erecci\u00f3n para las relaciones sexuales. relaciones.<\/p>\n<p>Ingredientes principales de Ultimate Sex Power Blue:<\/p>\n<p>L-arginina, magnesio, vitamina C, maca, ra\u00edz de ginseng, palma enana americana, fenogreco, selenio, \u00e1cido pontot\u00e9nico (B5), zinc, vitamina B12.<\/p>\n<p>Especificaciones de Ultimate Sex Power Blue:<\/p>\n<p>Una caja de Ultimate Sex Power Blue contiene 10 comprimidos.<\/p>\n<p>\u00bfPuedo tomar Ultimate Sex Power Blue con alcohol?<\/p>\n<p>El consumo de alcohol puede afectar temporalmente la capacidad de conseguir una erecci\u00f3n fuerte; el consumo cr\u00f3nico de alcohol es una de las causas de la disfunci\u00f3n er\u00e9ctil a largo plazo.<\/p>\n<p>Aunque Ultimate Sex Power Blue es seguro cuando se bebe alcohol con moderaci\u00f3n, el consumo excesivo de alcohol puede disminuir la probabilidad de lograr una erecci\u00f3n.<\/p>\n<p>Para obtener el efecto completo, evite beber grandes cantidades de alcohol antes de la actividad sexual prevista.<\/p>\n<p>\u00bfCu\u00e1ndo es el mejor momento para tomar Ultimate Sex Power Blue?<\/p>\n<p>Para aprovechar al m\u00e1ximo Ultimate Sex Power Blue, debe tomarlo aproximadamente de 30 a 60 minutos antes de la actividad sexual planificada.<\/p>\n<p>Una comida copiosa o rica en grasas puede retrasar el efecto del producto, por lo que para un inicio m\u00e1s r\u00e1pido de la actividad se debe tomar el medicamento con el est\u00f3mago vac\u00edo.<\/p>\n<p>#chibolita #ultimate #sexpower #sextreme #afrodisiacos<\/p>\n","protected":false},"excerpt":{"rendered":"<p>\u00bfQu\u00e9 es Ultimate Sex Power Blue y para qu\u00e9 se utiliza? Ultimate Sex Power Blue es un tratamiento de erecci\u00f3n para hombres adultos que sufren de disfunci\u00f3n er\u00e9ctil, una condici\u00f3n tambi\u00e9n conocida como impotencia. Tomado antes de la actividad sexual, Ultimate Sex Power Blue permite al hombre lograr y mantener una erecci\u00f3n durante las relaciones [&hellip;]<\/p>\n","protected":false},"featured_media":9209,"comment_status":"open","ping_status":"closed","template":"","meta":{"_eb_attr":"","site-sidebar-layout":"default","site-content-layout":"","ast-site-content-layout":"default","site-content-style":"default","site-sidebar-style":"default","ast-global-header-display":"","ast-banner-title-visibility":"","ast-main-header-display":"","ast-hfb-above-header-display":"","ast-hfb-below-header-display":"","ast-hfb-mobile-header-display":"","site-post-title":"","ast-breadcrumbs-content":"","ast-featured-img":"","footer-sml-layout":"","ast-disable-related-posts":"","theme-transparent-header-meta":"default","adv-header-id-meta":"","stick-header-meta":"","header-above-stick-meta":"","header-main-stick-meta":"","header-below-stick-meta":"","astra-migrate-meta-layouts":"set","ast-page-background-enabled":"default","ast-page-background-meta":{"desktop":{"background-color":"var(--ast-global-color-4)","background-image":"","background-repeat":"repeat","background-position":"center center","background-size":"auto","background-attachment":"scroll","background-type":"","background-media":"","overlay-type":"","overlay-color":"","overlay-opacity":"","overlay-gradient":""},"tablet":{"background-color":"","background-image":"","background-repeat":"repeat","background-position":"center center","background-size":"auto","background-attachment":"scroll","background-type":"","background-media":"","overlay-type":"","overlay-color":"","overlay-opacity":"","overlay-gradient":""},"mobile":{"background-color":"","background-image":"","background-repeat":"repeat","background-position":"center center","background-size":"auto","background-attachment":"scroll","background-type":"","background-media":"","overlay-type":"","overlay-color":"","overlay-opacity":"","overlay-gradient":""}},"ast-content-background-meta":{"desktop":{"background-color":"var(--ast-global-color-5)","background-image":"","background-repeat":"repeat","background-position":"center center","background-size":"auto","background-attachment":"scroll","background-type":"","background-media":"","overlay-type":"","overlay-color":"","overlay-opacity":"","overlay-gradient":""},"tablet":{"background-color":"var(--ast-global-color-5)","background-image":"","background-repeat":"repeat","background-position":"center center","background-size":"auto","background-attachment":"scroll","background-type":"","background-media":"","overlay-type":"","overlay-color":"","overlay-opacity":"","overlay-gradient":""},"mobile":{"background-color":"var(--ast-global-color-5)","background-image":"","background-repeat":"repeat","background-position":"center center","background-size":"auto","background-attachment":"scroll","background-type":"","background-media":"","overlay-type":"","overlay-color":"","overlay-opacity":"","overlay-gradient":""}}},"product_brand":[],"product_cat":[230,308,238],"product_tag":[],"class_list":{"0":"post-9208","1":"product","2":"type-product","3":"status-publish","4":"has-post-thumbnail","6":"product_cat-farmacia","7":"product_cat-marca-ultimate-natura","8":"product_cat-todos-los-afrodisiacos-para-hombres","9":"desktop-align-left","10":"tablet-align-left","11":"mobile-align-left","13":"first","14":"instock","15":"sale","16":"shipping-taxable","17":"purchasable","18":"product-type-simple"},"_links":{"self":[{"href":"https:\/\/chibolita.es\/index.php\/wp-json\/wp\/v2\/product\/9208","targetHints":{"allow":["GET"]}}],"collection":[{"href":"https:\/\/chibolita.es\/index.php\/wp-json\/wp\/v2\/product"}],"about":[{"href":"https:\/\/chibolita.es\/index.php\/wp-json\/wp\/v2\/types\/product"}],"replies":[{"embeddable":true,"href":"https:\/\/chibolita.es\/index.php\/wp-json\/wp\/v2\/comments?post=9208"}],"wp:featuredmedia":[{"embeddable":true,"href":"https:\/\/chibolita.es\/index.php\/wp-json\/wp\/v2\/media\/9209"}],"wp:attachment":[{"href":"https:\/\/chibolita.es\/index.php\/wp-json\/wp\/v2\/media?parent=9208"}],"wp:term":[{"taxonomy":"product_brand","embeddable":true,"href":"https:\/\/chibolita.es\/index.php\/wp-json\/wp\/v2\/product_brand?post=9208"},{"taxonomy":"product_cat","embeddable":true,"href":"https:\/\/chibolita.es\/index.php\/wp-json\/wp\/v2\/product_cat?post=9208"},{"taxonomy":"product_tag","embeddable":true,"href":"https:\/\/chibolita.es\/index.php\/wp-json\/wp\/v2\/product_tag?post=9208"}],"curies":[{"name":"wp","href":"https:\/\/api.w.org\/{rel}","templated":true}]}}