{"id":9127,"date":"2024-04-27T17:34:20","date_gmt":"2024-04-27T17:34:20","guid":{"rendered":"https:\/\/chibolita.es\/?post_type=product&#038;p=9127"},"modified":"2025-07-17T19:45:11","modified_gmt":"2025-07-17T19:45:11","slug":"power-on-ultra-10-past","status":"publish","type":"product","link":"https:\/\/chibolita.es\/index.php\/product\/power-on-ultra-10-past\/","title":{"rendered":"Power On Ultra &#8211; 10 past"},"content":{"rendered":"<p><span>De origen natural y con una f\u00f3rmula ultraconcentrada, POWER ON ULTRA adopta la tecnolog\u00eda m\u00e1s avanzada para fabricar extractos de la m\u00e1s alta calidad y tambi\u00e9n puede actuar beneficiosamente sobre los problemas de pr\u00f3stata.<\/span><\/p>\n<p><span>La nueva f\u00f3rmula testada de POWER ON ULTRA se basa en plantas e ingredientes de origen natural altamente concentrados, adoptando la tecnolog\u00eda m\u00e1s avanzada para producir extractos de m\u00e1xima calidad.<\/span><\/p>\n<p><span>Este complemento ayuda a aumentar el tama\u00f1o de los pies as\u00ed como la cantidad de espera, previniendo la eyaculaci\u00f3n precoz. Puede mejorar los problemas de pr\u00f3stata y es a\u00fan m\u00e1s resistente a los efectos del alcohol. No se conocen efectos adversos.<\/span><\/p>\n<p><span>Cada comprimido contiene 950 mg.<\/span><\/p>\n<p><strong>Uso Recomendado;<\/strong><\/p>\n<p><span>Consumir 1 comprimido, preferiblemente en ayunas, de 10 a 20 minutos antes de la actividad sexual. El efecto se puede sentir hasta 3 d\u00edas despu\u00e9s de ingerirlo.<\/span><\/p>\n<p>#chibolita #ultra #afrodisiacos #power<\/p>\n","protected":false},"excerpt":{"rendered":"<p>De origen natural y con una f\u00f3rmula ultraconcentrada, POWER ON ULTRA adopta la tecnolog\u00eda m\u00e1s avanzada para fabricar extractos de la m\u00e1s alta calidad y tambi\u00e9n puede actuar beneficiosamente sobre los problemas de pr\u00f3stata. La nueva f\u00f3rmula testada de POWER ON ULTRA se basa en plantas e ingredientes de origen natural altamente concentrados, adoptando la [&hellip;]<\/p>\n","protected":false},"featured_media":9128,"comment_status":"open","ping_status":"closed","template":"","meta":{"_eb_attr":"","site-sidebar-layout":"default","site-content-layout":"","ast-site-content-layout":"default","site-content-style":"default","site-sidebar-style":"default","ast-global-header-display":"","ast-banner-title-visibility":"","ast-main-header-display":"","ast-hfb-above-header-display":"","ast-hfb-below-header-display":"","ast-hfb-mobile-header-display":"","site-post-title":"","ast-breadcrumbs-content":"","ast-featured-img":"","footer-sml-layout":"","ast-disable-related-posts":"","theme-transparent-header-meta":"default","adv-header-id-meta":"","stick-header-meta":"","header-above-stick-meta":"","header-main-stick-meta":"","header-below-stick-meta":"","astra-migrate-meta-layouts":"set","ast-page-background-enabled":"default","ast-page-background-meta":{"desktop":{"background-color":"var(--ast-global-color-4)","background-image":"","background-repeat":"repeat","background-position":"center center","background-size":"auto","background-attachment":"scroll","background-type":"","background-media":"","overlay-type":"","overlay-color":"","overlay-opacity":"","overlay-gradient":""},"tablet":{"background-color":"","background-image":"","background-repeat":"repeat","background-position":"center center","background-size":"auto","background-attachment":"scroll","background-type":"","background-media":"","overlay-type":"","overlay-color":"","overlay-opacity":"","overlay-gradient":""},"mobile":{"background-color":"","background-image":"","background-repeat":"repeat","background-position":"center center","background-size":"auto","background-attachment":"scroll","background-type":"","background-media":"","overlay-type":"","overlay-color":"","overlay-opacity":"","overlay-gradient":""}},"ast-content-background-meta":{"desktop":{"background-color":"var(--ast-global-color-5)","background-image":"","background-repeat":"repeat","background-position":"center center","background-size":"auto","background-attachment":"scroll","background-type":"","background-media":"","overlay-type":"","overlay-color":"","overlay-opacity":"","overlay-gradient":""},"tablet":{"background-color":"var(--ast-global-color-5)","background-image":"","background-repeat":"repeat","background-position":"center center","background-size":"auto","background-attachment":"scroll","background-type":"","background-media":"","overlay-type":"","overlay-color":"","overlay-opacity":"","overlay-gradient":""},"mobile":{"background-color":"var(--ast-global-color-5)","background-image":"","background-repeat":"repeat","background-position":"center center","background-size":"auto","background-attachment":"scroll","background-type":"","background-media":"","overlay-type":"","overlay-color":"","overlay-opacity":"","overlay-gradient":""}}},"product_brand":[],"product_cat":[230,308,238],"product_tag":[],"class_list":{"0":"post-9127","1":"product","2":"type-product","3":"status-publish","4":"has-post-thumbnail","6":"product_cat-farmacia","7":"product_cat-marca-ultimate-natura","8":"product_cat-todos-los-afrodisiacos-para-hombres","9":"desktop-align-left","10":"tablet-align-left","11":"mobile-align-left","13":"first","14":"instock","15":"sale","16":"shipping-taxable","17":"purchasable","18":"product-type-simple"},"_links":{"self":[{"href":"https:\/\/chibolita.es\/index.php\/wp-json\/wp\/v2\/product\/9127","targetHints":{"allow":["GET"]}}],"collection":[{"href":"https:\/\/chibolita.es\/index.php\/wp-json\/wp\/v2\/product"}],"about":[{"href":"https:\/\/chibolita.es\/index.php\/wp-json\/wp\/v2\/types\/product"}],"replies":[{"embeddable":true,"href":"https:\/\/chibolita.es\/index.php\/wp-json\/wp\/v2\/comments?post=9127"}],"wp:featuredmedia":[{"embeddable":true,"href":"https:\/\/chibolita.es\/index.php\/wp-json\/wp\/v2\/media\/9128"}],"wp:attachment":[{"href":"https:\/\/chibolita.es\/index.php\/wp-json\/wp\/v2\/media?parent=9127"}],"wp:term":[{"taxonomy":"product_brand","embeddable":true,"href":"https:\/\/chibolita.es\/index.php\/wp-json\/wp\/v2\/product_brand?post=9127"},{"taxonomy":"product_cat","embeddable":true,"href":"https:\/\/chibolita.es\/index.php\/wp-json\/wp\/v2\/product_cat?post=9127"},{"taxonomy":"product_tag","embeddable":true,"href":"https:\/\/chibolita.es\/index.php\/wp-json\/wp\/v2\/product_tag?post=9127"}],"curies":[{"name":"wp","href":"https:\/\/api.w.org\/{rel}","templated":true}]}}