{"id":9125,"date":"2024-04-27T17:25:56","date_gmt":"2024-04-27T17:25:56","guid":{"rendered":"https:\/\/chibolita.es\/?post_type=product&#038;p=9125"},"modified":"2025-07-30T08:09:47","modified_gmt":"2025-07-30T08:09:47","slug":"power-one-platinum-10-past","status":"publish","type":"product","link":"https:\/\/chibolita.es\/index.php\/product\/power-one-platinum-10-past\/","title":{"rendered":"POWER ONE PLATINUM \u2013 10 past"},"content":{"rendered":"<p><span>Power One Platinum es el estimulante masculino m\u00e1s avanzado del mercado para mejorar el rendimiento sexual y la resistencia de los hombres. Su f\u00f3rmula ultraconcentrada, con ingredientes naturales de alta calidad, est\u00e1 dise\u00f1ada para ofrecer resultados r\u00e1pidos y eficaces. Con Power One Platinum tendr\u00e1s erecciones firmes y duraderas en cualquier situaci\u00f3n, adem\u00e1s de una resistencia prolongada y un mayor control de la eyaculaci\u00f3n.<\/span><\/p>\n<p><span>A diferencia de otros productos disponibles, Power One Platinum es muy eficaz. Aumenta tu vitalidad, energ\u00eda sexual y libido, proporcionando una experiencia de relaci\u00f3n intensa y satisfactoria. Si quieres demostrar todo tu potencial o fortalecer tu relaci\u00f3n actual, Power One Platinum es ideal para ti. Tus erecciones ser\u00e1n m\u00e1s intensas y tendr\u00e1s control total sobre tu desempe\u00f1o sexual.<\/span><\/p>\n<p><span>Beneficios de Power One Platinum:<\/span><\/p>\n<ul>\n<li><span>Aumenta tu potencia, libido y deseo sexual.<\/span><\/li>\n<li><span>Mejora tu resistencia sexual<\/span><\/li>\n<\/ul>\n<p><span>Con Power One Platinum disfrutar\u00e1s de erecciones m\u00e1s firmes y duraderas, con la ventaja de ser m\u00e1s resistente al alcohol. Adem\u00e1s, este producto es completamente natural y no provoca ning\u00fan efecto adverso. Con un solo comprimido, preferiblemente en ayunas, 30 minutos antes de la actividad sexual, tendr\u00e1s los efectos de Power One Platinum hasta por 4 d\u00edas.<\/span><\/p>\n<p><span>Modo de consumo: tomar un comprimido al d\u00eda, sin exceder nunca la dosis recomendada. Recuerda que los complementos alimenticios no sustituyen a una dieta variada y equilibrada. Cada paquete contiene 10 comprimidos de 1000 mg.<\/span><\/p>\n<p>#chibolita #powerone #power<\/p>\n","protected":false},"excerpt":{"rendered":"<p>Power One Platinum es el estimulante masculino m\u00e1s avanzado del mercado para mejorar el rendimiento sexual y la resistencia de los hombres. Su f\u00f3rmula ultraconcentrada, con ingredientes naturales de alta calidad, est\u00e1 dise\u00f1ada para ofrecer resultados r\u00e1pidos y eficaces. Con Power One Platinum tendr\u00e1s erecciones firmes y duraderas en cualquier situaci\u00f3n, adem\u00e1s de una resistencia [&hellip;]<\/p>\n","protected":false},"featured_media":9126,"comment_status":"open","ping_status":"closed","template":"","meta":{"_eb_attr":"","site-sidebar-layout":"default","site-content-layout":"","ast-site-content-layout":"default","site-content-style":"default","site-sidebar-style":"default","ast-global-header-display":"","ast-banner-title-visibility":"","ast-main-header-display":"","ast-hfb-above-header-display":"","ast-hfb-below-header-display":"","ast-hfb-mobile-header-display":"","site-post-title":"","ast-breadcrumbs-content":"","ast-featured-img":"","footer-sml-layout":"","ast-disable-related-posts":"","theme-transparent-header-meta":"default","adv-header-id-meta":"","stick-header-meta":"","header-above-stick-meta":"","header-main-stick-meta":"","header-below-stick-meta":"","astra-migrate-meta-layouts":"set","ast-page-background-enabled":"default","ast-page-background-meta":{"desktop":{"background-color":"var(--ast-global-color-4)","background-image":"","background-repeat":"repeat","background-position":"center center","background-size":"auto","background-attachment":"scroll","background-type":"","background-media":"","overlay-type":"","overlay-color":"","overlay-opacity":"","overlay-gradient":""},"tablet":{"background-color":"","background-image":"","background-repeat":"repeat","background-position":"center center","background-size":"auto","background-attachment":"scroll","background-type":"","background-media":"","overlay-type":"","overlay-color":"","overlay-opacity":"","overlay-gradient":""},"mobile":{"background-color":"","background-image":"","background-repeat":"repeat","background-position":"center center","background-size":"auto","background-attachment":"scroll","background-type":"","background-media":"","overlay-type":"","overlay-color":"","overlay-opacity":"","overlay-gradient":""}},"ast-content-background-meta":{"desktop":{"background-color":"var(--ast-global-color-5)","background-image":"","background-repeat":"repeat","background-position":"center center","background-size":"auto","background-attachment":"scroll","background-type":"","background-media":"","overlay-type":"","overlay-color":"","overlay-opacity":"","overlay-gradient":""},"tablet":{"background-color":"var(--ast-global-color-5)","background-image":"","background-repeat":"repeat","background-position":"center center","background-size":"auto","background-attachment":"scroll","background-type":"","background-media":"","overlay-type":"","overlay-color":"","overlay-opacity":"","overlay-gradient":""},"mobile":{"background-color":"var(--ast-global-color-5)","background-image":"","background-repeat":"repeat","background-position":"center center","background-size":"auto","background-attachment":"scroll","background-type":"","background-media":"","overlay-type":"","overlay-color":"","overlay-opacity":"","overlay-gradient":""}}},"product_brand":[],"product_cat":[230,308,238],"product_tag":[],"class_list":{"0":"post-9125","1":"product","2":"type-product","3":"status-publish","4":"has-post-thumbnail","6":"product_cat-farmacia","7":"product_cat-marca-ultimate-natura","8":"product_cat-todos-los-afrodisiacos-para-hombres","9":"desktop-align-left","10":"tablet-align-left","11":"mobile-align-left","13":"first","14":"outofstock","15":"sale","16":"shipping-taxable","17":"purchasable","18":"product-type-simple"},"_links":{"self":[{"href":"https:\/\/chibolita.es\/index.php\/wp-json\/wp\/v2\/product\/9125","targetHints":{"allow":["GET"]}}],"collection":[{"href":"https:\/\/chibolita.es\/index.php\/wp-json\/wp\/v2\/product"}],"about":[{"href":"https:\/\/chibolita.es\/index.php\/wp-json\/wp\/v2\/types\/product"}],"replies":[{"embeddable":true,"href":"https:\/\/chibolita.es\/index.php\/wp-json\/wp\/v2\/comments?post=9125"}],"wp:featuredmedia":[{"embeddable":true,"href":"https:\/\/chibolita.es\/index.php\/wp-json\/wp\/v2\/media\/9126"}],"wp:attachment":[{"href":"https:\/\/chibolita.es\/index.php\/wp-json\/wp\/v2\/media?parent=9125"}],"wp:term":[{"taxonomy":"product_brand","embeddable":true,"href":"https:\/\/chibolita.es\/index.php\/wp-json\/wp\/v2\/product_brand?post=9125"},{"taxonomy":"product_cat","embeddable":true,"href":"https:\/\/chibolita.es\/index.php\/wp-json\/wp\/v2\/product_cat?post=9125"},{"taxonomy":"product_tag","embeddable":true,"href":"https:\/\/chibolita.es\/index.php\/wp-json\/wp\/v2\/product_tag?post=9125"}],"curies":[{"name":"wp","href":"https:\/\/api.w.org\/{rel}","templated":true}]}}