{"id":9123,"date":"2024-04-27T17:20:11","date_gmt":"2024-04-27T17:20:11","guid":{"rendered":"https:\/\/chibolita.es\/?post_type=product&#038;p=9123"},"modified":"2025-07-17T19:45:33","modified_gmt":"2025-07-17T19:45:33","slug":"xtra-power-10-past","status":"publish","type":"product","link":"https:\/\/chibolita.es\/index.php\/product\/xtra-power-10-past\/","title":{"rendered":"XTRA POWER &#8211; 10 past"},"content":{"rendered":"<div class=\"woocommerce-tabs wc-tabs-wrapper\">\n<div id=\"tab-description\" class=\"woocommerce-Tabs-panel woocommerce-Tabs-panel--description panel entry-content wc-tab\" role=\"tabpanel\" aria-labelledby=\"tab-title-description\">\n<p>Xtra Power es una f\u00f3rmula a base de plantas altamente concentradas e ingredientes naturales, adoptando la tecnolog\u00eda m\u00e1s avanzada para fabricar extractos de la m\u00e1s alta calidad. Previene la eyaculaci\u00f3n precoz y a largo plazo contribuye al agrandamiento y engrosamiento del pene. Su composici\u00f3n promueve una mayor resistencia, deseo y rendimiento, aportando simult\u00e1neamente m\u00e1s confianza sexual. Puede mejorar los problemas de pr\u00f3stata y es resistente a los efectos del alcohol. Est\u00e1 disponible en envases de 2 o 10 comprimidos. Cada comprimido contiene 900 mg.<\/p>\n<p><b><strong>Uso recomendado:<\/strong><\/b><\/p>\n<p>Consumir 1 comprimido 30 minutos antes de la actividad sexual.<\/p>\n<h2><b><strong>Ingredientes:<\/strong><\/b><\/h2>\n<p>\u2013 Agente de carga:\u00a0\u00a0<em>Celulosa microcristalina<\/em>\u00a0;<\/p>\n<p><em>\u2013<\/em>\u00a0\u00a0Pausinystalia macroceras;<\/p>\n<p>\u2013 Pau de Cabinda;<\/p>\n<p>\u2013 Agente de carga: Carbonato de calcio;<\/p>\n<p>&#8211; Agente antiaglomerante;<\/p>\n<p>\u2013 Sales de Manganeso de \u00c1cidos Grasos;<\/p>\n<p>\u2013 Tinte: E101<\/p>\n<p><b><strong>Precauciones:<\/strong><\/b><\/p>\n<p>\u2013 Producto destinado exclusivamente a adultos.<\/p>\n<p>&#8211; No exceda de la porci\u00f3n recomendada.<\/p>\n<p>&#8211; Mantener fuera del alcance de los ni\u00f1os.<\/p>\n<p>El envase contiene 10 comprimidos.<\/p>\n<p>#chibolita #xpower #xtrapower<\/p>\n<\/div>\n<\/div>\n<section class=\"related products\"><\/section>\n<p>&nbsp;<\/p>\n","protected":false},"excerpt":{"rendered":"<p>Xtra Power es una f\u00f3rmula a base de plantas altamente concentradas e ingredientes naturales, adoptando la tecnolog\u00eda m\u00e1s avanzada para fabricar extractos de la m\u00e1s alta calidad. Previene la eyaculaci\u00f3n precoz y a largo plazo contribuye al agrandamiento y engrosamiento del pene. Su composici\u00f3n promueve una mayor resistencia, deseo y rendimiento, aportando simult\u00e1neamente m\u00e1s confianza [&hellip;]<\/p>\n","protected":false},"featured_media":9124,"comment_status":"open","ping_status":"closed","template":"","meta":{"_eb_attr":"","site-sidebar-layout":"default","site-content-layout":"","ast-site-content-layout":"default","site-content-style":"default","site-sidebar-style":"default","ast-global-header-display":"","ast-banner-title-visibility":"","ast-main-header-display":"","ast-hfb-above-header-display":"","ast-hfb-below-header-display":"","ast-hfb-mobile-header-display":"","site-post-title":"","ast-breadcrumbs-content":"","ast-featured-img":"","footer-sml-layout":"","ast-disable-related-posts":"","theme-transparent-header-meta":"default","adv-header-id-meta":"","stick-header-meta":"","header-above-stick-meta":"","header-main-stick-meta":"","header-below-stick-meta":"","astra-migrate-meta-layouts":"set","ast-page-background-enabled":"default","ast-page-background-meta":{"desktop":{"background-color":"var(--ast-global-color-4)","background-image":"","background-repeat":"repeat","background-position":"center center","background-size":"auto","background-attachment":"scroll","background-type":"","background-media":"","overlay-type":"","overlay-color":"","overlay-opacity":"","overlay-gradient":""},"tablet":{"background-color":"","background-image":"","background-repeat":"repeat","background-position":"center center","background-size":"auto","background-attachment":"scroll","background-type":"","background-media":"","overlay-type":"","overlay-color":"","overlay-opacity":"","overlay-gradient":""},"mobile":{"background-color":"","background-image":"","background-repeat":"repeat","background-position":"center center","background-size":"auto","background-attachment":"scroll","background-type":"","background-media":"","overlay-type":"","overlay-color":"","overlay-opacity":"","overlay-gradient":""}},"ast-content-background-meta":{"desktop":{"background-color":"var(--ast-global-color-5)","background-image":"","background-repeat":"repeat","background-position":"center center","background-size":"auto","background-attachment":"scroll","background-type":"","background-media":"","overlay-type":"","overlay-color":"","overlay-opacity":"","overlay-gradient":""},"tablet":{"background-color":"var(--ast-global-color-5)","background-image":"","background-repeat":"repeat","background-position":"center center","background-size":"auto","background-attachment":"scroll","background-type":"","background-media":"","overlay-type":"","overlay-color":"","overlay-opacity":"","overlay-gradient":""},"mobile":{"background-color":"var(--ast-global-color-5)","background-image":"","background-repeat":"repeat","background-position":"center center","background-size":"auto","background-attachment":"scroll","background-type":"","background-media":"","overlay-type":"","overlay-color":"","overlay-opacity":"","overlay-gradient":""}}},"product_brand":[],"product_cat":[230,308,238],"product_tag":[],"class_list":{"0":"post-9123","1":"product","2":"type-product","3":"status-publish","4":"has-post-thumbnail","6":"product_cat-farmacia","7":"product_cat-marca-ultimate-natura","8":"product_cat-todos-los-afrodisiacos-para-hombres","9":"desktop-align-left","10":"tablet-align-left","11":"mobile-align-left","13":"first","14":"instock","15":"sale","16":"shipping-taxable","17":"purchasable","18":"product-type-simple"},"_links":{"self":[{"href":"https:\/\/chibolita.es\/index.php\/wp-json\/wp\/v2\/product\/9123","targetHints":{"allow":["GET"]}}],"collection":[{"href":"https:\/\/chibolita.es\/index.php\/wp-json\/wp\/v2\/product"}],"about":[{"href":"https:\/\/chibolita.es\/index.php\/wp-json\/wp\/v2\/types\/product"}],"replies":[{"embeddable":true,"href":"https:\/\/chibolita.es\/index.php\/wp-json\/wp\/v2\/comments?post=9123"}],"wp:featuredmedia":[{"embeddable":true,"href":"https:\/\/chibolita.es\/index.php\/wp-json\/wp\/v2\/media\/9124"}],"wp:attachment":[{"href":"https:\/\/chibolita.es\/index.php\/wp-json\/wp\/v2\/media?parent=9123"}],"wp:term":[{"taxonomy":"product_brand","embeddable":true,"href":"https:\/\/chibolita.es\/index.php\/wp-json\/wp\/v2\/product_brand?post=9123"},{"taxonomy":"product_cat","embeddable":true,"href":"https:\/\/chibolita.es\/index.php\/wp-json\/wp\/v2\/product_cat?post=9123"},{"taxonomy":"product_tag","embeddable":true,"href":"https:\/\/chibolita.es\/index.php\/wp-json\/wp\/v2\/product_tag?post=9123"}],"curies":[{"name":"wp","href":"https:\/\/api.w.org\/{rel}","templated":true}]}}