{"id":9119,"date":"2024-04-27T17:12:20","date_gmt":"2024-04-27T17:12:20","guid":{"rendered":"https:\/\/chibolita.es\/?post_type=product&#038;p=9119"},"modified":"2026-04-23T21:51:56","modified_gmt":"2026-04-23T21:51:56","slug":"afrodisiaco-extreme-plus-10-past","status":"publish","type":"product","link":"https:\/\/chibolita.es\/index.php\/product\/afrodisiaco-extreme-plus-10-past\/","title":{"rendered":"Afrodisiaco Extreme Plus &#8211; 10 past"},"content":{"rendered":"<p><span>\u00a1\u00a1\u00a1Extreme Plus es estupendo!!! Eficaz para aumentar r\u00e1pidamente la capacidad sexual masculina.<\/span><\/p>\n<p><span>Contiene ingredientes de alta calidad que ayudan a aumentar el flujo sangu\u00edneo al pene, y tiene como consecuencia directa el aumento de la libido y el deseo sexual por m\u00e1s tiempo.<\/span><\/p>\n<p><span>Resiste el efecto del alcohol.<\/span><\/p>\n<p><span>Con efecto retardante<\/span><\/p>\n<p><span>No se conocen efectos adversos. Cada comprimido contiene 1200 mg.<\/span><\/p>\n<p>&nbsp;<\/p>\n<p><strong>Uso Recomendado:<\/strong><\/p>\n<p><span>Consumir 1 comprimido, preferiblemente en ayunas 20 minutos antes de la actividad sexual.<\/span><\/p>\n<p><span>El efecto se puede sentir hasta 3 d\u00edas despu\u00e9s de ingerirlo.<\/span><\/p>\n<p><strong><span>Ingredientes:<\/span><\/strong><\/p>\n<p><span>Agentes de carga: Celulosa microcristalina, Ginseng coreano, Antiaglomerante (sales magn\u00e9sicas de \u00e1cidos grasos)<\/span><\/p>\n<p><strong><span>Precauciones:<\/span><\/strong><\/p>\n<p><span>\u2013 Producto destinado exclusivamente a adultos.<\/span><\/p>\n<p><span>\u2013 No superar la dosis recomendada (1 comprimido\/24 horas).<\/span><\/p>\n<p><span>&#8211; Mantener fuera del alcance de los ni\u00f1os.<\/span><\/p>\n<p>&nbsp;<\/p>\n<p><strong><span>Cantidad:<\/span><\/strong><\/p>\n<p><span>El envase contiene 10 pastillas<\/span><\/p>\n","protected":false},"excerpt":{"rendered":"<p>\u00a1\u00a1\u00a1Extreme Plus es estupendo!!! Eficaz para aumentar r\u00e1pidamente la capacidad sexual masculina. Contiene ingredientes de alta calidad que ayudan a aumentar el flujo sangu\u00edneo al pene, y tiene como consecuencia directa el aumento de la libido y el deseo sexual por m\u00e1s tiempo. Resiste el efecto del alcohol. Con efecto retardante No se conocen efectos [&hellip;]<\/p>\n","protected":false},"featured_media":9120,"comment_status":"open","ping_status":"closed","template":"","meta":{"_eb_attr":"","site-sidebar-layout":"default","site-content-layout":"","ast-site-content-layout":"default","site-content-style":"default","site-sidebar-style":"default","ast-global-header-display":"","ast-banner-title-visibility":"","ast-main-header-display":"","ast-hfb-above-header-display":"","ast-hfb-below-header-display":"","ast-hfb-mobile-header-display":"","site-post-title":"","ast-breadcrumbs-content":"","ast-featured-img":"","footer-sml-layout":"","ast-disable-related-posts":"","theme-transparent-header-meta":"default","adv-header-id-meta":"","stick-header-meta":"","header-above-stick-meta":"","header-main-stick-meta":"","header-below-stick-meta":"","astra-migrate-meta-layouts":"set","ast-page-background-enabled":"default","ast-page-background-meta":{"desktop":{"background-color":"var(--ast-global-color-4)","background-image":"","background-repeat":"repeat","background-position":"center center","background-size":"auto","background-attachment":"scroll","background-type":"","background-media":"","overlay-type":"","overlay-color":"","overlay-opacity":"","overlay-gradient":""},"tablet":{"background-color":"","background-image":"","background-repeat":"repeat","background-position":"center center","background-size":"auto","background-attachment":"scroll","background-type":"","background-media":"","overlay-type":"","overlay-color":"","overlay-opacity":"","overlay-gradient":""},"mobile":{"background-color":"","background-image":"","background-repeat":"repeat","background-position":"center center","background-size":"auto","background-attachment":"scroll","background-type":"","background-media":"","overlay-type":"","overlay-color":"","overlay-opacity":"","overlay-gradient":""}},"ast-content-background-meta":{"desktop":{"background-color":"var(--ast-global-color-5)","background-image":"","background-repeat":"repeat","background-position":"center center","background-size":"auto","background-attachment":"scroll","background-type":"","background-media":"","overlay-type":"","overlay-color":"","overlay-opacity":"","overlay-gradient":""},"tablet":{"background-color":"var(--ast-global-color-5)","background-image":"","background-repeat":"repeat","background-position":"center center","background-size":"auto","background-attachment":"scroll","background-type":"","background-media":"","overlay-type":"","overlay-color":"","overlay-opacity":"","overlay-gradient":""},"mobile":{"background-color":"var(--ast-global-color-5)","background-image":"","background-repeat":"repeat","background-position":"center center","background-size":"auto","background-attachment":"scroll","background-type":"","background-media":"","overlay-type":"","overlay-color":"","overlay-opacity":"","overlay-gradient":""}}},"product_brand":[],"product_cat":[230,308,238],"product_tag":[],"class_list":{"0":"post-9119","1":"product","2":"type-product","3":"status-publish","4":"has-post-thumbnail","6":"product_cat-farmacia","7":"product_cat-marca-ultimate-natura","8":"product_cat-todos-los-afrodisiacos-para-hombres","9":"desktop-align-left","10":"tablet-align-left","11":"mobile-align-left","13":"first","14":"instock","15":"sale","16":"shipping-taxable","17":"purchasable","18":"product-type-simple"},"_links":{"self":[{"href":"https:\/\/chibolita.es\/index.php\/wp-json\/wp\/v2\/product\/9119","targetHints":{"allow":["GET"]}}],"collection":[{"href":"https:\/\/chibolita.es\/index.php\/wp-json\/wp\/v2\/product"}],"about":[{"href":"https:\/\/chibolita.es\/index.php\/wp-json\/wp\/v2\/types\/product"}],"replies":[{"embeddable":true,"href":"https:\/\/chibolita.es\/index.php\/wp-json\/wp\/v2\/comments?post=9119"}],"wp:featuredmedia":[{"embeddable":true,"href":"https:\/\/chibolita.es\/index.php\/wp-json\/wp\/v2\/media\/9120"}],"wp:attachment":[{"href":"https:\/\/chibolita.es\/index.php\/wp-json\/wp\/v2\/media?parent=9119"}],"wp:term":[{"taxonomy":"product_brand","embeddable":true,"href":"https:\/\/chibolita.es\/index.php\/wp-json\/wp\/v2\/product_brand?post=9119"},{"taxonomy":"product_cat","embeddable":true,"href":"https:\/\/chibolita.es\/index.php\/wp-json\/wp\/v2\/product_cat?post=9119"},{"taxonomy":"product_tag","embeddable":true,"href":"https:\/\/chibolita.es\/index.php\/wp-json\/wp\/v2\/product_tag?post=9119"}],"curies":[{"name":"wp","href":"https:\/\/api.w.org\/{rel}","templated":true}]}}