{"id":9111,"date":"2024-04-24T09:17:19","date_gmt":"2024-04-24T09:17:19","guid":{"rendered":"https:\/\/chibolita.es\/?post_type=product&#038;p=9111"},"modified":"2026-01-03T13:28:12","modified_gmt":"2026-01-03T13:28:12","slug":"maral-gel-xxl-gold-gel-especial-para-hombres-50-ml","status":"publish","type":"product","link":"https:\/\/chibolita.es\/index.php\/product\/maral-gel-xxl-gold-gel-especial-para-hombres-50-ml\/","title":{"rendered":"MARAL GEL &#8211; XXL GOLD GEL ESPECIAL PARA HOMBRES 50 ML"},"content":{"rendered":"<p>\u00a1El tama\u00f1o importa, no la decepciones! Es hora de dejar de preocuparte por tu talla. Este producto ha ayudado a miles de hombres a complacer finalmente a sus parejas. Formulado con ingredientes totalmente naturales que pueden ayudarte a crecer, alargar y espesar y a emocionar a tu pareja en el dormitorio. Clientes satisfechos y sus socios satisfechos han informado cambios despu\u00e9s de tan solo 3 meses de uso regular, con aumentos en longitud y grosor.<\/p>\n<p><u><strong>CARACTERISTICAS<\/strong><\/u>:<\/p>\n<ul>\n<li>Gel especial para hombres<\/li>\n<li>Contiene extracto natural de ra\u00edz de Maral. Posee capacidades hidratantes. No mancha la ropa y se lava f\u00e1cilmente con agua, no acumul\u00e1ndose. Proporciona un buen deslizamiento.<\/li>\n<li><strong>Modo de empleo<\/strong>: Producto para uso externo. Aplicar gel en la zona deseada. Si es necesario, el producto se retira f\u00e1cilmente con agua tibia. L\u00e1vese las manos con agua despu\u00e9s de la aplicaci\u00f3n.<\/li>\n<li><strong>Almacenamiento<\/strong>: Almacenar en un lugar oscuro a una temperatura de +5\u00baC a +25\u00baC<\/li>\n<li>Mejor utilizado antes del final de\/N\u00ba de lote: ver en el paquete.<\/li>\n<\/ul>\n<p><u><strong>\u00bfPuede este producto ayudarle?<\/strong><\/u><br \/>\nHemos ayudado a miles de chicos como t\u00fa en todo el mundo a hacerse m\u00e1s grandes, m\u00e1s fuertes y m\u00e1s largos. Como una de las mejores ampliadoras del mercado, esta es una soluci\u00f3n de acci\u00f3n r\u00e1pida que puede ayudarle a lograr lo que desea.<\/p>\n<p><u><strong>Es seguro, \u00bfverdad?<\/strong><\/u><br \/>\n\u00a1S\u00ed! Este producto es 100% seguro de usar, siendo un suplemento natural dise\u00f1ado para uso y efectos a largo plazo. Est\u00e1 elaborado a partir de una f\u00f3rmula totalmente natural que no contiene ning\u00fan medicamento ni ingrediente recetado.<\/p>\n<p><u><strong>Es f\u00e1cil, s\u00f3lo sigue estos sencillos 4 pasos:<\/strong><\/u><\/p>\n<ul>\n<li>Limpia tu pene antes de usarlo, con un jab\u00f3n suave y agua tibia (\u00a1aunque deber\u00edas hacerlo de todos modos!)<\/li>\n<li>Secarlo adecuadamente<\/li>\n<li>Aplica una capa de este producto a lo largo de tu pene.<\/li>\n<li>Masajear suavemente el producto con las yemas de los dedos, durante unos 5 minutos o hasta su total absorci\u00f3n.<\/li>\n<\/ul>\n<p><u><strong>\u00bfComo funciona?<\/strong><\/u><br \/>\nEste producto contiene una f\u00f3rmula herbaria \u00fanica que puede aumentar su tama\u00f1o y fuerza, \u00a1para que vea mayores ganancias! Puede ayudar a aumentar el reflujo de las c\u00e1maras sangu\u00edneas del pene. Esto activa hormonas naturales en el cuerpo y es una forma natural de mejorar la resistencia y el rendimiento sexual de los hombres. Mediante el uso regular, este producto puede ayudar a obtener mejores ganancias, \u00a1lo cual a su pareja le encantar\u00e1 hacer que regrese por m\u00e1s!<\/p>\n<p><u><strong>Adem\u00e1s este producto puede:<\/strong><\/u><\/p>\n<ul>\n<li>Ayuda a aumentar la longitud y el grosor de tu pene.<\/li>\n<li>Aumenta el flujo sangu\u00edneo a tu pene promoviendo el crecimiento.<\/li>\n<li>Conseguir orgasmos m\u00e1s intensos<\/li>\n<li>Reduce el tiempo de recuperaci\u00f3n, para que puedas volver a empezar antes<\/li>\n<li>Aumentar el rendimiento sexual general y controlar mejor la eyaculaci\u00f3n.<\/li>\n<\/ul>\n","protected":false},"excerpt":{"rendered":"<p>\u00a1El tama\u00f1o importa, no la decepciones! Es hora de dejar de preocuparte por tu talla. Este producto ha ayudado a miles de hombres a complacer finalmente a sus parejas. Formulado con ingredientes totalmente naturales que pueden ayudarte a crecer, alargar y espesar y a emocionar a tu pareja en el dormitorio. Clientes satisfechos y sus [&hellip;]<\/p>\n","protected":false},"featured_media":9112,"comment_status":"open","ping_status":"closed","template":"","meta":{"_eb_attr":"","site-sidebar-layout":"default","site-content-layout":"","ast-site-content-layout":"default","site-content-style":"default","site-sidebar-style":"default","ast-global-header-display":"","ast-banner-title-visibility":"","ast-main-header-display":"","ast-hfb-above-header-display":"","ast-hfb-below-header-display":"","ast-hfb-mobile-header-display":"","site-post-title":"","ast-breadcrumbs-content":"","ast-featured-img":"","footer-sml-layout":"","ast-disable-related-posts":"","theme-transparent-header-meta":"default","adv-header-id-meta":"","stick-header-meta":"","header-above-stick-meta":"","header-main-stick-meta":"","header-below-stick-meta":"","astra-migrate-meta-layouts":"set","ast-page-background-enabled":"default","ast-page-background-meta":{"desktop":{"background-color":"var(--ast-global-color-4)","background-image":"","background-repeat":"repeat","background-position":"center center","background-size":"auto","background-attachment":"scroll","background-type":"","background-media":"","overlay-type":"","overlay-color":"","overlay-opacity":"","overlay-gradient":""},"tablet":{"background-color":"","background-image":"","background-repeat":"repeat","background-position":"center center","background-size":"auto","background-attachment":"scroll","background-type":"","background-media":"","overlay-type":"","overlay-color":"","overlay-opacity":"","overlay-gradient":""},"mobile":{"background-color":"","background-image":"","background-repeat":"repeat","background-position":"center center","background-size":"auto","background-attachment":"scroll","background-type":"","background-media":"","overlay-type":"","overlay-color":"","overlay-opacity":"","overlay-gradient":""}},"ast-content-background-meta":{"desktop":{"background-color":"var(--ast-global-color-5)","background-image":"","background-repeat":"repeat","background-position":"center center","background-size":"auto","background-attachment":"scroll","background-type":"","background-media":"","overlay-type":"","overlay-color":"","overlay-opacity":"","overlay-gradient":""},"tablet":{"background-color":"var(--ast-global-color-5)","background-image":"","background-repeat":"repeat","background-position":"center center","background-size":"auto","background-attachment":"scroll","background-type":"","background-media":"","overlay-type":"","overlay-color":"","overlay-opacity":"","overlay-gradient":""},"mobile":{"background-color":"var(--ast-global-color-5)","background-image":"","background-repeat":"repeat","background-position":"center center","background-size":"auto","background-attachment":"scroll","background-type":"","background-media":"","overlay-type":"","overlay-color":"","overlay-opacity":"","overlay-gradient":""}}},"product_brand":[],"product_cat":[243,259,230,296,238,255],"product_tag":[],"class_list":{"0":"post-9111","1":"product","2":"type-product","3":"status-publish","4":"has-post-thumbnail","6":"product_cat-aumento-del-pene","7":"product_cat-cremas-para-el-pene","8":"product_cat-farmacia","9":"product_cat-novedades","10":"product_cat-todos-los-afrodisiacos-para-hombres","11":"product_cat-vida-sexual-saludable","12":"desktop-align-left","13":"tablet-align-left","14":"mobile-align-left","16":"first","17":"instock","18":"sale","19":"shipping-taxable","20":"purchasable","21":"product-type-simple"},"_links":{"self":[{"href":"https:\/\/chibolita.es\/index.php\/wp-json\/wp\/v2\/product\/9111","targetHints":{"allow":["GET"]}}],"collection":[{"href":"https:\/\/chibolita.es\/index.php\/wp-json\/wp\/v2\/product"}],"about":[{"href":"https:\/\/chibolita.es\/index.php\/wp-json\/wp\/v2\/types\/product"}],"replies":[{"embeddable":true,"href":"https:\/\/chibolita.es\/index.php\/wp-json\/wp\/v2\/comments?post=9111"}],"wp:featuredmedia":[{"embeddable":true,"href":"https:\/\/chibolita.es\/index.php\/wp-json\/wp\/v2\/media\/9112"}],"wp:attachment":[{"href":"https:\/\/chibolita.es\/index.php\/wp-json\/wp\/v2\/media?parent=9111"}],"wp:term":[{"taxonomy":"product_brand","embeddable":true,"href":"https:\/\/chibolita.es\/index.php\/wp-json\/wp\/v2\/product_brand?post=9111"},{"taxonomy":"product_cat","embeddable":true,"href":"https:\/\/chibolita.es\/index.php\/wp-json\/wp\/v2\/product_cat?post=9111"},{"taxonomy":"product_tag","embeddable":true,"href":"https:\/\/chibolita.es\/index.php\/wp-json\/wp\/v2\/product_tag?post=9111"}],"curies":[{"name":"wp","href":"https:\/\/api.w.org\/{rel}","templated":true}]}}