{"id":9099,"date":"2024-04-08T20:31:55","date_gmt":"2024-04-08T20:31:55","guid":{"rendered":"https:\/\/chibolita.es\/?post_type=product&#038;p=9099"},"modified":"2024-04-08T20:31:55","modified_gmt":"2024-04-08T20:31:55","slug":"leg-avenue-body-cuello-cruzado-azul","status":"publish","type":"product","link":"https:\/\/chibolita.es\/index.php\/product\/leg-avenue-body-cuello-cruzado-azul\/","title":{"rendered":"LEG AVENUE &#8211; BODY CUELLO CRUZADO AZUL"},"content":{"rendered":"<p>Explora tu sensualidad con el body de encaje con espalda tipo tanga y espalda con tiras.\u00a0Con encaje lujoso, tirantes cruzados en la espalda y un escote profundo, esta prenda a\u00f1ade un toque extra de encanto y refinamiento a tu colecci\u00f3n de lencer\u00eda.\u00a0El tejido suave y sensual acaricia tu piel, mientras que los delicados detalles de encaje acent\u00faan elegantemente tus curvas.<\/p>\n<p>Sum\u00e9rgete en algo inolvidable con este impresionante body de encaje de Leg Avenue.\u00a0Adornado con intrincados detalles de encaje, un tentador cierre giratorio en la parte delantera y una sensual espalda cruzada con tiras, este seductor peluche de lencer\u00eda est\u00e1 confeccionado para dejarlos sin aliento desde el momento en que su mirada se encuentra con la tuya.\u00a0Experimente comodidad y elasticidad en cada uso.<\/p>\n<p>&nbsp;<\/p>\n<p><u><strong>CARACTERISTICAS:<\/strong><\/u><\/p>\n<ul>\n<li>Talla unica<\/li>\n<li>Composicion: 92% Nailon 8% Elastano<\/li>\n<li>El paquete incluye: Body<\/li>\n<li>Tejido el\u00e1stico y c\u00f3modo<\/li>\n<li>Encaje suave y red.<\/li>\n<li>Cuello halter cruzado<\/li>\n<li>Tanga espalda<\/li>\n<li>Lavar a mano con agua fr\u00eda, usar lej\u00eda sin cloro cuando sea necesario, secar en plano, no planchar.<\/li>\n<\/ul>\n<p><strong>Leg Avenue<\/strong>\u00a0tiene los productos que estabas buscando comprometi\u00e9ndose a ofrecer a los clientes productos innovadores, precios competitivos y una gran satisfacci\u00f3n, reci\u00e9n llegados desde el distrito m\u00e1s fashion de Los \u00c1ngeles. Nadie lo hace m\u00e1s sexy!!<\/p>\n","protected":false},"excerpt":{"rendered":"<p>Explora tu sensualidad con el body de encaje con espalda tipo tanga y espalda con tiras.\u00a0Con encaje lujoso, tirantes cruzados en la espalda y un escote profundo, esta prenda a\u00f1ade un toque extra de encanto y refinamiento a tu colecci\u00f3n de lencer\u00eda.\u00a0El tejido suave y sensual acaricia tu piel, mientras que los delicados detalles de [&hellip;]<\/p>\n","protected":false},"featured_media":9105,"comment_status":"open","ping_status":"closed","template":"","meta":{"_eb_attr":"","site-sidebar-layout":"default","site-content-layout":"","ast-site-content-layout":"default","site-content-style":"default","site-sidebar-style":"default","ast-global-header-display":"","ast-banner-title-visibility":"","ast-main-header-display":"","ast-hfb-above-header-display":"","ast-hfb-below-header-display":"","ast-hfb-mobile-header-display":"","site-post-title":"","ast-breadcrumbs-content":"","ast-featured-img":"","footer-sml-layout":"","ast-disable-related-posts":"","theme-transparent-header-meta":"default","adv-header-id-meta":"","stick-header-meta":"","header-above-stick-meta":"","header-main-stick-meta":"","header-below-stick-meta":"","astra-migrate-meta-layouts":"set","ast-page-background-enabled":"default","ast-page-background-meta":{"desktop":{"background-color":"var(--ast-global-color-4)","background-image":"","background-repeat":"repeat","background-position":"center center","background-size":"auto","background-attachment":"scroll","background-type":"","background-media":"","overlay-type":"","overlay-color":"","overlay-opacity":"","overlay-gradient":""},"tablet":{"background-color":"","background-image":"","background-repeat":"repeat","background-position":"center center","background-size":"auto","background-attachment":"scroll","background-type":"","background-media":"","overlay-type":"","overlay-color":"","overlay-opacity":"","overlay-gradient":""},"mobile":{"background-color":"","background-image":"","background-repeat":"repeat","background-position":"center center","background-size":"auto","background-attachment":"scroll","background-type":"","background-media":"","overlay-type":"","overlay-color":"","overlay-opacity":"","overlay-gradient":""}},"ast-content-background-meta":{"desktop":{"background-color":"var(--ast-global-color-5)","background-image":"","background-repeat":"repeat","background-position":"center center","background-size":"auto","background-attachment":"scroll","background-type":"","background-media":"","overlay-type":"","overlay-color":"","overlay-opacity":"","overlay-gradient":""},"tablet":{"background-color":"var(--ast-global-color-5)","background-image":"","background-repeat":"repeat","background-position":"center center","background-size":"auto","background-attachment":"scroll","background-type":"","background-media":"","overlay-type":"","overlay-color":"","overlay-opacity":"","overlay-gradient":""},"mobile":{"background-color":"var(--ast-global-color-5)","background-image":"","background-repeat":"repeat","background-position":"center center","background-size":"auto","background-attachment":"scroll","background-type":"","background-media":"","overlay-type":"","overlay-color":"","overlay-opacity":"","overlay-gradient":""}}},"product_brand":[],"product_cat":[288,285],"product_tag":[],"class_list":{"0":"post-9099","1":"product","2":"type-product","3":"status-publish","4":"has-post-thumbnail","6":"product_cat-bodystocking","7":"product_cat-lenceria","8":"desktop-align-left","9":"tablet-align-left","10":"mobile-align-left","12":"first","13":"instock","14":"sale","15":"shipping-taxable","16":"purchasable","17":"product-type-simple"},"_links":{"self":[{"href":"https:\/\/chibolita.es\/index.php\/wp-json\/wp\/v2\/product\/9099","targetHints":{"allow":["GET"]}}],"collection":[{"href":"https:\/\/chibolita.es\/index.php\/wp-json\/wp\/v2\/product"}],"about":[{"href":"https:\/\/chibolita.es\/index.php\/wp-json\/wp\/v2\/types\/product"}],"replies":[{"embeddable":true,"href":"https:\/\/chibolita.es\/index.php\/wp-json\/wp\/v2\/comments?post=9099"}],"wp:featuredmedia":[{"embeddable":true,"href":"https:\/\/chibolita.es\/index.php\/wp-json\/wp\/v2\/media\/9105"}],"wp:attachment":[{"href":"https:\/\/chibolita.es\/index.php\/wp-json\/wp\/v2\/media?parent=9099"}],"wp:term":[{"taxonomy":"product_brand","embeddable":true,"href":"https:\/\/chibolita.es\/index.php\/wp-json\/wp\/v2\/product_brand?post=9099"},{"taxonomy":"product_cat","embeddable":true,"href":"https:\/\/chibolita.es\/index.php\/wp-json\/wp\/v2\/product_cat?post=9099"},{"taxonomy":"product_tag","embeddable":true,"href":"https:\/\/chibolita.es\/index.php\/wp-json\/wp\/v2\/product_tag?post=9099"}],"curies":[{"name":"wp","href":"https:\/\/api.w.org\/{rel}","templated":true}]}}