{"id":9092,"date":"2024-04-08T20:29:42","date_gmt":"2024-04-08T20:29:42","guid":{"rendered":"https:\/\/chibolita.es\/?post_type=product&#038;p=9092"},"modified":"2024-04-08T20:29:42","modified_gmt":"2024-04-08T20:29:42","slug":"leg-avenue-body-cuello-alto-encaje","status":"publish","type":"product","link":"https:\/\/chibolita.es\/index.php\/product\/leg-avenue-body-cuello-alto-encaje\/","title":{"rendered":"LEG AVENUE &#8211; BODY CUELLO ALTO ENCAJE"},"content":{"rendered":"<p>Presentamos nuestro body de encaje con cuello alto y abertura en la espalda de red, confeccionado con una mezcla de delicado encaje y sensual tela de rejilla.\u00a0Con elegantes mangas largas y una llamativa abertura en la espalda, combinado con un atrevido dise\u00f1o de tanga, este body ofrece una apariencia simplemente irresistible.<\/p>\n<p>El body de encaje con cuello alto y espalda de red con abertura es una prenda elegante y seductora que combina elementos de delicadeza y sensualidad. El encaje, con su intrincado dise\u00f1o, agrega un toque de sofisticaci\u00f3n y feminidad, mientras que el cuello alto proporciona un aspecto elegante y refinado.<\/p>\n<p>La espalda de red con abertura a\u00f1ade un toque atrevido y provocativo al dise\u00f1o, permitiendo que la piel se vea sutilmente a trav\u00e9s de la red y creando un efecto visualmente atractivo. La abertura en la espalda agrega un elemento de sorpresa y coqueter\u00eda, agregando un detalle interesante a la prenda.<\/p>\n<p>Este tipo de body es perfecto para ocasiones especiales en las que se busca un look sensual y elegante, como una cita rom\u00e1ntica o una noche en la ciudad. Combinado con una falda o pantalones ajustados, este body seguramente har\u00e1 que te sientas segura y deslumbrante.<\/p>\n<p>&nbsp;<\/p>\n<p><u><strong>CARACTERISTICAS:<\/strong><\/u><\/p>\n<ul>\n<li>Talla unica<\/li>\n<li>Composicion: 92% Nailon 8% Elastano<\/li>\n<li>El paquete incluye: Body<\/li>\n<li>Tanga espalda<\/li>\n<li>Frente hundido en V profunda<\/li>\n<li>Red de pesca y encaje que abrazan las curvas<\/li>\n<li>Lavar a mano con agua fr\u00eda, usar lej\u00eda sin cloro cuando sea necesario, secar en plano, no planchar.<\/li>\n<\/ul>\n<p><strong>Leg Avenue<\/strong>\u00a0tiene los productos que estabas buscando comprometi\u00e9ndose a ofrecer a los clientes productos innovadores, precios competitivos y una gran satisfacci\u00f3n, reci\u00e9n llegados desde el distrito m\u00e1s fashion de Los \u00c1ngeles. Nadie lo hace m\u00e1s sexy!!<\/p>\n","protected":false},"excerpt":{"rendered":"<p>Presentamos nuestro body de encaje con cuello alto y abertura en la espalda de red, confeccionado con una mezcla de delicado encaje y sensual tela de rejilla.\u00a0Con elegantes mangas largas y una llamativa abertura en la espalda, combinado con un atrevido dise\u00f1o de tanga, este body ofrece una apariencia simplemente irresistible. El body de encaje [&hellip;]<\/p>\n","protected":false},"featured_media":9098,"comment_status":"open","ping_status":"closed","template":"","meta":{"_eb_attr":"","site-sidebar-layout":"default","site-content-layout":"","ast-site-content-layout":"default","site-content-style":"default","site-sidebar-style":"default","ast-global-header-display":"","ast-banner-title-visibility":"","ast-main-header-display":"","ast-hfb-above-header-display":"","ast-hfb-below-header-display":"","ast-hfb-mobile-header-display":"","site-post-title":"","ast-breadcrumbs-content":"","ast-featured-img":"","footer-sml-layout":"","ast-disable-related-posts":"","theme-transparent-header-meta":"default","adv-header-id-meta":"","stick-header-meta":"","header-above-stick-meta":"","header-main-stick-meta":"","header-below-stick-meta":"","astra-migrate-meta-layouts":"set","ast-page-background-enabled":"default","ast-page-background-meta":{"desktop":{"background-color":"var(--ast-global-color-4)","background-image":"","background-repeat":"repeat","background-position":"center center","background-size":"auto","background-attachment":"scroll","background-type":"","background-media":"","overlay-type":"","overlay-color":"","overlay-opacity":"","overlay-gradient":""},"tablet":{"background-color":"","background-image":"","background-repeat":"repeat","background-position":"center center","background-size":"auto","background-attachment":"scroll","background-type":"","background-media":"","overlay-type":"","overlay-color":"","overlay-opacity":"","overlay-gradient":""},"mobile":{"background-color":"","background-image":"","background-repeat":"repeat","background-position":"center center","background-size":"auto","background-attachment":"scroll","background-type":"","background-media":"","overlay-type":"","overlay-color":"","overlay-opacity":"","overlay-gradient":""}},"ast-content-background-meta":{"desktop":{"background-color":"var(--ast-global-color-5)","background-image":"","background-repeat":"repeat","background-position":"center center","background-size":"auto","background-attachment":"scroll","background-type":"","background-media":"","overlay-type":"","overlay-color":"","overlay-opacity":"","overlay-gradient":""},"tablet":{"background-color":"var(--ast-global-color-5)","background-image":"","background-repeat":"repeat","background-position":"center center","background-size":"auto","background-attachment":"scroll","background-type":"","background-media":"","overlay-type":"","overlay-color":"","overlay-opacity":"","overlay-gradient":""},"mobile":{"background-color":"var(--ast-global-color-5)","background-image":"","background-repeat":"repeat","background-position":"center center","background-size":"auto","background-attachment":"scroll","background-type":"","background-media":"","overlay-type":"","overlay-color":"","overlay-opacity":"","overlay-gradient":""}}},"product_brand":[],"product_cat":[288,285],"product_tag":[],"class_list":{"0":"post-9092","1":"product","2":"type-product","3":"status-publish","4":"has-post-thumbnail","6":"product_cat-bodystocking","7":"product_cat-lenceria","8":"desktop-align-left","9":"tablet-align-left","10":"mobile-align-left","12":"first","13":"instock","14":"sale","15":"shipping-taxable","16":"purchasable","17":"product-type-simple"},"_links":{"self":[{"href":"https:\/\/chibolita.es\/index.php\/wp-json\/wp\/v2\/product\/9092","targetHints":{"allow":["GET"]}}],"collection":[{"href":"https:\/\/chibolita.es\/index.php\/wp-json\/wp\/v2\/product"}],"about":[{"href":"https:\/\/chibolita.es\/index.php\/wp-json\/wp\/v2\/types\/product"}],"replies":[{"embeddable":true,"href":"https:\/\/chibolita.es\/index.php\/wp-json\/wp\/v2\/comments?post=9092"}],"wp:featuredmedia":[{"embeddable":true,"href":"https:\/\/chibolita.es\/index.php\/wp-json\/wp\/v2\/media\/9098"}],"wp:attachment":[{"href":"https:\/\/chibolita.es\/index.php\/wp-json\/wp\/v2\/media?parent=9092"}],"wp:term":[{"taxonomy":"product_brand","embeddable":true,"href":"https:\/\/chibolita.es\/index.php\/wp-json\/wp\/v2\/product_brand?post=9092"},{"taxonomy":"product_cat","embeddable":true,"href":"https:\/\/chibolita.es\/index.php\/wp-json\/wp\/v2\/product_cat?post=9092"},{"taxonomy":"product_tag","embeddable":true,"href":"https:\/\/chibolita.es\/index.php\/wp-json\/wp\/v2\/product_tag?post=9092"}],"curies":[{"name":"wp","href":"https:\/\/api.w.org\/{rel}","templated":true}]}}