{"id":9083,"date":"2024-04-08T20:21:58","date_gmt":"2024-04-08T20:21:58","guid":{"rendered":"https:\/\/chibolita.es\/?post_type=product&#038;p=9083"},"modified":"2024-04-08T20:22:13","modified_gmt":"2024-04-08T20:22:13","slug":"leg-avenue-arnes-sujetador-liga-perla-s","status":"publish","type":"product","link":"https:\/\/chibolita.es\/index.php\/product\/leg-avenue-arnes-sujetador-liga-perla-s\/","title":{"rendered":"LEG AVENUE &#8211; ARNES SUJETADOR &#038; LIGA PERLA S"},"content":{"rendered":"<p>Realce su encanto con nuestro arn\u00e9s halter de 2 piezas, adornado con perlas artificiales y una pieza central con junta t\u00f3rica.\u00a0Hecho de cuero vegano \u00e9tico, es a la vez moderno y adaptable.\u00a0El estilo convertible te da la opci\u00f3n de usarlo con o sin la braga desmontable, mostrando atractivos hilos de perlas.\u00a0Deja que tu gracia interior brille y abraza un toque de refinamiento en cada ocasi\u00f3n.<\/p>\n<p>Eleva tu atractivo con nuestro arn\u00e9s halter de 2 piezas, adornado con perlas artificiales y un detalle de junta t\u00f3rica.\u00a0Confeccionado con cuero vegano libre de crueldad animal, es tan vers\u00e1til como elegante.\u00a0El dise\u00f1o convertible te permite usarlo con o sin la braga desmontable, que presenta atractivos hilos de perlas.\u00a0Libera tu elegancia interior y abraza un toque de sofisticaci\u00f3n en cada momento.\u00a0la tanga no est\u00e1 incluida.<\/p>\n<p>&nbsp;<\/p>\n<p><u><strong>CARACTERISTICAS:<\/strong><\/u><\/p>\n<ul>\n<li>Talla: S<\/li>\n<li>Composicion: Cuero vegano<\/li>\n<li>El paquete incluye: Top halter, arn\u00e9s a tope<\/li>\n<li>Tanga no incluida.<\/li>\n<li>Detalles en oro rosa<\/li>\n<li>Correas desmontables<\/li>\n<li>Detalles de la junta t\u00f3rica<\/li>\n<li>Para mantener su arn\u00e9s con el mejor aspecto, l\u00edmpielo suavemente con un pa\u00f1o h\u00famedo y s\u00e9quelo al aire.<\/li>\n<\/ul>\n<p><strong>Leg Avenue<\/strong>\u00a0tiene los productos que estabas buscando comprometi\u00e9ndose a ofrecer a los clientes productos innovadores, precios competitivos y una gran satisfacci\u00f3n, reci\u00e9n llegados desde el distrito m\u00e1s fashion de Los \u00c1ngeles. Nadie lo hace m\u00e1s sexy!!<\/p>\n","protected":false},"excerpt":{"rendered":"<p>Realce su encanto con nuestro arn\u00e9s halter de 2 piezas, adornado con perlas artificiales y una pieza central con junta t\u00f3rica.\u00a0Hecho de cuero vegano \u00e9tico, es a la vez moderno y adaptable.\u00a0El estilo convertible te da la opci\u00f3n de usarlo con o sin la braga desmontable, mostrando atractivos hilos de perlas.\u00a0Deja que tu gracia interior [&hellip;]<\/p>\n","protected":false},"featured_media":9081,"comment_status":"open","ping_status":"closed","template":"","meta":{"_eb_attr":"","site-sidebar-layout":"default","site-content-layout":"","ast-site-content-layout":"default","site-content-style":"default","site-sidebar-style":"default","ast-global-header-display":"","ast-banner-title-visibility":"","ast-main-header-display":"","ast-hfb-above-header-display":"","ast-hfb-below-header-display":"","ast-hfb-mobile-header-display":"","site-post-title":"","ast-breadcrumbs-content":"","ast-featured-img":"","footer-sml-layout":"","ast-disable-related-posts":"","theme-transparent-header-meta":"default","adv-header-id-meta":"","stick-header-meta":"","header-above-stick-meta":"","header-main-stick-meta":"","header-below-stick-meta":"","astra-migrate-meta-layouts":"set","ast-page-background-enabled":"default","ast-page-background-meta":{"desktop":{"background-color":"var(--ast-global-color-4)","background-image":"","background-repeat":"repeat","background-position":"center center","background-size":"auto","background-attachment":"scroll","background-type":"","background-media":"","overlay-type":"","overlay-color":"","overlay-opacity":"","overlay-gradient":""},"tablet":{"background-color":"","background-image":"","background-repeat":"repeat","background-position":"center center","background-size":"auto","background-attachment":"scroll","background-type":"","background-media":"","overlay-type":"","overlay-color":"","overlay-opacity":"","overlay-gradient":""},"mobile":{"background-color":"","background-image":"","background-repeat":"repeat","background-position":"center center","background-size":"auto","background-attachment":"scroll","background-type":"","background-media":"","overlay-type":"","overlay-color":"","overlay-opacity":"","overlay-gradient":""}},"ast-content-background-meta":{"desktop":{"background-color":"var(--ast-global-color-5)","background-image":"","background-repeat":"repeat","background-position":"center center","background-size":"auto","background-attachment":"scroll","background-type":"","background-media":"","overlay-type":"","overlay-color":"","overlay-opacity":"","overlay-gradient":""},"tablet":{"background-color":"var(--ast-global-color-5)","background-image":"","background-repeat":"repeat","background-position":"center center","background-size":"auto","background-attachment":"scroll","background-type":"","background-media":"","overlay-type":"","overlay-color":"","overlay-opacity":"","overlay-gradient":""},"mobile":{"background-color":"var(--ast-global-color-5)","background-image":"","background-repeat":"repeat","background-position":"center center","background-size":"auto","background-attachment":"scroll","background-type":"","background-media":"","overlay-type":"","overlay-color":"","overlay-opacity":"","overlay-gradient":""}}},"product_brand":[],"product_cat":[289,285,286],"product_tag":[],"class_list":{"0":"post-9083","1":"product","2":"type-product","3":"status-publish","4":"has-post-thumbnail","6":"product_cat-conjuntos-varias-piezas","7":"product_cat-lenceria","8":"product_cat-sujetadores","9":"desktop-align-left","10":"tablet-align-left","11":"mobile-align-left","13":"first","14":"instock","15":"sale","16":"shipping-taxable","17":"purchasable","18":"product-type-simple"},"_links":{"self":[{"href":"https:\/\/chibolita.es\/index.php\/wp-json\/wp\/v2\/product\/9083","targetHints":{"allow":["GET"]}}],"collection":[{"href":"https:\/\/chibolita.es\/index.php\/wp-json\/wp\/v2\/product"}],"about":[{"href":"https:\/\/chibolita.es\/index.php\/wp-json\/wp\/v2\/types\/product"}],"replies":[{"embeddable":true,"href":"https:\/\/chibolita.es\/index.php\/wp-json\/wp\/v2\/comments?post=9083"}],"wp:featuredmedia":[{"embeddable":true,"href":"https:\/\/chibolita.es\/index.php\/wp-json\/wp\/v2\/media\/9081"}],"wp:attachment":[{"href":"https:\/\/chibolita.es\/index.php\/wp-json\/wp\/v2\/media?parent=9083"}],"wp:term":[{"taxonomy":"product_brand","embeddable":true,"href":"https:\/\/chibolita.es\/index.php\/wp-json\/wp\/v2\/product_brand?post=9083"},{"taxonomy":"product_cat","embeddable":true,"href":"https:\/\/chibolita.es\/index.php\/wp-json\/wp\/v2\/product_cat?post=9083"},{"taxonomy":"product_tag","embeddable":true,"href":"https:\/\/chibolita.es\/index.php\/wp-json\/wp\/v2\/product_tag?post=9083"}],"curies":[{"name":"wp","href":"https:\/\/api.w.org\/{rel}","templated":true}]}}