{"id":9016,"date":"2024-03-01T20:43:05","date_gmt":"2024-03-01T20:43:05","guid":{"rendered":"https:\/\/chibolita.es\/?post_type=product&#038;p=9016"},"modified":"2024-03-01T20:43:05","modified_gmt":"2024-03-01T20:43:05","slug":"intt-gel-efecto-vibrador-unisex-algodon-de-azucar-15-ml","status":"publish","type":"product","link":"https:\/\/chibolita.es\/index.php\/product\/intt-gel-efecto-vibrador-unisex-algodon-de-azucar-15-ml\/","title":{"rendered":"INTT &#8211; GEL EFECTO VIBRADOR UNISEX ALGODON DE AZUCAR 15 ML"},"content":{"rendered":"<div id=\"contenido_textos_avanzados_pestanyas\" class=\"desktop\">\n<div id=\"div_textos_avanzados_pestanyas_descripcion_larga\" class=\"pestanyaCliente descripcionLarga\">\n<p>Gel excitante con propiedades de plantas de la Amazon\u00eda y con delicioso aroma de algod\u00f3n de az\u00facar, que puede promover un efecto intenso de vibraci\u00f3n, pulsaci\u00f3n y calentamiento, permitiendo orgasmos m\u00e1s intensos y sensaciones nunca antes exploradas. Producto desarrollado para \u00e9l\/ella.<\/p>\n<p>&nbsp;<\/p>\n<p><u><strong>MODO DE EMPLEO<\/strong><\/u>: aplicar una peque\u00f1a cantidad en la regi\u00f3n \u00edntima y masajear ligeramente.\u00a0Proporciona efectos de hormigueo, pulsaciones y calentamiento durante m\u00e1s de 30 minutos. Producto unisex.<\/p>\n<p><u><strong>INGREDIENTES<\/strong><\/u>: Agua, Glicerina, Hidroxietilcelulosa, Aroma (Aroma), Extracto de Acmella Oleacera, Sacarina de Sodio, Benzoato de Sodio, BHT, Vanilil Butil \u00c9ter, CI 14700, CI 19140.<\/p>\n<p><u><strong>PRECAUCIONES<\/strong><\/u>: mantener fuera\u00a0del alcance de los ni\u00f1os y alejado de la luz y el calor. En caso de irritaci\u00f3n, suspenda su\u00a0uso y busque atenci\u00f3n m\u00e9dica. USO EXTERNO.<\/p>\n<\/div>\n<\/div>\n<div class=\"datosProducto\">\n<div class=\"fichaMarca\"><\/div>\n<\/div>\n","protected":false},"excerpt":{"rendered":"<p>Gel excitante con propiedades de plantas de la Amazon\u00eda y con delicioso aroma de algod\u00f3n de az\u00facar, que puede promover un efecto intenso de vibraci\u00f3n, pulsaci\u00f3n y calentamiento, permitiendo orgasmos m\u00e1s intensos y sensaciones nunca antes exploradas. Producto desarrollado para \u00e9l\/ella. &nbsp; MODO DE EMPLEO: aplicar una peque\u00f1a cantidad en la regi\u00f3n \u00edntima y masajear [&hellip;]<\/p>\n","protected":false},"featured_media":9017,"comment_status":"open","ping_status":"closed","template":"","meta":{"_eb_attr":"","site-sidebar-layout":"default","site-content-layout":"","ast-site-content-layout":"default","site-content-style":"default","site-sidebar-style":"default","ast-global-header-display":"","ast-banner-title-visibility":"","ast-main-header-display":"","ast-hfb-above-header-display":"","ast-hfb-below-header-display":"","ast-hfb-mobile-header-display":"","site-post-title":"","ast-breadcrumbs-content":"","ast-featured-img":"","footer-sml-layout":"","ast-disable-related-posts":"","theme-transparent-header-meta":"default","adv-header-id-meta":"","stick-header-meta":"","header-above-stick-meta":"","header-main-stick-meta":"","header-below-stick-meta":"","astra-migrate-meta-layouts":"set","ast-page-background-enabled":"default","ast-page-background-meta":{"desktop":{"background-color":"var(--ast-global-color-4)","background-image":"","background-repeat":"repeat","background-position":"center center","background-size":"auto","background-attachment":"scroll","background-type":"","background-media":"","overlay-type":"","overlay-color":"","overlay-opacity":"","overlay-gradient":""},"tablet":{"background-color":"","background-image":"","background-repeat":"repeat","background-position":"center center","background-size":"auto","background-attachment":"scroll","background-type":"","background-media":"","overlay-type":"","overlay-color":"","overlay-opacity":"","overlay-gradient":""},"mobile":{"background-color":"","background-image":"","background-repeat":"repeat","background-position":"center center","background-size":"auto","background-attachment":"scroll","background-type":"","background-media":"","overlay-type":"","overlay-color":"","overlay-opacity":"","overlay-gradient":""}},"ast-content-background-meta":{"desktop":{"background-color":"var(--ast-global-color-5)","background-image":"","background-repeat":"repeat","background-position":"center center","background-size":"auto","background-attachment":"scroll","background-type":"","background-media":"","overlay-type":"","overlay-color":"","overlay-opacity":"","overlay-gradient":""},"tablet":{"background-color":"var(--ast-global-color-5)","background-image":"","background-repeat":"repeat","background-position":"center center","background-size":"auto","background-attachment":"scroll","background-type":"","background-media":"","overlay-type":"","overlay-color":"","overlay-opacity":"","overlay-gradient":""},"mobile":{"background-color":"var(--ast-global-color-5)","background-image":"","background-repeat":"repeat","background-position":"center center","background-size":"auto","background-attachment":"scroll","background-type":"","background-media":"","overlay-type":"","overlay-color":"","overlay-opacity":"","overlay-gradient":""}}},"product_brand":[],"product_cat":[257,296],"product_tag":[],"class_list":{"0":"post-9016","1":"product","2":"type-product","3":"status-publish","4":"has-post-thumbnail","6":"product_cat-lubricantes","7":"product_cat-novedades","8":"desktop-align-left","9":"tablet-align-left","10":"mobile-align-left","12":"first","13":"instock","14":"sale","15":"shipping-taxable","16":"purchasable","17":"product-type-simple"},"_links":{"self":[{"href":"https:\/\/chibolita.es\/index.php\/wp-json\/wp\/v2\/product\/9016","targetHints":{"allow":["GET"]}}],"collection":[{"href":"https:\/\/chibolita.es\/index.php\/wp-json\/wp\/v2\/product"}],"about":[{"href":"https:\/\/chibolita.es\/index.php\/wp-json\/wp\/v2\/types\/product"}],"replies":[{"embeddable":true,"href":"https:\/\/chibolita.es\/index.php\/wp-json\/wp\/v2\/comments?post=9016"}],"wp:featuredmedia":[{"embeddable":true,"href":"https:\/\/chibolita.es\/index.php\/wp-json\/wp\/v2\/media\/9017"}],"wp:attachment":[{"href":"https:\/\/chibolita.es\/index.php\/wp-json\/wp\/v2\/media?parent=9016"}],"wp:term":[{"taxonomy":"product_brand","embeddable":true,"href":"https:\/\/chibolita.es\/index.php\/wp-json\/wp\/v2\/product_brand?post=9016"},{"taxonomy":"product_cat","embeddable":true,"href":"https:\/\/chibolita.es\/index.php\/wp-json\/wp\/v2\/product_cat?post=9016"},{"taxonomy":"product_tag","embeddable":true,"href":"https:\/\/chibolita.es\/index.php\/wp-json\/wp\/v2\/product_tag?post=9016"}],"curies":[{"name":"wp","href":"https:\/\/api.w.org\/{rel}","templated":true}]}}