{"id":8965,"date":"2024-01-24T14:24:12","date_gmt":"2024-01-24T14:24:12","guid":{"rendered":"https:\/\/chibolita.es\/?post_type=product&#038;p=8965"},"modified":"2024-01-24T14:24:12","modified_gmt":"2024-01-24T14:24:12","slug":"lelo-hugo-2-masajeador-de-prostata-control-remoto-verde","status":"publish","type":"product","link":"https:\/\/chibolita.es\/index.php\/product\/lelo-hugo-2-masajeador-de-prostata-control-remoto-verde\/","title":{"rendered":"LELO &#8211; HUGO 2 MASAJEADOR DE PROSTATA CONTROL REMOTO VERDE"},"content":{"rendered":"<p><strong>HUGO\u2122 2 Remote<\/strong>\u00a0es un masajeador de pr\u00f3stata mejorado con mando a distancia ideal para parejas atrevidas o lobos solitarios que busquen un enfoque sensacional para llegar al orgasmo. Su dise\u00f1o actualizado se adapta perfectamente a cualquier tipo de cuerpo, mientras que su potencia adicional permite que el placer sea todav\u00eda m\u00e1s intenso.\u00a0<strong>HUGO\u2122 2 Remote<\/strong>\u00a0cuenta con una bater\u00eda m\u00e1s duradera, m\u00e1s modos y una gama m\u00e1s amplia de intensidades.<\/p>\n<ul>\n<li><u>8 POTENTES MODOS DE PLACER<\/u>: HUGO\u2122 2 Remote cuenta con una bater\u00eda m\u00e1s duradera, m\u00e1s modos y una gama m\u00e1s amplia de intensidades.<\/li>\n<li><u>TECNOLOG\u00cdA SENSEMOTION<\/u>:\u00a0<strong>SenseMotion\u2122<\/strong>, que cuenta con dos modos distintos, te permite subir de nivel la vibraci\u00f3n inclinando el mando a distancia o movi\u00e9ndolo en cualquier direcci\u00f3n.<\/li>\n<li><u>DOS MOTORES PARA EL DOBLE DE PLACER<\/u>: Dos motores que se encuentran en la base y en la punta para lograr el doble de placer.<\/li>\n<\/ul>\n<p>&nbsp;<\/p>\n<p><u><strong>CARACTERISTICAS:<\/strong><\/u><\/p>\n<ul>\n<li>Materiales: Silicona biocompatible y pl\u00e1stico ABS<\/li>\n<li>Tama\u00f1o: 107\u00a0x 41\u00a0x 104\u00a0mm<\/li>\n<li>Longitud insertable: 72 mm<\/li>\n<li>Peso: 151\u00a0g<\/li>\n<li>Bater\u00eda: Li-ion 420 mAh 3.7 V<\/li>\n<li>Motor de vibraci\u00f3n 1: 130 Hz<\/li>\n<li>Motor de vibraci\u00f3n 2: 108 Hz<\/li>\n<li>Nivel m\u00e1x. de ruido: &lt;60 dB<\/li>\n<li>Color: Verde \/ Negro<\/li>\n<\/ul>\n<p><u><strong>Mando a distancia<\/strong><\/u><\/p>\n<ul>\n<li>Materiales: Silicona biocompatible y pl\u00e1stico ABS<\/li>\n<li>Tama\u00f1o: 64 x 26 x 64 mm<\/li>\n<li>Peso: 30 g<\/li>\n<li>Pilas: 2 AAA<\/li>\n<\/ul>\n","protected":false},"excerpt":{"rendered":"<p>HUGO\u2122 2 Remote\u00a0es un masajeador de pr\u00f3stata mejorado con mando a distancia ideal para parejas atrevidas o lobos solitarios que busquen un enfoque sensacional para llegar al orgasmo. Su dise\u00f1o actualizado se adapta perfectamente a cualquier tipo de cuerpo, mientras que su potencia adicional permite que el placer sea todav\u00eda m\u00e1s intenso.\u00a0HUGO\u2122 2 Remote\u00a0cuenta con [&hellip;]<\/p>\n","protected":false},"featured_media":8969,"comment_status":"open","ping_status":"closed","template":"","meta":{"_eb_attr":"","site-sidebar-layout":"default","site-content-layout":"default","ast-site-content-layout":"default","site-content-style":"default","site-sidebar-style":"default","ast-global-header-display":"","ast-banner-title-visibility":"","ast-main-header-display":"","ast-hfb-above-header-display":"","ast-hfb-below-header-display":"","ast-hfb-mobile-header-display":"","site-post-title":"","ast-breadcrumbs-content":"","ast-featured-img":"","footer-sml-layout":"","ast-disable-related-posts":"","theme-transparent-header-meta":"default","adv-header-id-meta":"","stick-header-meta":"","header-above-stick-meta":"","header-main-stick-meta":"","header-below-stick-meta":"","astra-migrate-meta-layouts":"default","ast-page-background-enabled":"default","ast-page-background-meta":{"desktop":{"background-color":"var(--ast-global-color-4)","background-image":"","background-repeat":"repeat","background-position":"center center","background-size":"auto","background-attachment":"scroll","background-type":"","background-media":"","overlay-type":"","overlay-color":"","overlay-opacity":"","overlay-gradient":""},"tablet":{"background-color":"","background-image":"","background-repeat":"repeat","background-position":"center center","background-size":"auto","background-attachment":"scroll","background-type":"","background-media":"","overlay-type":"","overlay-color":"","overlay-opacity":"","overlay-gradient":""},"mobile":{"background-color":"","background-image":"","background-repeat":"repeat","background-position":"center center","background-size":"auto","background-attachment":"scroll","background-type":"","background-media":"","overlay-type":"","overlay-color":"","overlay-opacity":"","overlay-gradient":""}},"ast-content-background-meta":{"desktop":{"background-color":"var(--ast-global-color-5)","background-image":"","background-repeat":"repeat","background-position":"center center","background-size":"auto","background-attachment":"scroll","background-type":"","background-media":"","overlay-type":"","overlay-color":"","overlay-opacity":"","overlay-gradient":""},"tablet":{"background-color":"var(--ast-global-color-5)","background-image":"","background-repeat":"repeat","background-position":"center center","background-size":"auto","background-attachment":"scroll","background-type":"","background-media":"","overlay-type":"","overlay-color":"","overlay-opacity":"","overlay-gradient":""},"mobile":{"background-color":"var(--ast-global-color-5)","background-image":"","background-repeat":"repeat","background-position":"center center","background-size":"auto","background-attachment":"scroll","background-type":"","background-media":"","overlay-type":"","overlay-color":"","overlay-opacity":"","overlay-gradient":""}}},"product_brand":[],"product_cat":[273,296,268,15],"product_tag":[],"class_list":{"0":"post-8965","1":"product","2":"type-product","3":"status-publish","4":"has-post-thumbnail","6":"product_cat-juguetes-para-hombres","7":"product_cat-novedades","8":"product_cat-special-gay","9":"product_cat-uncategorized","10":"desktop-align-left","11":"tablet-align-left","12":"mobile-align-left","14":"first","15":"instock","16":"sale","17":"shipping-taxable","18":"purchasable","19":"product-type-simple"},"_links":{"self":[{"href":"https:\/\/chibolita.es\/index.php\/wp-json\/wp\/v2\/product\/8965","targetHints":{"allow":["GET"]}}],"collection":[{"href":"https:\/\/chibolita.es\/index.php\/wp-json\/wp\/v2\/product"}],"about":[{"href":"https:\/\/chibolita.es\/index.php\/wp-json\/wp\/v2\/types\/product"}],"replies":[{"embeddable":true,"href":"https:\/\/chibolita.es\/index.php\/wp-json\/wp\/v2\/comments?post=8965"}],"wp:featuredmedia":[{"embeddable":true,"href":"https:\/\/chibolita.es\/index.php\/wp-json\/wp\/v2\/media\/8969"}],"wp:attachment":[{"href":"https:\/\/chibolita.es\/index.php\/wp-json\/wp\/v2\/media?parent=8965"}],"wp:term":[{"taxonomy":"product_brand","embeddable":true,"href":"https:\/\/chibolita.es\/index.php\/wp-json\/wp\/v2\/product_brand?post=8965"},{"taxonomy":"product_cat","embeddable":true,"href":"https:\/\/chibolita.es\/index.php\/wp-json\/wp\/v2\/product_cat?post=8965"},{"taxonomy":"product_tag","embeddable":true,"href":"https:\/\/chibolita.es\/index.php\/wp-json\/wp\/v2\/product_tag?post=8965"}],"curies":[{"name":"wp","href":"https:\/\/api.w.org\/{rel}","templated":true}]}}