{"id":8954,"date":"2024-01-23T20:13:58","date_gmt":"2024-01-23T20:13:58","guid":{"rendered":"https:\/\/chibolita.es\/?post_type=product&#038;p=8954"},"modified":"2024-01-23T20:14:10","modified_gmt":"2024-01-23T20:14:10","slug":"leg-avenue-body-crotchless-con-brillo-negro","status":"publish","type":"product","link":"https:\/\/chibolita.es\/index.php\/product\/leg-avenue-body-crotchless-con-brillo-negro\/","title":{"rendered":"LEG AVENUE &#8211; BODY CROTCHLESS CON BRILLO NEGRO"},"content":{"rendered":"<p>Descubre la fusi\u00f3n de lujo y sensualidad con nuestro deslumbrante body sin entrepierna de rejilla, adornado con exquisitos diamantes de imitaci\u00f3n que a\u00f1aden un toque de brillo deslumbrante. Este dise\u00f1o cautivador combina la transparencia provocativa de la rejilla con la elegancia atemporal de la pedrer\u00eda, creando una pieza \u00fanica que eleva tu feminidad con un toque de glamour y estilo audaz.<\/p>\n<p>Cada detalle de este body ha sido cuidadosamente confeccionado para resaltar tus curvas de manera seductora, mientras que los diamantes de imitaci\u00f3n agregan un brillo espectacular que captura la luz y a\u00f1ade un toque lujoso a tu presencia. La ausencia de entrepierna agrega un elemento de intriga y sensualidad, haciendo de este body la elecci\u00f3n perfecta para momentos especiales.<\/p>\n<p>Este body es m\u00e1s que una prenda de lencer\u00eda; es una declaraci\u00f3n de confianza y estilo. Perfecto para ocasiones en las que deseas destacar tu feminidad de manera extraordinaria, te invita a experimentar la magia de la fusi\u00f3n entre la transparencia sensual y el brillo radiante. Descubre la sensaci\u00f3n \u00fanica de llevar un conjunto que no solo resalta tu belleza, sino que tambi\u00e9n agrega un toque de lujo y deslumbramiento a cada momento.<\/p>\n<p><u><strong>CARACTERISTICAS:<\/strong><\/u><\/p>\n<ul>\n<li>Talla unica<\/li>\n<li><u>Composicion<\/u>:\u00a0\u00a092% nailon, 8% elastano.<\/li>\n<li><u>Color\u00a0<\/u>: Negro<\/li>\n<\/ul>\n<p>&nbsp;<\/p>\n<p><strong>Leg Avenue<\/strong>\u00a0tiene los productos que estabas buscando comprometi\u00e9ndose a ofrecer a los clientes productos innovadores, precios competitivos y una gran satisfacci\u00f3n, reci\u00e9n llegados desde el distrito m\u00e1s fashion de Los \u00c1ngeles. Nadie lo hace m\u00e1s sexy!!<\/p>\n","protected":false},"excerpt":{"rendered":"<p>Descubre la fusi\u00f3n de lujo y sensualidad con nuestro deslumbrante body sin entrepierna de rejilla, adornado con exquisitos diamantes de imitaci\u00f3n que a\u00f1aden un toque de brillo deslumbrante. Este dise\u00f1o cautivador combina la transparencia provocativa de la rejilla con la elegancia atemporal de la pedrer\u00eda, creando una pieza \u00fanica que eleva tu feminidad con un [&hellip;]<\/p>\n","protected":false},"featured_media":8958,"comment_status":"open","ping_status":"closed","template":"","meta":{"_eb_attr":"","site-sidebar-layout":"default","site-content-layout":"default","ast-site-content-layout":"default","site-content-style":"default","site-sidebar-style":"default","ast-global-header-display":"","ast-banner-title-visibility":"","ast-main-header-display":"","ast-hfb-above-header-display":"","ast-hfb-below-header-display":"","ast-hfb-mobile-header-display":"","site-post-title":"","ast-breadcrumbs-content":"","ast-featured-img":"","footer-sml-layout":"","ast-disable-related-posts":"","theme-transparent-header-meta":"default","adv-header-id-meta":"","stick-header-meta":"","header-above-stick-meta":"","header-main-stick-meta":"","header-below-stick-meta":"","astra-migrate-meta-layouts":"default","ast-page-background-enabled":"default","ast-page-background-meta":{"desktop":{"background-color":"var(--ast-global-color-4)","background-image":"","background-repeat":"repeat","background-position":"center center","background-size":"auto","background-attachment":"scroll","background-type":"","background-media":"","overlay-type":"","overlay-color":"","overlay-opacity":"","overlay-gradient":""},"tablet":{"background-color":"","background-image":"","background-repeat":"repeat","background-position":"center center","background-size":"auto","background-attachment":"scroll","background-type":"","background-media":"","overlay-type":"","overlay-color":"","overlay-opacity":"","overlay-gradient":""},"mobile":{"background-color":"","background-image":"","background-repeat":"repeat","background-position":"center center","background-size":"auto","background-attachment":"scroll","background-type":"","background-media":"","overlay-type":"","overlay-color":"","overlay-opacity":"","overlay-gradient":""}},"ast-content-background-meta":{"desktop":{"background-color":"var(--ast-global-color-5)","background-image":"","background-repeat":"repeat","background-position":"center center","background-size":"auto","background-attachment":"scroll","background-type":"","background-media":"","overlay-type":"","overlay-color":"","overlay-opacity":"","overlay-gradient":""},"tablet":{"background-color":"var(--ast-global-color-5)","background-image":"","background-repeat":"repeat","background-position":"center center","background-size":"auto","background-attachment":"scroll","background-type":"","background-media":"","overlay-type":"","overlay-color":"","overlay-opacity":"","overlay-gradient":""},"mobile":{"background-color":"var(--ast-global-color-5)","background-image":"","background-repeat":"repeat","background-position":"center center","background-size":"auto","background-attachment":"scroll","background-type":"","background-media":"","overlay-type":"","overlay-color":"","overlay-opacity":"","overlay-gradient":""}}},"product_brand":[],"product_cat":[287,288,285,296],"product_tag":[],"class_list":{"0":"post-8954","1":"product","2":"type-product","3":"status-publish","4":"has-post-thumbnail","6":"product_cat-babydoll","7":"product_cat-bodystocking","8":"product_cat-lenceria","9":"product_cat-novedades","10":"desktop-align-left","11":"tablet-align-left","12":"mobile-align-left","14":"first","15":"instock","16":"sale","17":"shipping-taxable","18":"purchasable","19":"product-type-simple"},"_links":{"self":[{"href":"https:\/\/chibolita.es\/index.php\/wp-json\/wp\/v2\/product\/8954","targetHints":{"allow":["GET"]}}],"collection":[{"href":"https:\/\/chibolita.es\/index.php\/wp-json\/wp\/v2\/product"}],"about":[{"href":"https:\/\/chibolita.es\/index.php\/wp-json\/wp\/v2\/types\/product"}],"replies":[{"embeddable":true,"href":"https:\/\/chibolita.es\/index.php\/wp-json\/wp\/v2\/comments?post=8954"}],"wp:featuredmedia":[{"embeddable":true,"href":"https:\/\/chibolita.es\/index.php\/wp-json\/wp\/v2\/media\/8958"}],"wp:attachment":[{"href":"https:\/\/chibolita.es\/index.php\/wp-json\/wp\/v2\/media?parent=8954"}],"wp:term":[{"taxonomy":"product_brand","embeddable":true,"href":"https:\/\/chibolita.es\/index.php\/wp-json\/wp\/v2\/product_brand?post=8954"},{"taxonomy":"product_cat","embeddable":true,"href":"https:\/\/chibolita.es\/index.php\/wp-json\/wp\/v2\/product_cat?post=8954"},{"taxonomy":"product_tag","embeddable":true,"href":"https:\/\/chibolita.es\/index.php\/wp-json\/wp\/v2\/product_tag?post=8954"}],"curies":[{"name":"wp","href":"https:\/\/api.w.org\/{rel}","templated":true}]}}