{"id":8908,"date":"2024-01-04T22:43:33","date_gmt":"2024-01-04T22:43:33","guid":{"rendered":"https:\/\/chibolita.es\/?post_type=product&#038;p=8908"},"modified":"2024-01-04T22:49:39","modified_gmt":"2024-01-04T22:49:39","slug":"amoreane-liquido-vibrador-frutos-rojos-10-ml","status":"publish","type":"product","link":"https:\/\/chibolita.es\/index.php\/product\/amoreane-liquido-vibrador-frutos-rojos-10-ml\/","title":{"rendered":"AMOREANE &#8211; LIQUIDO VIBRADOR FRUTOS ROJOS 10 ML"},"content":{"rendered":"<p>Descubre la magia de nuestro\u00a0<strong>Amor\u00e9ane\u00a0<\/strong>y sus excitantes propiedades que pueden hacerte sentir vibraci\u00f3n en tus momentos m\u00e1s \u00edntimos gracias a su f\u00f3rmula natural que utiliza extractos activos de plantas de la selva amaz\u00f3nica.<\/p>\n<p>EL gel vibrador\u00a0<strong>Amor\u00e9ane\u00a0<\/strong>se encarga de proporcionar un potente efecto de vibraci\u00f3n sobre la vulva, el pene, o incluso sobre los labios al hacer sexo oral.<\/p>\n<p>Adem\u00e1s, eleva la sensibilidad de la zona, haciendo que tanto las caricias como los orgasmos se sientan de forma m\u00e1s intensa. El poder de las sensaciones vibrantes de este gel estimulador va acompa\u00f1ado de un exquisito sabor a fresa.<\/p>\n<p>Su modo uso es muy sencillo, basta con aplicar una gotita del gel en el cl\u00edtoris, el glande o labios para sexo oral y realizar un peque\u00f1o masaje. A los pocos segundos empezar\u00e1s a sentir un hormigueo que en pocos minutos se transformar\u00e1 en una placentera vibraci\u00f3n.<\/p>\n<p>\u00a1Disfr\u00fatalo! El efecto durar\u00e1 5 minutos aproximadamente.<\/p>\n<p>&nbsp;<\/p>\n<p><u><strong>CARACTERISTICAS:<\/strong><\/u><\/p>\n<ul>\n<li>Sin aceite, no deja residuos y es f\u00e1cil de limpiar.<\/li>\n<li>Lubricante a base de agua.<\/li>\n<li>Libre de parabeno.<\/li>\n<li>Libre de petr\u00f3leo.<\/li>\n<li>No probado en animales.<\/li>\n<li>Compatible con todos tus juguetes sexuales y condones.<\/li>\n<li>Botella bien dise\u00f1ada y f\u00e1cil de usar con pr\u00e1ctico dispensador.<\/li>\n<li>Envases reciclables<\/li>\n<\/ul>\n<p>&nbsp;<\/p>\n<p><u><strong>INGREDIENTES PRINCIPALES:<\/strong><\/u><\/p>\n<ul>\n<li>Extracto de flor\/hoja\/tallo de Jambu<\/li>\n<li>Jugo de aloe vera<\/li>\n<\/ul>\n<p>&nbsp;<\/p>\n<p><u><strong>PESO \/ MEDIDAS:<\/strong><\/u><\/p>\n<ul>\n<li><u>Contenido<\/u>: 10 ml y 0.33\u00a0fl Oz<\/li>\n<\/ul>\n","protected":false},"excerpt":{"rendered":"<p>Descubre la magia de nuestro\u00a0Amor\u00e9ane\u00a0y sus excitantes propiedades que pueden hacerte sentir vibraci\u00f3n en tus momentos m\u00e1s \u00edntimos gracias a su f\u00f3rmula natural que utiliza extractos activos de plantas de la selva amaz\u00f3nica. EL gel vibrador\u00a0Amor\u00e9ane\u00a0se encarga de proporcionar un potente efecto de vibraci\u00f3n sobre la vulva, el pene, o incluso sobre los labios al [&hellip;]<\/p>\n","protected":false},"featured_media":8913,"comment_status":"open","ping_status":"closed","template":"","meta":{"_eb_attr":"","site-sidebar-layout":"default","site-content-layout":"default","ast-site-content-layout":"default","site-content-style":"default","site-sidebar-style":"default","ast-global-header-display":"","ast-banner-title-visibility":"","ast-main-header-display":"","ast-hfb-above-header-display":"","ast-hfb-below-header-display":"","ast-hfb-mobile-header-display":"","site-post-title":"","ast-breadcrumbs-content":"","ast-featured-img":"","footer-sml-layout":"","ast-disable-related-posts":"","theme-transparent-header-meta":"default","adv-header-id-meta":"","stick-header-meta":"","header-above-stick-meta":"","header-main-stick-meta":"","header-below-stick-meta":"","astra-migrate-meta-layouts":"default","ast-page-background-enabled":"default","ast-page-background-meta":{"desktop":{"background-color":"var(--ast-global-color-4)","background-image":"","background-repeat":"repeat","background-position":"center center","background-size":"auto","background-attachment":"scroll","background-type":"","background-media":"","overlay-type":"","overlay-color":"","overlay-opacity":"","overlay-gradient":""},"tablet":{"background-color":"","background-image":"","background-repeat":"repeat","background-position":"center center","background-size":"auto","background-attachment":"scroll","background-type":"","background-media":"","overlay-type":"","overlay-color":"","overlay-opacity":"","overlay-gradient":""},"mobile":{"background-color":"","background-image":"","background-repeat":"repeat","background-position":"center center","background-size":"auto","background-attachment":"scroll","background-type":"","background-media":"","overlay-type":"","overlay-color":"","overlay-opacity":"","overlay-gradient":""}},"ast-content-background-meta":{"desktop":{"background-color":"var(--ast-global-color-5)","background-image":"","background-repeat":"repeat","background-position":"center center","background-size":"auto","background-attachment":"scroll","background-type":"","background-media":"","overlay-type":"","overlay-color":"","overlay-opacity":"","overlay-gradient":""},"tablet":{"background-color":"var(--ast-global-color-5)","background-image":"","background-repeat":"repeat","background-position":"center center","background-size":"auto","background-attachment":"scroll","background-type":"","background-media":"","overlay-type":"","overlay-color":"","overlay-opacity":"","overlay-gradient":""},"mobile":{"background-color":"var(--ast-global-color-5)","background-image":"","background-repeat":"repeat","background-position":"center center","background-size":"auto","background-attachment":"scroll","background-type":"","background-media":"","overlay-type":"","overlay-color":"","overlay-opacity":"","overlay-gradient":""}}},"product_brand":[],"product_cat":[296,281],"product_tag":[],"class_list":{"0":"post-8908","1":"product","2":"type-product","3":"status-publish","4":"has-post-thumbnail","6":"product_cat-novedades","7":"product_cat-sexo-oral","8":"desktop-align-left","9":"tablet-align-left","10":"mobile-align-left","12":"first","13":"instock","14":"shipping-taxable","15":"purchasable","16":"product-type-simple"},"_links":{"self":[{"href":"https:\/\/chibolita.es\/index.php\/wp-json\/wp\/v2\/product\/8908","targetHints":{"allow":["GET"]}}],"collection":[{"href":"https:\/\/chibolita.es\/index.php\/wp-json\/wp\/v2\/product"}],"about":[{"href":"https:\/\/chibolita.es\/index.php\/wp-json\/wp\/v2\/types\/product"}],"replies":[{"embeddable":true,"href":"https:\/\/chibolita.es\/index.php\/wp-json\/wp\/v2\/comments?post=8908"}],"wp:featuredmedia":[{"embeddable":true,"href":"https:\/\/chibolita.es\/index.php\/wp-json\/wp\/v2\/media\/8913"}],"wp:attachment":[{"href":"https:\/\/chibolita.es\/index.php\/wp-json\/wp\/v2\/media?parent=8908"}],"wp:term":[{"taxonomy":"product_brand","embeddable":true,"href":"https:\/\/chibolita.es\/index.php\/wp-json\/wp\/v2\/product_brand?post=8908"},{"taxonomy":"product_cat","embeddable":true,"href":"https:\/\/chibolita.es\/index.php\/wp-json\/wp\/v2\/product_cat?post=8908"},{"taxonomy":"product_tag","embeddable":true,"href":"https:\/\/chibolita.es\/index.php\/wp-json\/wp\/v2\/product_tag?post=8908"}],"curies":[{"name":"wp","href":"https:\/\/api.w.org\/{rel}","templated":true}]}}