{"id":8905,"date":"2024-01-04T22:42:21","date_gmt":"2024-01-04T22:42:21","guid":{"rendered":"https:\/\/chibolita.es\/?post_type=product&#038;p=8905"},"modified":"2024-01-04T22:42:21","modified_gmt":"2024-01-04T22:42:21","slug":"bijoux-slow-sex-aceite-de-masaje-sexual-con-cbd-30-ml","status":"publish","type":"product","link":"https:\/\/chibolita.es\/index.php\/product\/bijoux-slow-sex-aceite-de-masaje-sexual-con-cbd-30-ml\/","title":{"rendered":"BIJOUX SLOW SEX &#8211; ACEITE DE MASAJE SEXUAL CON CBD 30 ML"},"content":{"rendered":"<p><strong>ACEITE DE MASAJE SEXUAL CON CBD<\/strong>\u00a0&#8211; Una mezcla unica de CBD de amplio espectro y extractos botanicos para el placer, dise\u00f1ada para que las personas con vulva la usen a solas o en compa\u00f1ia. Nuestro aceite intimo totalmente natural trabaja con tu cuerpo para aumentar el placer y las sensaciones, y mejorar los orgasmos.<\/p>\n<p>Si a\u00fan no has experimentado el CBD, entonces nuestro\u00a0<strong>Aceite Sexual Excitante con CBD\u00a0<\/strong>es una introducci\u00f3n perfecta. El CBD se ha abierto camino en los \u00faltimos a\u00f1os por sus propiedades\u00a0propiedades analg\u00e9sicas y antiestr\u00e9spero eso es s\u00f3lo la punta del iceberg.<\/p>\n<p>El CBD puede estimular el flujo sangu\u00edneo un componente esencial de la excitaci\u00f3n sexual. Cuando nuestros genitales est\u00e1n llenos de sangre, nuestra respuesta a las sensaciones aumenta a medida que nuestro cuerpo se prepara para el coito.<\/p>\n<p>Las investigaciones tambi\u00e9n sugieren que\u00a0el CBD puede ayudar al equilibrio hormonal y aumentar la lubricaci\u00f3n naturallo que lo convierte en una ventaja para las mujeres perimenop\u00e1usicas o menop\u00e1usicas. Solo necesitas unas gotas para desatar el m\u00e1ximo placer.<\/p>\n<p>El estr\u00e9s puede afectar significativamente al bienestar sexual, provocando tensi\u00f3n y ansiedad que disminuyen el placer. Los aceites de CBD, que contienen cannabidiol, han demostrado ser prometedores para reducir el estr\u00e9s y promover la relajaci\u00f3n. Al interactuar con el sistema endocannabinoide, el CBD puede ayudar a crear un estado mental y corporal m\u00e1s relajado, mejorando las sensaciones y aumentando la capacidad de placer. Este remedio natural ofrece una v\u00eda prometedora para quienes buscan aumentar su placer y elevar sus experiencias \u00edntimas.<\/p>\n<p>&nbsp;<\/p>\n<p><u><strong>CARACTERISTICAS<\/strong><\/u><strong>:\u00a0<\/strong><\/p>\n<ul>\n<li>Hecho de CBD de primera calidad con ingredientes bot\u00e1nicos naturales<\/li>\n<li>Respetuoso con el medio ambiente<\/li>\n<li>Antiinflamatorio<\/li>\n<li>Compatible con juguetes sexuales<\/li>\n<li>NO compatible con preservativos de l\u00e1tex y poliisopreno, seguro de usar con preservativos de poliuretano<\/li>\n<li>Hidratante &#8211; Relajante &#8211; Deslizante &#8211;\u00a01% CBD<\/li>\n<li>Contenido: Aceite Sexual Excitante con CBD.\u00a0(30ml &#8211; 1 fl. oz.).<\/li>\n<\/ul>\n<p>&nbsp;<\/p>\n<p><u><strong>SLOW SEX<\/strong><\/u><\/p>\n<p>Una l\u00ednea de cuidado \u00edntimo que promueve el verdadero placer, desde el primer beso hasta el \u00faltimo toque. En un mundo donde la interacci\u00f3n humana es mayoritariamente virtual,<br \/>\ndonde la vida es una carrera diaria,\u00a0<strong>SLOW SEX<\/strong>\u00a0es una invitaci\u00f3n a dejar de lado todos los est\u00edmulos externos y centrarse en lo real: tu placer.<\/p>\n<p>Dejando a un lado los prejuicios,\u00a0<strong>SLOW SEX<\/strong>\u00a0incentiva cada uno a tomarse su tiempo, a descubrir cosas ocultas placeres, jugar m\u00e1s y saborear esos preciados momentos sin ideas preconcebidas.\u00a0<strong>SLOW SEX<\/strong>\u00a0allana el camino para que alcances el cl\u00edmax, el como realmente te gusta.<\/p>\n<ul>\n<li>Cada producto apunta a una acci\u00f3n espec\u00edfica, liderando el\u00a0consumidor a un conocimiento pleno y a nuevas exploraciones.<\/li>\n<li>F\u00f3rmulas suaves, naturales y seguras para el cuerpo, que se adaptan a todos\u00a0cuerpos y todos los juegos de exploraci\u00f3n del placer.<\/li>\n<li>Una combinaci\u00f3n de ingredientes naturales y patentados\u00a0mol\u00e9culas.<\/li>\n<li>\u00a1Salva el planeta teniendo sexo! Las f\u00f3rmulas son planeta.\u00a0Seguro y el embalaje es de aluminio, vidrio, papel.\u00a0y muy poco pl\u00e1stico.<\/li>\n<li>Propuestas de degenitalizaci\u00f3n que invitan a explorar\u00a0todas las \u00e1reas de placer sin normas sexuales establecidas.<\/li>\n<li>G\u00e9nero inclusivo.<\/li>\n<li>Para todos los presupuestos.<\/li>\n<\/ul>\n","protected":false},"excerpt":{"rendered":"<p>ACEITE DE MASAJE SEXUAL CON CBD\u00a0&#8211; Una mezcla unica de CBD de amplio espectro y extractos botanicos para el placer, dise\u00f1ada para que las personas con vulva la usen a solas o en compa\u00f1ia. Nuestro aceite intimo totalmente natural trabaja con tu cuerpo para aumentar el placer y las sensaciones, y mejorar los orgasmos. Si [&hellip;]<\/p>\n","protected":false},"featured_media":8907,"comment_status":"open","ping_status":"closed","template":"","meta":{"_eb_attr":"","site-sidebar-layout":"default","site-content-layout":"default","ast-site-content-layout":"default","site-content-style":"default","site-sidebar-style":"default","ast-global-header-display":"","ast-banner-title-visibility":"","ast-main-header-display":"","ast-hfb-above-header-display":"","ast-hfb-below-header-display":"","ast-hfb-mobile-header-display":"","site-post-title":"","ast-breadcrumbs-content":"","ast-featured-img":"","footer-sml-layout":"","ast-disable-related-posts":"","theme-transparent-header-meta":"default","adv-header-id-meta":"","stick-header-meta":"","header-above-stick-meta":"","header-main-stick-meta":"","header-below-stick-meta":"","astra-migrate-meta-layouts":"default","ast-page-background-enabled":"default","ast-page-background-meta":{"desktop":{"background-color":"var(--ast-global-color-4)","background-image":"","background-repeat":"repeat","background-position":"center center","background-size":"auto","background-attachment":"scroll","background-type":"","background-media":"","overlay-type":"","overlay-color":"","overlay-opacity":"","overlay-gradient":""},"tablet":{"background-color":"","background-image":"","background-repeat":"repeat","background-position":"center center","background-size":"auto","background-attachment":"scroll","background-type":"","background-media":"","overlay-type":"","overlay-color":"","overlay-opacity":"","overlay-gradient":""},"mobile":{"background-color":"","background-image":"","background-repeat":"repeat","background-position":"center center","background-size":"auto","background-attachment":"scroll","background-type":"","background-media":"","overlay-type":"","overlay-color":"","overlay-opacity":"","overlay-gradient":""}},"ast-content-background-meta":{"desktop":{"background-color":"var(--ast-global-color-5)","background-image":"","background-repeat":"repeat","background-position":"center center","background-size":"auto","background-attachment":"scroll","background-type":"","background-media":"","overlay-type":"","overlay-color":"","overlay-opacity":"","overlay-gradient":""},"tablet":{"background-color":"var(--ast-global-color-5)","background-image":"","background-repeat":"repeat","background-position":"center center","background-size":"auto","background-attachment":"scroll","background-type":"","background-media":"","overlay-type":"","overlay-color":"","overlay-opacity":"","overlay-gradient":""},"mobile":{"background-color":"var(--ast-global-color-5)","background-image":"","background-repeat":"repeat","background-position":"center center","background-size":"auto","background-attachment":"scroll","background-type":"","background-media":"","overlay-type":"","overlay-color":"","overlay-opacity":"","overlay-gradient":""}}},"product_brand":[],"product_cat":[280,296],"product_tag":[],"class_list":{"0":"post-8905","1":"product","2":"type-product","3":"status-publish","4":"has-post-thumbnail","6":"product_cat-masajes-y-cuidados-corporales","7":"product_cat-novedades","8":"desktop-align-left","9":"tablet-align-left","10":"mobile-align-left","12":"first","13":"instock","14":"sale","15":"shipping-taxable","16":"purchasable","17":"product-type-simple"},"_links":{"self":[{"href":"https:\/\/chibolita.es\/index.php\/wp-json\/wp\/v2\/product\/8905","targetHints":{"allow":["GET"]}}],"collection":[{"href":"https:\/\/chibolita.es\/index.php\/wp-json\/wp\/v2\/product"}],"about":[{"href":"https:\/\/chibolita.es\/index.php\/wp-json\/wp\/v2\/types\/product"}],"replies":[{"embeddable":true,"href":"https:\/\/chibolita.es\/index.php\/wp-json\/wp\/v2\/comments?post=8905"}],"wp:featuredmedia":[{"embeddable":true,"href":"https:\/\/chibolita.es\/index.php\/wp-json\/wp\/v2\/media\/8907"}],"wp:attachment":[{"href":"https:\/\/chibolita.es\/index.php\/wp-json\/wp\/v2\/media?parent=8905"}],"wp:term":[{"taxonomy":"product_brand","embeddable":true,"href":"https:\/\/chibolita.es\/index.php\/wp-json\/wp\/v2\/product_brand?post=8905"},{"taxonomy":"product_cat","embeddable":true,"href":"https:\/\/chibolita.es\/index.php\/wp-json\/wp\/v2\/product_cat?post=8905"},{"taxonomy":"product_tag","embeddable":true,"href":"https:\/\/chibolita.es\/index.php\/wp-json\/wp\/v2\/product_tag?post=8905"}],"curies":[{"name":"wp","href":"https:\/\/api.w.org\/{rel}","templated":true}]}}