{"id":8902,"date":"2024-01-04T22:38:54","date_gmt":"2024-01-04T22:38:54","guid":{"rendered":"https:\/\/chibolita.es\/?post_type=product&#038;p=8902"},"modified":"2024-01-04T22:38:54","modified_gmt":"2024-01-04T22:38:54","slug":"bijoux-slow-sex-aceite-sexo-oral-con-cbd-15-ml","status":"publish","type":"product","link":"https:\/\/chibolita.es\/index.php\/product\/bijoux-slow-sex-aceite-sexo-oral-con-cbd-15-ml\/","title":{"rendered":"BIJOUX SLOW SEX &#8211; ACEITE SEXO ORAL CON CBD 15 ML"},"content":{"rendered":"<p><strong>ACEITE SEXO ORAL CON CBD &#8211;\u00a0<\/strong>Nuestra formula cuidadosamente seleccionada garantiza una textura suave como la seda, proporcionando un deslizamiento delicioso que aumenta el placer. Los efectos del CBD actuan en tandem con las respuesta de tu cuerpo, fomentando la relajacion e intensificando las sensaciones, permitiendote saborear cada momentos.<\/p>\n<p>Incluso los aficionados al sexo oral necesitan un poco de ayuda a veces, as\u00ed que ah\u00ed es donde nuestro\u00a0<strong>Aceite para Sexo Oral con CBD\u00a0<\/strong>entra en juego. Creado para ser a partes iguales\u00a0tentador y calmante combinado con un\u00a0sabor tentador que har\u00e1 cosquillas a tus papilas gustativas. Nuestro aceite para sexo oral con CBD est\u00e1 a punto de convertirse en una parte integral de todas tus sesiones de sexo oral.<\/p>\n<p>S\u00f3lo un par de gotas en los labios har\u00e1n que el receptor\u00a0experimentar\u00e1 un aumento de las sensaciones y la excitaci\u00f3nmientras el estr\u00e9s y la ansiedad desaparecen. La intimidad del cunnilingus y la felaci\u00f3n alcanza nuevas cotas con esta\u00a0mezcla potenciadora de sensaciones.<\/p>\n<p>El estr\u00e9s puede afectar significativamente al bienestar sexual, provocando tensi\u00f3n y ansiedad que disminuyen el placer. Los aceites de CBD, que contienen cannabidiol, han demostrado ser prometedores para reducir el estr\u00e9s y promover la relajaci\u00f3n. Al interactuar con el sistema endocannabinoide, el CBD puede ayudar a crear un estado mental y corporal m\u00e1s relajado, mejorando las sensaciones y aumentando la capacidad de placer. Este remedio natural ofrece una v\u00eda prometedora para quienes buscan aumentar su placer y elevar sus experiencias \u00edntimas.<\/p>\n<p>&nbsp;<\/p>\n<p><u><strong>CARACTERISTICAS:<\/strong><\/u><\/p>\n<ul>\n<li>Hecho de CBD de primera calidad con ingredientes bot\u00e1nicos naturales<\/li>\n<li>Respetuoso con el medio ambiente<\/li>\n<li>Compatible con juguetes sexuales<\/li>\n<li>NO compatible con preservativos de l\u00e1tex y poliisopreno, seguro de usar con preservativos de poliuretano<\/li>\n<li>Reduce la fricci\u00f3n durante la felaci\u00f3n.<\/li>\n<li>Refrescante &#8211; Hidratante &#8211; Deslizante &#8211;\u00a01% CBD<\/li>\n<li>Advertencia sobre alergias: este producto contiene aceite de almendras, que podr\u00eda suponer un riesgo para las personas al\u00e9rgicas a los frutos secos. Realice una prueba del parche antes de usarlo.<\/li>\n<\/ul>\n<p>&nbsp;<\/p>\n<p><u><strong>SLOW SEX<\/strong><\/u><\/p>\n<p>Una l\u00ednea de cuidado \u00edntimo que promueve el verdadero placer, desde el primer beso hasta el \u00faltimo toque. En un mundo donde la interacci\u00f3n humana es mayoritariamente virtual,<br \/>\ndonde la vida es una carrera diaria,\u00a0<strong>SLOW SEX<\/strong>\u00a0es una invitaci\u00f3n a dejar de lado todos los est\u00edmulos externos y centrarse en lo real: tu placer.<\/p>\n<p>Dejando a un lado los prejuicios,\u00a0<strong>SLOW SEX<\/strong>\u00a0incentiva cada uno a tomarse su tiempo, a descubrir cosas ocultas placeres, jugar m\u00e1s y saborear esos preciados momentos sin ideas preconcebidas.\u00a0<strong>SLOW SEX<\/strong>\u00a0allana el camino para que alcances el cl\u00edmax, el como realmente te gusta.<\/p>\n<ul>\n<li>Cada producto apunta a una acci\u00f3n espec\u00edfica, liderando el\u00a0consumidor a un conocimiento pleno y a nuevas exploraciones.<\/li>\n<li>F\u00f3rmulas suaves, naturales y seguras para el cuerpo, que se adaptan a todos\u00a0cuerpos y todos los juegos de exploraci\u00f3n del placer.<\/li>\n<li>Una combinaci\u00f3n de ingredientes naturales y patentados\u00a0mol\u00e9culas.<\/li>\n<li>\u00a1Salva el planeta teniendo sexo! Las f\u00f3rmulas son planeta.\u00a0Seguro y el embalaje es de aluminio, vidrio, papel.\u00a0y muy poco pl\u00e1stico.<\/li>\n<li>Propuestas de degenitalizaci\u00f3n que invitan a explorar\u00a0todas las \u00e1reas de placer sin normas sexuales establecidas.<\/li>\n<li>G\u00e9nero inclusivo.<\/li>\n<li>Para todos los presupuestos.<\/li>\n<\/ul>\n","protected":false},"excerpt":{"rendered":"<p>ACEITE SEXO ORAL CON CBD &#8211;\u00a0Nuestra formula cuidadosamente seleccionada garantiza una textura suave como la seda, proporcionando un deslizamiento delicioso que aumenta el placer. Los efectos del CBD actuan en tandem con las respuesta de tu cuerpo, fomentando la relajacion e intensificando las sensaciones, permitiendote saborear cada momentos. Incluso los aficionados al sexo oral necesitan [&hellip;]<\/p>\n","protected":false},"featured_media":8904,"comment_status":"open","ping_status":"closed","template":"","meta":{"_eb_attr":"","site-sidebar-layout":"default","site-content-layout":"default","ast-site-content-layout":"default","site-content-style":"default","site-sidebar-style":"default","ast-global-header-display":"","ast-banner-title-visibility":"","ast-main-header-display":"","ast-hfb-above-header-display":"","ast-hfb-below-header-display":"","ast-hfb-mobile-header-display":"","site-post-title":"","ast-breadcrumbs-content":"","ast-featured-img":"","footer-sml-layout":"","ast-disable-related-posts":"","theme-transparent-header-meta":"default","adv-header-id-meta":"","stick-header-meta":"","header-above-stick-meta":"","header-main-stick-meta":"","header-below-stick-meta":"","astra-migrate-meta-layouts":"default","ast-page-background-enabled":"default","ast-page-background-meta":{"desktop":{"background-color":"var(--ast-global-color-4)","background-image":"","background-repeat":"repeat","background-position":"center center","background-size":"auto","background-attachment":"scroll","background-type":"","background-media":"","overlay-type":"","overlay-color":"","overlay-opacity":"","overlay-gradient":""},"tablet":{"background-color":"","background-image":"","background-repeat":"repeat","background-position":"center center","background-size":"auto","background-attachment":"scroll","background-type":"","background-media":"","overlay-type":"","overlay-color":"","overlay-opacity":"","overlay-gradient":""},"mobile":{"background-color":"","background-image":"","background-repeat":"repeat","background-position":"center center","background-size":"auto","background-attachment":"scroll","background-type":"","background-media":"","overlay-type":"","overlay-color":"","overlay-opacity":"","overlay-gradient":""}},"ast-content-background-meta":{"desktop":{"background-color":"var(--ast-global-color-5)","background-image":"","background-repeat":"repeat","background-position":"center center","background-size":"auto","background-attachment":"scroll","background-type":"","background-media":"","overlay-type":"","overlay-color":"","overlay-opacity":"","overlay-gradient":""},"tablet":{"background-color":"var(--ast-global-color-5)","background-image":"","background-repeat":"repeat","background-position":"center center","background-size":"auto","background-attachment":"scroll","background-type":"","background-media":"","overlay-type":"","overlay-color":"","overlay-opacity":"","overlay-gradient":""},"mobile":{"background-color":"var(--ast-global-color-5)","background-image":"","background-repeat":"repeat","background-position":"center center","background-size":"auto","background-attachment":"scroll","background-type":"","background-media":"","overlay-type":"","overlay-color":"","overlay-opacity":"","overlay-gradient":""}}},"product_brand":[],"product_cat":[296,281],"product_tag":[],"class_list":{"0":"post-8902","1":"product","2":"type-product","3":"status-publish","4":"has-post-thumbnail","6":"product_cat-novedades","7":"product_cat-sexo-oral","8":"desktop-align-left","9":"tablet-align-left","10":"mobile-align-left","12":"first","13":"instock","14":"sale","15":"shipping-taxable","16":"purchasable","17":"product-type-simple"},"_links":{"self":[{"href":"https:\/\/chibolita.es\/index.php\/wp-json\/wp\/v2\/product\/8902","targetHints":{"allow":["GET"]}}],"collection":[{"href":"https:\/\/chibolita.es\/index.php\/wp-json\/wp\/v2\/product"}],"about":[{"href":"https:\/\/chibolita.es\/index.php\/wp-json\/wp\/v2\/types\/product"}],"replies":[{"embeddable":true,"href":"https:\/\/chibolita.es\/index.php\/wp-json\/wp\/v2\/comments?post=8902"}],"wp:featuredmedia":[{"embeddable":true,"href":"https:\/\/chibolita.es\/index.php\/wp-json\/wp\/v2\/media\/8904"}],"wp:attachment":[{"href":"https:\/\/chibolita.es\/index.php\/wp-json\/wp\/v2\/media?parent=8902"}],"wp:term":[{"taxonomy":"product_brand","embeddable":true,"href":"https:\/\/chibolita.es\/index.php\/wp-json\/wp\/v2\/product_brand?post=8902"},{"taxonomy":"product_cat","embeddable":true,"href":"https:\/\/chibolita.es\/index.php\/wp-json\/wp\/v2\/product_cat?post=8902"},{"taxonomy":"product_tag","embeddable":true,"href":"https:\/\/chibolita.es\/index.php\/wp-json\/wp\/v2\/product_tag?post=8902"}],"curies":[{"name":"wp","href":"https:\/\/api.w.org\/{rel}","templated":true}]}}