{"id":8898,"date":"2024-01-04T22:37:16","date_gmt":"2024-01-04T22:37:16","guid":{"rendered":"https:\/\/chibolita.es\/?post_type=product&#038;p=8898"},"modified":"2024-01-04T22:37:16","modified_gmt":"2024-01-04T22:37:16","slug":"bijoux-slow-sex-vela-de-masaje-corporal-50-g","status":"publish","type":"product","link":"https:\/\/chibolita.es\/index.php\/product\/bijoux-slow-sex-vela-de-masaje-corporal-50-g\/","title":{"rendered":"BIJOUX SLOW SEX &#8211; VELA DE MASAJE CORPORAL 50 G"},"content":{"rendered":"<p><strong>VELA DE MASAJE CORPORAL &#8211;\u00a0<\/strong>Aprovechar tus cinco sentidos durante la intimidad es una de las mejores formas de preparar la mente y el cuerpo para todo tipo de placeres. Empieza experimentando con un masaje sensual, utilizando una vela de masaje para tus juegos de pareja.<\/p>\n<p>Besable &#8211; Sin ceras &#8211; Hidratante &#8211; Aroma coco exotico.<\/p>\n<p>Experimente el placer en estado puro con nuestra\u00a0<strong>Vela de Masaje Corporal<\/strong>, meticulosamente elaborada con aceites naturales de primera calidad: almendra, coco y manteca de karit\u00e9. Al encenderla, se transforma en un suntuoso aceite que cuida la piel, perfecto para un lujoso masaje. Sin ceras sint\u00e9ticas ni aditivos, esta vela ofrece una experiencia verdaderamente sana y libre de productos qu\u00edmicos.<\/p>\n<p>Utilizar una vela de masaje para un masaje sensual ofrece una experiencia \u00fanica que combina relajaci\u00f3n e intimidad. Los aceites naturales c\u00e1lidos y relajantes y la fragancia arom\u00e1tica crean un ambiente de sensualidad que realza la experiencia global. Adem\u00e1s, al derretirse, la vela se transforma en un lujoso aceite de masaje, lo que permite una transici\u00f3n perfecta del ambiente al tacto. Esta doble funci\u00f3n distingue a las velas de masaje y las convierte en una opci\u00f3n inigualable para disfrutar de momentos \u00edntimos.<\/p>\n<p>&nbsp;<\/p>\n<p>\u00bfPor qu\u00e9 utilizar\u00a0<strong>ceras CERO<\/strong>?<\/p>\n<ul>\n<li><strong>Limpio y sin residuos:\u00a0<\/strong>Sin\u00a0dejar residuos cerosos. Esto garantiza una experiencia libre de suciedad, sin obstruir los poros.<\/li>\n<li><strong>Ingredientes naturales:\u00a0<\/strong>Est\u00e1n elaborados con aceites naturales, manteca y otros ingredientes respetuosos con la piel, por lo que son suaves con ella y adecuados para distintos tipos de piel, incluso las m\u00e1s sensibles.<\/li>\n<li><strong>Hidrataci\u00f3n y nutrici\u00f3n:\u00a0<\/strong>Los aceites naturales de las velas de masaje sin cera hidratan y nutren la piel en profundidad. La dejan suave, tersa e hidratada.<\/li>\n<li><strong>Fundici\u00f3n r\u00e1pida:\u00a0<\/strong>Las velas de masaje sin cera se funden a una temperatura m\u00e1s baja que las velas tradicionales, lo que las hace seguras y c\u00f3modas con la temperatura adecuada para su uso sobre la piel.<\/li>\n<li><strong>De larga duraci\u00f3n:\u00a0<\/strong>Un poco da para mucho con las velas de masaje sin cera. Una peque\u00f1a cantidad de aceite derretido puede cubrir una gran superficie, garantizando que la vela dure varios usos.<\/li>\n<li><strong>Multiusos:\u00a0<\/strong>Una vez derretido, el aceite de una vela de masaje sin cera puede utilizarse para masajes, como hidratante o incluso como complemento arom\u00e1tico para el ba\u00f1o. Esta versatilidad aumenta su atractivo y valor.<\/li>\n<\/ul>\n<p>&nbsp;<\/p>\n<p>* Advertencia sobre alergias: este producto contiene aceite de almendras, que podr\u00eda suponer un riesgo para las personas al\u00e9rgicas a los frutos secos. Realice una prueba del parche antes de usarlo.<\/p>\n<p>&nbsp;<\/p>\n<p><u><strong>SLOW SEX<\/strong><\/u><\/p>\n<p>Una l\u00ednea de cuidado \u00edntimo que promueve el verdadero placer, desde el primer beso hasta el \u00faltimo toque. En un mundo donde la interacci\u00f3n humana es mayoritariamente virtual,<br \/>\ndonde la vida es una carrera diaria,\u00a0<strong>SLOW SEX<\/strong>\u00a0es una invitaci\u00f3n a dejar de lado todos los est\u00edmulos externos y centrarse en lo real: tu placer.<\/p>\n<p>Dejando a un lado los prejuicios,\u00a0<strong>SLOW SEX<\/strong>\u00a0incentiva cada uno a tomarse su tiempo, a descubrir cosas ocultas placeres, jugar m\u00e1s y saborear esos preciados momentos sin ideas preconcebidas.\u00a0<strong>SLOW SEX<\/strong>\u00a0allana el camino para que alcances el cl\u00edmax, el como realmente te gusta.<\/p>\n<ul>\n<li>Cada producto apunta a una acci\u00f3n espec\u00edfica, liderando el\u00a0consumidor a un conocimiento pleno y a nuevas exploraciones.<\/li>\n<li>F\u00f3rmulas suaves, naturales y seguras para el cuerpo, que se adaptan a todos\u00a0cuerpos y todos los juegos de exploraci\u00f3n del placer.<\/li>\n<li>Una combinaci\u00f3n de ingredientes naturales y patentados\u00a0mol\u00e9culas.<\/li>\n<li>\u00a1Salva el planeta teniendo sexo! Las f\u00f3rmulas son planeta.\u00a0Seguro y el embalaje es de aluminio, vidrio, papel.\u00a0y muy poco pl\u00e1stico.<\/li>\n<li>Propuestas de degenitalizaci\u00f3n que invitan a explorar\u00a0todas las \u00e1reas de placer sin normas sexuales establecidas.<\/li>\n<li>G\u00e9nero inclusivo.<\/li>\n<li>Para todos los presupuestos.<\/li>\n<\/ul>\n","protected":false},"excerpt":{"rendered":"<p>VELA DE MASAJE CORPORAL &#8211;\u00a0Aprovechar tus cinco sentidos durante la intimidad es una de las mejores formas de preparar la mente y el cuerpo para todo tipo de placeres. Empieza experimentando con un masaje sensual, utilizando una vela de masaje para tus juegos de pareja. Besable &#8211; Sin ceras &#8211; Hidratante &#8211; Aroma coco exotico. [&hellip;]<\/p>\n","protected":false},"featured_media":8901,"comment_status":"open","ping_status":"closed","template":"","meta":{"_eb_attr":"","site-sidebar-layout":"default","site-content-layout":"default","ast-site-content-layout":"default","site-content-style":"default","site-sidebar-style":"default","ast-global-header-display":"","ast-banner-title-visibility":"","ast-main-header-display":"","ast-hfb-above-header-display":"","ast-hfb-below-header-display":"","ast-hfb-mobile-header-display":"","site-post-title":"","ast-breadcrumbs-content":"","ast-featured-img":"","footer-sml-layout":"","ast-disable-related-posts":"","theme-transparent-header-meta":"default","adv-header-id-meta":"","stick-header-meta":"","header-above-stick-meta":"","header-main-stick-meta":"","header-below-stick-meta":"","astra-migrate-meta-layouts":"default","ast-page-background-enabled":"default","ast-page-background-meta":{"desktop":{"background-color":"var(--ast-global-color-4)","background-image":"","background-repeat":"repeat","background-position":"center center","background-size":"auto","background-attachment":"scroll","background-type":"","background-media":"","overlay-type":"","overlay-color":"","overlay-opacity":"","overlay-gradient":""},"tablet":{"background-color":"","background-image":"","background-repeat":"repeat","background-position":"center center","background-size":"auto","background-attachment":"scroll","background-type":"","background-media":"","overlay-type":"","overlay-color":"","overlay-opacity":"","overlay-gradient":""},"mobile":{"background-color":"","background-image":"","background-repeat":"repeat","background-position":"center center","background-size":"auto","background-attachment":"scroll","background-type":"","background-media":"","overlay-type":"","overlay-color":"","overlay-opacity":"","overlay-gradient":""}},"ast-content-background-meta":{"desktop":{"background-color":"var(--ast-global-color-5)","background-image":"","background-repeat":"repeat","background-position":"center center","background-size":"auto","background-attachment":"scroll","background-type":"","background-media":"","overlay-type":"","overlay-color":"","overlay-opacity":"","overlay-gradient":""},"tablet":{"background-color":"var(--ast-global-color-5)","background-image":"","background-repeat":"repeat","background-position":"center center","background-size":"auto","background-attachment":"scroll","background-type":"","background-media":"","overlay-type":"","overlay-color":"","overlay-opacity":"","overlay-gradient":""},"mobile":{"background-color":"var(--ast-global-color-5)","background-image":"","background-repeat":"repeat","background-position":"center center","background-size":"auto","background-attachment":"scroll","background-type":"","background-media":"","overlay-type":"","overlay-color":"","overlay-opacity":"","overlay-gradient":""}}},"product_brand":[],"product_cat":[280,296],"product_tag":[],"class_list":{"0":"post-8898","1":"product","2":"type-product","3":"status-publish","4":"has-post-thumbnail","6":"product_cat-masajes-y-cuidados-corporales","7":"product_cat-novedades","8":"desktop-align-left","9":"tablet-align-left","10":"mobile-align-left","12":"first","13":"instock","14":"sale","15":"shipping-taxable","16":"purchasable","17":"product-type-simple"},"_links":{"self":[{"href":"https:\/\/chibolita.es\/index.php\/wp-json\/wp\/v2\/product\/8898","targetHints":{"allow":["GET"]}}],"collection":[{"href":"https:\/\/chibolita.es\/index.php\/wp-json\/wp\/v2\/product"}],"about":[{"href":"https:\/\/chibolita.es\/index.php\/wp-json\/wp\/v2\/types\/product"}],"replies":[{"embeddable":true,"href":"https:\/\/chibolita.es\/index.php\/wp-json\/wp\/v2\/comments?post=8898"}],"wp:featuredmedia":[{"embeddable":true,"href":"https:\/\/chibolita.es\/index.php\/wp-json\/wp\/v2\/media\/8901"}],"wp:attachment":[{"href":"https:\/\/chibolita.es\/index.php\/wp-json\/wp\/v2\/media?parent=8898"}],"wp:term":[{"taxonomy":"product_brand","embeddable":true,"href":"https:\/\/chibolita.es\/index.php\/wp-json\/wp\/v2\/product_brand?post=8898"},{"taxonomy":"product_cat","embeddable":true,"href":"https:\/\/chibolita.es\/index.php\/wp-json\/wp\/v2\/product_cat?post=8898"},{"taxonomy":"product_tag","embeddable":true,"href":"https:\/\/chibolita.es\/index.php\/wp-json\/wp\/v2\/product_tag?post=8898"}],"curies":[{"name":"wp","href":"https:\/\/api.w.org\/{rel}","templated":true}]}}