{"id":8890,"date":"2023-12-26T18:13:59","date_gmt":"2023-12-26T18:13:59","guid":{"rendered":"https:\/\/chibolita.es\/?post_type=product&#038;p=8890"},"modified":"2024-02-10T17:12:41","modified_gmt":"2024-02-10T17:12:41","slug":"silexd-bio-lubricante-cremoso-100-ml","status":"publish","type":"product","link":"https:\/\/chibolita.es\/index.php\/product\/silexd-bio-lubricante-cremoso-100-ml\/","title":{"rendered":"SILEXD &#8211; BIO LUBRICANTE CREMOSO 100 ML"},"content":{"rendered":"<p>La marca\u00a0<strong>Silexd\u00a0<\/strong>presenta\u00a0<strong>Milky Lub Bio<\/strong>, un lubricante cremoso que imita la apariencia y consistencia del semen para mejorar el realismo en tus experiencias sexuales. Sin olores ni sabores a\u00f1adidos. Hecho con ingredientes naturales y veganos y con certificaci\u00f3n BIO.<\/p>\n<p>Lubricante cremoso compatible con juguetes, su textura y color pretende simular el semen y\/o flujo vaginal. Perfecto para fantas\u00edas.<\/p>\n<p><u>Modo de uso:<\/u>\u00a0Aplicar en el \u00e1rea que desea lubricar en dosis peque\u00f1as y repetidas.<\/p>\n<p>&nbsp;<\/p>\n<p><u><strong>CARACTERISTICAS:<\/strong><\/u><\/p>\n<ul>\n<li>Lubricante cremoso<\/li>\n<li>Compatible con juguetes sexuales<\/li>\n<li>Compatible con condones<\/li>\n<li>Apto para zonas \u00edntimas y para la piel<\/li>\n<li>No graso<\/li>\n<li>Certificado CE y BIO<\/li>\n<li>Capacidad: 100 ml<\/li>\n<\/ul>\n<p><strong>Ingredientes<\/strong>:\u00a0Aqua, Glicerina, Capr\u00edlico\/Caprico, Triglic\u00e9ridos, Triglic\u00e9ridos C10-18 , Goma xantana, \u00c1cido c\u00edtrico f\u00edtico, \u00c1cido, Alcohol benc\u00edlico, Sorbato de potasio, Benzoato de sodio, Perfume<\/p>\n","protected":false},"excerpt":{"rendered":"<p>La marca\u00a0Silexd\u00a0presenta\u00a0Milky Lub Bio, un lubricante cremoso que imita la apariencia y consistencia del semen para mejorar el realismo en tus experiencias sexuales. Sin olores ni sabores a\u00f1adidos. Hecho con ingredientes naturales y veganos y con certificaci\u00f3n BIO. Lubricante cremoso compatible con juguetes, su textura y color pretende simular el semen y\/o flujo vaginal. Perfecto [&hellip;]<\/p>\n","protected":false},"featured_media":8891,"comment_status":"open","ping_status":"closed","template":"","meta":{"_eb_attr":"","site-sidebar-layout":"default","site-content-layout":"default","ast-site-content-layout":"default","site-content-style":"default","site-sidebar-style":"default","ast-global-header-display":"","ast-banner-title-visibility":"","ast-main-header-display":"","ast-hfb-above-header-display":"","ast-hfb-below-header-display":"","ast-hfb-mobile-header-display":"","site-post-title":"","ast-breadcrumbs-content":"","ast-featured-img":"","footer-sml-layout":"","ast-disable-related-posts":"","theme-transparent-header-meta":"default","adv-header-id-meta":"","stick-header-meta":"","header-above-stick-meta":"","header-main-stick-meta":"","header-below-stick-meta":"","astra-migrate-meta-layouts":"default","ast-page-background-enabled":"default","ast-page-background-meta":{"desktop":{"background-color":"var(--ast-global-color-4)","background-image":"","background-repeat":"repeat","background-position":"center center","background-size":"auto","background-attachment":"scroll","background-type":"","background-media":"","overlay-type":"","overlay-color":"","overlay-opacity":"","overlay-gradient":""},"tablet":{"background-color":"","background-image":"","background-repeat":"repeat","background-position":"center center","background-size":"auto","background-attachment":"scroll","background-type":"","background-media":"","overlay-type":"","overlay-color":"","overlay-opacity":"","overlay-gradient":""},"mobile":{"background-color":"","background-image":"","background-repeat":"repeat","background-position":"center center","background-size":"auto","background-attachment":"scroll","background-type":"","background-media":"","overlay-type":"","overlay-color":"","overlay-opacity":"","overlay-gradient":""}},"ast-content-background-meta":{"desktop":{"background-color":"var(--ast-global-color-5)","background-image":"","background-repeat":"repeat","background-position":"center center","background-size":"auto","background-attachment":"scroll","background-type":"","background-media":"","overlay-type":"","overlay-color":"","overlay-opacity":"","overlay-gradient":""},"tablet":{"background-color":"var(--ast-global-color-5)","background-image":"","background-repeat":"repeat","background-position":"center center","background-size":"auto","background-attachment":"scroll","background-type":"","background-media":"","overlay-type":"","overlay-color":"","overlay-opacity":"","overlay-gradient":""},"mobile":{"background-color":"var(--ast-global-color-5)","background-image":"","background-repeat":"repeat","background-position":"center center","background-size":"auto","background-attachment":"scroll","background-type":"","background-media":"","overlay-type":"","overlay-color":"","overlay-opacity":"","overlay-gradient":""}}},"product_brand":[],"product_cat":[235,230,257,296],"product_tag":[],"class_list":{"0":"post-8890","1":"product","2":"type-product","3":"status-publish","4":"has-post-thumbnail","6":"product_cat-aumentador-volumen-semen","7":"product_cat-farmacia","8":"product_cat-lubricantes","9":"product_cat-novedades","10":"desktop-align-left","11":"tablet-align-left","12":"mobile-align-left","14":"first","15":"instock","16":"sale","17":"shipping-taxable","18":"purchasable","19":"product-type-simple"},"_links":{"self":[{"href":"https:\/\/chibolita.es\/index.php\/wp-json\/wp\/v2\/product\/8890","targetHints":{"allow":["GET"]}}],"collection":[{"href":"https:\/\/chibolita.es\/index.php\/wp-json\/wp\/v2\/product"}],"about":[{"href":"https:\/\/chibolita.es\/index.php\/wp-json\/wp\/v2\/types\/product"}],"replies":[{"embeddable":true,"href":"https:\/\/chibolita.es\/index.php\/wp-json\/wp\/v2\/comments?post=8890"}],"wp:featuredmedia":[{"embeddable":true,"href":"https:\/\/chibolita.es\/index.php\/wp-json\/wp\/v2\/media\/8891"}],"wp:attachment":[{"href":"https:\/\/chibolita.es\/index.php\/wp-json\/wp\/v2\/media?parent=8890"}],"wp:term":[{"taxonomy":"product_brand","embeddable":true,"href":"https:\/\/chibolita.es\/index.php\/wp-json\/wp\/v2\/product_brand?post=8890"},{"taxonomy":"product_cat","embeddable":true,"href":"https:\/\/chibolita.es\/index.php\/wp-json\/wp\/v2\/product_cat?post=8890"},{"taxonomy":"product_tag","embeddable":true,"href":"https:\/\/chibolita.es\/index.php\/wp-json\/wp\/v2\/product_tag?post=8890"}],"curies":[{"name":"wp","href":"https:\/\/api.w.org\/{rel}","templated":true}]}}