{"id":8863,"date":"2023-12-08T13:57:32","date_gmt":"2023-12-08T13:57:32","guid":{"rendered":"https:\/\/chibolita.es\/?post_type=product&#038;p=8863"},"modified":"2023-12-08T13:57:32","modified_gmt":"2023-12-08T13:57:32","slug":"secretplay-apolo-natural-feromonas-perfume-spray-50-ml","status":"publish","type":"product","link":"https:\/\/chibolita.es\/index.php\/product\/secretplay-apolo-natural-feromonas-perfume-spray-50-ml\/","title":{"rendered":"SECRETPLAY &#8211; APOLO NATURAL FEROMONAS PERFUME SPRAY 50 ML"},"content":{"rendered":"<p>\u00bfAlguna vez te has parado a pensar en la importancia del sentido del olfato? A veces no le damos toda la importancia que deber\u00edamos pero el perfume adecuado muchas veces es tu mejor arma para resaltar tu atractivo.<\/p>\n<p>El perfume sensual masculino Apolo, con atrayente sexual natural extra\u00eddo de la trufa, resalta tu atractivo, aumenta tu confianza y te convierte en una persona m\u00e1s excitante, seductora y deseada a los ojos de los dem\u00e1s. Las part\u00edculas biol\u00f3gicas de la trufa, con su aroma, estimulan el deseo sexual de forma natural.<\/p>\n<p>Adem\u00e1s de su irresistible aroma con notas amaderadas y su sofisticaci\u00f3n solo te bastar\u00e1n dos aplicaciones para ir bien perfumada todo el d\u00eda. Es perfecto para hacer un buen regalo o simplemente para darte un homenaje porque te gustar\u00e1 tanto que no parar\u00e1s de olerte a ti mismo.<\/p>\n<p>&nbsp;<\/p>\n<ul>\n<li>Envase con sistema \u00abSpray\u00bb<\/li>\n<li>F\u00e1cil Aplicaci\u00f3n<\/li>\n<li>Capacidad: 50 ml<\/li>\n<li>Aroma: Notas amaderadas<\/li>\n<li>Para hombre<\/li>\n<\/ul>\n<p><strong>Modo de empleo<\/strong>: El perfume puede ser pulverizado en lugares o prendas, o bien aplicado directamente sobre la piel en las zonas habituales.<\/p>\n<p><strong>Precauciones:<\/strong><\/p>\n<ul>\n<li>No mezclar con ning\u00fan otro perfume o colonia.<\/li>\n<li>Producto cosm\u00e9tico de uso s\u00f3lo externo.<\/li>\n<li>No utilizar en caso de hipersensibilidad o alergia a alguno de los ingredientes.<\/li>\n<li>En caso de irritaci\u00f3n suspender el uso.<\/li>\n<li>No ingerir.<\/li>\n<li>No aplicar sobre el \u00e1rea de los ojos o heridas.<\/li>\n<li>Mantener fuera del alcance de los ni\u00f1os.<\/li>\n<li>Conservar en un lugar fresco, seco y alejado de la luz solar.<\/li>\n<\/ul>\n","protected":false},"excerpt":{"rendered":"<p>\u00bfAlguna vez te has parado a pensar en la importancia del sentido del olfato? A veces no le damos toda la importancia que deber\u00edamos pero el perfume adecuado muchas veces es tu mejor arma para resaltar tu atractivo. El perfume sensual masculino Apolo, con atrayente sexual natural extra\u00eddo de la trufa, resalta tu atractivo, aumenta [&hellip;]<\/p>\n","protected":false},"featured_media":8864,"comment_status":"open","ping_status":"closed","template":"","meta":{"_eb_attr":"","site-sidebar-layout":"default","site-content-layout":"default","ast-site-content-layout":"default","site-content-style":"default","site-sidebar-style":"default","ast-global-header-display":"","ast-banner-title-visibility":"","ast-main-header-display":"","ast-hfb-above-header-display":"","ast-hfb-below-header-display":"","ast-hfb-mobile-header-display":"","site-post-title":"","ast-breadcrumbs-content":"","ast-featured-img":"","footer-sml-layout":"","ast-disable-related-posts":"","theme-transparent-header-meta":"default","adv-header-id-meta":"","stick-header-meta":"","header-above-stick-meta":"","header-main-stick-meta":"","header-below-stick-meta":"","astra-migrate-meta-layouts":"default","ast-page-background-enabled":"default","ast-page-background-meta":{"desktop":{"background-color":"var(--ast-global-color-4)","background-image":"","background-repeat":"repeat","background-position":"center center","background-size":"auto","background-attachment":"scroll","background-type":"","background-media":"","overlay-type":"","overlay-color":"","overlay-opacity":"","overlay-gradient":""},"tablet":{"background-color":"","background-image":"","background-repeat":"repeat","background-position":"center center","background-size":"auto","background-attachment":"scroll","background-type":"","background-media":"","overlay-type":"","overlay-color":"","overlay-opacity":"","overlay-gradient":""},"mobile":{"background-color":"","background-image":"","background-repeat":"repeat","background-position":"center center","background-size":"auto","background-attachment":"scroll","background-type":"","background-media":"","overlay-type":"","overlay-color":"","overlay-opacity":"","overlay-gradient":""}},"ast-content-background-meta":{"desktop":{"background-color":"var(--ast-global-color-5)","background-image":"","background-repeat":"repeat","background-position":"center center","background-size":"auto","background-attachment":"scroll","background-type":"","background-media":"","overlay-type":"","overlay-color":"","overlay-opacity":"","overlay-gradient":""},"tablet":{"background-color":"var(--ast-global-color-5)","background-image":"","background-repeat":"repeat","background-position":"center center","background-size":"auto","background-attachment":"scroll","background-type":"","background-media":"","overlay-type":"","overlay-color":"","overlay-opacity":"","overlay-gradient":""},"mobile":{"background-color":"var(--ast-global-color-5)","background-image":"","background-repeat":"repeat","background-position":"center center","background-size":"auto","background-attachment":"scroll","background-type":"","background-media":"","overlay-type":"","overlay-color":"","overlay-opacity":"","overlay-gradient":""}}},"product_brand":[],"product_cat":[296,293],"product_tag":[],"class_list":{"0":"post-8863","1":"product","2":"type-product","3":"status-publish","4":"has-post-thumbnail","6":"product_cat-novedades","7":"product_cat-perfumes-de-feromonas","8":"desktop-align-left","9":"tablet-align-left","10":"mobile-align-left","12":"first","13":"instock","14":"sale","15":"shipping-taxable","16":"purchasable","17":"product-type-simple"},"_links":{"self":[{"href":"https:\/\/chibolita.es\/index.php\/wp-json\/wp\/v2\/product\/8863","targetHints":{"allow":["GET"]}}],"collection":[{"href":"https:\/\/chibolita.es\/index.php\/wp-json\/wp\/v2\/product"}],"about":[{"href":"https:\/\/chibolita.es\/index.php\/wp-json\/wp\/v2\/types\/product"}],"replies":[{"embeddable":true,"href":"https:\/\/chibolita.es\/index.php\/wp-json\/wp\/v2\/comments?post=8863"}],"wp:featuredmedia":[{"embeddable":true,"href":"https:\/\/chibolita.es\/index.php\/wp-json\/wp\/v2\/media\/8864"}],"wp:attachment":[{"href":"https:\/\/chibolita.es\/index.php\/wp-json\/wp\/v2\/media?parent=8863"}],"wp:term":[{"taxonomy":"product_brand","embeddable":true,"href":"https:\/\/chibolita.es\/index.php\/wp-json\/wp\/v2\/product_brand?post=8863"},{"taxonomy":"product_cat","embeddable":true,"href":"https:\/\/chibolita.es\/index.php\/wp-json\/wp\/v2\/product_cat?post=8863"},{"taxonomy":"product_tag","embeddable":true,"href":"https:\/\/chibolita.es\/index.php\/wp-json\/wp\/v2\/product_tag?post=8863"}],"curies":[{"name":"wp","href":"https:\/\/api.w.org\/{rel}","templated":true}]}}