{"id":8861,"date":"2023-12-08T13:56:08","date_gmt":"2023-12-08T13:56:08","guid":{"rendered":"https:\/\/chibolita.es\/?post_type=product&#038;p=8861"},"modified":"2023-12-08T13:56:08","modified_gmt":"2023-12-08T13:56:08","slug":"satisfyer-penguin-holiday-edition","status":"publish","type":"product","link":"https:\/\/chibolita.es\/index.php\/product\/satisfyer-penguin-holiday-edition\/","title":{"rendered":"SATISFYER &#8211; PENGUIN HOLIDAY EDITION"},"content":{"rendered":"<p>La nueva generaci\u00f3n del Satisfyer Pro Penguin se ha puesto a\u00fan m\u00e1s elegante para ti. Ahora tiene un aspecto deslumbrante con su nuevo frac. Este gracioso ping\u00fcino se ha independizado: con su elegante cuerpo de color negro y su barriguita de color blanco, porta una distinguida pajarita y te espera para acompa\u00f1arte a la \u00f3pera o para estimular tu cl\u00edtoris sin tocarlo, lo que prefieras.<\/p>\n<p><strong>\u00bfSALES CONMIGO ESTA NOCHE?<\/strong><\/p>\n<p>Una cosa est\u00e1 clara, este dildo tiene un aspecto tan maravilloso que da pena esconderlo en el caj\u00f3n de tus objetos favoritos. Gracias a su motor mejorado y a\u00fan m\u00e1s silencioso, esto no representa ya ning\u00fan problema: En cuanto el cabezal de silicona antialerg\u00e9nica rodea tu cl\u00edtoris, apenas se oye nada. Gracias al acabado resistente al agua de la nueva generaci\u00f3n del Satisfyer Pro Penguin puedes incluso disfrutar de este peque\u00f1o ping\u00fcino dentro de la ba\u00f1era, donde permanece a\u00fan m\u00e1s silencioso y tus sensaciones ganan en intensidad.<\/p>\n<p>Sus 11 programas de ondas de presi\u00f3n te estimulan a lo largo de una escala desde suave hasta intenso, consiguiendo as\u00ed que te olvides del mundo. El dise\u00f1o optimizado de los botones te permite avanzar y retroceder entre niveles de intensidad para que disfrutes de un placer individual y adecuado a cada momento. Adem\u00e1s, la luz del panel de mando de tu dildo favorito ya no es tan intensa y, por tanto, es m\u00e1s agradable.<\/p>\n<p><strong>DILDO IDEAL PARA PRINCIPIANTES<\/strong><\/p>\n<p>Su forma delgada de dise\u00f1o ergon\u00f3mico se adapta perfectamente a la mano y es muy c\u00f3moda. Por su dise\u00f1o manejable y su facilidad de manejo, es ideal para quienes quieran iniciarse en estos juegos solitarios. Gracias a su excelente estanqueidad, el Satisfyer Pro Penguin es mucho m\u00e1s silencioso durante el uso que otros productos similares en el mercado. Su suave caperuza de silicona antialerg\u00e9nica es 100% higi\u00e9nica, y protege el interior contra la entrada de agua, lubricantes u otros fluidos.<\/p>\n<p><strong>VOLUMEN DE SUMINISTRO<\/strong><\/p>\n<p>Vibrador Satisfyer Pro Penguin de nueva generaci\u00f3n Cargador magn\u00e9tico<\/p>\n<p><strong>MATERIAL<\/strong><\/p>\n<p>El cabezal intercambiable de silicona, suave con la piel en peque\u00f1o y manejable en este modelo Satisfyer. El t\u00fanel tubular, que genera un vac\u00edo sensual est\u00e1 en el cabezal acodado, que rodea el cl\u00edtoris con suavidad y placer. Puede extraer con facilidad el cabezal de silicona para limpiarlo con Toycleaner. Las pilas recargables integradas del Satisfyer Pro Penguin de nueva generaci\u00f3n consiguen un juguete er\u00f3tico recargable de forma ecol\u00f3gica. Si quieres cargar el Penguin con cable, puedes completar el cable magn\u00e9tico USB con un enchufe habitual de 5 V. Con lubricante acuoso la sensaci\u00f3n es incluso mucho m\u00e1s intensa.<\/p>\n<p><strong>CARACTER\u00cdSTICAS<\/strong><\/p>\n<ul>\n<li>Nuevo dise\u00f1o de botones: bot\u00f3n +\/-<\/li>\n<li>Resistente al agua<\/li>\n<li>Silicona antialerg\u00e9nica<\/li>\n<li>Recargable.<\/li>\n<li>Incluye cargador por USB<\/li>\n<li>11 programas de ondas de presi\u00f3n<\/li>\n<li>Motor mejorado. M\u00e1s silencioso<\/li>\n<li>Peso: 101 g<\/li>\n<li>Longitud: 108 mm<\/li>\n<li>Anchura: 58 mm<\/li>\n<li>Altura: 55 mm<\/li>\n<li>Bater\u00eda: Bater\u00eda<\/li>\n<li>Material: Pl\u00e1stico ABS,\u00a0Silicona<\/li>\n<li>Color: Blanco, Negro<\/li>\n<li>Resistente al agua: S\u00ed<\/li>\n<\/ul>\n<p><strong>LA MARCA SATISFYER<\/strong><\/p>\n<p>La se\u00f1a de identidad de los productos de la familia Satisfyer es la estimulaci\u00f3n del cl\u00edtoris sin contacto mediante ondas de presi\u00f3n intensivas. Este tipo de estimulaci\u00f3n depara orgasmos especialmente intensos a mujeres de todo el mundo, evitando al mismo tiempo la irritaci\u00f3n de la piel. Sus cabezales son de silicona de alta calidad en todos los modelos, y se pueden extraer y volver a colocar sin complicaciones, manteniendo as\u00ed la higiene de los dildos resistentes al agua durante mucho tiempo. Con estos juguetes, nada te impedir\u00e1 disfrutar de orgasmos m\u00faltiples.<\/p>\n<p>Te advertimos que algunos de nuestros productos se pueden suministrar con las bater\u00edas incluidas. A este respecto, ten en cuenta nuestras indicaciones sobre la ley que rige las cuestiones sobre bater\u00edas. Asimismo, queremos informarte de que, al adquirir un dispositivo el\u00e9ctrico o electr\u00f3nico, estamos obligados a retirar un dispositivo antiguo. A este respecto, ten en cuenta nuestras indicaciones sobre la obligaci\u00f3n de retirada de dispositivos el\u00e9ctricos y electr\u00f3nicos.<\/p>\n","protected":false},"excerpt":{"rendered":"<p>La nueva generaci\u00f3n del Satisfyer Pro Penguin se ha puesto a\u00fan m\u00e1s elegante para ti. Ahora tiene un aspecto deslumbrante con su nuevo frac. Este gracioso ping\u00fcino se ha independizado: con su elegante cuerpo de color negro y su barriguita de color blanco, porta una distinguida pajarita y te espera para acompa\u00f1arte a la \u00f3pera [&hellip;]<\/p>\n","protected":false},"featured_media":8862,"comment_status":"open","ping_status":"closed","template":"","meta":{"_eb_attr":"","site-sidebar-layout":"default","site-content-layout":"default","ast-site-content-layout":"default","site-content-style":"default","site-sidebar-style":"default","ast-global-header-display":"","ast-banner-title-visibility":"","ast-main-header-display":"","ast-hfb-above-header-display":"","ast-hfb-below-header-display":"","ast-hfb-mobile-header-display":"","site-post-title":"","ast-breadcrumbs-content":"","ast-featured-img":"","footer-sml-layout":"","ast-disable-related-posts":"","theme-transparent-header-meta":"default","adv-header-id-meta":"","stick-header-meta":"","header-above-stick-meta":"","header-main-stick-meta":"","header-below-stick-meta":"","astra-migrate-meta-layouts":"default","ast-page-background-enabled":"default","ast-page-background-meta":{"desktop":{"background-color":"var(--ast-global-color-4)","background-image":"","background-repeat":"repeat","background-position":"center center","background-size":"auto","background-attachment":"scroll","background-type":"","background-media":"","overlay-type":"","overlay-color":"","overlay-opacity":"","overlay-gradient":""},"tablet":{"background-color":"","background-image":"","background-repeat":"repeat","background-position":"center center","background-size":"auto","background-attachment":"scroll","background-type":"","background-media":"","overlay-type":"","overlay-color":"","overlay-opacity":"","overlay-gradient":""},"mobile":{"background-color":"","background-image":"","background-repeat":"repeat","background-position":"center center","background-size":"auto","background-attachment":"scroll","background-type":"","background-media":"","overlay-type":"","overlay-color":"","overlay-opacity":"","overlay-gradient":""}},"ast-content-background-meta":{"desktop":{"background-color":"var(--ast-global-color-5)","background-image":"","background-repeat":"repeat","background-position":"center center","background-size":"auto","background-attachment":"scroll","background-type":"","background-media":"","overlay-type":"","overlay-color":"","overlay-opacity":"","overlay-gradient":""},"tablet":{"background-color":"var(--ast-global-color-5)","background-image":"","background-repeat":"repeat","background-position":"center center","background-size":"auto","background-attachment":"scroll","background-type":"","background-media":"","overlay-type":"","overlay-color":"","overlay-opacity":"","overlay-gradient":""},"mobile":{"background-color":"var(--ast-global-color-5)","background-image":"","background-repeat":"repeat","background-position":"center center","background-size":"auto","background-attachment":"scroll","background-type":"","background-media":"","overlay-type":"","overlay-color":"","overlay-opacity":"","overlay-gradient":""}}},"product_brand":[],"product_cat":[15,260,296,262,263],"product_tag":[],"class_list":{"0":"post-8861","1":"product","2":"type-product","3":"status-publish","4":"has-post-thumbnail","6":"product_cat-uncategorized","7":"product_cat-dildos-y-vibradores","8":"product_cat-novedades","9":"product_cat-vibradores","10":"product_cat-vibradores-lay-on-clitoris","11":"desktop-align-left","12":"tablet-align-left","13":"mobile-align-left","15":"first","16":"instock","17":"sale","18":"shipping-taxable","19":"purchasable","20":"product-type-simple"},"_links":{"self":[{"href":"https:\/\/chibolita.es\/index.php\/wp-json\/wp\/v2\/product\/8861","targetHints":{"allow":["GET"]}}],"collection":[{"href":"https:\/\/chibolita.es\/index.php\/wp-json\/wp\/v2\/product"}],"about":[{"href":"https:\/\/chibolita.es\/index.php\/wp-json\/wp\/v2\/types\/product"}],"replies":[{"embeddable":true,"href":"https:\/\/chibolita.es\/index.php\/wp-json\/wp\/v2\/comments?post=8861"}],"wp:featuredmedia":[{"embeddable":true,"href":"https:\/\/chibolita.es\/index.php\/wp-json\/wp\/v2\/media\/8862"}],"wp:attachment":[{"href":"https:\/\/chibolita.es\/index.php\/wp-json\/wp\/v2\/media?parent=8861"}],"wp:term":[{"taxonomy":"product_brand","embeddable":true,"href":"https:\/\/chibolita.es\/index.php\/wp-json\/wp\/v2\/product_brand?post=8861"},{"taxonomy":"product_cat","embeddable":true,"href":"https:\/\/chibolita.es\/index.php\/wp-json\/wp\/v2\/product_cat?post=8861"},{"taxonomy":"product_tag","embeddable":true,"href":"https:\/\/chibolita.es\/index.php\/wp-json\/wp\/v2\/product_tag?post=8861"}],"curies":[{"name":"wp","href":"https:\/\/api.w.org\/{rel}","templated":true}]}}