{"id":8841,"date":"2023-11-22T10:27:13","date_gmt":"2023-11-22T10:27:13","guid":{"rendered":"https:\/\/chibolita.es\/?post_type=product&#038;p=8841"},"modified":"2025-05-29T13:34:48","modified_gmt":"2025-05-29T13:34:48","slug":"intimateline-luxuria-bio-gel-estimulante-para-ella-efecto-vibrador-15-ml","status":"publish","type":"product","link":"https:\/\/chibolita.es\/index.php\/product\/intimateline-luxuria-bio-gel-estimulante-para-ella-efecto-vibrador-15-ml\/","title":{"rendered":"INTIMATELINE LUXURIA &#8211; BIO GEL ESTIMULANTE PARA ELLA EFECTO VIBRADOR 15 ML"},"content":{"rendered":"<p><strong>Luxuria Bio Liquid Vibrator\u00a0<\/strong>es un gel ultraestimulante con efecto vibrador formulado con ingredientes completamente naturales. Su innovadora f\u00f3rmula totalmente ecol\u00f3gica emplea extractos de plantas para proporcionar a tu zona \u00edntima un efecto electrizante que aumenta la excitaci\u00f3n y te proporciona orgasmos muy intensos y prolongados. Ideal para proporcionar una estimulaci\u00f3n intensa y potenciar el placer.<\/p>\n<p>&nbsp;<\/p>\n<p><u><strong>CARACTERISTICAS:<\/strong><\/u><\/p>\n<ul>\n<li><u>Modo de empleo<\/u>: Aplicar una peque\u00f1a cantidad de producto sobre el cl\u00edtoris o el glande y esperar unos segundos. La cantidad y el tiempo depender\u00e1n de las particularidades de cada persona.<\/li>\n<li>Uso externo.<\/li>\n<li>Compatible con l\u00e1tex.<\/li>\n<li>Dermatol\u00f3gicamente Comprobado.<\/li>\n<li><u>Advertencias<\/u>: No aplicar sobre piel da\u00f1ada o irritada.<\/li>\n<\/ul>\n","protected":false},"excerpt":{"rendered":"<p>Luxuria Bio Liquid Vibrator\u00a0es un gel ultraestimulante con efecto vibrador formulado con ingredientes completamente naturales. Su innovadora f\u00f3rmula totalmente ecol\u00f3gica emplea extractos de plantas para proporcionar a tu zona \u00edntima un efecto electrizante que aumenta la excitaci\u00f3n y te proporciona orgasmos muy intensos y prolongados. Ideal para proporcionar una estimulaci\u00f3n intensa y potenciar el placer. [&hellip;]<\/p>\n","protected":false},"featured_media":8842,"comment_status":"open","ping_status":"closed","template":"","meta":{"_eb_attr":"","site-sidebar-layout":"default","site-content-layout":"default","ast-site-content-layout":"default","site-content-style":"default","site-sidebar-style":"default","ast-global-header-display":"","ast-banner-title-visibility":"","ast-main-header-display":"","ast-hfb-above-header-display":"","ast-hfb-below-header-display":"","ast-hfb-mobile-header-display":"","site-post-title":"","ast-breadcrumbs-content":"","ast-featured-img":"","footer-sml-layout":"","ast-disable-related-posts":"","theme-transparent-header-meta":"default","adv-header-id-meta":"","stick-header-meta":"","header-above-stick-meta":"","header-main-stick-meta":"","header-below-stick-meta":"","astra-migrate-meta-layouts":"default","ast-page-background-enabled":"default","ast-page-background-meta":{"desktop":{"background-color":"var(--ast-global-color-4)","background-image":"","background-repeat":"repeat","background-position":"center center","background-size":"auto","background-attachment":"scroll","background-type":"","background-media":"","overlay-type":"","overlay-color":"","overlay-opacity":"","overlay-gradient":""},"tablet":{"background-color":"","background-image":"","background-repeat":"repeat","background-position":"center center","background-size":"auto","background-attachment":"scroll","background-type":"","background-media":"","overlay-type":"","overlay-color":"","overlay-opacity":"","overlay-gradient":""},"mobile":{"background-color":"","background-image":"","background-repeat":"repeat","background-position":"center center","background-size":"auto","background-attachment":"scroll","background-type":"","background-media":"","overlay-type":"","overlay-color":"","overlay-opacity":"","overlay-gradient":""}},"ast-content-background-meta":{"desktop":{"background-color":"var(--ast-global-color-5)","background-image":"","background-repeat":"repeat","background-position":"center center","background-size":"auto","background-attachment":"scroll","background-type":"","background-media":"","overlay-type":"","overlay-color":"","overlay-opacity":"","overlay-gradient":""},"tablet":{"background-color":"var(--ast-global-color-5)","background-image":"","background-repeat":"repeat","background-position":"center center","background-size":"auto","background-attachment":"scroll","background-type":"","background-media":"","overlay-type":"","overlay-color":"","overlay-opacity":"","overlay-gradient":""},"mobile":{"background-color":"var(--ast-global-color-5)","background-image":"","background-repeat":"repeat","background-position":"center center","background-size":"auto","background-attachment":"scroll","background-type":"","background-media":"","overlay-type":"","overlay-color":"","overlay-opacity":"","overlay-gradient":""}}},"product_brand":[],"product_cat":[257,296],"product_tag":[],"class_list":{"0":"post-8841","1":"product","2":"type-product","3":"status-publish","4":"has-post-thumbnail","6":"product_cat-lubricantes","7":"product_cat-novedades","8":"desktop-align-left","9":"tablet-align-left","10":"mobile-align-left","12":"first","13":"instock","14":"sale","15":"shipping-taxable","16":"purchasable","17":"product-type-simple"},"_links":{"self":[{"href":"https:\/\/chibolita.es\/index.php\/wp-json\/wp\/v2\/product\/8841","targetHints":{"allow":["GET"]}}],"collection":[{"href":"https:\/\/chibolita.es\/index.php\/wp-json\/wp\/v2\/product"}],"about":[{"href":"https:\/\/chibolita.es\/index.php\/wp-json\/wp\/v2\/types\/product"}],"replies":[{"embeddable":true,"href":"https:\/\/chibolita.es\/index.php\/wp-json\/wp\/v2\/comments?post=8841"}],"wp:featuredmedia":[{"embeddable":true,"href":"https:\/\/chibolita.es\/index.php\/wp-json\/wp\/v2\/media\/8842"}],"wp:attachment":[{"href":"https:\/\/chibolita.es\/index.php\/wp-json\/wp\/v2\/media?parent=8841"}],"wp:term":[{"taxonomy":"product_brand","embeddable":true,"href":"https:\/\/chibolita.es\/index.php\/wp-json\/wp\/v2\/product_brand?post=8841"},{"taxonomy":"product_cat","embeddable":true,"href":"https:\/\/chibolita.es\/index.php\/wp-json\/wp\/v2\/product_cat?post=8841"},{"taxonomy":"product_tag","embeddable":true,"href":"https:\/\/chibolita.es\/index.php\/wp-json\/wp\/v2\/product_tag?post=8841"}],"curies":[{"name":"wp","href":"https:\/\/api.w.org\/{rel}","templated":true}]}}