{"id":8837,"date":"2023-11-22T10:23:34","date_gmt":"2023-11-22T10:23:34","guid":{"rendered":"https:\/\/chibolita.es\/?post_type=product&#038;p=8837"},"modified":"2023-11-22T10:23:35","modified_gmt":"2023-11-22T10:23:35","slug":"intimateline-luxuria-bio-lubricante-base-agua-50-ml","status":"publish","type":"product","link":"https:\/\/chibolita.es\/index.php\/product\/intimateline-luxuria-bio-lubricante-base-agua-50-ml\/","title":{"rendered":"INTIMATELINE LUXURIA &#8211; BIO LUBRICANTE BASE AGUA 50 ML"},"content":{"rendered":"<p><strong>Luxuria BIO Aqua Lubricant<\/strong>\u00a0es un gel lubricante a base de agua totalmente ecol\u00f3gico que emplea extractos naturales para proporcionar a la zona \u00edntima una hidrataci\u00f3n profunda por m\u00e1s tiempo durante las relaciones sexuales. Dise\u00f1ado para todo tipo de relaciones sexuales, Luxuria BIO Aqua Lubricant ayuda a prevenir la irritaci\u00f3n y el ardor en las zonas sometidas a estr\u00e9s prolongado, manteniendo una alta lubricaci\u00f3n de larga duraci\u00f3n.<\/p>\n<p>&nbsp;<\/p>\n<p><u><strong>CARACTERISTICAS:<\/strong><\/u><\/p>\n<ul>\n<li><u>Modo de empleo<\/u>: Aplicar la cantidad deseada sobre la parte a lubricar y masajear.<\/li>\n<li>Uso externo.<\/li>\n<li>Compatible con l\u00e1tex.<\/li>\n<li>Dermatol\u00f3gicamente Comprobado.<\/li>\n<li><u>Advertencias<\/u>: No aplicar sobre piel da\u00f1ada o irritada.<\/li>\n<\/ul>\n","protected":false},"excerpt":{"rendered":"<p>Luxuria BIO Aqua Lubricant\u00a0es un gel lubricante a base de agua totalmente ecol\u00f3gico que emplea extractos naturales para proporcionar a la zona \u00edntima una hidrataci\u00f3n profunda por m\u00e1s tiempo durante las relaciones sexuales. Dise\u00f1ado para todo tipo de relaciones sexuales, Luxuria BIO Aqua Lubricant ayuda a prevenir la irritaci\u00f3n y el ardor en las zonas [&hellip;]<\/p>\n","protected":false},"featured_media":8838,"comment_status":"open","ping_status":"closed","template":"","meta":{"_eb_attr":"","site-sidebar-layout":"default","site-content-layout":"default","ast-site-content-layout":"default","site-content-style":"default","site-sidebar-style":"default","ast-global-header-display":"","ast-banner-title-visibility":"","ast-main-header-display":"","ast-hfb-above-header-display":"","ast-hfb-below-header-display":"","ast-hfb-mobile-header-display":"","site-post-title":"","ast-breadcrumbs-content":"","ast-featured-img":"","footer-sml-layout":"","ast-disable-related-posts":"","theme-transparent-header-meta":"default","adv-header-id-meta":"","stick-header-meta":"","header-above-stick-meta":"","header-main-stick-meta":"","header-below-stick-meta":"","astra-migrate-meta-layouts":"default","ast-page-background-enabled":"default","ast-page-background-meta":{"desktop":{"background-color":"var(--ast-global-color-4)","background-image":"","background-repeat":"repeat","background-position":"center center","background-size":"auto","background-attachment":"scroll","background-type":"","background-media":"","overlay-type":"","overlay-color":"","overlay-opacity":"","overlay-gradient":""},"tablet":{"background-color":"","background-image":"","background-repeat":"repeat","background-position":"center center","background-size":"auto","background-attachment":"scroll","background-type":"","background-media":"","overlay-type":"","overlay-color":"","overlay-opacity":"","overlay-gradient":""},"mobile":{"background-color":"","background-image":"","background-repeat":"repeat","background-position":"center center","background-size":"auto","background-attachment":"scroll","background-type":"","background-media":"","overlay-type":"","overlay-color":"","overlay-opacity":"","overlay-gradient":""}},"ast-content-background-meta":{"desktop":{"background-color":"var(--ast-global-color-5)","background-image":"","background-repeat":"repeat","background-position":"center center","background-size":"auto","background-attachment":"scroll","background-type":"","background-media":"","overlay-type":"","overlay-color":"","overlay-opacity":"","overlay-gradient":""},"tablet":{"background-color":"var(--ast-global-color-5)","background-image":"","background-repeat":"repeat","background-position":"center center","background-size":"auto","background-attachment":"scroll","background-type":"","background-media":"","overlay-type":"","overlay-color":"","overlay-opacity":"","overlay-gradient":""},"mobile":{"background-color":"var(--ast-global-color-5)","background-image":"","background-repeat":"repeat","background-position":"center center","background-size":"auto","background-attachment":"scroll","background-type":"","background-media":"","overlay-type":"","overlay-color":"","overlay-opacity":"","overlay-gradient":""}}},"product_brand":[],"product_cat":[257,296],"product_tag":[],"class_list":{"0":"post-8837","1":"product","2":"type-product","3":"status-publish","4":"has-post-thumbnail","6":"product_cat-lubricantes","7":"product_cat-novedades","8":"desktop-align-left","9":"tablet-align-left","10":"mobile-align-left","12":"first","13":"instock","14":"sale","15":"shipping-taxable","16":"purchasable","17":"product-type-simple"},"_links":{"self":[{"href":"https:\/\/chibolita.es\/index.php\/wp-json\/wp\/v2\/product\/8837","targetHints":{"allow":["GET"]}}],"collection":[{"href":"https:\/\/chibolita.es\/index.php\/wp-json\/wp\/v2\/product"}],"about":[{"href":"https:\/\/chibolita.es\/index.php\/wp-json\/wp\/v2\/types\/product"}],"replies":[{"embeddable":true,"href":"https:\/\/chibolita.es\/index.php\/wp-json\/wp\/v2\/comments?post=8837"}],"wp:featuredmedia":[{"embeddable":true,"href":"https:\/\/chibolita.es\/index.php\/wp-json\/wp\/v2\/media\/8838"}],"wp:attachment":[{"href":"https:\/\/chibolita.es\/index.php\/wp-json\/wp\/v2\/media?parent=8837"}],"wp:term":[{"taxonomy":"product_brand","embeddable":true,"href":"https:\/\/chibolita.es\/index.php\/wp-json\/wp\/v2\/product_brand?post=8837"},{"taxonomy":"product_cat","embeddable":true,"href":"https:\/\/chibolita.es\/index.php\/wp-json\/wp\/v2\/product_cat?post=8837"},{"taxonomy":"product_tag","embeddable":true,"href":"https:\/\/chibolita.es\/index.php\/wp-json\/wp\/v2\/product_tag?post=8837"}],"curies":[{"name":"wp","href":"https:\/\/api.w.org\/{rel}","templated":true}]}}