{"id":8613,"date":"2023-10-06T10:25:25","date_gmt":"2023-10-06T10:25:25","guid":{"rendered":"https:\/\/chibolita.es\/?post_type=product&#038;p=8613"},"modified":"2023-10-06T10:25:25","modified_gmt":"2023-10-06T10:25:25","slug":"liketrue-jess-vagina-ano-y-boca-super-realista-650-gr","status":"publish","type":"product","link":"https:\/\/chibolita.es\/index.php\/product\/liketrue-jess-vagina-ano-y-boca-super-realista-650-gr\/","title":{"rendered":"LIKETRUE JESS VAGINA, ANO Y BOCA S\u00daPER REALISTA 650 GR"},"content":{"rendered":"<p>La l\u00ednea de masturbadores Liketrue by Intoyou te propone una colecci\u00f3n de masturbadores masculinos inspirados en las mujeres y su sexo.<\/p>\n<p>Las texturas internas de los t\u00faneles de penetraci\u00f3n, el dise\u00f1o m\u00e1s que realista de la vagina o ano y la excelente calidad hacen de estos masturbadores unos juguetes de excepci\u00f3n. Nunca antes hab\u00edas podido disfrutar de una experiencia tan cercana a la realidad.<\/p>\n<p>Elige el modelo que m\u00e1s te guste y haz realidad tus fantas\u00edas m\u00e1s calientes, nuestros juguetes est\u00e1n pensados y dise\u00f1ados para el placer m\u00e1s intenso. Sus detalles son \u00fanicos y sus canales profundos y excitantes para acogerte hasta el fondo.<\/p>\n<p>Los detalles en el interior y exterior simulan los pliegues de la piel, cuentan con una forma ergon\u00f3mica para una sujeci\u00f3n y confort excelentes mientras te masturbas. El material es TPE de alta calidad flexible y extensible, con un tacto y una est\u00e9tica muy similar a la piel, muy agradable de tocar. Realismo al m\u00e1s alto nivel.<\/p>\n<p>Jess, un masturbador como ning\u00fan otro. Jess cuenta con 3 orificios, si si, has le\u00eddo bien, 3 orificios. Uno de ellos es una vagina realista, con un t\u00fanel lleno de protuberancias y estr\u00edas para aumentar el placer. El segundo t\u00fanel es el ano, con un canal texturizado, mucho m\u00e1s estrecho para un placer anal superior. Y el tercero es una boca, pero no un simple orificio en forma de boca, sino una boca realista, con unos labios gorditos y unos dientes que rozar\u00e1n cada parte de tu miembro dando m\u00e1s placer.<\/p>\n<p>Te recomendamos solamente el uso de lubricante a base de agua y que limpies tu masturbador antes y despu\u00e9s de cada uso con agua tibia y un buen limpiador de juguetes, revisa la marca Nanami para completar tu set de placer.<\/p>\n<p>Caracter\u00edsticas:<\/p>\n<ul>\n<li>Realismo al m\u00e1s alto nivel<\/li>\n<li>Triple orifcio &#8211; vagina, ano y boca<\/li>\n<li>Tacto ultra suave<\/li>\n<li>Canales texturizados<\/li>\n<li>Flexible y extensible para adaptarse a todos los tama\u00f1os<\/li>\n<li>Material TPE extra seguro<\/li>\n<li>Impermeable<\/li>\n<\/ul>\n<p>Medidas:<\/p>\n<ul>\n<li>Peso: 650gr<\/li>\n<li>Longitud: 18 cm<\/li>\n<li>Altura: 10 cm<\/li>\n<li>Anchura: 8 cm<\/li>\n<\/ul>\n","protected":false},"excerpt":{"rendered":"<p>La l\u00ednea de masturbadores Liketrue by Intoyou te propone una colecci\u00f3n de masturbadores masculinos inspirados en las mujeres y su sexo. Las texturas internas de los t\u00faneles de penetraci\u00f3n, el dise\u00f1o m\u00e1s que realista de la vagina o ano y la excelente calidad hacen de estos masturbadores unos juguetes de excepci\u00f3n. Nunca antes hab\u00edas podido [&hellip;]<\/p>\n","protected":false},"featured_media":8623,"comment_status":"open","ping_status":"closed","template":"","meta":{"_eb_attr":"","site-sidebar-layout":"default","site-content-layout":"default","ast-site-content-layout":"default","site-content-style":"default","site-sidebar-style":"default","ast-global-header-display":"","ast-banner-title-visibility":"","ast-main-header-display":"","ast-hfb-above-header-display":"","ast-hfb-below-header-display":"","ast-hfb-mobile-header-display":"","site-post-title":"","ast-breadcrumbs-content":"","ast-featured-img":"","footer-sml-layout":"","ast-disable-related-posts":"","theme-transparent-header-meta":"default","adv-header-id-meta":"","stick-header-meta":"","header-above-stick-meta":"","header-main-stick-meta":"","header-below-stick-meta":"","astra-migrate-meta-layouts":"default","ast-page-background-enabled":"default","ast-page-background-meta":{"desktop":{"background-color":"var(--ast-global-color-4)","background-image":"","background-repeat":"repeat","background-position":"center center","background-size":"auto","background-attachment":"scroll","background-type":"","background-media":"","overlay-type":"","overlay-color":"","overlay-opacity":"","overlay-gradient":""},"tablet":{"background-color":"","background-image":"","background-repeat":"repeat","background-position":"center center","background-size":"auto","background-attachment":"scroll","background-type":"","background-media":"","overlay-type":"","overlay-color":"","overlay-opacity":"","overlay-gradient":""},"mobile":{"background-color":"","background-image":"","background-repeat":"repeat","background-position":"center center","background-size":"auto","background-attachment":"scroll","background-type":"","background-media":"","overlay-type":"","overlay-color":"","overlay-opacity":"","overlay-gradient":""}},"ast-content-background-meta":{"desktop":{"background-color":"var(--ast-global-color-5)","background-image":"","background-repeat":"repeat","background-position":"center center","background-size":"auto","background-attachment":"scroll","background-type":"","background-media":"","overlay-type":"","overlay-color":"","overlay-opacity":"","overlay-gradient":""},"tablet":{"background-color":"var(--ast-global-color-5)","background-image":"","background-repeat":"repeat","background-position":"center center","background-size":"auto","background-attachment":"scroll","background-type":"","background-media":"","overlay-type":"","overlay-color":"","overlay-opacity":"","overlay-gradient":""},"mobile":{"background-color":"var(--ast-global-color-5)","background-image":"","background-repeat":"repeat","background-position":"center center","background-size":"auto","background-attachment":"scroll","background-type":"","background-media":"","overlay-type":"","overlay-color":"","overlay-opacity":"","overlay-gradient":""}}},"product_brand":[],"product_cat":[273,276,296],"product_tag":[],"class_list":{"0":"post-8613","1":"product","2":"type-product","3":"status-publish","4":"has-post-thumbnail","6":"product_cat-juguetes-para-hombres","7":"product_cat-masturbadores-para-ellos","8":"product_cat-novedades","9":"desktop-align-left","10":"tablet-align-left","11":"mobile-align-left","13":"first","14":"instock","15":"sale","16":"shipping-taxable","17":"purchasable","18":"product-type-simple"},"_links":{"self":[{"href":"https:\/\/chibolita.es\/index.php\/wp-json\/wp\/v2\/product\/8613","targetHints":{"allow":["GET"]}}],"collection":[{"href":"https:\/\/chibolita.es\/index.php\/wp-json\/wp\/v2\/product"}],"about":[{"href":"https:\/\/chibolita.es\/index.php\/wp-json\/wp\/v2\/types\/product"}],"replies":[{"embeddable":true,"href":"https:\/\/chibolita.es\/index.php\/wp-json\/wp\/v2\/comments?post=8613"}],"wp:featuredmedia":[{"embeddable":true,"href":"https:\/\/chibolita.es\/index.php\/wp-json\/wp\/v2\/media\/8623"}],"wp:attachment":[{"href":"https:\/\/chibolita.es\/index.php\/wp-json\/wp\/v2\/media?parent=8613"}],"wp:term":[{"taxonomy":"product_brand","embeddable":true,"href":"https:\/\/chibolita.es\/index.php\/wp-json\/wp\/v2\/product_brand?post=8613"},{"taxonomy":"product_cat","embeddable":true,"href":"https:\/\/chibolita.es\/index.php\/wp-json\/wp\/v2\/product_cat?post=8613"},{"taxonomy":"product_tag","embeddable":true,"href":"https:\/\/chibolita.es\/index.php\/wp-json\/wp\/v2\/product_tag?post=8613"}],"curies":[{"name":"wp","href":"https:\/\/api.w.org\/{rel}","templated":true}]}}