{"id":8600,"date":"2023-10-06T10:18:06","date_gmt":"2023-10-06T10:18:06","guid":{"rendered":"https:\/\/chibolita.es\/?post_type=product&#038;p=8600"},"modified":"2023-10-06T10:18:07","modified_gmt":"2023-10-06T10:18:07","slug":"martinella-estimulador-doble-con-lengua-y-pulsacion","status":"publish","type":"product","link":"https:\/\/chibolita.es\/index.php\/product\/martinella-estimulador-doble-con-lengua-y-pulsacion\/","title":{"rendered":"MARTINELLA ESTIMULADOR DOBLE CON LENGUA Y PULSACI\u00d3N"},"content":{"rendered":"<p>Martinella, un estimulador femenino con el que sentirte como una reina, sin necesidad de depender de nadie para disfrutar de tu sexualidad y de tus m\u00e1s profundas sensaciones.<\/p>\n<p>Esta nueva compa\u00f1era dentro de Martinella es un poco diferente al resto de miembros de la familia, d\u00e9jame explicarte:<\/p>\n<ul>\n<li>Cuenta con un cuerpo que simula una lengua, alargada y semi en punta. Con esta lengua podr\u00e1s experimentar 10 modos de vibraci\u00f3n y movimiento, el cual nos gusta llamar \u201clengua loca\u201d para una experiencia extra \u00edntima.<\/li>\n<li>Por otro lado, en el estimulador de cl\u00edtoris, 10 funciones de pulsaci\u00f3n hacen que tu cl\u00edtoris se vuelva loco de placer.<\/li>\n<\/ul>\n<p>Martinella cuenta con un sistema dual, lo que quiere decir que sus motores funcionan por separado para que puedas usar estas funciones juntas o por separado.\u00a0 Sus materiales son extra suaves en silicona Premium y podr\u00e1s recargarla sin esperas gracias a su cargador USB. Adem\u00e1s, aunque cuenta con dos potentes motores, su nivel de ruido es muy bajo, tu secreto estar\u00e1 a salvo con Martinella.<\/p>\n<p>Recuerda usar tu lubricante a base de agua favorito, como el de Nanami N-506, para que la experiencia se incremente al m\u00e1ximo y limpiarlo antes y despu\u00e9s de utilizarlo con un buen limpiador de juguetes, como el N-507, para que Martinella te acompa\u00f1e durante toda tu vida.<\/p>\n<p>Caracter\u00edsticas:<\/p>\n<ul>\n<li>Doble funci\u00f3n<\/li>\n<li>10 modos de vibraci\u00f3n \u2013 lengua loca<\/li>\n<li>10 modos de pulsaci\u00f3n en el estimulador de cl\u00edtoris<\/li>\n<li>Funciones independientes entre si<\/li>\n<li>Tacto suave y sedoso<\/li>\n<li>Motores muy silenciosos<\/li>\n<li>Recargable por USB<\/li>\n<li>Medidas: 17.5 cm x 8.7 cm x 4.4 cm<\/li>\n<\/ul>\n","protected":false},"excerpt":{"rendered":"<p>Martinella, un estimulador femenino con el que sentirte como una reina, sin necesidad de depender de nadie para disfrutar de tu sexualidad y de tus m\u00e1s profundas sensaciones. Esta nueva compa\u00f1era dentro de Martinella es un poco diferente al resto de miembros de la familia, d\u00e9jame explicarte: Cuenta con un cuerpo que simula una lengua, [&hellip;]<\/p>\n","protected":false},"featured_media":8612,"comment_status":"open","ping_status":"closed","template":"","meta":{"_eb_attr":"","site-sidebar-layout":"default","site-content-layout":"default","ast-site-content-layout":"default","site-content-style":"default","site-sidebar-style":"default","ast-global-header-display":"","ast-banner-title-visibility":"","ast-main-header-display":"","ast-hfb-above-header-display":"","ast-hfb-below-header-display":"","ast-hfb-mobile-header-display":"","site-post-title":"","ast-breadcrumbs-content":"","ast-featured-img":"","footer-sml-layout":"","ast-disable-related-posts":"","theme-transparent-header-meta":"default","adv-header-id-meta":"","stick-header-meta":"","header-above-stick-meta":"","header-main-stick-meta":"","header-below-stick-meta":"","astra-migrate-meta-layouts":"default","ast-page-background-enabled":"default","ast-page-background-meta":{"desktop":{"background-color":"var(--ast-global-color-4)","background-image":"","background-repeat":"repeat","background-position":"center center","background-size":"auto","background-attachment":"scroll","background-type":"","background-media":"","overlay-type":"","overlay-color":"","overlay-opacity":"","overlay-gradient":""},"tablet":{"background-color":"","background-image":"","background-repeat":"repeat","background-position":"center center","background-size":"auto","background-attachment":"scroll","background-type":"","background-media":"","overlay-type":"","overlay-color":"","overlay-opacity":"","overlay-gradient":""},"mobile":{"background-color":"","background-image":"","background-repeat":"repeat","background-position":"center center","background-size":"auto","background-attachment":"scroll","background-type":"","background-media":"","overlay-type":"","overlay-color":"","overlay-opacity":"","overlay-gradient":""}},"ast-content-background-meta":{"desktop":{"background-color":"var(--ast-global-color-5)","background-image":"","background-repeat":"repeat","background-position":"center center","background-size":"auto","background-attachment":"scroll","background-type":"","background-media":"","overlay-type":"","overlay-color":"","overlay-opacity":"","overlay-gradient":""},"tablet":{"background-color":"var(--ast-global-color-5)","background-image":"","background-repeat":"repeat","background-position":"center center","background-size":"auto","background-attachment":"scroll","background-type":"","background-media":"","overlay-type":"","overlay-color":"","overlay-opacity":"","overlay-gradient":""},"mobile":{"background-color":"var(--ast-global-color-5)","background-image":"","background-repeat":"repeat","background-position":"center center","background-size":"auto","background-attachment":"scroll","background-type":"","background-media":"","overlay-type":"","overlay-color":"","overlay-opacity":"","overlay-gradient":""}}},"product_brand":[],"product_cat":[260,296,262,263],"product_tag":[],"class_list":{"0":"post-8600","1":"product","2":"type-product","3":"status-publish","4":"has-post-thumbnail","6":"product_cat-dildos-y-vibradores","7":"product_cat-novedades","8":"product_cat-vibradores","9":"product_cat-vibradores-lay-on-clitoris","10":"desktop-align-left","11":"tablet-align-left","12":"mobile-align-left","14":"first","15":"instock","16":"sale","17":"shipping-taxable","18":"purchasable","19":"product-type-simple"},"_links":{"self":[{"href":"https:\/\/chibolita.es\/index.php\/wp-json\/wp\/v2\/product\/8600","targetHints":{"allow":["GET"]}}],"collection":[{"href":"https:\/\/chibolita.es\/index.php\/wp-json\/wp\/v2\/product"}],"about":[{"href":"https:\/\/chibolita.es\/index.php\/wp-json\/wp\/v2\/types\/product"}],"replies":[{"embeddable":true,"href":"https:\/\/chibolita.es\/index.php\/wp-json\/wp\/v2\/comments?post=8600"}],"wp:featuredmedia":[{"embeddable":true,"href":"https:\/\/chibolita.es\/index.php\/wp-json\/wp\/v2\/media\/8612"}],"wp:attachment":[{"href":"https:\/\/chibolita.es\/index.php\/wp-json\/wp\/v2\/media?parent=8600"}],"wp:term":[{"taxonomy":"product_brand","embeddable":true,"href":"https:\/\/chibolita.es\/index.php\/wp-json\/wp\/v2\/product_brand?post=8600"},{"taxonomy":"product_cat","embeddable":true,"href":"https:\/\/chibolita.es\/index.php\/wp-json\/wp\/v2\/product_cat?post=8600"},{"taxonomy":"product_tag","embeddable":true,"href":"https:\/\/chibolita.es\/index.php\/wp-json\/wp\/v2\/product_tag?post=8600"}],"curies":[{"name":"wp","href":"https:\/\/api.w.org\/{rel}","templated":true}]}}