{"id":8594,"date":"2023-10-04T14:00:37","date_gmt":"2023-10-04T14:00:37","guid":{"rendered":"https:\/\/chibolita.es\/?post_type=product&#038;p=8594"},"modified":"2023-10-04T14:00:37","modified_gmt":"2023-10-04T14:00:37","slug":"glazed-dildo-realista-con-testiculos-material-cristalino-18-cm","status":"publish","type":"product","link":"https:\/\/chibolita.es\/index.php\/product\/glazed-dildo-realista-con-testiculos-material-cristalino-18-cm\/","title":{"rendered":"GLAZED DILDO REALISTA CON TEST\u00cdCULOS MATERIAL CRISTALINO 18 CM"},"content":{"rendered":"<p>Glazed, la gama de dildos m\u00e1s transparentes y realistas que has visto nunca.<\/p>\n<p>Con un tacto suave es completamente flexible, perfecto para aumentar la comodidad en tus relaciones, ya sea para la masturbaci\u00f3n o para usarlo en pareja. Gracias a su forma te har\u00e1 experimentar las mejores sensaciones de tu vida.<\/p>\n<p>Los dildos Glazed han sido pensados y fabricados con materiales cristalinos de \u00faltima generaci\u00f3n, muy f\u00e1ciles de limpiar, no pegajosos y sin olor. Como ya hemos dicho, cuentan con un dise\u00f1o realista, esto quiere decir que podr\u00e1s disfrutar de un glande redondeado, test\u00edculos y de un cuerpo lleno de venas bien marcadas.<\/p>\n<p>En la base, una potente ventosa te permitir\u00e1 poder utilizar tu Glazed en casi cualquier superficie lisa, pero tambi\u00e9n es perfecto para poder utilizar con arneses universales con anillo compatible. Todo esto hace que sepamos que Glazed se va a convertir en tu dildo favorito en cuanto lo tengas en tus manos.<\/p>\n<p>Recuerda limpiar adecuadamente tu dildo con jab\u00f3n neutro o limpiador de juguetes (N-507) y agua y secarlo bien para maximizar su vida \u00fatil. Utiliza tu lubricante a base de agua favorito (F-843) para una experiencia extra h\u00fameda.<\/p>\n<p>Caracter\u00edsticas:<\/p>\n<ul>\n<li>Dildo Extra Realista de 18 cm<\/li>\n<li>Con test\u00edculos<\/li>\n<li>Materiales cristalinos de la m\u00e1s alta calidad<\/li>\n<li>Flexible<\/li>\n<li>A prueba de salpicaduras<\/li>\n<li>Materiales seguros para el cuerpo de alta calidad<\/li>\n<li>Fuerte ventosa en la base<\/li>\n<\/ul>\n","protected":false},"excerpt":{"rendered":"<p>Glazed, la gama de dildos m\u00e1s transparentes y realistas que has visto nunca. Con un tacto suave es completamente flexible, perfecto para aumentar la comodidad en tus relaciones, ya sea para la masturbaci\u00f3n o para usarlo en pareja. Gracias a su forma te har\u00e1 experimentar las mejores sensaciones de tu vida. Los dildos Glazed han [&hellip;]<\/p>\n","protected":false},"featured_media":8599,"comment_status":"open","ping_status":"closed","template":"","meta":{"_eb_attr":"","site-sidebar-layout":"default","site-content-layout":"default","ast-site-content-layout":"default","site-content-style":"default","site-sidebar-style":"default","ast-global-header-display":"","ast-banner-title-visibility":"","ast-main-header-display":"","ast-hfb-above-header-display":"","ast-hfb-below-header-display":"","ast-hfb-mobile-header-display":"","site-post-title":"","ast-breadcrumbs-content":"","ast-featured-img":"","footer-sml-layout":"","ast-disable-related-posts":"","theme-transparent-header-meta":"default","adv-header-id-meta":"","stick-header-meta":"","header-above-stick-meta":"","header-main-stick-meta":"","header-below-stick-meta":"","astra-migrate-meta-layouts":"default","ast-page-background-enabled":"default","ast-page-background-meta":{"desktop":{"background-color":"var(--ast-global-color-4)","background-image":"","background-repeat":"repeat","background-position":"center center","background-size":"auto","background-attachment":"scroll","background-type":"","background-media":"","overlay-type":"","overlay-color":"","overlay-opacity":"","overlay-gradient":""},"tablet":{"background-color":"","background-image":"","background-repeat":"repeat","background-position":"center center","background-size":"auto","background-attachment":"scroll","background-type":"","background-media":"","overlay-type":"","overlay-color":"","overlay-opacity":"","overlay-gradient":""},"mobile":{"background-color":"","background-image":"","background-repeat":"repeat","background-position":"center center","background-size":"auto","background-attachment":"scroll","background-type":"","background-media":"","overlay-type":"","overlay-color":"","overlay-opacity":"","overlay-gradient":""}},"ast-content-background-meta":{"desktop":{"background-color":"var(--ast-global-color-5)","background-image":"","background-repeat":"repeat","background-position":"center center","background-size":"auto","background-attachment":"scroll","background-type":"","background-media":"","overlay-type":"","overlay-color":"","overlay-opacity":"","overlay-gradient":""},"tablet":{"background-color":"var(--ast-global-color-5)","background-image":"","background-repeat":"repeat","background-position":"center center","background-size":"auto","background-attachment":"scroll","background-type":"","background-media":"","overlay-type":"","overlay-color":"","overlay-opacity":"","overlay-gradient":""},"mobile":{"background-color":"var(--ast-global-color-5)","background-image":"","background-repeat":"repeat","background-position":"center center","background-size":"auto","background-attachment":"scroll","background-type":"","background-media":"","overlay-type":"","overlay-color":"","overlay-opacity":"","overlay-gradient":""}}},"product_brand":[],"product_cat":[261,260,296],"product_tag":[],"class_list":{"0":"post-8594","1":"product","2":"type-product","3":"status-publish","4":"has-post-thumbnail","6":"product_cat-dildos","7":"product_cat-dildos-y-vibradores","8":"product_cat-novedades","9":"desktop-align-left","10":"tablet-align-left","11":"mobile-align-left","13":"first","14":"instock","15":"shipping-taxable","16":"purchasable","17":"product-type-simple"},"_links":{"self":[{"href":"https:\/\/chibolita.es\/index.php\/wp-json\/wp\/v2\/product\/8594","targetHints":{"allow":["GET"]}}],"collection":[{"href":"https:\/\/chibolita.es\/index.php\/wp-json\/wp\/v2\/product"}],"about":[{"href":"https:\/\/chibolita.es\/index.php\/wp-json\/wp\/v2\/types\/product"}],"replies":[{"embeddable":true,"href":"https:\/\/chibolita.es\/index.php\/wp-json\/wp\/v2\/comments?post=8594"}],"wp:featuredmedia":[{"embeddable":true,"href":"https:\/\/chibolita.es\/index.php\/wp-json\/wp\/v2\/media\/8599"}],"wp:attachment":[{"href":"https:\/\/chibolita.es\/index.php\/wp-json\/wp\/v2\/media?parent=8594"}],"wp:term":[{"taxonomy":"product_brand","embeddable":true,"href":"https:\/\/chibolita.es\/index.php\/wp-json\/wp\/v2\/product_brand?post=8594"},{"taxonomy":"product_cat","embeddable":true,"href":"https:\/\/chibolita.es\/index.php\/wp-json\/wp\/v2\/product_cat?post=8594"},{"taxonomy":"product_tag","embeddable":true,"href":"https:\/\/chibolita.es\/index.php\/wp-json\/wp\/v2\/product_tag?post=8594"}],"curies":[{"name":"wp","href":"https:\/\/api.w.org\/{rel}","templated":true}]}}