{"id":8586,"date":"2023-10-04T13:53:07","date_gmt":"2023-10-04T13:53:07","guid":{"rendered":"https:\/\/chibolita.es\/?post_type=product&#038;p=8586"},"modified":"2023-10-04T13:53:07","modified_gmt":"2023-10-04T13:53:07","slug":"satisfyer-threesome-4-app-satisfyer-connect-rosa","status":"publish","type":"product","link":"https:\/\/chibolita.es\/index.php\/product\/satisfyer-threesome-4-app-satisfyer-connect-rosa\/","title":{"rendered":"SATISFYER THREESOME 4 APP SATISFYER CONNECT ROSA"},"content":{"rendered":"<p>Satisfyer Threesome 4 tiene tres brazos, un motor potente y un dise\u00f1o innovador. Es un vibrador de contacto que estimula el cl\u00edtoris y los labios. Su cuerpo r\u00edgido cuenta con brazos flexibles que se pueden ajustar para estimular los lugares que desees. Threesome 4 tiene tres motores que te brindan vibraciones potentes y profundas.<\/p>\n<p>Con la aplicaci\u00f3n gratuita APP Satisfyer Connect podr\u00e1s controlar el vibrador en todo el mundo a trav\u00e9s de Internet, vincular el dispositivo a su lista de reproducci\u00f3n favorita en Spotify o crear sus propios programas de vibraci\u00f3n y transferirlos a su Satisfyer: \u00a1las posibilidades son infinitas! Los 12 programas de vibraci\u00f3n preestablecidos en el vibrador se pueden controlar intuitivamente a trav\u00e9s del bot\u00f3n incluso sin la aplicaci\u00f3n.<\/p>\n<p>Caracter\u00edsticas:<\/p>\n<ul>\n<li>12 funciones de vibraci\u00f3n<\/li>\n<li>3 potentes motores<\/li>\n<li>APP Satisfyer Connect<\/li>\n<li>Impermeable IPX7<\/li>\n<li>Recargable por USB magn\u00e9tico<\/li>\n<li>Silicona segura para el cuerpo<\/li>\n<li>F\u00e1cil de limpiar<\/li>\n<li>Modo susurro<\/li>\n<\/ul>\n","protected":false},"excerpt":{"rendered":"<p>Satisfyer Threesome 4 tiene tres brazos, un motor potente y un dise\u00f1o innovador. Es un vibrador de contacto que estimula el cl\u00edtoris y los labios. Su cuerpo r\u00edgido cuenta con brazos flexibles que se pueden ajustar para estimular los lugares que desees. Threesome 4 tiene tres motores que te brindan vibraciones potentes y profundas. Con [&hellip;]<\/p>\n","protected":false},"featured_media":8592,"comment_status":"open","ping_status":"closed","template":"","meta":{"_eb_attr":"","site-sidebar-layout":"default","site-content-layout":"default","ast-site-content-layout":"default","site-content-style":"default","site-sidebar-style":"default","ast-global-header-display":"","ast-banner-title-visibility":"","ast-main-header-display":"","ast-hfb-above-header-display":"","ast-hfb-below-header-display":"","ast-hfb-mobile-header-display":"","site-post-title":"","ast-breadcrumbs-content":"","ast-featured-img":"","footer-sml-layout":"","ast-disable-related-posts":"","theme-transparent-header-meta":"default","adv-header-id-meta":"","stick-header-meta":"","header-above-stick-meta":"","header-main-stick-meta":"","header-below-stick-meta":"","astra-migrate-meta-layouts":"default","ast-page-background-enabled":"default","ast-page-background-meta":{"desktop":{"background-color":"var(--ast-global-color-4)","background-image":"","background-repeat":"repeat","background-position":"center center","background-size":"auto","background-attachment":"scroll","background-type":"","background-media":"","overlay-type":"","overlay-color":"","overlay-opacity":"","overlay-gradient":""},"tablet":{"background-color":"","background-image":"","background-repeat":"repeat","background-position":"center center","background-size":"auto","background-attachment":"scroll","background-type":"","background-media":"","overlay-type":"","overlay-color":"","overlay-opacity":"","overlay-gradient":""},"mobile":{"background-color":"","background-image":"","background-repeat":"repeat","background-position":"center center","background-size":"auto","background-attachment":"scroll","background-type":"","background-media":"","overlay-type":"","overlay-color":"","overlay-opacity":"","overlay-gradient":""}},"ast-content-background-meta":{"desktop":{"background-color":"var(--ast-global-color-5)","background-image":"","background-repeat":"repeat","background-position":"center center","background-size":"auto","background-attachment":"scroll","background-type":"","background-media":"","overlay-type":"","overlay-color":"","overlay-opacity":"","overlay-gradient":""},"tablet":{"background-color":"var(--ast-global-color-5)","background-image":"","background-repeat":"repeat","background-position":"center center","background-size":"auto","background-attachment":"scroll","background-type":"","background-media":"","overlay-type":"","overlay-color":"","overlay-opacity":"","overlay-gradient":""},"mobile":{"background-color":"var(--ast-global-color-5)","background-image":"","background-repeat":"repeat","background-position":"center center","background-size":"auto","background-attachment":"scroll","background-type":"","background-media":"","overlay-type":"","overlay-color":"","overlay-opacity":"","overlay-gradient":""}}},"product_brand":[],"product_cat":[260,296,262,263],"product_tag":[],"class_list":{"0":"post-8586","1":"product","2":"type-product","3":"status-publish","4":"has-post-thumbnail","6":"product_cat-dildos-y-vibradores","7":"product_cat-novedades","8":"product_cat-vibradores","9":"product_cat-vibradores-lay-on-clitoris","10":"desktop-align-left","11":"tablet-align-left","12":"mobile-align-left","14":"first","15":"instock","16":"sale","17":"shipping-taxable","18":"purchasable","19":"product-type-simple"},"_links":{"self":[{"href":"https:\/\/chibolita.es\/index.php\/wp-json\/wp\/v2\/product\/8586","targetHints":{"allow":["GET"]}}],"collection":[{"href":"https:\/\/chibolita.es\/index.php\/wp-json\/wp\/v2\/product"}],"about":[{"href":"https:\/\/chibolita.es\/index.php\/wp-json\/wp\/v2\/types\/product"}],"replies":[{"embeddable":true,"href":"https:\/\/chibolita.es\/index.php\/wp-json\/wp\/v2\/comments?post=8586"}],"wp:featuredmedia":[{"embeddable":true,"href":"https:\/\/chibolita.es\/index.php\/wp-json\/wp\/v2\/media\/8592"}],"wp:attachment":[{"href":"https:\/\/chibolita.es\/index.php\/wp-json\/wp\/v2\/media?parent=8586"}],"wp:term":[{"taxonomy":"product_brand","embeddable":true,"href":"https:\/\/chibolita.es\/index.php\/wp-json\/wp\/v2\/product_brand?post=8586"},{"taxonomy":"product_cat","embeddable":true,"href":"https:\/\/chibolita.es\/index.php\/wp-json\/wp\/v2\/product_cat?post=8586"},{"taxonomy":"product_tag","embeddable":true,"href":"https:\/\/chibolita.es\/index.php\/wp-json\/wp\/v2\/product_tag?post=8586"}],"curies":[{"name":"wp","href":"https:\/\/api.w.org\/{rel}","templated":true}]}}