{"id":8536,"date":"2023-09-14T16:34:40","date_gmt":"2023-09-14T16:34:40","guid":{"rendered":"https:\/\/chibolita.es\/?post_type=product&#038;p=8536"},"modified":"2023-09-14T16:34:40","modified_gmt":"2023-09-14T16:34:40","slug":"intoyou-shining-line-plug-anal-de-cristal-que-brilla-en-la-oscuridad","status":"publish","type":"product","link":"https:\/\/chibolita.es\/index.php\/product\/intoyou-shining-line-plug-anal-de-cristal-que-brilla-en-la-oscuridad\/","title":{"rendered":"INTOYOU SHINING LINE PLUG ANAL DE CRISTAL QUE BRILLA EN LA OSCURIDAD"},"content":{"rendered":"<p>Intoyou Shining Line redefine la expresi\u00f3n personal y el placer, dise\u00f1ada para quienes abrazan su sexualidad y fetichismo con total intensidad.<\/p>\n<p>Esta excepcional colecci\u00f3n ofrece una variedad de productos que seguramente capturar\u00e1n la atenci\u00f3n de los amantes del BDSM Cada art\u00edculo, imbuido con la capacidad de brillar en la oscuridad, invita a explorar la sensualidad en un entorno \u00edntimo y misterioso.<\/p>\n<p>&nbsp;<\/p>\n<p>Este plug anal de cristal, como el resto de la l\u00ednea, cuenta con materiales que brillan en la oscuridad. Sus materiales son resistentes y de la m\u00e1s alta calidad, con un tacto sedoso y suave.<\/p>\n<p>La punta del plug est\u00e1 redondeada, ideal para una inserci\u00f3n c\u00f3moda y sencilla, y cuenta con una base ancha para una seguridad \u00f3ptima.<\/p>\n<p>Para lograr que los productos de la l\u00ednea Shining alcancen su brillo m\u00e1ximo, te aconsejamos exponerlos a la luz solar antes de usarlos. As\u00ed, podr\u00e1s sumergirte en un mundo de sensaciones luminosas y deleite er\u00f3tico. \u00a1Descubre la pasi\u00f3n iluminada!<\/p>\n<p>Caracter\u00edsticas:<\/p>\n<ul>\n<li>Brilla en la oscuridad<\/li>\n<li>Materiales de alta calidad<\/li>\n<li>Tacto suave<\/li>\n<li>Longitud total de 9 cm<\/li>\n<li>Di\u00e1metro total de 4.5 cm<\/li>\n<\/ul>\n","protected":false},"excerpt":{"rendered":"<p>Intoyou Shining Line redefine la expresi\u00f3n personal y el placer, dise\u00f1ada para quienes abrazan su sexualidad y fetichismo con total intensidad. Esta excepcional colecci\u00f3n ofrece una variedad de productos que seguramente capturar\u00e1n la atenci\u00f3n de los amantes del BDSM Cada art\u00edculo, imbuido con la capacidad de brillar en la oscuridad, invita a explorar la sensualidad [&hellip;]<\/p>\n","protected":false},"featured_media":8541,"comment_status":"open","ping_status":"closed","template":"","meta":{"_eb_attr":"","site-sidebar-layout":"default","site-content-layout":"default","ast-site-content-layout":"default","site-content-style":"default","site-sidebar-style":"default","ast-global-header-display":"","ast-banner-title-visibility":"","ast-main-header-display":"","ast-hfb-above-header-display":"","ast-hfb-below-header-display":"","ast-hfb-mobile-header-display":"","site-post-title":"","ast-breadcrumbs-content":"","ast-featured-img":"","footer-sml-layout":"","ast-disable-related-posts":"","theme-transparent-header-meta":"default","adv-header-id-meta":"","stick-header-meta":"","header-above-stick-meta":"","header-main-stick-meta":"","header-below-stick-meta":"","astra-migrate-meta-layouts":"default","ast-page-background-enabled":"default","ast-page-background-meta":{"desktop":{"background-color":"var(--ast-global-color-4)","background-image":"","background-repeat":"repeat","background-position":"center center","background-size":"auto","background-attachment":"scroll","background-type":"","background-media":"","overlay-type":"","overlay-color":"","overlay-opacity":"","overlay-gradient":""},"tablet":{"background-color":"","background-image":"","background-repeat":"repeat","background-position":"center center","background-size":"auto","background-attachment":"scroll","background-type":"","background-media":"","overlay-type":"","overlay-color":"","overlay-opacity":"","overlay-gradient":""},"mobile":{"background-color":"","background-image":"","background-repeat":"repeat","background-position":"center center","background-size":"auto","background-attachment":"scroll","background-type":"","background-media":"","overlay-type":"","overlay-color":"","overlay-opacity":"","overlay-gradient":""}},"ast-content-background-meta":{"desktop":{"background-color":"var(--ast-global-color-5)","background-image":"","background-repeat":"repeat","background-position":"center center","background-size":"auto","background-attachment":"scroll","background-type":"","background-media":"","overlay-type":"","overlay-color":"","overlay-opacity":"","overlay-gradient":""},"tablet":{"background-color":"var(--ast-global-color-5)","background-image":"","background-repeat":"repeat","background-position":"center center","background-size":"auto","background-attachment":"scroll","background-type":"","background-media":"","overlay-type":"","overlay-color":"","overlay-opacity":"","overlay-gradient":""},"mobile":{"background-color":"var(--ast-global-color-5)","background-image":"","background-repeat":"repeat","background-position":"center center","background-size":"auto","background-attachment":"scroll","background-type":"","background-media":"","overlay-type":"","overlay-color":"","overlay-opacity":"","overlay-gradient":""}}},"product_brand":[],"product_cat":[265,270,268],"product_tag":[],"class_list":{"0":"post-8536","1":"product","2":"type-product","3":"status-publish","4":"has-post-thumbnail","6":"product_cat-fetish-bdsm","7":"product_cat-sexo-anal","8":"product_cat-special-gay","9":"desktop-align-left","10":"tablet-align-left","11":"mobile-align-left","13":"first","14":"instock","15":"sale","16":"shipping-taxable","17":"purchasable","18":"product-type-simple"},"_links":{"self":[{"href":"https:\/\/chibolita.es\/index.php\/wp-json\/wp\/v2\/product\/8536","targetHints":{"allow":["GET"]}}],"collection":[{"href":"https:\/\/chibolita.es\/index.php\/wp-json\/wp\/v2\/product"}],"about":[{"href":"https:\/\/chibolita.es\/index.php\/wp-json\/wp\/v2\/types\/product"}],"replies":[{"embeddable":true,"href":"https:\/\/chibolita.es\/index.php\/wp-json\/wp\/v2\/comments?post=8536"}],"wp:featuredmedia":[{"embeddable":true,"href":"https:\/\/chibolita.es\/index.php\/wp-json\/wp\/v2\/media\/8541"}],"wp:attachment":[{"href":"https:\/\/chibolita.es\/index.php\/wp-json\/wp\/v2\/media?parent=8536"}],"wp:term":[{"taxonomy":"product_brand","embeddable":true,"href":"https:\/\/chibolita.es\/index.php\/wp-json\/wp\/v2\/product_brand?post=8536"},{"taxonomy":"product_cat","embeddable":true,"href":"https:\/\/chibolita.es\/index.php\/wp-json\/wp\/v2\/product_cat?post=8536"},{"taxonomy":"product_tag","embeddable":true,"href":"https:\/\/chibolita.es\/index.php\/wp-json\/wp\/v2\/product_tag?post=8536"}],"curies":[{"name":"wp","href":"https:\/\/api.w.org\/{rel}","templated":true}]}}