{"id":8525,"date":"2023-09-14T16:06:28","date_gmt":"2023-09-14T16:06:28","guid":{"rendered":"https:\/\/chibolita.es\/?post_type=product&#038;p=8525"},"modified":"2023-09-14T16:06:28","modified_gmt":"2023-09-14T16:06:28","slug":"secret-play-juego-kinky-or-vanilla","status":"publish","type":"product","link":"https:\/\/chibolita.es\/index.php\/product\/secret-play-juego-kinky-or-vanilla\/","title":{"rendered":"SECRET PLAY JUEGO KINKY OR VANILLA"},"content":{"rendered":"<p>\u00bfCu\u00e1l es tu sabor?<\/p>\n<p>Con esta picante selecci\u00f3n de preguntas y pruebas tu pareja y t\u00fa aprender\u00e9is m\u00e1s el uno del otro y comprobar\u00e9is si vuestros sabores son compatibles. Respondiendo y realizando las diferentes pruebas ir\u00e9is recorriendo el tablero que os guiar\u00e1 hasta un resultado final: Kinky o Vainilla.<\/p>\n<p>El juego incluye:<\/p>\n<ul>\n<li>1 tablero<\/li>\n<li>2 peones<\/li>\n<li>1 Librillo de instrucciones<\/li>\n<li>90 cartas de pruebas y preguntas<\/li>\n<\/ul>\n<p>Hay quien dice que cuando practicas sexo es como si estuvieras delante del mostrador de una helader\u00eda. Tienes much\u00edsimo donde elegir: sabores, toppings, galletas, etc. pero puede que acabes eligiendo el sabor m\u00e1s cl\u00e1sico y b\u00e1sico que existe: el helado de vainilla.<\/p>\n<p>Pero, \u00bfhay algo malo en ello? Es posible que sea tu helado favorito, el que m\u00e1s te satisface, el \u00fanico con el que se te hace la boca agua\u2026 pero tambi\u00e9n puede ser que simplemente no hayas encontrado tu sabor\u2026 El sexo Kinky es el que engloba el resto de sabores. Algunos son muy raros y atrevidos, y otros realmente no tanto.<\/p>\n<p>El juego comienza con los peones de ambos jugadores en la casilla \u201cStart\u201d del tablero.<br \/>\nSe barajan las cartas y se colocan boca abajo en un mont\u00f3n. Comienza el componente de la pareja de mayor edad. \u00c9ste ha de coger una carta del mont\u00f3n y elegir una de las opciones que expone.<\/p>\n<p>Seg\u00fan esta opci\u00f3n (a, b o c) debe pasar a una casilla u otra, se\u00f1alada por una flechita. Estas flechitas (nombradas con la letra correspondiente) conducir\u00e1n el recorrido por el tablero.<br \/>\nTras cada turno los jugadores deber\u00e1n meter la carta al final del mont\u00f3n. Entonces ser\u00e1 el turno del otro jugador.<\/p>\n<p>Cuando ambos jugadores hayan llegado al resultado final (Kinky o Vainilla), comprobar\u00e1n su compatibilidad y descubrir\u00e1n al final de este librillo qu\u00e9 tipo de pareja son. Despu\u00e9s de eso podr\u00e1n seguir la aventura sexual a su gusto\u2026<\/p>\n<p>Cuanto menos tarde el jugador en llegar al sabor del helado, m\u00e1s Kinky o Vainilla ser\u00e1.<br \/>\nEn el caso de que el recorrido sea largo significar\u00e1 que su sabor contiene ciertos matices y no es puramente Kinky o Vainilla.<\/p>\n<p>Algunas de las casillas contienen pruebas er\u00f3ticas para realizar en solitario o en pareja.<br \/>\nEn este caso es muy importante el consentimiento por ambas partes, pues cabe la posibilidad de que un jugador sea mucho m\u00e1s atrevido que su pareja y \u00e9sta \u00faltima se sienta menos c\u00f3moda con alguna de las pruebas. Si \u00e9ste fuera vuestro caso, el m\u00e1s atrevido deber\u00e1 contestar fantaseando e imaginando las pruebas sin llegar a practicarlas.<\/p>\n","protected":false},"excerpt":{"rendered":"<p>\u00bfCu\u00e1l es tu sabor? Con esta picante selecci\u00f3n de preguntas y pruebas tu pareja y t\u00fa aprender\u00e9is m\u00e1s el uno del otro y comprobar\u00e9is si vuestros sabores son compatibles. Respondiendo y realizando las diferentes pruebas ir\u00e9is recorriendo el tablero que os guiar\u00e1 hasta un resultado final: Kinky o Vainilla. El juego incluye: 1 tablero 2 [&hellip;]<\/p>\n","protected":false},"featured_media":8530,"comment_status":"open","ping_status":"closed","template":"","meta":{"_eb_attr":"","site-sidebar-layout":"default","site-content-layout":"default","ast-site-content-layout":"default","site-content-style":"default","site-sidebar-style":"default","ast-global-header-display":"","ast-banner-title-visibility":"","ast-main-header-display":"","ast-hfb-above-header-display":"","ast-hfb-below-header-display":"","ast-hfb-mobile-header-display":"","site-post-title":"","ast-breadcrumbs-content":"","ast-featured-img":"","footer-sml-layout":"","ast-disable-related-posts":"","theme-transparent-header-meta":"default","adv-header-id-meta":"","stick-header-meta":"","header-above-stick-meta":"","header-main-stick-meta":"","header-below-stick-meta":"","astra-migrate-meta-layouts":"default","ast-page-background-enabled":"default","ast-page-background-meta":{"desktop":{"background-color":"var(--ast-global-color-4)","background-image":"","background-repeat":"repeat","background-position":"center center","background-size":"auto","background-attachment":"scroll","background-type":"","background-media":"","overlay-type":"","overlay-color":"","overlay-opacity":"","overlay-gradient":""},"tablet":{"background-color":"","background-image":"","background-repeat":"repeat","background-position":"center center","background-size":"auto","background-attachment":"scroll","background-type":"","background-media":"","overlay-type":"","overlay-color":"","overlay-opacity":"","overlay-gradient":""},"mobile":{"background-color":"","background-image":"","background-repeat":"repeat","background-position":"center center","background-size":"auto","background-attachment":"scroll","background-type":"","background-media":"","overlay-type":"","overlay-color":"","overlay-opacity":"","overlay-gradient":""}},"ast-content-background-meta":{"desktop":{"background-color":"var(--ast-global-color-5)","background-image":"","background-repeat":"repeat","background-position":"center center","background-size":"auto","background-attachment":"scroll","background-type":"","background-media":"","overlay-type":"","overlay-color":"","overlay-opacity":"","overlay-gradient":""},"tablet":{"background-color":"var(--ast-global-color-5)","background-image":"","background-repeat":"repeat","background-position":"center center","background-size":"auto","background-attachment":"scroll","background-type":"","background-media":"","overlay-type":"","overlay-color":"","overlay-opacity":"","overlay-gradient":""},"mobile":{"background-color":"var(--ast-global-color-5)","background-image":"","background-repeat":"repeat","background-position":"center center","background-size":"auto","background-attachment":"scroll","background-type":"","background-media":"","overlay-type":"","overlay-color":"","overlay-opacity":"","overlay-gradient":""}}},"product_brand":[],"product_cat":[299,296,15],"product_tag":[],"class_list":{"0":"post-8525","1":"product","2":"type-product","3":"status-publish","4":"has-post-thumbnail","6":"product_cat-juegos-eroticos","7":"product_cat-novedades","8":"product_cat-uncategorized","9":"desktop-align-left","10":"tablet-align-left","11":"mobile-align-left","13":"first","14":"instock","15":"sale","16":"shipping-taxable","17":"purchasable","18":"product-type-simple"},"_links":{"self":[{"href":"https:\/\/chibolita.es\/index.php\/wp-json\/wp\/v2\/product\/8525","targetHints":{"allow":["GET"]}}],"collection":[{"href":"https:\/\/chibolita.es\/index.php\/wp-json\/wp\/v2\/product"}],"about":[{"href":"https:\/\/chibolita.es\/index.php\/wp-json\/wp\/v2\/types\/product"}],"replies":[{"embeddable":true,"href":"https:\/\/chibolita.es\/index.php\/wp-json\/wp\/v2\/comments?post=8525"}],"wp:featuredmedia":[{"embeddable":true,"href":"https:\/\/chibolita.es\/index.php\/wp-json\/wp\/v2\/media\/8530"}],"wp:attachment":[{"href":"https:\/\/chibolita.es\/index.php\/wp-json\/wp\/v2\/media?parent=8525"}],"wp:term":[{"taxonomy":"product_brand","embeddable":true,"href":"https:\/\/chibolita.es\/index.php\/wp-json\/wp\/v2\/product_brand?post=8525"},{"taxonomy":"product_cat","embeddable":true,"href":"https:\/\/chibolita.es\/index.php\/wp-json\/wp\/v2\/product_cat?post=8525"},{"taxonomy":"product_tag","embeddable":true,"href":"https:\/\/chibolita.es\/index.php\/wp-json\/wp\/v2\/product_tag?post=8525"}],"curies":[{"name":"wp","href":"https:\/\/api.w.org\/{rel}","templated":true}]}}