{"id":8506,"date":"2023-08-30T10:33:19","date_gmt":"2023-08-30T10:33:19","guid":{"rendered":"https:\/\/chibolita.es\/?post_type=product&#038;p=8506"},"modified":"2026-04-14T07:57:10","modified_gmt":"2026-04-14T07:57:10","slug":"blackbull-by-spartan-libidine-climax-aumento-libido-para-mujer-10-capsulas","status":"publish","type":"product","link":"https:\/\/chibolita.es\/index.php\/product\/blackbull-by-spartan-libidine-climax-aumento-libido-para-mujer-10-capsulas\/","title":{"rendered":"BLACKBULL BY SPARTAN &#8211; LIBIDINE &#038; CLIMAX AUMENTO L\u00cdBIDO PARA MUJER 10 C\u00c1PSULAS"},"content":{"rendered":"<p>\u00bfCansada de sentir que tu libido est\u00e1 en hibernaci\u00f3n? \u00a1No te preocupes m\u00e1s! Tenemos la soluci\u00f3n perfecta para ti: Libidine &amp; Climax Aumento L\u00edbido para Mujer. Este complemento alimenticio ha sido especialmente dise\u00f1ado para despertar tu libido, aumentar tu deseo y placer, y permitirte disfrutar de relaciones sexuales m\u00e1s intensas. \u00bfLo mejor de todo? Todo esto de manera sencilla, segura y natural.<\/p>\n<p>Sabemos que mantener una vida sexual satisfactoria es importante para ti, y es por eso que Libidine &amp; Climax est\u00e1 aqu\u00ed para ayudarte. Este producto regula el balance hormonal en tu cuerpo, lo cual es esencial para mantener una libido saludable. Adem\u00e1s, favorece la lubricaci\u00f3n vaginal, lo que te permitir\u00e1 disfrutar de una mayor comodidad y sensibilidad en la zona \u00edntima.<\/p>\n<p>\u00bfTe preocupa la sequedad vaginal? Con Libidine &amp; Climax, eso ya no ser\u00e1 un problema. Este complemento alimenticio te ayudar\u00e1 a aliviar el picor y disminuir la sequedad, permiti\u00e9ndote disfrutar de una vida sexual plena y satisfactoria.<\/p>\n<p>Pero eso no es todo, Libidine &amp; Climax tambi\u00e9n tiene un efecto estimulante en el sistema nervioso, lo que te proporcionar\u00e1 una mayor energ\u00eda y vitalidad en tu d\u00eda a d\u00eda. \u00a1Imag\u00ednate c\u00f3mo esto puede beneficiar tu vida sexual!<\/p>\n<p>\u00bfQuieres que tus encuentros \u00edntimos sean a\u00fan m\u00e1s apasionados? Este producto tiene un efecto afrodis\u00edaco, lo que significa que aumentar\u00e1 tu deseo sexual y te ayudar\u00e1 a alcanzar orgasmos m\u00e1s intensos y gratificantes.<\/p>\n<p>Y no te preocupes por los niveles de estr\u00f3genos durante la menopausia, Libidine &amp; Climax tambi\u00e9n regula estos niveles, ayud\u00e1ndote a mantener un equilibrio hormonal adecuado durante esta etapa de tu vida.<\/p>\n<p>Libidine &amp; Climax es el aliado perfecto para mujeres a partir de 25 a\u00f1os que desean mejorar su vida sexual de manera natural y segura. Olv\u00eddate de los productos qu\u00edmicos y de los efectos secundarios indeseados. Con Libidine &amp; Climax, podr\u00e1s disfrutar de una libido saludable y relaciones sexuales m\u00e1s placenteras sin preocuparte por nada m\u00e1s.<\/p>\n<p>As\u00ed que no esperes m\u00e1s, \u00a1prueba Libidine &amp; Climax y descubre una nueva dimensi\u00f3n de placer y satisfacci\u00f3n en tu vida sexual! No te arrepentir\u00e1s.<\/p>\n<ul>\n<li>Libidine &amp; Climax es un producto con instrucciones en cada caja\u00a0 en Espa\u00f1ol, ingles, alem\u00e1n, italiano, portugu\u00e9s, chino, polaco, franc\u00e9s, ucraniano, ruso y muchos m\u00e1s.<\/li>\n<li>Libidine &amp; Climax t \u00a0es un producto 100% seguro\u00a0 y registrado en la Uni\u00f3n Europea.<\/li>\n<\/ul>\n","protected":false},"excerpt":{"rendered":"<p>\u00bfCansada de sentir que tu libido est\u00e1 en hibernaci\u00f3n? \u00a1No te preocupes m\u00e1s! Tenemos la soluci\u00f3n perfecta para ti: Libidine &amp; Climax Aumento L\u00edbido para Mujer. Este complemento alimenticio ha sido especialmente dise\u00f1ado para despertar tu libido, aumentar tu deseo y placer, y permitirte disfrutar de relaciones sexuales m\u00e1s intensas. \u00bfLo mejor de todo? Todo [&hellip;]<\/p>\n","protected":false},"featured_media":8507,"comment_status":"open","ping_status":"closed","template":"","meta":{"_eb_attr":"","site-sidebar-layout":"default","site-content-layout":"default","ast-site-content-layout":"default","site-content-style":"default","site-sidebar-style":"default","ast-global-header-display":"","ast-banner-title-visibility":"","ast-main-header-display":"","ast-hfb-above-header-display":"","ast-hfb-below-header-display":"","ast-hfb-mobile-header-display":"","site-post-title":"","ast-breadcrumbs-content":"","ast-featured-img":"","footer-sml-layout":"","ast-disable-related-posts":"","theme-transparent-header-meta":"default","adv-header-id-meta":"","stick-header-meta":"","header-above-stick-meta":"","header-main-stick-meta":"","header-below-stick-meta":"","astra-migrate-meta-layouts":"default","ast-page-background-enabled":"default","ast-page-background-meta":{"desktop":{"background-color":"var(--ast-global-color-4)","background-image":"","background-repeat":"repeat","background-position":"center center","background-size":"auto","background-attachment":"scroll","background-type":"","background-media":"","overlay-type":"","overlay-color":"","overlay-opacity":"","overlay-gradient":""},"tablet":{"background-color":"","background-image":"","background-repeat":"repeat","background-position":"center center","background-size":"auto","background-attachment":"scroll","background-type":"","background-media":"","overlay-type":"","overlay-color":"","overlay-opacity":"","overlay-gradient":""},"mobile":{"background-color":"","background-image":"","background-repeat":"repeat","background-position":"center center","background-size":"auto","background-attachment":"scroll","background-type":"","background-media":"","overlay-type":"","overlay-color":"","overlay-opacity":"","overlay-gradient":""}},"ast-content-background-meta":{"desktop":{"background-color":"var(--ast-global-color-5)","background-image":"","background-repeat":"repeat","background-position":"center center","background-size":"auto","background-attachment":"scroll","background-type":"","background-media":"","overlay-type":"","overlay-color":"","overlay-opacity":"","overlay-gradient":""},"tablet":{"background-color":"var(--ast-global-color-5)","background-image":"","background-repeat":"repeat","background-position":"center center","background-size":"auto","background-attachment":"scroll","background-type":"","background-media":"","overlay-type":"","overlay-color":"","overlay-opacity":"","overlay-gradient":""},"mobile":{"background-color":"var(--ast-global-color-5)","background-image":"","background-repeat":"repeat","background-position":"center center","background-size":"auto","background-attachment":"scroll","background-type":"","background-media":"","overlay-type":"","overlay-color":"","overlay-opacity":"","overlay-gradient":""}}},"product_brand":[],"product_cat":[233,230,255],"product_tag":[],"class_list":{"0":"post-8506","1":"product","2":"type-product","3":"status-publish","4":"has-post-thumbnail","6":"product_cat-afrodisiacos-para-mujeres","7":"product_cat-farmacia","8":"product_cat-vida-sexual-saludable","9":"desktop-align-left","10":"tablet-align-left","11":"mobile-align-left","13":"first","14":"outofstock","15":"sale","16":"shipping-taxable","17":"purchasable","18":"product-type-simple"},"_links":{"self":[{"href":"https:\/\/chibolita.es\/index.php\/wp-json\/wp\/v2\/product\/8506","targetHints":{"allow":["GET"]}}],"collection":[{"href":"https:\/\/chibolita.es\/index.php\/wp-json\/wp\/v2\/product"}],"about":[{"href":"https:\/\/chibolita.es\/index.php\/wp-json\/wp\/v2\/types\/product"}],"replies":[{"embeddable":true,"href":"https:\/\/chibolita.es\/index.php\/wp-json\/wp\/v2\/comments?post=8506"}],"wp:featuredmedia":[{"embeddable":true,"href":"https:\/\/chibolita.es\/index.php\/wp-json\/wp\/v2\/media\/8507"}],"wp:attachment":[{"href":"https:\/\/chibolita.es\/index.php\/wp-json\/wp\/v2\/media?parent=8506"}],"wp:term":[{"taxonomy":"product_brand","embeddable":true,"href":"https:\/\/chibolita.es\/index.php\/wp-json\/wp\/v2\/product_brand?post=8506"},{"taxonomy":"product_cat","embeddable":true,"href":"https:\/\/chibolita.es\/index.php\/wp-json\/wp\/v2\/product_cat?post=8506"},{"taxonomy":"product_tag","embeddable":true,"href":"https:\/\/chibolita.es\/index.php\/wp-json\/wp\/v2\/product_tag?post=8506"}],"curies":[{"name":"wp","href":"https:\/\/api.w.org\/{rel}","templated":true}]}}