{"id":8490,"date":"2023-08-27T09:10:05","date_gmt":"2023-08-27T09:10:05","guid":{"rendered":"https:\/\/chibolita.es\/?post_type=product&#038;p=8490"},"modified":"2024-02-10T17:12:42","modified_gmt":"2024-02-10T17:12:42","slug":"lelo-serum-potenciador-clitoris-15-ml","status":"publish","type":"product","link":"https:\/\/chibolita.es\/index.php\/product\/lelo-serum-potenciador-clitoris-15-ml\/","title":{"rendered":"LELO &#8211; SERUM POTENCIADOR CL\u00cdTORIS 15 ML"},"content":{"rendered":"<p>Este producto es un gel estimulante que potencia el placer y que se usa en la zona externa de la vagina.<br \/>\nTe ayuda a conseguir orgasmos m\u00e1s intensos y duraderos. Aumenta la sensibilidad corporal gracias a su f\u00f3rmula refrescante, lo que te permite disfrutar de las sensaciones durante m\u00e1s tiempo. Es perfecto para los preliminares y funciona bien con cualquiera de nuestros masajeadores de cl\u00edtoris.<\/p>\n<p>Experimenta un placer sin igual con el nuevo S\u00e9rum potenciador del placer, que ha sido dise\u00f1ado solo para la zona externa de la vagina e incluye L-arginina como ingrediente principal. Este gel de placer aumenta tus sensaciones y te ayuda a tener orgasmos potentes y duraderos. Nuestra f\u00f3rmula aumenta la sensibilidad y te garantiza que disfrutar\u00e1s durante m\u00e1s tiempo con un sutil efecto de hormigueo y calor.<\/p>\n<p><strong>Caracter\u00edsticas:<\/strong><br \/>\n&#8211;\u00a0<em>SENSACIONES INTENSIFICADAS:<\/em>\u00a0Aumenta las sensaciones con un sutil efecto de hormigueo y calor.<br \/>\n&#8211;\u00a0<em>INGREDIENTE PRINCIPAL L-ARGININA<\/em>:<em>\u00a0<\/em>Se usa para aumentar la posibilidad de alcanzar e intensificar el orgasmo femenino.<br \/>\n&#8211;<em><strong>\u00a0<\/strong><\/em><em>F\u00d3RMULA BIOCOMPATIBLE:\u00a0<\/em>Desarrollada especialmente para garantizarte que disfrutar\u00e1s durante m\u00e1s tiempo y de forma segura.<br \/>\n&#8211; Aplicar una peque\u00f1a cantidad sobre el cl\u00edtoris.<\/p>\n<p><strong>Ingredientes:<\/strong><\/p>\n<ul>\n<li>Agua<\/li>\n<li>Propilenglicol<\/li>\n<li>Arginina<\/li>\n<li>Aceite de ricino hidrogenado PEG-60<\/li>\n<li>Hidroxietilcelulosa<\/li>\n<li>\u00c1cido c\u00edtrico<\/li>\n<li>Mentol<\/li>\n<li>Metilparabeno<\/li>\n<li>\u00c9ter but\u00edlico van\u00edlico<\/li>\n<\/ul>\n","protected":false},"excerpt":{"rendered":"<p>Este producto es un gel estimulante que potencia el placer y que se usa en la zona externa de la vagina. Te ayuda a conseguir orgasmos m\u00e1s intensos y duraderos. Aumenta la sensibilidad corporal gracias a su f\u00f3rmula refrescante, lo que te permite disfrutar de las sensaciones durante m\u00e1s tiempo. Es perfecto para los preliminares [&hellip;]<\/p>\n","protected":false},"featured_media":8492,"comment_status":"open","ping_status":"closed","template":"","meta":{"_eb_attr":"","site-sidebar-layout":"default","site-content-layout":"default","ast-site-content-layout":"default","site-content-style":"default","site-sidebar-style":"default","ast-global-header-display":"","ast-banner-title-visibility":"","ast-main-header-display":"","ast-hfb-above-header-display":"","ast-hfb-below-header-display":"","ast-hfb-mobile-header-display":"","site-post-title":"","ast-breadcrumbs-content":"","ast-featured-img":"","footer-sml-layout":"","ast-disable-related-posts":"","theme-transparent-header-meta":"default","adv-header-id-meta":"","stick-header-meta":"","header-above-stick-meta":"","header-main-stick-meta":"","header-below-stick-meta":"","astra-migrate-meta-layouts":"default","ast-page-background-enabled":"default","ast-page-background-meta":{"desktop":{"background-color":"var(--ast-global-color-4)","background-image":"","background-repeat":"repeat","background-position":"center center","background-size":"auto","background-attachment":"scroll","background-type":"","background-media":"","overlay-type":"","overlay-color":"","overlay-opacity":"","overlay-gradient":""},"tablet":{"background-color":"","background-image":"","background-repeat":"repeat","background-position":"center center","background-size":"auto","background-attachment":"scroll","background-type":"","background-media":"","overlay-type":"","overlay-color":"","overlay-opacity":"","overlay-gradient":""},"mobile":{"background-color":"","background-image":"","background-repeat":"repeat","background-position":"center center","background-size":"auto","background-attachment":"scroll","background-type":"","background-media":"","overlay-type":"","overlay-color":"","overlay-opacity":"","overlay-gradient":""}},"ast-content-background-meta":{"desktop":{"background-color":"var(--ast-global-color-5)","background-image":"","background-repeat":"repeat","background-position":"center center","background-size":"auto","background-attachment":"scroll","background-type":"","background-media":"","overlay-type":"","overlay-color":"","overlay-opacity":"","overlay-gradient":""},"tablet":{"background-color":"var(--ast-global-color-5)","background-image":"","background-repeat":"repeat","background-position":"center center","background-size":"auto","background-attachment":"scroll","background-type":"","background-media":"","overlay-type":"","overlay-color":"","overlay-opacity":"","overlay-gradient":""},"mobile":{"background-color":"var(--ast-global-color-5)","background-image":"","background-repeat":"repeat","background-position":"center center","background-size":"auto","background-attachment":"scroll","background-type":"","background-media":"","overlay-type":"","overlay-color":"","overlay-opacity":"","overlay-gradient":""}}},"product_brand":[],"product_cat":[233,230,296,15,255],"product_tag":[],"class_list":{"0":"post-8490","1":"product","2":"type-product","3":"status-publish","4":"has-post-thumbnail","6":"product_cat-afrodisiacos-para-mujeres","7":"product_cat-farmacia","8":"product_cat-novedades","9":"product_cat-uncategorized","10":"product_cat-vida-sexual-saludable","11":"desktop-align-left","12":"tablet-align-left","13":"mobile-align-left","15":"first","16":"instock","17":"sale","18":"shipping-taxable","19":"purchasable","20":"product-type-simple"},"_links":{"self":[{"href":"https:\/\/chibolita.es\/index.php\/wp-json\/wp\/v2\/product\/8490","targetHints":{"allow":["GET"]}}],"collection":[{"href":"https:\/\/chibolita.es\/index.php\/wp-json\/wp\/v2\/product"}],"about":[{"href":"https:\/\/chibolita.es\/index.php\/wp-json\/wp\/v2\/types\/product"}],"replies":[{"embeddable":true,"href":"https:\/\/chibolita.es\/index.php\/wp-json\/wp\/v2\/comments?post=8490"}],"wp:featuredmedia":[{"embeddable":true,"href":"https:\/\/chibolita.es\/index.php\/wp-json\/wp\/v2\/media\/8492"}],"wp:attachment":[{"href":"https:\/\/chibolita.es\/index.php\/wp-json\/wp\/v2\/media?parent=8490"}],"wp:term":[{"taxonomy":"product_brand","embeddable":true,"href":"https:\/\/chibolita.es\/index.php\/wp-json\/wp\/v2\/product_brand?post=8490"},{"taxonomy":"product_cat","embeddable":true,"href":"https:\/\/chibolita.es\/index.php\/wp-json\/wp\/v2\/product_cat?post=8490"},{"taxonomy":"product_tag","embeddable":true,"href":"https:\/\/chibolita.es\/index.php\/wp-json\/wp\/v2\/product_tag?post=8490"}],"curies":[{"name":"wp","href":"https:\/\/api.w.org\/{rel}","templated":true}]}}