{"id":8450,"date":"2023-08-19T09:09:18","date_gmt":"2023-08-19T09:09:18","guid":{"rendered":"https:\/\/chibolita.es\/?post_type=product&#038;p=8450"},"modified":"2023-08-19T09:12:22","modified_gmt":"2023-08-19T09:12:22","slug":"blacksilver-hansel-plug-anal-silicona-con-asa-mediano","status":"publish","type":"product","link":"https:\/\/chibolita.es\/index.php\/product\/blacksilver-hansel-plug-anal-silicona-con-asa-mediano\/","title":{"rendered":"BLACK&#038;SILVER &#8211; HANSEL PLUG ANAL SILICONA CON ASA MEDIANO"},"content":{"rendered":"<p>Un dise\u00f1o pensado para una deliciosa introducci\u00f3n progresiva. El Plug Black&amp;Silver\u2122 Hansel\u2122 es un juguete ideal \u00a0tanto para principiantes c\u00f3mo para expertos en los juegos anales. Su rigidez no exenta de flexibilidad y la variedad de formas y tama\u00f1os, los hacen imprescindibles para todos los amantes del sexo anal. Son f\u00e1ciles de limpiar y el tacto de la silicona con que est\u00e1n confeccionados es extra suave.<\/p>\n<p>\u00bfPor qu\u00e9 Black&amp;Silver\u2122 Hansel\u2122 \u00a0te damos 4 motivos exclusivos que te lanzar\u00e1n a buscar estas bolas anales de tacto sedoso.<\/p>\n<ul>\n<li>Silicona respetuosa con el cuerpo<\/li>\n<li>Unisex: El dispositivo puede ser utilizado por personas de todos los sexos<\/li>\n<li>Perfectamente aptas para utilizar bajo el agua.<\/li>\n<li>Ideal para principiantes y juego avanzado<\/li>\n<\/ul>\n<p>Black&amp;Silver\u2122 Hansel\u2122 \u00a0\u00a0\u00a1El inicio de un juego anal muy satisfactorio!<\/p>\n<ul>\n<li>Medidas; 9.8\u00a0cm longitud total x 2.6cm<\/li>\n<\/ul>\n<p>DESCUBRE Black&amp;Silver\u2122 Hansel\u2122<\/p>\n<p>Placeres sin fin con este estimulador anal de silicona con tacto de terciopelo. Dotado de varios salientes y valles, masajea las partes \u00edntimas con eficacia.<\/p>\n<p>Tiene una cabeza fina y flexible para felicitar la inserci\u00f3n y hacerla m\u00e1s suave.<\/p>\n<p>\u00bfC\u00d3MO USARLO?<\/p>\n<p>Placer sin fin con este estimulador anal con silicona de tacto aterciopelado. Cuenta con su forma piramidal que masajear\u00e1n tus partes \u00edntimas y un cabezal suave para una inserci\u00f3n y extracci\u00f3n seguras y agradables.<\/p>\n<p>CARACTER\u00cdSTICAS<\/p>\n<ul>\n<li>Plug anal ideal para iniciarte en el sexo anal. Tambi\u00e9n recomendado para experimentados.<\/li>\n<li>Material: 100% silicona con tacto de terciopelo.<\/li>\n<\/ul>\n<p>LIMPIEZA<\/p>\n<p>Limpia a fondo el juguete antes y despu\u00e9s de cada uso con agua tibia y jab\u00f3n suave.<\/p>\n<p>ALMACENAMIENTO<\/p>\n<p>Guarde su juguete Black&amp;Silver\u2122 Hansel\u2122\u00a0 en un lugar sin polvo y mant\u00e9ngalo alejado de juguetes de otros materiales. Evite dejarlo a la luz solar directa y NUNCA lo exponga a calor extremo.<\/p>\n<p>CONSEJOS DE USO<\/p>\n<p>Black&amp;Silver\u2122 Hansel\u2122 \u00a0recomienda el uso de lubricantes a base de agua como, Waterfeel\u2122, Aqua\u2122, Bioaqua\u2122, Aquatravel\u2122 o Coquette\u2122 para una inserci\u00f3n f\u00e1cil y suave de todos los productos de silicona. No utilice lubricantes, aceites o cremas de silicona con ning\u00fan producto de silicona, ya que pueden degradar el material del producto y limitar su rendimiento y vida \u00fatil.<\/p>\n<p>3 A\u00d1OS DE GARANT\u00cdA<\/p>\n<p>Esta garant\u00eda se aplica a todos los productos Black&amp;Silver\u2122 Hansel\u2122 comprados, a partir de la fecha de compra original de dicho producto. Esta garant\u00eda no cubre da\u00f1os causados por un mal uso o un uso diferente al previsto y descrito en el manual de instrucciones del producto, desgaste normal, alteraci\u00f3n, uso irrazonable, servicio realizado por agencias de servicio no autorizadas o p\u00e9rdida o da\u00f1o de bater\u00edas o bater\u00edas extra\u00edbles.<\/p>\n","protected":false},"excerpt":{"rendered":"<p>Un dise\u00f1o pensado para una deliciosa introducci\u00f3n progresiva. El Plug Black&amp;Silver\u2122 Hansel\u2122 es un juguete ideal \u00a0tanto para principiantes c\u00f3mo para expertos en los juegos anales. Su rigidez no exenta de flexibilidad y la variedad de formas y tama\u00f1os, los hacen imprescindibles para todos los amantes del sexo anal. Son f\u00e1ciles de limpiar y el [&hellip;]<\/p>\n","protected":false},"featured_media":8454,"comment_status":"open","ping_status":"closed","template":"","meta":{"_eb_attr":"","site-sidebar-layout":"default","site-content-layout":"default","ast-site-content-layout":"default","site-content-style":"default","site-sidebar-style":"default","ast-global-header-display":"","ast-banner-title-visibility":"","ast-main-header-display":"","ast-hfb-above-header-display":"","ast-hfb-below-header-display":"","ast-hfb-mobile-header-display":"","site-post-title":"","ast-breadcrumbs-content":"","ast-featured-img":"","footer-sml-layout":"","ast-disable-related-posts":"","theme-transparent-header-meta":"default","adv-header-id-meta":"","stick-header-meta":"","header-above-stick-meta":"","header-main-stick-meta":"","header-below-stick-meta":"","astra-migrate-meta-layouts":"default","ast-page-background-enabled":"default","ast-page-background-meta":{"desktop":{"background-color":"var(--ast-global-color-4)","background-image":"","background-repeat":"repeat","background-position":"center center","background-size":"auto","background-attachment":"scroll","background-type":"","background-media":"","overlay-type":"","overlay-color":"","overlay-opacity":"","overlay-gradient":""},"tablet":{"background-color":"","background-image":"","background-repeat":"repeat","background-position":"center center","background-size":"auto","background-attachment":"scroll","background-type":"","background-media":"","overlay-type":"","overlay-color":"","overlay-opacity":"","overlay-gradient":""},"mobile":{"background-color":"","background-image":"","background-repeat":"repeat","background-position":"center center","background-size":"auto","background-attachment":"scroll","background-type":"","background-media":"","overlay-type":"","overlay-color":"","overlay-opacity":"","overlay-gradient":""}},"ast-content-background-meta":{"desktop":{"background-color":"var(--ast-global-color-5)","background-image":"","background-repeat":"repeat","background-position":"center center","background-size":"auto","background-attachment":"scroll","background-type":"","background-media":"","overlay-type":"","overlay-color":"","overlay-opacity":"","overlay-gradient":""},"tablet":{"background-color":"var(--ast-global-color-5)","background-image":"","background-repeat":"repeat","background-position":"center center","background-size":"auto","background-attachment":"scroll","background-type":"","background-media":"","overlay-type":"","overlay-color":"","overlay-opacity":"","overlay-gradient":""},"mobile":{"background-color":"var(--ast-global-color-5)","background-image":"","background-repeat":"repeat","background-position":"center center","background-size":"auto","background-attachment":"scroll","background-type":"","background-media":"","overlay-type":"","overlay-color":"","overlay-opacity":"","overlay-gradient":""}}},"product_brand":[],"product_cat":[265,296,270,268],"product_tag":[],"class_list":{"0":"post-8450","1":"product","2":"type-product","3":"status-publish","4":"has-post-thumbnail","6":"product_cat-fetish-bdsm","7":"product_cat-novedades","8":"product_cat-sexo-anal","9":"product_cat-special-gay","10":"desktop-align-left","11":"tablet-align-left","12":"mobile-align-left","14":"first","15":"instock","16":"sale","17":"shipping-taxable","18":"purchasable","19":"product-type-simple"},"_links":{"self":[{"href":"https:\/\/chibolita.es\/index.php\/wp-json\/wp\/v2\/product\/8450","targetHints":{"allow":["GET"]}}],"collection":[{"href":"https:\/\/chibolita.es\/index.php\/wp-json\/wp\/v2\/product"}],"about":[{"href":"https:\/\/chibolita.es\/index.php\/wp-json\/wp\/v2\/types\/product"}],"replies":[{"embeddable":true,"href":"https:\/\/chibolita.es\/index.php\/wp-json\/wp\/v2\/comments?post=8450"}],"wp:featuredmedia":[{"embeddable":true,"href":"https:\/\/chibolita.es\/index.php\/wp-json\/wp\/v2\/media\/8454"}],"wp:attachment":[{"href":"https:\/\/chibolita.es\/index.php\/wp-json\/wp\/v2\/media?parent=8450"}],"wp:term":[{"taxonomy":"product_brand","embeddable":true,"href":"https:\/\/chibolita.es\/index.php\/wp-json\/wp\/v2\/product_brand?post=8450"},{"taxonomy":"product_cat","embeddable":true,"href":"https:\/\/chibolita.es\/index.php\/wp-json\/wp\/v2\/product_cat?post=8450"},{"taxonomy":"product_tag","embeddable":true,"href":"https:\/\/chibolita.es\/index.php\/wp-json\/wp\/v2\/product_tag?post=8450"}],"curies":[{"name":"wp","href":"https:\/\/api.w.org\/{rel}","templated":true}]}}