{"id":8399,"date":"2023-08-04T16:29:36","date_gmt":"2023-08-04T16:29:36","guid":{"rendered":"https:\/\/chibolita.es\/?post_type=product&#038;p=8399"},"modified":"2023-08-04T16:30:28","modified_gmt":"2023-08-04T16:30:28","slug":"pjur-analyse-me-lubricante-agua-anal100-ml","status":"publish","type":"product","link":"https:\/\/chibolita.es\/index.php\/product\/pjur-analyse-me-lubricante-agua-anal100-ml\/","title":{"rendered":"PJUR ANALYSE ME LUBRICANTE AGUA ANAL100 ML"},"content":{"rendered":"<p>El lubricante con base de agua efecto comfort,\u00a0<strong>especialmente para sexo anal intenso.<\/strong><\/p>\n<p>La adici\u00f3n del preciado \u00e1cido hialur\u00f3nico junto con las propiedades hidratantes forma peque\u00f1os cojines de agua para reforzar el efecto lubricante.<\/p>\n<p>Pjur Analyse me! Comfort water anal glide est\u00e1 libre de olores y sabores, es apto para su uso con preservativos y se caracteriza por tener un efecto lubricante excepcionalmente duradero sin volverse pegajoso.<\/p>\n<ul>\n<li>Efecto lubricante excepcionalmente duradero sin volverse pegajoso.<\/li>\n<li>Ingrediente \u00e1cido hialur\u00f3nico: excelentes propiedades hidratantes.<\/li>\n<li>Especialmente dise\u00f1ado para sexo anal intenso.<\/li>\n<\/ul>\n<p>Ingredientes: Aqua (Water),Glycerin, Xanthan Gum, Sodium Hyaluronate, Nezyl Alcohol, Sodium Benzoate, Potassum Sorbate, Citric Acid.<\/p>\n<p>Pjur<strong>\u00ae<\/strong>\u00a0es L\u00edder mundial en la fabricaci\u00f3n de lubricantes anales y vaginales, as\u00ed como de retardantes y potenciadores, son de larga duraci\u00f3n, su fiabilidad y durabilidad es un referente en el sector.<\/p>\n<p>Envase de 100ml.<\/p>\n","protected":false},"excerpt":{"rendered":"<p>El lubricante con base de agua efecto comfort,\u00a0especialmente para sexo anal intenso. La adici\u00f3n del preciado \u00e1cido hialur\u00f3nico junto con las propiedades hidratantes forma peque\u00f1os cojines de agua para reforzar el efecto lubricante. Pjur Analyse me! Comfort water anal glide est\u00e1 libre de olores y sabores, es apto para su uso con preservativos y se [&hellip;]<\/p>\n","protected":false},"featured_media":8400,"comment_status":"open","ping_status":"closed","template":"","meta":{"_eb_attr":"","site-sidebar-layout":"default","site-content-layout":"default","ast-site-content-layout":"default","site-content-style":"default","site-sidebar-style":"default","ast-global-header-display":"","ast-banner-title-visibility":"","ast-main-header-display":"","ast-hfb-above-header-display":"","ast-hfb-below-header-display":"","ast-hfb-mobile-header-display":"","site-post-title":"","ast-breadcrumbs-content":"","ast-featured-img":"","footer-sml-layout":"","ast-disable-related-posts":"","theme-transparent-header-meta":"default","adv-header-id-meta":"","stick-header-meta":"","header-above-stick-meta":"","header-main-stick-meta":"","header-below-stick-meta":"","astra-migrate-meta-layouts":"default","ast-page-background-enabled":"default","ast-page-background-meta":{"desktop":{"background-color":"var(--ast-global-color-4)","background-image":"","background-repeat":"repeat","background-position":"center center","background-size":"auto","background-attachment":"scroll","background-type":"","background-media":"","overlay-type":"","overlay-color":"","overlay-opacity":"","overlay-gradient":""},"tablet":{"background-color":"","background-image":"","background-repeat":"repeat","background-position":"center center","background-size":"auto","background-attachment":"scroll","background-type":"","background-media":"","overlay-type":"","overlay-color":"","overlay-opacity":"","overlay-gradient":""},"mobile":{"background-color":"","background-image":"","background-repeat":"repeat","background-position":"center center","background-size":"auto","background-attachment":"scroll","background-type":"","background-media":"","overlay-type":"","overlay-color":"","overlay-opacity":"","overlay-gradient":""}},"ast-content-background-meta":{"desktop":{"background-color":"var(--ast-global-color-5)","background-image":"","background-repeat":"repeat","background-position":"center center","background-size":"auto","background-attachment":"scroll","background-type":"","background-media":"","overlay-type":"","overlay-color":"","overlay-opacity":"","overlay-gradient":""},"tablet":{"background-color":"var(--ast-global-color-5)","background-image":"","background-repeat":"repeat","background-position":"center center","background-size":"auto","background-attachment":"scroll","background-type":"","background-media":"","overlay-type":"","overlay-color":"","overlay-opacity":"","overlay-gradient":""},"mobile":{"background-color":"var(--ast-global-color-5)","background-image":"","background-repeat":"repeat","background-position":"center center","background-size":"auto","background-attachment":"scroll","background-type":"","background-media":"","overlay-type":"","overlay-color":"","overlay-opacity":"","overlay-gradient":""}}},"product_brand":[],"product_cat":[258,257,296],"product_tag":[],"class_list":{"0":"post-8399","1":"product","2":"type-product","3":"status-publish","4":"has-post-thumbnail","6":"product_cat-lubricante-anal","7":"product_cat-lubricantes","8":"product_cat-novedades","9":"desktop-align-left","10":"tablet-align-left","11":"mobile-align-left","13":"first","14":"instock","15":"sale","16":"shipping-taxable","17":"purchasable","18":"product-type-simple"},"_links":{"self":[{"href":"https:\/\/chibolita.es\/index.php\/wp-json\/wp\/v2\/product\/8399","targetHints":{"allow":["GET"]}}],"collection":[{"href":"https:\/\/chibolita.es\/index.php\/wp-json\/wp\/v2\/product"}],"about":[{"href":"https:\/\/chibolita.es\/index.php\/wp-json\/wp\/v2\/types\/product"}],"replies":[{"embeddable":true,"href":"https:\/\/chibolita.es\/index.php\/wp-json\/wp\/v2\/comments?post=8399"}],"wp:featuredmedia":[{"embeddable":true,"href":"https:\/\/chibolita.es\/index.php\/wp-json\/wp\/v2\/media\/8400"}],"wp:attachment":[{"href":"https:\/\/chibolita.es\/index.php\/wp-json\/wp\/v2\/media?parent=8399"}],"wp:term":[{"taxonomy":"product_brand","embeddable":true,"href":"https:\/\/chibolita.es\/index.php\/wp-json\/wp\/v2\/product_brand?post=8399"},{"taxonomy":"product_cat","embeddable":true,"href":"https:\/\/chibolita.es\/index.php\/wp-json\/wp\/v2\/product_cat?post=8399"},{"taxonomy":"product_tag","embeddable":true,"href":"https:\/\/chibolita.es\/index.php\/wp-json\/wp\/v2\/product_tag?post=8399"}],"curies":[{"name":"wp","href":"https:\/\/api.w.org\/{rel}","templated":true}]}}