{"id":8395,"date":"2023-08-04T16:27:15","date_gmt":"2023-08-04T16:27:15","guid":{"rendered":"https:\/\/chibolita.es\/?post_type=product&#038;p=8395"},"modified":"2023-08-04T16:28:03","modified_gmt":"2023-08-04T16:28:03","slug":"luxuria-feel-fresh-sensation-lubricante-efecto-frio-60-ml","status":"publish","type":"product","link":"https:\/\/chibolita.es\/index.php\/product\/luxuria-feel-fresh-sensation-lubricante-efecto-frio-60-ml\/","title":{"rendered":"LUXURIA FEEL FRESH SENSATION LUBRICANTE EFECTO FRIO 60 ML"},"content":{"rendered":"<p>Luxuria Feel Fresh es un lubricante \u00edntimo a base de agua con un efecto fr\u00edo espec\u00edfico para la hidrataci\u00f3n y la lubricaci\u00f3n vaginal o anal antes del coito \u00edntimo. No contiene grasa. Gracias a su f\u00f3rmula exclusiva rica en elementos activos naturales preciosos, Luxuria Feel Fresh previene las molestias, ardor e irritaci\u00f3n t\u00edpicas de las \u00e1reas \u00edntimas sujetas a estr\u00e9s natural y prolongado.<\/p>\n<ul>\n<li>Compatible con condones<\/li>\n<li>Dermatol\u00f3gicamente probado<\/li>\n<li>60 ml<\/li>\n<\/ul>\n<p>Luxuria Secret moments of pasion es la nueva l\u00ednea de productos personales estudiados y desarrollados para sus momentos m\u00e1s \u00edntimos de placer. Una l\u00ednea lujosa, refinada y minimalista, pero caracterizada por un fuerte car\u00e1cter innovador<\/p>\n<p>Productos listos para llevarles en un largo viaje donde el placer no ser\u00e1 el objetivo de alcanzar si no el estrumento que les llevar\u00e1 a descubrir nuevas emociones y pasiones. Encendiendo nuevamente aquella pasi\u00f3n que parecia apagada a trav\u00e9s de un nuevo juego y una nueva complicidad de pareja nunca experimentados anteriormente.<\/p>\n","protected":false},"excerpt":{"rendered":"<p>Luxuria Feel Fresh es un lubricante \u00edntimo a base de agua con un efecto fr\u00edo espec\u00edfico para la hidrataci\u00f3n y la lubricaci\u00f3n vaginal o anal antes del coito \u00edntimo. No contiene grasa. Gracias a su f\u00f3rmula exclusiva rica en elementos activos naturales preciosos, Luxuria Feel Fresh previene las molestias, ardor e irritaci\u00f3n t\u00edpicas de las [&hellip;]<\/p>\n","protected":false},"featured_media":8396,"comment_status":"open","ping_status":"closed","template":"","meta":{"_eb_attr":"","site-sidebar-layout":"default","site-content-layout":"default","ast-site-content-layout":"default","site-content-style":"default","site-sidebar-style":"default","ast-global-header-display":"","ast-banner-title-visibility":"","ast-main-header-display":"","ast-hfb-above-header-display":"","ast-hfb-below-header-display":"","ast-hfb-mobile-header-display":"","site-post-title":"","ast-breadcrumbs-content":"","ast-featured-img":"","footer-sml-layout":"","ast-disable-related-posts":"","theme-transparent-header-meta":"default","adv-header-id-meta":"","stick-header-meta":"","header-above-stick-meta":"","header-main-stick-meta":"","header-below-stick-meta":"","astra-migrate-meta-layouts":"default","ast-page-background-enabled":"default","ast-page-background-meta":{"desktop":{"background-color":"var(--ast-global-color-4)","background-image":"","background-repeat":"repeat","background-position":"center center","background-size":"auto","background-attachment":"scroll","background-type":"","background-media":"","overlay-type":"","overlay-color":"","overlay-opacity":"","overlay-gradient":""},"tablet":{"background-color":"","background-image":"","background-repeat":"repeat","background-position":"center center","background-size":"auto","background-attachment":"scroll","background-type":"","background-media":"","overlay-type":"","overlay-color":"","overlay-opacity":"","overlay-gradient":""},"mobile":{"background-color":"","background-image":"","background-repeat":"repeat","background-position":"center center","background-size":"auto","background-attachment":"scroll","background-type":"","background-media":"","overlay-type":"","overlay-color":"","overlay-opacity":"","overlay-gradient":""}},"ast-content-background-meta":{"desktop":{"background-color":"var(--ast-global-color-5)","background-image":"","background-repeat":"repeat","background-position":"center center","background-size":"auto","background-attachment":"scroll","background-type":"","background-media":"","overlay-type":"","overlay-color":"","overlay-opacity":"","overlay-gradient":""},"tablet":{"background-color":"var(--ast-global-color-5)","background-image":"","background-repeat":"repeat","background-position":"center center","background-size":"auto","background-attachment":"scroll","background-type":"","background-media":"","overlay-type":"","overlay-color":"","overlay-opacity":"","overlay-gradient":""},"mobile":{"background-color":"var(--ast-global-color-5)","background-image":"","background-repeat":"repeat","background-position":"center center","background-size":"auto","background-attachment":"scroll","background-type":"","background-media":"","overlay-type":"","overlay-color":"","overlay-opacity":"","overlay-gradient":""}}},"product_brand":[],"product_cat":[258,257,296],"product_tag":[],"class_list":{"0":"post-8395","1":"product","2":"type-product","3":"status-publish","4":"has-post-thumbnail","6":"product_cat-lubricante-anal","7":"product_cat-lubricantes","8":"product_cat-novedades","9":"desktop-align-left","10":"tablet-align-left","11":"mobile-align-left","13":"first","14":"instock","15":"sale","16":"shipping-taxable","17":"purchasable","18":"product-type-simple"},"_links":{"self":[{"href":"https:\/\/chibolita.es\/index.php\/wp-json\/wp\/v2\/product\/8395","targetHints":{"allow":["GET"]}}],"collection":[{"href":"https:\/\/chibolita.es\/index.php\/wp-json\/wp\/v2\/product"}],"about":[{"href":"https:\/\/chibolita.es\/index.php\/wp-json\/wp\/v2\/types\/product"}],"replies":[{"embeddable":true,"href":"https:\/\/chibolita.es\/index.php\/wp-json\/wp\/v2\/comments?post=8395"}],"wp:featuredmedia":[{"embeddable":true,"href":"https:\/\/chibolita.es\/index.php\/wp-json\/wp\/v2\/media\/8396"}],"wp:attachment":[{"href":"https:\/\/chibolita.es\/index.php\/wp-json\/wp\/v2\/media?parent=8395"}],"wp:term":[{"taxonomy":"product_brand","embeddable":true,"href":"https:\/\/chibolita.es\/index.php\/wp-json\/wp\/v2\/product_brand?post=8395"},{"taxonomy":"product_cat","embeddable":true,"href":"https:\/\/chibolita.es\/index.php\/wp-json\/wp\/v2\/product_cat?post=8395"},{"taxonomy":"product_tag","embeddable":true,"href":"https:\/\/chibolita.es\/index.php\/wp-json\/wp\/v2\/product_tag?post=8395"}],"curies":[{"name":"wp","href":"https:\/\/api.w.org\/{rel}","templated":true}]}}