{"id":8393,"date":"2023-08-04T16:25:24","date_gmt":"2023-08-04T16:25:24","guid":{"rendered":"https:\/\/chibolita.es\/?post_type=product&#038;p=8393"},"modified":"2023-08-04T16:26:41","modified_gmt":"2023-08-04T16:26:41","slug":"pjur-power-premium-cream-personal-lubricant-500-ml","status":"publish","type":"product","link":"https:\/\/chibolita.es\/index.php\/product\/pjur-power-premium-cream-personal-lubricant-500-ml\/","title":{"rendered":"PJUR POWER PREMIUM CREAM PERSONAL LUBRICANT 500 ML"},"content":{"rendered":"<p>Lubricante para su placer \u00edntimo y personal de prolongada duraci\u00f3n.<\/p>\n<p>Pjur\u00ae Power es el lubricante mas potente en formato de crema<\/p>\n<ul>\n<li>Sus excelentes propiedades de deslizamiento hace que sea ideal tanto para relaciones anales como para usarlo con grandes juguetes.<\/li>\n<li>Por supuesto, Pjur\u00ae Power es totalmente seguro cuando se utiliza con condones de l\u00e1tex, y como un producto m\u00e9dico con certificaci\u00f3n CE.<\/li>\n<li>Es muy suave para la piel.<\/li>\n<li>Composici\u00f3n singular, de rendimiento muy grande, sin aceite ni grasa, sin perfumes, no altera el sabor ni el olor.<\/li>\n<li>F\u00e1cil de eliminar con agua y jab\u00f3n.<\/li>\n<\/ul>\n<p>No contienes ninguna sustancia espermicida.<\/p>\n<p>Ingredientes: Aqua, Glycerin, Ethoxydiglycol, Dimethicone, Dimethiconol, etc.<\/p>\n<p>Pjur<strong>\u00ae<\/strong>\u00a0original es L\u00edder mundial en la fabricaci\u00f3n de lubricantes anales y vaginales, son de larga duraci\u00f3n, su fiabilidad y durabilidad es un referente en el sector<\/p>\n<p>Base de Agua<\/p>\n<p>Envase de 500 ml.<\/p>\n","protected":false},"excerpt":{"rendered":"<p>Lubricante para su placer \u00edntimo y personal de prolongada duraci\u00f3n. Pjur\u00ae Power es el lubricante mas potente en formato de crema Sus excelentes propiedades de deslizamiento hace que sea ideal tanto para relaciones anales como para usarlo con grandes juguetes. Por supuesto, Pjur\u00ae Power es totalmente seguro cuando se utiliza con condones de l\u00e1tex, y [&hellip;]<\/p>\n","protected":false},"featured_media":8394,"comment_status":"open","ping_status":"closed","template":"","meta":{"_eb_attr":"","site-sidebar-layout":"default","site-content-layout":"default","ast-site-content-layout":"default","site-content-style":"default","site-sidebar-style":"default","ast-global-header-display":"","ast-banner-title-visibility":"","ast-main-header-display":"","ast-hfb-above-header-display":"","ast-hfb-below-header-display":"","ast-hfb-mobile-header-display":"","site-post-title":"","ast-breadcrumbs-content":"","ast-featured-img":"","footer-sml-layout":"","ast-disable-related-posts":"","theme-transparent-header-meta":"default","adv-header-id-meta":"","stick-header-meta":"","header-above-stick-meta":"","header-main-stick-meta":"","header-below-stick-meta":"","astra-migrate-meta-layouts":"default","ast-page-background-enabled":"default","ast-page-background-meta":{"desktop":{"background-color":"var(--ast-global-color-4)","background-image":"","background-repeat":"repeat","background-position":"center center","background-size":"auto","background-attachment":"scroll","background-type":"","background-media":"","overlay-type":"","overlay-color":"","overlay-opacity":"","overlay-gradient":""},"tablet":{"background-color":"","background-image":"","background-repeat":"repeat","background-position":"center center","background-size":"auto","background-attachment":"scroll","background-type":"","background-media":"","overlay-type":"","overlay-color":"","overlay-opacity":"","overlay-gradient":""},"mobile":{"background-color":"","background-image":"","background-repeat":"repeat","background-position":"center center","background-size":"auto","background-attachment":"scroll","background-type":"","background-media":"","overlay-type":"","overlay-color":"","overlay-opacity":"","overlay-gradient":""}},"ast-content-background-meta":{"desktop":{"background-color":"var(--ast-global-color-5)","background-image":"","background-repeat":"repeat","background-position":"center center","background-size":"auto","background-attachment":"scroll","background-type":"","background-media":"","overlay-type":"","overlay-color":"","overlay-opacity":"","overlay-gradient":""},"tablet":{"background-color":"var(--ast-global-color-5)","background-image":"","background-repeat":"repeat","background-position":"center center","background-size":"auto","background-attachment":"scroll","background-type":"","background-media":"","overlay-type":"","overlay-color":"","overlay-opacity":"","overlay-gradient":""},"mobile":{"background-color":"var(--ast-global-color-5)","background-image":"","background-repeat":"repeat","background-position":"center center","background-size":"auto","background-attachment":"scroll","background-type":"","background-media":"","overlay-type":"","overlay-color":"","overlay-opacity":"","overlay-gradient":""}}},"product_brand":[],"product_cat":[258,257,296],"product_tag":[],"class_list":{"0":"post-8393","1":"product","2":"type-product","3":"status-publish","4":"has-post-thumbnail","6":"product_cat-lubricante-anal","7":"product_cat-lubricantes","8":"product_cat-novedades","9":"desktop-align-left","10":"tablet-align-left","11":"mobile-align-left","13":"first","14":"instock","15":"sale","16":"shipping-taxable","17":"purchasable","18":"product-type-simple"},"_links":{"self":[{"href":"https:\/\/chibolita.es\/index.php\/wp-json\/wp\/v2\/product\/8393","targetHints":{"allow":["GET"]}}],"collection":[{"href":"https:\/\/chibolita.es\/index.php\/wp-json\/wp\/v2\/product"}],"about":[{"href":"https:\/\/chibolita.es\/index.php\/wp-json\/wp\/v2\/types\/product"}],"replies":[{"embeddable":true,"href":"https:\/\/chibolita.es\/index.php\/wp-json\/wp\/v2\/comments?post=8393"}],"wp:featuredmedia":[{"embeddable":true,"href":"https:\/\/chibolita.es\/index.php\/wp-json\/wp\/v2\/media\/8394"}],"wp:attachment":[{"href":"https:\/\/chibolita.es\/index.php\/wp-json\/wp\/v2\/media?parent=8393"}],"wp:term":[{"taxonomy":"product_brand","embeddable":true,"href":"https:\/\/chibolita.es\/index.php\/wp-json\/wp\/v2\/product_brand?post=8393"},{"taxonomy":"product_cat","embeddable":true,"href":"https:\/\/chibolita.es\/index.php\/wp-json\/wp\/v2\/product_cat?post=8393"},{"taxonomy":"product_tag","embeddable":true,"href":"https:\/\/chibolita.es\/index.php\/wp-json\/wp\/v2\/product_tag?post=8393"}],"curies":[{"name":"wp","href":"https:\/\/api.w.org\/{rel}","templated":true}]}}