{"id":8349,"date":"2023-07-29T21:13:30","date_gmt":"2023-07-29T21:13:30","guid":{"rendered":"https:\/\/chibolita.es\/?post_type=product&#038;p=8349"},"modified":"2023-07-29T21:14:55","modified_gmt":"2023-07-29T21:14:55","slug":"intense-harry-vibrador-flexible-con-lengua-morado","status":"publish","type":"product","link":"https:\/\/chibolita.es\/index.php\/product\/intense-harry-vibrador-flexible-con-lengua-morado\/","title":{"rendered":"INTENSE &#8211; HARRY VIBRADOR FLEXIBLE CON LENGUA MORADO"},"content":{"rendered":"<p>Deja que Intense\u2122 Harry bailen alrededor de las \u00e1reas sensibles, mientras las vibraciones del sedoso mango de silicona te llevan al \u00e9xtasis. Perfecto para sumergirse en las partes que m\u00e1s aprecias de tu cuerpo y para despertar tus zonas er\u00f3genas.<\/p>\n<p>Intense\u2122 Harry &#8211; con intensa estimulaci\u00f3n que cuidan con sensaciones de placer nunca sentidas<\/p>\n<p>Silicon-Flex- La tecnolog\u00eda flex de silicona hace que el mango sea suave, liso y extremadamente flexible<\/p>\n<p>Vibration\u00a0\u00a0 &#8211; Los potentes patrones de vibraci\u00f3n proporcionan una intensa estimulaci\u00f3n del cl\u00edtoris<\/p>\n<ul>\n<li>Garant\u00eda de 10 a\u00f1os<\/li>\n<li>Vibrante l\u00e1mina de placer en el cl\u00edtoris<\/li>\n<li>Vibraci\u00f3n profunda superintensa<\/li>\n<li>Modo de susurro<\/li>\n<li>Estanco IPX6<\/li>\n<li>Bajo el agua<\/li>\n<li>F\u00e1cil de limpiar<\/li>\n<li>Bater\u00eda de iones de litio<\/li>\n<li>Cable de carga magn\u00e9tico por USB<\/li>\n<li>20 programas de vibraci\u00f3n<\/li>\n<\/ul>\n<p>Estimulaci\u00f3n del cl\u00edtoris con el Intense\u2122 Harry<\/p>\n<p>Intense\u2122 Harry impresiona con su impresionante estimulador , que recuerdan a los p\u00e9talos rom\u00e1nticos y que envuelven ingeniosamente el cl\u00edtoris con vibraciones revoloteantes. Con una variedad de 20 programas de vibraci\u00f3n, el vibrador es realmente potente y te estimula con unas vibraciones que van de lo m\u00e1s suaves a lo m\u00e1s intensas.<\/p>\n<p>Debido a que el Intense\u2122 Harry est\u00e1 fabricado con silicona de alta calidad, es especialmente flexible durante su uso y se adapta perfectamente a los contornos del cuerpo. Gracias a la tecnolog\u00eda Flex de silicona, permite transmitir las vibraciones a tus zonas m\u00e1s calientes con una intensidad especial. Para poder disfrutar al m\u00e1ximo, recomendamos utilizar adicionalmente lubricantes, como el lubricante de Waterfeel, Aqua, Bioaqua o Black Hole, disponible en las versiones cl\u00e1sica, sedoso y con efecto calor.<\/p>\n<p>\u00bfQu\u00e9 otras ventajas tiene el vibrador?<\/p>\n<p>Gracias a su forma y ergonom\u00eda, estimula intensamente el punto G. \u00a0Su acabado impermeable (IPX6), Intense\u2122 Harry \u00a0te complacer\u00e1 tanto bajo la ducha como en la ba\u00f1era y adem\u00e1s resulta f\u00e1cil de limpiar. Para una desinfecci\u00f3n exhaustiva antes y despu\u00e9s de cada uso, utiliza el Disinfectant Spray de Waterfeel, y de esta manera podr\u00e1s disfrutar de tu nuevo compa\u00f1ero durante mucho tiempo. Si alguna vez se queda sin aliento, las bater\u00edas integradas se pueden recargar mediante el cable de carga USB incluido.<\/p>\n","protected":false},"excerpt":{"rendered":"<p>Deja que Intense\u2122 Harry bailen alrededor de las \u00e1reas sensibles, mientras las vibraciones del sedoso mango de silicona te llevan al \u00e9xtasis. Perfecto para sumergirse en las partes que m\u00e1s aprecias de tu cuerpo y para despertar tus zonas er\u00f3genas. Intense\u2122 Harry &#8211; con intensa estimulaci\u00f3n que cuidan con sensaciones de placer nunca sentidas Silicon-Flex- [&hellip;]<\/p>\n","protected":false},"featured_media":8355,"comment_status":"open","ping_status":"closed","template":"","meta":{"_eb_attr":"","site-sidebar-layout":"default","site-content-layout":"default","ast-site-content-layout":"default","site-content-style":"default","site-sidebar-style":"default","ast-global-header-display":"","ast-banner-title-visibility":"","ast-main-header-display":"","ast-hfb-above-header-display":"","ast-hfb-below-header-display":"","ast-hfb-mobile-header-display":"","site-post-title":"","ast-breadcrumbs-content":"","ast-featured-img":"","footer-sml-layout":"","ast-disable-related-posts":"","theme-transparent-header-meta":"default","adv-header-id-meta":"","stick-header-meta":"","header-above-stick-meta":"","header-main-stick-meta":"","header-below-stick-meta":"","astra-migrate-meta-layouts":"default","ast-page-background-enabled":"default","ast-page-background-meta":{"desktop":{"background-color":"var(--ast-global-color-4)","background-image":"","background-repeat":"repeat","background-position":"center center","background-size":"auto","background-attachment":"scroll","background-type":"","background-media":"","overlay-type":"","overlay-color":"","overlay-opacity":"","overlay-gradient":""},"tablet":{"background-color":"","background-image":"","background-repeat":"repeat","background-position":"center center","background-size":"auto","background-attachment":"scroll","background-type":"","background-media":"","overlay-type":"","overlay-color":"","overlay-opacity":"","overlay-gradient":""},"mobile":{"background-color":"","background-image":"","background-repeat":"repeat","background-position":"center center","background-size":"auto","background-attachment":"scroll","background-type":"","background-media":"","overlay-type":"","overlay-color":"","overlay-opacity":"","overlay-gradient":""}},"ast-content-background-meta":{"desktop":{"background-color":"var(--ast-global-color-5)","background-image":"","background-repeat":"repeat","background-position":"center center","background-size":"auto","background-attachment":"scroll","background-type":"","background-media":"","overlay-type":"","overlay-color":"","overlay-opacity":"","overlay-gradient":""},"tablet":{"background-color":"var(--ast-global-color-5)","background-image":"","background-repeat":"repeat","background-position":"center center","background-size":"auto","background-attachment":"scroll","background-type":"","background-media":"","overlay-type":"","overlay-color":"","overlay-opacity":"","overlay-gradient":""},"mobile":{"background-color":"var(--ast-global-color-5)","background-image":"","background-repeat":"repeat","background-position":"center center","background-size":"auto","background-attachment":"scroll","background-type":"","background-media":"","overlay-type":"","overlay-color":"","overlay-opacity":"","overlay-gradient":""}}},"product_brand":[],"product_cat":[260,296,262,263],"product_tag":[],"class_list":{"0":"post-8349","1":"product","2":"type-product","3":"status-publish","4":"has-post-thumbnail","6":"product_cat-dildos-y-vibradores","7":"product_cat-novedades","8":"product_cat-vibradores","9":"product_cat-vibradores-lay-on-clitoris","10":"desktop-align-left","11":"tablet-align-left","12":"mobile-align-left","14":"first","15":"instock","16":"sale","17":"shipping-taxable","18":"purchasable","19":"product-type-simple"},"_links":{"self":[{"href":"https:\/\/chibolita.es\/index.php\/wp-json\/wp\/v2\/product\/8349","targetHints":{"allow":["GET"]}}],"collection":[{"href":"https:\/\/chibolita.es\/index.php\/wp-json\/wp\/v2\/product"}],"about":[{"href":"https:\/\/chibolita.es\/index.php\/wp-json\/wp\/v2\/types\/product"}],"replies":[{"embeddable":true,"href":"https:\/\/chibolita.es\/index.php\/wp-json\/wp\/v2\/comments?post=8349"}],"wp:featuredmedia":[{"embeddable":true,"href":"https:\/\/chibolita.es\/index.php\/wp-json\/wp\/v2\/media\/8355"}],"wp:attachment":[{"href":"https:\/\/chibolita.es\/index.php\/wp-json\/wp\/v2\/media?parent=8349"}],"wp:term":[{"taxonomy":"product_brand","embeddable":true,"href":"https:\/\/chibolita.es\/index.php\/wp-json\/wp\/v2\/product_brand?post=8349"},{"taxonomy":"product_cat","embeddable":true,"href":"https:\/\/chibolita.es\/index.php\/wp-json\/wp\/v2\/product_cat?post=8349"},{"taxonomy":"product_tag","embeddable":true,"href":"https:\/\/chibolita.es\/index.php\/wp-json\/wp\/v2\/product_tag?post=8349"}],"curies":[{"name":"wp","href":"https:\/\/api.w.org\/{rel}","templated":true}]}}